{"id":40277,"date":"2024-08-10T00:00:00","date_gmt":"2024-08-09T22:00:00","guid":{"rendered":"https:\/\/billige-koder.dk\/?post_type=product&#038;p=40277"},"modified":"2024-08-19T16:08:53","modified_gmt":"2024-08-19T14:08:53","slug":"hokko-life-pc-steam-cd-key-europe","status":"publish","type":"product","link":"https:\/\/billige-koder.dk\/sv\/produkt\/hokko-life-pc-steam-cd-key-europe\/","title":{"rendered":"Hokko Life (PC) - Steam cd nyckel - EUROPA"},"content":{"rendered":"<h2>Upplev Hokko Life p\u00e5 PC<\/h2>\n<p>Dyk ind i den charmerende verden af Hokko Life, et livsimulationsspil, der giver dig mulighed for at skabe din egen dr\u00f8mmeby. I dette spil kan du udforske en farverig \u00f8, bygge og tilpasse dit eget hjem, og interagere med de lokale indbyggere. Spillet kombinerer elementer fra klassiske livssimulationsspil med kreative byggefunktioner, hvilket g\u00f8r det til en unik oplevelse for b\u00e5de nye og erfarne spillere.<\/p>\n<p>I Hokko Life kan du tage p\u00e5 eventyr i naturen, samle ressourcer og designe dine egne m\u00f8bler og dekorationer. Spillet tilbyder en \u00e5ben verden, hvor du kan udforske og finde inspiration til dine byggeprojekter. Du kan ogs\u00e5 deltage i forskellige aktiviteter, s\u00e5som fiskeri, havearbejde og h\u00e5ndv\u00e6rk, hvilket giver dig mulighed for at tilpasse din oplevelse og g\u00f8re den helt unik.<\/p>\n<p>Spillet kan nydes b\u00e5de som en singleplayer-oplevelse, hvor du kan tage dig tid til at bygge og udforske i dit eget tempo, eller som multiplayer, hvor du kan invitere venner til at dele dine kreationer og oplevelser. Samarbejd med venner online for at skabe fantastiske projekter sammen, eller konkurrer om, hvem der kan bygge den mest imponerende by.<\/p>\n<p>For at f\u00e5 mest muligt ud af din tid i Hokko Life, kan du overveje at bruge nogle tips og tricks. Udforsk \u00f8ens forskellige omr\u00e5der for at finde sj\u00e6ldne ressourcer, og v\u00e6r ikke bange for at eksperimentere med forskellige designs. Husk at interagere med de lokale indbyggere, da de kan give dig v\u00e6rdifulde opgaver og bel\u00f8nninger.<\/p>\n<p>K\u00f8b din cd-key til Hokko Life hos Billige Koder og begynd dit eventyr i dag. Hvis du er p\u00e5 udkig efter noget andet, s\u00e5 k\u00f8b vores <a href=\"https:\/\/billige-koder.dk\/sv\/produkt\/presentkort-for-steam\/\" data-internallinksmanager029f6b8e52c=\"2\" title=\"Presentkort f\u00f6r Steam\">presentkort till Steam<\/a>.<\/p>","protected":false},"excerpt":{"rendered":"<p>K\u00f8b en cd-key til Hokko Life (PC) &#8211; Steam cd-key &#8211; EUROPE<\/p>","protected":false},"featured_media":40278,"comment_status":"closed","ping_status":"closed","template":"","meta":{"powered_cache_disable_cache":false,"powered_cache_disable_lazyload":false,"powered_cache_disable_css_optimization":false,"powered_cache_disable_js_optimization":false},"product_brand":[],"product_cat":[256],"product_tag":[40],"class_list":{"0":"post-40277","1":"product","2":"type-product","3":"status-publish","4":"has-post-thumbnail","6":"product_cat-cd-key","7":"product_tag-cd-key","9":"first","10":"instock","11":"taxable","12":"shipping-taxable","13":"product-type-external"},"yoast_head":"<!-- This site is optimized with the Yoast SEO plugin v27.5 - https:\/\/yoast.com\/product\/yoast-seo-wordpress\/ -->\n<title>Hokko Life (PC) - Steam cd-key - EUROPE - Billige-Koder.dk<\/title>\n<meta name=\"robots\" content=\"index, follow, max-snippet:-1, max-image-preview:large, max-video-preview:-1\" \/>\n<link rel=\"canonical\" href=\"http:\/\/billige-koder.dk\/sv\/producto\/hokko-life-pc-steam-cd-key-europe\/\" \/>\n<meta property=\"og:locale\" content=\"sv_SE\" \/>\n<meta property=\"og:type\" content=\"article\" \/>\n<meta property=\"og:title\" content=\"Hokko Life (PC) - Steam cd-key - EUROPE - Billige-Koder.dk\" \/>\n<meta property=\"og:description\" content=\"K\u00f8b en cd-key til Hokko Life (PC) - Steam cd-key - EUROPE\" \/>\n<meta property=\"og:url\" content=\"http:\/\/billige-koder.dk\/sv\/producto\/hokko-life-pc-steam-cd-key-europe\/\" \/>\n<meta property=\"og:site_name\" content=\"Billige-Koder.dk\" \/>\n<meta property=\"article:modified_time\" content=\"2024-08-19T14:08:53+00:00\" \/>\n<meta property=\"og:image\" content=\"http:\/\/billige-koder.dk\/wp-content\/uploads\/2024\/08\/Hokko-Life-PC-Steam-Key-EUROPE.jpg\" \/>\n\t<meta property=\"og:image:width\" content=\"300\" \/>\n\t<meta property=\"og:image:height\" content=\"400\" \/>\n\t<meta property=\"og:image:type\" content=\"image\/jpeg\" \/>\n<meta name=\"twitter:card\" content=\"summary_large_image\" \/>\n<meta name=\"twitter:label1\" content=\"Ber\u00e4knad l\u00e4stid\" \/>\n\t<meta name=\"twitter:data1\" content=\"1 minut\" \/>\n<!-- \/ Yoast SEO plugin. -->","yoast_head_json":{"title":"Hokko Life (PC) - Steam cd-key - EUROPE - Billige-Koder.dk","robots":{"index":"index","follow":"follow","max-snippet":"max-snippet:-1","max-image-preview":"max-image-preview:large","max-video-preview":"max-video-preview:-1"},"canonical":"http:\/\/billige-koder.dk\/sv\/producto\/hokko-life-pc-steam-cd-key-europe\/","og_locale":"sv_SE","og_type":"article","og_title":"Hokko Life (PC) - Steam cd-key - EUROPE - Billige-Koder.dk","og_description":"K\u00f8b en cd-key til Hokko Life (PC) - Steam cd-key - EUROPE","og_url":"http:\/\/billige-koder.dk\/sv\/producto\/hokko-life-pc-steam-cd-key-europe\/","og_site_name":"Billige-Koder.dk","article_modified_time":"2024-08-19T14:08:53+00:00","og_image":[{"width":300,"height":400,"url":"http:\/\/billige-koder.dk\/wp-content\/uploads\/2024\/08\/Hokko-Life-PC-Steam-Key-EUROPE.jpg","type":"image\/jpeg"}],"twitter_card":"summary_large_image","twitter_misc":{"Ber\u00e4knad l\u00e4stid":"1 minut"},"schema":{"@context":"https:\/\/schema.org","@graph":[]}},"_links":{"self":[{"href":"https:\/\/billige-koder.dk\/sv\/wp-json\/wp\/v2\/product\/40277","targetHints":{"allow":["GET"]}}],"collection":[{"href":"https:\/\/billige-koder.dk\/sv\/wp-json\/wp\/v2\/product"}],"about":[{"href":"https:\/\/billige-koder.dk\/sv\/wp-json\/wp\/v2\/types\/product"}],"replies":[{"embeddable":true,"href":"https:\/\/billige-koder.dk\/sv\/wp-json\/wp\/v2\/comments?post=40277"}],"wp:featuredmedia":[{"embeddable":true,"href":"https:\/\/billige-koder.dk\/sv\/wp-json\/wp\/v2\/media\/40278"}],"wp:attachment":[{"href":"https:\/\/billige-koder.dk\/sv\/wp-json\/wp\/v2\/media?parent=40277"}],"wp:term":[{"taxonomy":"product_brand","embeddable":true,"href":"https:\/\/billige-koder.dk\/sv\/wp-json\/wp\/v2\/product_brand?post=40277"},{"taxonomy":"product_cat","embeddable":true,"href":"https:\/\/billige-koder.dk\/sv\/wp-json\/wp\/v2\/product_cat?post=40277"},{"taxonomy":"product_tag","embeddable":true,"href":"https:\/\/billige-koder.dk\/sv\/wp-json\/wp\/v2\/product_tag?post=40277"}],"curies":[{"name":"wp","href":"https:\/\/api.w.org\/{rel}","templated":true}]}}