{"id":37713,"date":"2024-08-10T00:00:00","date_gmt":"2024-08-09T22:00:00","guid":{"rendered":"https:\/\/billige-koder.dk\/?post_type=product&#038;p=37713"},"modified":"2024-08-19T15:56:32","modified_gmt":"2024-08-19T13:56:32","slug":"youtubers-clicker-steam-cd-key-global","status":"publish","type":"product","link":"https:\/\/billige-koder.dk\/sv\/produkt\/youtubers-clicker-steam-cd-nyckel-global\/","title":{"rendered":"Youtubers Clicker Steam cd-nyckel GLOBAL"},"content":{"rendered":"<h2>Upplev Youtubers Clicker<\/h2>\n<p>G\u00e5 in i den f\u00e4rgstarka v\u00e4rlden av Youtubers Clicker, ett underh\u00e5llande och strategiskt klickerspel som l\u00e5ter dig bygga ditt eget YouTube-imperium. I det h\u00e4r spelet f\u00e5r du chansen att skapa inneh\u00e5ll, attrahera prenumeranter och tj\u00e4na pengar, allt samtidigt som du konkurrerar med andra spelare. Det \u00e4r en rolig och engagerande upplevelse som kombinerar element av simulering och inaktiva spel.<\/p>\n<p>I Youtubers Clicker b\u00f6rjar du med en enkel kanal, men med flit och strategiskt t\u00e4nkande kan du utveckla den till en av de mest popul\u00e4ra kanalerna p\u00e5 plattformen. Du kommer att kunna v\u00e4lja olika typer av inneh\u00e5ll att producera, fr\u00e5n spelvideor till vloggar, och varje typ av inneh\u00e5ll har sina egna f\u00f6r- och nackdelar. Att hitta r\u00e4tt balans mellan kvalitet och kvantitet \u00e4r viktigt f\u00f6r att maximera din abonnenttillv\u00e4xt.<\/p>\n<p>Spelet erbjuder b\u00e5de enspelar- och multiplayeralternativ, s\u00e5 att du kan spela ensam eller med v\u00e4nner. Du kan t\u00e4vla mot andra spelare online f\u00f6r att se vem som kan bygga den mest framg\u00e5ngsrika kanalen. Dessutom kan du anv\u00e4nda olika strategier och knep f\u00f6r att optimera din tillv\u00e4xt. Du kan till exempel investera i uppgraderingar som f\u00f6rb\u00e4ttrar din videopubliceringsfrekvens eller kvalitet, vilket kommer att locka fler prenumeranter.<\/p>\n<p>Youtubers Clicker \u00e4r inte bara ett spel om att klicka; det handlar ocks\u00e5 om att fatta smarta beslut och planera din tillv\u00e4xt. H\u00e5ll koll p\u00e5 trender och anpassa ditt inneh\u00e5ll f\u00f6r att maximera din r\u00e4ckvidd. Om du vill f\u00e5 ut det mesta av din spelupplevelse kan du hitta anv\u00e4ndbara tips och tricks online f\u00f6r att hj\u00e4lpa dig att g\u00e5 snabbare i spelet.<\/p>\n<p>\u00c4r du redo att ta din YouTube-karri\u00e4r till nya h\u00f6jder? Skaffa din CD-nyckel f\u00f6r Youtubers Clicker fr\u00e5n Cheap Codes idag och b\u00f6rja ditt \u00e4ventyr. Letar du efter n\u00e5got annat? S\u00e5 k\u00f6p v\u00e5r <a href=\"https:\/\/billige-koder.dk\/sv\/produkt\/presentkort-for-steam\/\" data-internallinksmanager029f6b8e52c=\"2\" title=\"Presentkort f\u00f6r Steam\">presentkort till Steam<\/a>.<\/p>","protected":false},"excerpt":{"rendered":"<p>K\u00f6p en cd-nyckel f\u00f6r Youtubers Clicker Steam cd-nyckel GLOBAL<\/p>","protected":false},"featured_media":37714,"comment_status":"closed","ping_status":"closed","template":"","meta":{"powered_cache_disable_cache":false,"powered_cache_disable_lazyload":false,"powered_cache_disable_css_optimization":false,"powered_cache_disable_js_optimization":false},"product_brand":[],"product_cat":[256],"product_tag":[40],"class_list":{"0":"post-37713","1":"product","2":"type-product","3":"status-publish","4":"has-post-thumbnail","6":"product_cat-cd-key","7":"product_tag-cd-key","9":"first","10":"instock","11":"taxable","12":"shipping-taxable","13":"product-type-external"},"yoast_head":"<!-- This site is optimized with the Yoast SEO plugin v27.5 - https:\/\/yoast.com\/product\/yoast-seo-wordpress\/ -->\n<title>Youtubers Clicker Steam cd-key GLOBAL - Billige-Koder.dk<\/title>\n<meta name=\"robots\" content=\"index, follow, max-snippet:-1, max-image-preview:large, max-video-preview:-1\" \/>\n<link rel=\"canonical\" href=\"http:\/\/billige-koder.dk\/sv\/produkt\/youtubers-clicker-steam-cd-key-global\/\" \/>\n<meta property=\"og:locale\" content=\"sv_SE\" \/>\n<meta property=\"og:type\" content=\"article\" \/>\n<meta property=\"og:title\" content=\"Youtubers Clicker Steam cd-key GLOBAL - Billige-Koder.dk\" \/>\n<meta property=\"og:description\" content=\"K\u00f8b en cd-key til Youtubers Clicker Steam cd-key GLOBAL\" \/>\n<meta property=\"og:url\" content=\"http:\/\/billige-koder.dk\/sv\/produkt\/youtubers-clicker-steam-cd-key-global\/\" \/>\n<meta property=\"og:site_name\" content=\"Billige-Koder.dk\" \/>\n<meta property=\"article:modified_time\" content=\"2024-08-19T13:56:32+00:00\" \/>\n<meta property=\"og:image\" content=\"http:\/\/billige-koder.dk\/wp-content\/uploads\/2024\/08\/Youtubers-Clicker-Steam-Key-GLOBAL-1.jpg\" \/>\n\t<meta property=\"og:image:width\" content=\"300\" \/>\n\t<meta property=\"og:image:height\" content=\"400\" \/>\n\t<meta property=\"og:image:type\" content=\"image\/jpeg\" \/>\n<meta name=\"twitter:card\" content=\"summary_large_image\" \/>\n<meta name=\"twitter:label1\" content=\"Ber\u00e4knad l\u00e4stid\" \/>\n\t<meta name=\"twitter:data1\" content=\"2 minuter\" \/>\n<!-- \/ Yoast SEO plugin. -->","yoast_head_json":{"title":"Youtubers Clicker Steam cd-key GLOBAL - Billiga-Koder.dk","robots":{"index":"index","follow":"follow","max-snippet":"max-snippet:-1","max-image-preview":"max-image-preview:large","max-video-preview":"max-video-preview:-1"},"canonical":"http:\/\/billige-koder.dk\/sv\/produkt\/youtubers-clicker-steam-cd-key-global\/","og_locale":"sv_SE","og_type":"article","og_title":"Youtubers Clicker Steam cd-key GLOBAL - Billige-Koder.dk","og_description":"K\u00f8b en cd-key til Youtubers Clicker Steam cd-key GLOBAL","og_url":"http:\/\/billige-koder.dk\/sv\/produkt\/youtubers-clicker-steam-cd-key-global\/","og_site_name":"Billige-Koder.dk","article_modified_time":"2024-08-19T13:56:32+00:00","og_image":[{"width":300,"height":400,"url":"http:\/\/billige-koder.dk\/wp-content\/uploads\/2024\/08\/Youtubers-Clicker-Steam-Key-GLOBAL-1.jpg","type":"image\/jpeg"}],"twitter_card":"summary_large_image","twitter_misc":{"Ber\u00e4knad l\u00e4stid":"2 minuter"},"schema":{"@context":"https:\/\/schema.org","@graph":[]}},"_links":{"self":[{"href":"https:\/\/billige-koder.dk\/sv\/wp-json\/wp\/v2\/product\/37713","targetHints":{"allow":["GET"]}}],"collection":[{"href":"https:\/\/billige-koder.dk\/sv\/wp-json\/wp\/v2\/product"}],"about":[{"href":"https:\/\/billige-koder.dk\/sv\/wp-json\/wp\/v2\/types\/product"}],"replies":[{"embeddable":true,"href":"https:\/\/billige-koder.dk\/sv\/wp-json\/wp\/v2\/comments?post=37713"}],"wp:featuredmedia":[{"embeddable":true,"href":"https:\/\/billige-koder.dk\/sv\/wp-json\/wp\/v2\/media\/37714"}],"wp:attachment":[{"href":"https:\/\/billige-koder.dk\/sv\/wp-json\/wp\/v2\/media?parent=37713"}],"wp:term":[{"taxonomy":"product_brand","embeddable":true,"href":"https:\/\/billige-koder.dk\/sv\/wp-json\/wp\/v2\/product_brand?post=37713"},{"taxonomy":"product_cat","embeddable":true,"href":"https:\/\/billige-koder.dk\/sv\/wp-json\/wp\/v2\/product_cat?post=37713"},{"taxonomy":"product_tag","embeddable":true,"href":"https:\/\/billige-koder.dk\/sv\/wp-json\/wp\/v2\/product_tag?post=37713"}],"curies":[{"name":"wp","href":"https:\/\/api.w.org\/{rel}","templated":true}]}}