{"id":2739,"date":"2023-10-29T17:19:10","date_gmt":"2023-10-29T16:19:10","guid":{"rendered":"https:\/\/billige-koder.dk\/produkt\/fortnite-catwomans-grappling-claw-pickaxe-pc-epic-games-key-global\/"},"modified":"2024-08-19T12:24:56","modified_gmt":"2024-08-19T10:24:56","slug":"fortnite-catwomans-grappling-claw-pickaxe-pc-epic-games-key-global","status":"publish","type":"product","link":"https:\/\/billige-koder.dk\/sv\/produkt\/fortnite-catwomans-grappling-claw-pickaxe-pc-episka-spel-nyckel-globalt\/","title":{"rendered":"Fortnite Catwoman&#039;s grappling claw pickaxe PC Epic Games Key Global"},"content":{"rendered":"<p>Grab Fortnite \u2013 Catwoman&#039;s Grappling Claw Pickaxe, en sp\u00e4nnande DLC f\u00f6r det otroligt popul\u00e4ra onlinespelet Fortnite. Utforska en v\u00e4rld full av action och g\u00f6r ditt b\u00e4sta i tre olika spell\u00e4gen: r\u00e4dda v\u00e4rlden, kreativ och den ber\u00f6mda Battle Royale. Spela solo eller med v\u00e4nner, samla resurser, bygg bef\u00e4stningar och k\u00e4mpa tills du \u00e4r den sista mannen som st\u00e5r!<\/p>\n<p>Catwomans grappling claw pickaxe l\u00e5ter dig anpassa din karakt\u00e4r och utrusta den med detta kraftfulla verktyg inspirerat av Catwomans klor. Tidigare var denna Pickaxe endast tillg\u00e4nglig som en del av Batman: Zero Point Set eller som en exklusiv serietidning, men nu kan den k\u00f6pas av alla spelare och DC-entusiaster!<\/p>\n<p>Ta chansen att kl\u00e4 ut dig till din DC-favoritkarakt\u00e4r genom att k\u00f6pa och l\u00f6sa in din nyckel direkt! Fortnite Catwoman&#039;s Grappling Claw Pickaxe \u00e4r tillg\u00e4nglig p\u00e5 PC p\u00e5 Epic Games Key Global.<\/p>","protected":false},"excerpt":{"rendered":"<p>K\u00f6p en CD-nyckel till Fortnite Catwoman&#039;s Grappling Claw Pickaxe PC Epic Games Key Global<\/p>","protected":false},"featured_media":2738,"comment_status":"open","ping_status":"closed","template":"","meta":{"powered_cache_disable_cache":false,"powered_cache_disable_lazyload":false,"powered_cache_disable_css_optimization":false,"powered_cache_disable_js_optimization":false},"product_brand":[],"product_cat":[256],"product_tag":[40],"class_list":{"0":"post-2739","1":"product","2":"type-product","3":"status-publish","4":"has-post-thumbnail","6":"product_cat-cd-key","7":"product_tag-cd-key","9":"first","10":"instock","11":"taxable","12":"shipping-taxable","13":"product-type-external"},"yoast_head":"<!-- This site is optimized with the Yoast SEO plugin v27.5 - https:\/\/yoast.com\/product\/yoast-seo-wordpress\/ -->\n<title>Fortnite Catwomans Grappling Claw Pickaxe Pc Epic Games Key Global - Billige-Koder.dk<\/title>\n<meta name=\"robots\" content=\"index, follow, max-snippet:-1, max-image-preview:large, max-video-preview:-1\" \/>\n<link rel=\"canonical\" href=\"https:\/\/billige-koder.dk\/sv\/produkt\/fortnite-catwomans-grappling-claw-pickaxe-pc-episka-spel-nyckel-globalt\/\" \/>\n<meta property=\"og:locale\" content=\"sv_SE\" \/>\n<meta property=\"og:type\" content=\"article\" \/>\n<meta property=\"og:title\" content=\"Fortnite Catwomans Grappling Claw Pickaxe Pc Epic Games Key Global - Billige-Koder.dk\" \/>\n<meta property=\"og:description\" content=\"K\u00f8b en cd-key til Fortnite Catwomans Grappling Claw Pickaxe Pc Epic Games Key Global\" \/>\n<meta property=\"og:url\" content=\"https:\/\/billige-koder.dk\/sv\/produkt\/fortnite-catwomans-grappling-claw-pickaxe-pc-episka-spel-nyckel-globalt\/\" \/>\n<meta property=\"og:site_name\" content=\"Billige-Koder.dk\" \/>\n<meta property=\"article:modified_time\" content=\"2024-08-19T10:24:56+00:00\" \/>\n<meta property=\"og:image\" content=\"http:\/\/billige-koder.dk\/wp-content\/uploads\/2023\/10\/Fortnite-Catwomans-Grappling-Claw-Pickaxe-Pc-Epic-Games-Key-Global.jpg\" \/>\n\t<meta property=\"og:image:width\" content=\"360\" \/>\n\t<meta property=\"og:image:height\" content=\"600\" \/>\n\t<meta property=\"og:image:type\" content=\"image\/jpeg\" \/>\n<meta name=\"twitter:card\" content=\"summary_large_image\" \/>\n<meta name=\"twitter:label1\" content=\"Ber\u00e4knad l\u00e4stid\" \/>\n\t<meta name=\"twitter:data1\" content=\"1 minut\" \/>\n<!-- \/ Yoast SEO plugin. -->","yoast_head_json":{"title":"Fortnite Catwoman&#039;s grappling claw pickaxe PC Epic Games Key Global - Billige-Koder.dk","robots":{"index":"index","follow":"follow","max-snippet":"max-snippet:-1","max-image-preview":"max-image-preview:large","max-video-preview":"max-video-preview:-1"},"canonical":"https:\/\/billige-koder.dk\/sv\/produkt\/fortnite-catwomans-grappling-claw-pickaxe-pc-episka-spel-nyckel-globalt\/","og_locale":"sv_SE","og_type":"article","og_title":"Fortnite Catwomans Grappling Claw Pickaxe Pc Epic Games Key Global - Billige-Koder.dk","og_description":"K\u00f8b en cd-key til Fortnite Catwomans Grappling Claw Pickaxe Pc Epic Games Key Global","og_url":"https:\/\/billige-koder.dk\/sv\/produkt\/fortnite-catwomans-grappling-claw-pickaxe-pc-episka-spel-nyckel-globalt\/","og_site_name":"Billige-Koder.dk","article_modified_time":"2024-08-19T10:24:56+00:00","og_image":[{"width":360,"height":600,"url":"http:\/\/billige-koder.dk\/wp-content\/uploads\/2023\/10\/Fortnite-Catwomans-Grappling-Claw-Pickaxe-Pc-Epic-Games-Key-Global.jpg","type":"image\/jpeg"}],"twitter_card":"summary_large_image","twitter_misc":{"Ber\u00e4knad l\u00e4stid":"1 minut"},"schema":{"@context":"https:\/\/schema.org","@graph":[]}},"_links":{"self":[{"href":"https:\/\/billige-koder.dk\/sv\/wp-json\/wp\/v2\/product\/2739","targetHints":{"allow":["GET"]}}],"collection":[{"href":"https:\/\/billige-koder.dk\/sv\/wp-json\/wp\/v2\/product"}],"about":[{"href":"https:\/\/billige-koder.dk\/sv\/wp-json\/wp\/v2\/types\/product"}],"replies":[{"embeddable":true,"href":"https:\/\/billige-koder.dk\/sv\/wp-json\/wp\/v2\/comments?post=2739"}],"wp:featuredmedia":[{"embeddable":true,"href":"https:\/\/billige-koder.dk\/sv\/wp-json\/wp\/v2\/media\/2738"}],"wp:attachment":[{"href":"https:\/\/billige-koder.dk\/sv\/wp-json\/wp\/v2\/media?parent=2739"}],"wp:term":[{"taxonomy":"product_brand","embeddable":true,"href":"https:\/\/billige-koder.dk\/sv\/wp-json\/wp\/v2\/product_brand?post=2739"},{"taxonomy":"product_cat","embeddable":true,"href":"https:\/\/billige-koder.dk\/sv\/wp-json\/wp\/v2\/product_cat?post=2739"},{"taxonomy":"product_tag","embeddable":true,"href":"https:\/\/billige-koder.dk\/sv\/wp-json\/wp\/v2\/product_tag?post=2739"}],"curies":[{"name":"wp","href":"https:\/\/api.w.org\/{rel}","templated":true}]}}