{"id":2737,"date":"2023-10-29T17:19:01","date_gmt":"2023-10-29T16:19:01","guid":{"rendered":"https:\/\/billige-koder.dk\/produkt\/fortnite-battle-royale-starter-pack-epic-games-key-global\/"},"modified":"2024-08-19T12:24:56","modified_gmt":"2024-08-19T10:24:56","slug":"fortnite-battle-royale-starter-pack-epic-games-key-global","status":"publish","type":"product","link":"https:\/\/billige-koder.dk\/sv\/produkt\/fortnite-battle-royale-startpaket-episka-spel-nyckel-globalt\/","title":{"rendered":"Fortnite Battle Royale Starter Pack Epic Games Key Global"},"content":{"rendered":"<p>F\u00e5 en flygande start i Fortnite Battle Royale med det fantastiska startpaketet! Med det h\u00e4r paketet f\u00e5r du inte bara 600 V-Bucks, utan ocks\u00e5 den coola Rogue Agent Outfiten och den coola Catalyst Back Bling som bara \u00e4r tillg\u00e4ngliga i Battle Royale-l\u00e4get.<\/p>\n<p>V-Bucks \u00e4r den ov\u00e4rderliga valutan i spelet som du kan anv\u00e4nda b\u00e5de i Battle Royale PVP-l\u00e4ge och i Save the World PVE-kampanjen. Du kan k\u00f6pa nya anpassningsobjekt till din hj\u00e4lte, segelflygplan eller hacka i Battle Royale, och i Save the World kan du k\u00f6pa Llama Pinata-kortpaket som inneh\u00e5ller vapen, f\u00e4llor och prylar, nya hj\u00e4ltar och mer!<\/p>\n<p>Observera att f\u00f6rem\u00e5l inte kan \u00f6verf\u00f6ras mellan Battle Royale-l\u00e4get och R\u00e4dda v\u00e4rlden-kampanjen. S\u00e5 skynda dig och ta Fortnite Battle Royale Starter Pack Epic Games Key Global med oss p\u00e5 Cheap Codes och ta dig an dina motst\u00e5ndare med stil!<\/p>","protected":false},"excerpt":{"rendered":"<p>K\u00f6p en CD-nyckel f\u00f6r Fortnite Battle Royale Starter Pack Epic Games Key Global<\/p>","protected":false},"featured_media":2736,"comment_status":"open","ping_status":"closed","template":"","meta":{"powered_cache_disable_cache":false,"powered_cache_disable_lazyload":false,"powered_cache_disable_css_optimization":false,"powered_cache_disable_js_optimization":false},"product_brand":[],"product_cat":[256],"product_tag":[40],"class_list":{"0":"post-2737","1":"product","2":"type-product","3":"status-publish","4":"has-post-thumbnail","6":"product_cat-cd-key","7":"product_tag-cd-key","9":"first","10":"instock","11":"taxable","12":"shipping-taxable","13":"product-type-external"},"yoast_head":"<!-- This site is optimized with the Yoast SEO plugin v27.5 - https:\/\/yoast.com\/product\/yoast-seo-wordpress\/ -->\n<title>Fortnite Battle Royale Starter Pack Epic Games Key Global - Billige-Koder.dk<\/title>\n<meta name=\"robots\" content=\"index, follow, max-snippet:-1, max-image-preview:large, max-video-preview:-1\" \/>\n<link rel=\"canonical\" href=\"http:\/\/billige-koder.dk\/sv\/\u0645\u0646\u062a\u062c\/fortnite-battle-royale-starter-pack-\u0645\u0646-\u0627\u0644\u0623\u0644\u0639\u0627\u0628-\u0627\u0644\u0645\u0644\u062d\u0645\u064a\u0629-\u0627\u0644\u0631\u0626\u064a\u0633\u064a\u0629-\u0627\/\" \/>\n<meta property=\"og:locale\" content=\"sv_SE\" \/>\n<meta property=\"og:type\" content=\"article\" \/>\n<meta property=\"og:title\" content=\"Fortnite Battle Royale Starter Pack Epic Games Key Global - Billige-Koder.dk\" \/>\n<meta property=\"og:description\" content=\"K\u00f8b en cd-key til Fortnite Battle Royale Starter Pack Epic Games Key Global\" \/>\n<meta property=\"og:url\" content=\"http:\/\/billige-koder.dk\/sv\/\u0645\u0646\u062a\u062c\/fortnite-battle-royale-starter-pack-\u0645\u0646-\u0627\u0644\u0623\u0644\u0639\u0627\u0628-\u0627\u0644\u0645\u0644\u062d\u0645\u064a\u0629-\u0627\u0644\u0631\u0626\u064a\u0633\u064a\u0629-\u0627\/\" \/>\n<meta property=\"og:site_name\" content=\"Billige-Koder.dk\" \/>\n<meta property=\"article:modified_time\" content=\"2024-08-19T10:24:56+00:00\" \/>\n<meta property=\"og:image\" content=\"http:\/\/billige-koder.dk\/wp-content\/uploads\/2023\/10\/Fortnite-Battle-Royale-Starter-Pack-Epic-Games-Key-Global.jpg\" \/>\n\t<meta property=\"og:image:width\" content=\"360\" \/>\n\t<meta property=\"og:image:height\" content=\"600\" \/>\n\t<meta property=\"og:image:type\" content=\"image\/jpeg\" \/>\n<meta name=\"twitter:card\" content=\"summary_large_image\" \/>\n<meta name=\"twitter:label1\" content=\"Ber\u00e4knad l\u00e4stid\" \/>\n\t<meta name=\"twitter:data1\" content=\"1 minut\" \/>\n<!-- \/ Yoast SEO plugin. -->","yoast_head_json":{"title":"Fortnite Battle Royale Starter Pack Epic Games Key Global - Billiga-Koder.dk","robots":{"index":"index","follow":"follow","max-snippet":"max-snippet:-1","max-image-preview":"max-image-preview:large","max-video-preview":"max-video-preview:-1"},"canonical":"http:\/\/billige-koder.dk\/sv\/\u0645\u0646\u062a\u062c\/fortnite-battle-royale-starter-pack-\u0645\u0646-\u0627\u0644\u0623\u0644\u0639\u0627\u0628-\u0627\u0644\u0645\u0644\u062d\u0645\u064a\u0629-\u0627\u0644\u0631\u0626\u064a\u0633\u064a\u0629-\u0627\/","og_locale":"sv_SE","og_type":"article","og_title":"Fortnite Battle Royale Starter Pack Epic Games Key Global - Billige-Koder.dk","og_description":"K\u00f8b en cd-key til Fortnite Battle Royale Starter Pack Epic Games Key Global","og_url":"http:\/\/billige-koder.dk\/sv\/\u0645\u0646\u062a\u062c\/fortnite-battle-royale-starter-pack-\u0645\u0646-\u0627\u0644\u0623\u0644\u0639\u0627\u0628-\u0627\u0644\u0645\u0644\u062d\u0645\u064a\u0629-\u0627\u0644\u0631\u0626\u064a\u0633\u064a\u0629-\u0627\/","og_site_name":"Billige-Koder.dk","article_modified_time":"2024-08-19T10:24:56+00:00","og_image":[{"width":360,"height":600,"url":"http:\/\/billige-koder.dk\/wp-content\/uploads\/2023\/10\/Fortnite-Battle-Royale-Starter-Pack-Epic-Games-Key-Global.jpg","type":"image\/jpeg"}],"twitter_card":"summary_large_image","twitter_misc":{"Ber\u00e4knad l\u00e4stid":"1 minut"},"schema":{"@context":"https:\/\/schema.org","@graph":[]}},"_links":{"self":[{"href":"https:\/\/billige-koder.dk\/sv\/wp-json\/wp\/v2\/product\/2737","targetHints":{"allow":["GET"]}}],"collection":[{"href":"https:\/\/billige-koder.dk\/sv\/wp-json\/wp\/v2\/product"}],"about":[{"href":"https:\/\/billige-koder.dk\/sv\/wp-json\/wp\/v2\/types\/product"}],"replies":[{"embeddable":true,"href":"https:\/\/billige-koder.dk\/sv\/wp-json\/wp\/v2\/comments?post=2737"}],"wp:featuredmedia":[{"embeddable":true,"href":"https:\/\/billige-koder.dk\/sv\/wp-json\/wp\/v2\/media\/2736"}],"wp:attachment":[{"href":"https:\/\/billige-koder.dk\/sv\/wp-json\/wp\/v2\/media?parent=2737"}],"wp:term":[{"taxonomy":"product_brand","embeddable":true,"href":"https:\/\/billige-koder.dk\/sv\/wp-json\/wp\/v2\/product_brand?post=2737"},{"taxonomy":"product_cat","embeddable":true,"href":"https:\/\/billige-koder.dk\/sv\/wp-json\/wp\/v2\/product_cat?post=2737"},{"taxonomy":"product_tag","embeddable":true,"href":"https:\/\/billige-koder.dk\/sv\/wp-json\/wp\/v2\/product_tag?post=2737"}],"curies":[{"name":"wp","href":"https:\/\/api.w.org\/{rel}","templated":true}]}}