{"id":24470,"date":"2024-08-10T00:00:00","date_gmt":"2024-08-09T22:00:00","guid":{"rendered":"https:\/\/billige-koder.dk\/?post_type=product&#038;p=24470"},"modified":"2024-08-19T14:06:24","modified_gmt":"2024-08-19T12:06:24","slug":"wildlife-park-2-crazy-zoo-steam-gift-global","status":"publish","type":"product","link":"https:\/\/billige-koder.dk\/sv\/produkt\/wildlife-park-2-crazy-zoo-steam-present-global\/","title":{"rendered":"Wildlife Park 2 \u2013 Crazy Zoo Steam Gift GLOBAL"},"content":{"rendered":"<h2>Upplev vilda djur med Wildlife Park 2 \u2013 Crazy Zoo<\/h2>\n<p>G\u00e5 in i en v\u00e4rld av djurv\u00e5rd och f\u00f6rvaltning med Wildlife Park 2 \u2013 Crazy Zoo. Det h\u00e4r spelet l\u00e5ter dig skapa och hantera din egen djurpark, d\u00e4r du kan ta hand om en m\u00e4ngd olika djurarter och designa en park som lockar bes\u00f6kare fr\u00e5n n\u00e4r och fj\u00e4rran. <\/p>\n<p>I Wildlife Park 2 \u2013 Crazy Zoo kommer du att ansvara f\u00f6r allt fr\u00e5n djurv\u00e5rd till parkens ekonomi. Du kan v\u00e4lja att spela i singleplayer, d\u00e4r du kan ta dig tid att utveckla ditt zoo, eller s\u00e5 kan du utmana dina v\u00e4nner i multiplayer, d\u00e4r du kan t\u00e4vla om att skapa den mest framg\u00e5ngsrika parken. Spelet erbjuder en m\u00e4ngd olika uppdrag och scenarier som kommer att h\u00e5lla dig engagerad och motiverad f\u00f6r att f\u00f6rb\u00e4ttra din djurpark.<\/p>\n<p>F\u00f6r att f\u00e5 ut s\u00e5 mycket som m\u00f6jligt av din upplevelse \u00e4r det viktigt att f\u00f6rst\u00e5 djurens behov och skapa en milj\u00f6 som fr\u00e4mjar deras v\u00e4lbefinnande. Se till att du har r\u00e4tt faciliteter, s\u00e5som matningsstationer och lekplatser, och var medveten om hur du kan locka fler bes\u00f6kare. En bra strategi \u00e4r att fokusera p\u00e5 att skapa unika upplevelser f\u00f6r dina g\u00e4ster, vilket kan inneh\u00e5lla djurutst\u00e4llningar och interaktiva aktiviteter.<\/p>\n<p>Om du letar efter tips och tricks, \u00f6verv\u00e4g att experimentera med olika djurarter och deras relationer. Vissa djur trivs b\u00e4ttre tillsammans \u00e4n andra och det kan vara f\u00f6rdelaktigt att skapa blandade h\u00e4gn. T\u00e4nk p\u00e5 att \u00e4ven ha koll p\u00e5 din ekonomi; en v\u00e4lplanerad park kan snabbt bli en ekonomisk framg\u00e5ng.<\/p>\n<p>Cheap Codes ger dig m\u00f6jligheten att f\u00e5 tag p\u00e5 din Wildlife Park 2 - Crazy Zoo cd-nyckel s\u00e5 att du kan b\u00f6rja ditt \u00e4ventyr i djurens v\u00e4rld. Om du letar efter n\u00e5got annat, k\u00f6p v\u00e5r <a href=\"https:\/\/billige-koder.dk\/sv\/produkt\/presentkort-for-steam\/\" data-internallinksmanager029f6b8e52c=\"2\" title=\"Presentkort f\u00f6r Steam\">presentkort till Steam<\/a> och f\u00e5 tillg\u00e5ng till en m\u00e4ngd spel och underh\u00e5llning.<\/p>","protected":false},"excerpt":{"rendered":"<p>K\u00f6p en CD-nyckel till Wildlife Park 2 \u2013 Crazy Zoo Steam Gift GLOBAL<\/p>","protected":false},"featured_media":24471,"comment_status":"closed","ping_status":"closed","template":"","meta":{"powered_cache_disable_cache":false,"powered_cache_disable_lazyload":false,"powered_cache_disable_css_optimization":false,"powered_cache_disable_js_optimization":false},"product_brand":[],"product_cat":[256],"product_tag":[40],"class_list":{"0":"post-24470","1":"product","2":"type-product","3":"status-publish","4":"has-post-thumbnail","6":"product_cat-cd-key","7":"product_tag-cd-key","9":"first","10":"instock","11":"taxable","12":"shipping-taxable","13":"product-type-external"},"yoast_head":"<!-- This site is optimized with the Yoast SEO plugin v27.6 - https:\/\/yoast.com\/product\/yoast-seo-wordpress\/ -->\n<title>Wildlife Park 2 - Crazy Zoo Steam Gift GLOBAL - Billige-Koder.dk<\/title>\n<meta name=\"robots\" content=\"index, follow, max-snippet:-1, max-image-preview:large, max-video-preview:-1\" \/>\n<link rel=\"canonical\" href=\"https:\/\/billige-koder.dk\/sv\/produkt\/wildlife-park-2-crazy-zoo-steam-present-global\/\" \/>\n<meta property=\"og:locale\" content=\"sv_SE\" \/>\n<meta property=\"og:type\" content=\"article\" \/>\n<meta property=\"og:title\" content=\"Wildlife Park 2 - Crazy Zoo Steam Gift GLOBAL - Billige-Koder.dk\" \/>\n<meta property=\"og:description\" content=\"K\u00f8b en cd-key til Wildlife Park 2 - Crazy Zoo Steam Gift GLOBAL\" \/>\n<meta property=\"og:url\" content=\"https:\/\/billige-koder.dk\/sv\/produkt\/wildlife-park-2-crazy-zoo-steam-present-global\/\" \/>\n<meta property=\"og:site_name\" content=\"Billige-Koder.dk\" \/>\n<meta property=\"article:modified_time\" content=\"2024-08-19T12:06:24+00:00\" \/>\n<meta property=\"og:image\" content=\"https:\/\/billige-koder.dk\/wp-content\/uploads\/2024\/08\/Wildlife-Park-2-Crazy-Zoo-Steam-Gift-GLOBAL.jpg\" \/>\n\t<meta property=\"og:image:width\" content=\"300\" \/>\n\t<meta property=\"og:image:height\" content=\"400\" \/>\n\t<meta property=\"og:image:type\" content=\"image\/jpeg\" \/>\n<meta name=\"twitter:card\" content=\"summary_large_image\" \/>\n<meta name=\"twitter:label1\" content=\"Ber\u00e4knad l\u00e4stid\" \/>\n\t<meta name=\"twitter:data1\" content=\"2 minuter\" \/>\n<!-- \/ Yoast SEO plugin. -->","yoast_head_json":{"title":"Wildlife Park 2 - Crazy Zoo Steam Gift GLOBAL - Billiga-Koder.dk","robots":{"index":"index","follow":"follow","max-snippet":"max-snippet:-1","max-image-preview":"max-image-preview:large","max-video-preview":"max-video-preview:-1"},"canonical":"https:\/\/billige-koder.dk\/sv\/produkt\/wildlife-park-2-crazy-zoo-steam-present-global\/","og_locale":"sv_SE","og_type":"article","og_title":"Wildlife Park 2 - Crazy Zoo Steam Gift GLOBAL - Billige-Koder.dk","og_description":"K\u00f8b en cd-key til Wildlife Park 2 - Crazy Zoo Steam Gift GLOBAL","og_url":"https:\/\/billige-koder.dk\/sv\/produkt\/wildlife-park-2-crazy-zoo-steam-present-global\/","og_site_name":"Billige-Koder.dk","article_modified_time":"2024-08-19T12:06:24+00:00","og_image":[{"width":300,"height":400,"url":"https:\/\/billige-koder.dk\/wp-content\/uploads\/2024\/08\/Wildlife-Park-2-Crazy-Zoo-Steam-Gift-GLOBAL.jpg","type":"image\/jpeg"}],"twitter_card":"summary_large_image","twitter_misc":{"Ber\u00e4knad l\u00e4stid":"2 minuter"},"schema":{"@context":"https:\/\/schema.org","@graph":[]}},"_links":{"self":[{"href":"https:\/\/billige-koder.dk\/sv\/wp-json\/wp\/v2\/product\/24470","targetHints":{"allow":["GET"]}}],"collection":[{"href":"https:\/\/billige-koder.dk\/sv\/wp-json\/wp\/v2\/product"}],"about":[{"href":"https:\/\/billige-koder.dk\/sv\/wp-json\/wp\/v2\/types\/product"}],"replies":[{"embeddable":true,"href":"https:\/\/billige-koder.dk\/sv\/wp-json\/wp\/v2\/comments?post=24470"}],"wp:featuredmedia":[{"embeddable":true,"href":"https:\/\/billige-koder.dk\/sv\/wp-json\/wp\/v2\/media\/24471"}],"wp:attachment":[{"href":"https:\/\/billige-koder.dk\/sv\/wp-json\/wp\/v2\/media?parent=24470"}],"wp:term":[{"taxonomy":"product_brand","embeddable":true,"href":"https:\/\/billige-koder.dk\/sv\/wp-json\/wp\/v2\/product_brand?post=24470"},{"taxonomy":"product_cat","embeddable":true,"href":"https:\/\/billige-koder.dk\/sv\/wp-json\/wp\/v2\/product_cat?post=24470"},{"taxonomy":"product_tag","embeddable":true,"href":"https:\/\/billige-koder.dk\/sv\/wp-json\/wp\/v2\/product_tag?post=24470"}],"curies":[{"name":"wp","href":"https:\/\/api.w.org\/{rel}","templated":true}]}}