{"id":204,"date":"2017-07-30T04:14:42","date_gmt":"2017-07-30T02:14:42","guid":{"rendered":"http:\/\/billige-koder.dk\/?post_type=product&#038;p=204"},"modified":"2024-08-19T12:15:43","modified_gmt":"2024-08-19T10:15:43","slug":"overwatch-cd-key-battle-net","status":"publish","type":"product","link":"https:\/\/billige-koder.dk\/sv\/produkt\/overwatch-cd-key-battle-net\/","title":{"rendered":"Overwatch CD Key - Battle.net"},"content":{"rendered":"<h2>Overwatch \u2013 ett dynamiskt lagbaserat skjutspel<\/h2>\n<p>Overwatch \u00e4r ett actionfyllt, lagbaserat skjutspel som erbjuder en unik blandning av strategiskt spelande och intensiv konkurrens. Utvecklat av Blizzard Entertainment har spelet snabbt f\u00e5tt en stor fanskara och \u00e4r k\u00e4nt f\u00f6r sina f\u00e4rgglada karakt\u00e4rer och dynamiska strider. I Overwatch kommer spelare in i en v\u00e4rld d\u00e4r de kan v\u00e4lja mellan en m\u00e4ngd olika hj\u00e4ltar, var och en med sina egna unika f\u00f6rm\u00e5gor och roller. <\/p>\n<h2>Spel och alternativ<\/h2>\n<p>I Overwatch kan du v\u00e4lja att spela som DPS (skada per sekund), tank eller support, s\u00e5 att du kan anpassa din spelstil och samarbeta med ditt lag. Spelet erbjuder b\u00e5de enspelar- och flerspelaralternativ, vilket g\u00f6r det m\u00f6jligt att spela med v\u00e4nner eller delta i onlinestrider mot andra spelare. Oavsett om du \u00e4r nyb\u00f6rjare eller erfaren spelare finns det alltid n\u00e5got nytt att l\u00e4ra sig och beh\u00e4rska.<\/p>\n<h2>Strategi och lagarbete<\/h2>\n<p>F\u00f6r att lyckas med Overwatch \u00e4r lagarbete viktigt. Det \u00e4r viktigt att kommunicera med sitt lag och samordna anfall och f\u00f6rsvar. Varje karakt\u00e4r har sina styrkor och svagheter, s\u00e5 det \u00e4r viktigt att v\u00e4lja hj\u00e4ltar som kompletterar varandra. Till exempel kan en stridsvagn som Reinhardt skydda sina lagkamrater, medan en DPS som Tracer kan flankera fienderna och orsaka f\u00f6r\u00f6delse. <\/p>\n<h2>Tips och tricks<\/h2>\n<p>Det finns m\u00e5nga strategier du kan anv\u00e4nda f\u00f6r att f\u00f6rb\u00e4ttra ditt spelande. En bra id\u00e9 \u00e4r att l\u00e4ra k\u00e4nna kartorna s\u00e5 att du kan anv\u00e4nda terr\u00e4ngen till din f\u00f6rdel. Det kan ocks\u00e5 vara bra att titta p\u00e5 vilka hj\u00e4ltar som \u00e4r popul\u00e4ra i den aktuella metan, eftersom detta kan p\u00e5verka ditt val av karakt\u00e4rer. Om du vill ta ditt spel till n\u00e4sta niv\u00e5 kan du ocks\u00e5 \u00f6verv\u00e4ga att titta p\u00e5 tutorials eller streams fr\u00e5n professionella spelare f\u00f6r att f\u00e5 insikt i avancerade tekniker och strategier.<\/p>\n<h2>Overwatch och samh\u00e4llet<\/h2>\n<p>Overwatch har en stark community d\u00e4r spelare kan dela tips, tricks och strategier. Att delta i onlineforum och sociala medier kan ge dig tillg\u00e5ng till v\u00e4rdefulla resurser och m\u00f6jlighet att hitta likasinnade spelare. Dessutom anordnas ofta turneringar och evenemang d\u00e4r du kan testa dina kunskaper mot andra.<\/p>\n<h2>Skaffa din CD-nyckel idag<\/h2>\n<p>Om du \u00e4r redo att dyka in i denna fantastiska v\u00e4rld av hj\u00e4ltar och action kan du k\u00f6pa din Overwatch cd-nyckel p\u00e5 Cheap Codes. Det \u00e4r ett snabbt och enkelt s\u00e4tt att komma \u00e5t spelet och b\u00f6rja ditt \u00e4ventyr. <\/p>\n<p>Letar du efter n\u00e5got annat? S\u00e5 k\u00f6p v\u00e5r <a href=\"https:\/\/billige-koder.dk\/sv\/produkt\/presentkort-for-steam\/\" data-internallinksmanager029f6b8e52c=\"2\" title=\"Presentkort f\u00f6r Steam\">presentkort till Steam<\/a> och f\u00e5 tillg\u00e5ng till en m\u00e4ngd spel och inneh\u00e5ll.<\/p>","protected":false},"excerpt":{"rendered":"<p>K\u00f6p Blizzard Overwatch genom billiga Battle.net-koder och spara pengar. Du kommer att f\u00e5 spelet digitalt kort efter k\u00f6pet!<\/p>","protected":false},"featured_media":205,"comment_status":"closed","ping_status":"closed","template":"","meta":{"powered_cache_disable_cache":false,"powered_cache_disable_lazyload":false,"powered_cache_disable_css_optimization":false,"powered_cache_disable_js_optimization":false},"product_brand":[],"product_cat":[44],"product_tag":[46,39,40,42],"class_list":{"0":"post-204","1":"product","2":"type-product","3":"status-publish","4":"has-post-thumbnail","6":"product_cat-pc","7":"product_tag-battle-net","8":"product_tag-billige-koder","9":"product_tag-cd-key","10":"product_tag-koeb","12":"first","13":"instock","14":"taxable","15":"shipping-taxable","16":"product-type-external"},"yoast_head":"<!-- This site is optimized with the Yoast SEO plugin v27.5 - https:\/\/yoast.com\/product\/yoast-seo-wordpress\/ -->\n<title>Overwatch CD-key - Battle.net - Billige-Koder.dk - Hurtigt og nemt!<\/title>\n<meta name=\"description\" content=\"K\u00f8b Overwatch gennem Billige Koder til Battle.net og spar penge. Du f\u00e5r spillet digitalt kort tid efter k\u00f8bet! K\u00f8b Overwatch her!\" \/>\n<meta name=\"robots\" content=\"index, follow, max-snippet:-1, max-image-preview:large, max-video-preview:-1\" \/>\n<link rel=\"canonical\" href=\"http:\/\/billige-koder.dk\/sv\/produkt\/overwatch-cd-key-battle-net\/\" \/>\n<meta property=\"og:locale\" content=\"sv_SE\" \/>\n<meta property=\"og:type\" content=\"article\" \/>\n<meta property=\"og:title\" content=\"Overwatch CD-key - Battle.net - Billige-Koder.dk - Hurtigt og nemt!\" \/>\n<meta property=\"og:description\" content=\"K\u00f8b Overwatch gennem Billige Koder til Battle.net og spar penge. Du f\u00e5r spillet digitalt kort tid efter k\u00f8bet! K\u00f8b Overwatch her!\" \/>\n<meta property=\"og:url\" content=\"http:\/\/billige-koder.dk\/sv\/produkt\/overwatch-cd-key-battle-net\/\" \/>\n<meta property=\"og:site_name\" content=\"Billige-Koder.dk\" \/>\n<meta property=\"article:modified_time\" content=\"2024-08-19T10:15:43+00:00\" \/>\n<meta property=\"og:image\" content=\"http:\/\/billige-koder.dk\/wp-content\/uploads\/2017\/07\/2017-07-30-04_15_26-Overwatch-Battle.net-Key-GLOBAL-G2A.COM_.png\" \/>\n\t<meta property=\"og:image:width\" content=\"235\" \/>\n\t<meta property=\"og:image:height\" content=\"307\" \/>\n\t<meta property=\"og:image:type\" content=\"image\/png\" \/>\n<meta name=\"twitter:card\" content=\"summary_large_image\" \/>\n<meta name=\"twitter:label1\" content=\"Ber\u00e4knad l\u00e4stid\" \/>\n\t<meta name=\"twitter:data1\" content=\"2 minuter\" \/>\n<!-- \/ Yoast SEO plugin. -->","yoast_head_json":{"title":"Overwatch CD-nyckel - Battle.net - Billiga-Koder.dk - Snabbt och enkelt!","description":"K\u00f6p Overwatch genom billiga Battle.net-koder och spara pengar. Du kommer att f\u00e5 spelet digitalt kort efter k\u00f6pet! K\u00f6p Overwatch h\u00e4r!","robots":{"index":"index","follow":"follow","max-snippet":"max-snippet:-1","max-image-preview":"max-image-preview:large","max-video-preview":"max-video-preview:-1"},"canonical":"http:\/\/billige-koder.dk\/sv\/produkt\/overwatch-cd-key-battle-net\/","og_locale":"sv_SE","og_type":"article","og_title":"Overwatch CD-key - Battle.net - Billige-Koder.dk - Hurtigt og nemt!","og_description":"K\u00f8b Overwatch gennem Billige Koder til Battle.net og spar penge. Du f\u00e5r spillet digitalt kort tid efter k\u00f8bet! K\u00f8b Overwatch her!","og_url":"http:\/\/billige-koder.dk\/sv\/produkt\/overwatch-cd-key-battle-net\/","og_site_name":"Billige-Koder.dk","article_modified_time":"2024-08-19T10:15:43+00:00","og_image":[{"width":235,"height":307,"url":"http:\/\/billige-koder.dk\/wp-content\/uploads\/2017\/07\/2017-07-30-04_15_26-Overwatch-Battle.net-Key-GLOBAL-G2A.COM_.png","type":"image\/png"}],"twitter_card":"summary_large_image","twitter_misc":{"Ber\u00e4knad l\u00e4stid":"2 minuter"},"schema":{"@context":"https:\/\/schema.org","@graph":[]}},"_links":{"self":[{"href":"https:\/\/billige-koder.dk\/sv\/wp-json\/wp\/v2\/product\/204","targetHints":{"allow":["GET"]}}],"collection":[{"href":"https:\/\/billige-koder.dk\/sv\/wp-json\/wp\/v2\/product"}],"about":[{"href":"https:\/\/billige-koder.dk\/sv\/wp-json\/wp\/v2\/types\/product"}],"replies":[{"embeddable":true,"href":"https:\/\/billige-koder.dk\/sv\/wp-json\/wp\/v2\/comments?post=204"}],"wp:featuredmedia":[{"embeddable":true,"href":"https:\/\/billige-koder.dk\/sv\/wp-json\/wp\/v2\/media\/205"}],"wp:attachment":[{"href":"https:\/\/billige-koder.dk\/sv\/wp-json\/wp\/v2\/media?parent=204"}],"wp:term":[{"taxonomy":"product_brand","embeddable":true,"href":"https:\/\/billige-koder.dk\/sv\/wp-json\/wp\/v2\/product_brand?post=204"},{"taxonomy":"product_cat","embeddable":true,"href":"https:\/\/billige-koder.dk\/sv\/wp-json\/wp\/v2\/product_cat?post=204"},{"taxonomy":"product_tag","embeddable":true,"href":"https:\/\/billige-koder.dk\/sv\/wp-json\/wp\/v2\/product_tag?post=204"}],"curies":[{"name":"wp","href":"https:\/\/api.w.org\/{rel}","templated":true}]}}