{"id":763,"date":"2018-12-01T14:55:42","date_gmt":"2018-12-01T13:55:42","guid":{"rendered":"http:\/\/billige-koder.dk\/?post_type=product&#038;p=763"},"modified":"2024-08-19T12:16:24","modified_gmt":"2024-08-19T10:16:24","slug":"red-dead-redemption-2-xbox-live-key-xbox-one","status":"publish","type":"product","link":"https:\/\/billige-koder.dk\/nb\/produkt\/red-dead-redemption-2-xbox-live-key-xbox-one\/","title":{"rendered":"Red Dead Redemption 2, XBOX LIVE Key, XBOX ONE"},"content":{"rendered":"<p>Samarbeidet v\u00e5rt gj\u00f8r Red Dead Redemption 2 Xbox Live billig! Kj\u00f8p en billig CD-n\u00f8kkel hos oss i dag.<\/p>\n<p>Benytt deg av v\u00e5rt desembertilbud.<\/p>\n<p>Skriv gjerne til oss hvis du har sp\u00f8rsm\u00e5l.<\/p>\n<p>Gi ogs\u00e5 en <a href=\"https:\/\/billige-koder.dk\/nb\/produkt\/gavekort-til-steam\/\">gavekort til steam<\/a>, battle.net eller annen plattform.<\/p>\n<p>Husk \u00e5 notere prisen med v\u00e5r partner.<\/p>","protected":false},"excerpt":{"rendered":"<p>Kj\u00f8p Red Dead Redemption 2 cd key billig her. GLOBAL n\u00f8kkel, fungerer da overalt, og du sparer enda mer gjennom v\u00e5rt samarbeid.<\/p>","protected":false},"featured_media":764,"comment_status":"open","ping_status":"closed","template":"","meta":{"powered_cache_disable_cache":false,"powered_cache_disable_lazyload":false,"powered_cache_disable_css_optimization":false,"powered_cache_disable_js_optimization":false},"product_brand":[],"product_cat":[6,89],"product_tag":[62],"class_list":{"0":"post-763","1":"product","2":"type-product","3":"status-publish","4":"has-post-thumbnail","6":"product_cat-spil","7":"product_cat-xbox-one","8":"product_tag-xbox","10":"first","11":"instock","12":"taxable","13":"shipping-taxable","14":"product-type-external"},"yoast_head":"<!-- This site is optimized with the Yoast SEO plugin v27.5 - https:\/\/yoast.com\/product\/yoast-seo-wordpress\/ -->\n<title>K\u00f8b Red Dead Redemption 2, XBOX LIVE Key, XBOX ONE - Billigt!<\/title>\n<meta name=\"description\" content=\"Vores samarbejde g\u00f8r Red Dead Redemption 2 Xbox Live billigt! K\u00f8b billig cd-key hos os i dag.Benyt dig af vores\u00a0december tilbud.\" \/>\n<meta name=\"robots\" content=\"index, follow, max-snippet:-1, max-image-preview:large, max-video-preview:-1\" \/>\n<link rel=\"canonical\" href=\"http:\/\/billige-koder.dk\/nb\/\u0645\u0646\u062a\u062c\/\u0631\u064a\u062f-\u062f\u064a\u062f-\u0631\u064a\u062f\u0645\u0628\u0634\u0646-2-\u0645\u0641\u062a\u0627\u062d-\u0625\u0643\u0633-\u0628\u0648\u0643\u0633-\u0644\u0627\u064a\u0641-\u0625\u0643\/\" \/>\n<meta property=\"og:locale\" content=\"nb_NO\" \/>\n<meta property=\"og:type\" content=\"article\" \/>\n<meta property=\"og:title\" content=\"K\u00f8b Red Dead Redemption 2, XBOX LIVE Key, XBOX ONE - Billigt!\" \/>\n<meta property=\"og:description\" content=\"Vores samarbejde g\u00f8r Red Dead Redemption 2 Xbox Live billigt! K\u00f8b billig cd-key hos os i dag.Benyt dig af vores\u00a0december tilbud.\" \/>\n<meta property=\"og:url\" content=\"http:\/\/billige-koder.dk\/nb\/\u0645\u0646\u062a\u062c\/\u0631\u064a\u062f-\u062f\u064a\u062f-\u0631\u064a\u062f\u0645\u0628\u0634\u0646-2-\u0645\u0641\u062a\u0627\u062d-\u0625\u0643\u0633-\u0628\u0648\u0643\u0633-\u0644\u0627\u064a\u0641-\u0625\u0643\/\" \/>\n<meta property=\"og:site_name\" content=\"Billige-Koder.dk\" \/>\n<meta property=\"article:modified_time\" content=\"2024-08-19T10:16:24+00:00\" \/>\n<meta property=\"og:image\" content=\"http:\/\/billige-koder.dk\/wp-content\/uploads\/2018\/12\/2018-12-01-14_52_31-Window.png\" \/>\n\t<meta property=\"og:image:width\" content=\"492\" \/>\n\t<meta property=\"og:image:height\" content=\"636\" \/>\n\t<meta property=\"og:image:type\" content=\"image\/png\" \/>\n<meta name=\"twitter:card\" content=\"summary_large_image\" \/>\n<!-- \/ Yoast SEO plugin. -->","yoast_head_json":{"title":"Kj\u00f8p Red Dead Redemption 2, XBOX LIVE Key, XBOX ONE - Billig!","description":"Samarbeidet v\u00e5rt gj\u00f8r Red Dead Redemption 2 Xbox Live billig! Kj\u00f8p en billig CD-key hos oss i dag Benytt deg av v\u00e5rt desembertilbud.","robots":{"index":"index","follow":"follow","max-snippet":"max-snippet:-1","max-image-preview":"max-image-preview:large","max-video-preview":"max-video-preview:-1"},"canonical":"http:\/\/billige-koder.dk\/nb\/\u0645\u0646\u062a\u062c\/\u0631\u064a\u062f-\u062f\u064a\u062f-\u0631\u064a\u062f\u0645\u0628\u0634\u0646-2-\u0645\u0641\u062a\u0627\u062d-\u0625\u0643\u0633-\u0628\u0648\u0643\u0633-\u0644\u0627\u064a\u0641-\u0625\u0643\/","og_locale":"nb_NO","og_type":"article","og_title":"K\u00f8b Red Dead Redemption 2, XBOX LIVE Key, XBOX ONE - Billigt!","og_description":"Vores samarbejde g\u00f8r Red Dead Redemption 2 Xbox Live billigt! K\u00f8b billig cd-key hos os i dag.Benyt dig af vores\u00a0december tilbud.","og_url":"http:\/\/billige-koder.dk\/nb\/\u0645\u0646\u062a\u062c\/\u0631\u064a\u062f-\u062f\u064a\u062f-\u0631\u064a\u062f\u0645\u0628\u0634\u0646-2-\u0645\u0641\u062a\u0627\u062d-\u0625\u0643\u0633-\u0628\u0648\u0643\u0633-\u0644\u0627\u064a\u0641-\u0625\u0643\/","og_site_name":"Billige-Koder.dk","article_modified_time":"2024-08-19T10:16:24+00:00","og_image":[{"width":492,"height":636,"url":"http:\/\/billige-koder.dk\/wp-content\/uploads\/2018\/12\/2018-12-01-14_52_31-Window.png","type":"image\/png"}],"twitter_card":"summary_large_image","schema":{"@context":"https:\/\/schema.org","@graph":[]}},"_links":{"self":[{"href":"https:\/\/billige-koder.dk\/nb\/wp-json\/wp\/v2\/product\/763","targetHints":{"allow":["GET"]}}],"collection":[{"href":"https:\/\/billige-koder.dk\/nb\/wp-json\/wp\/v2\/product"}],"about":[{"href":"https:\/\/billige-koder.dk\/nb\/wp-json\/wp\/v2\/types\/product"}],"replies":[{"embeddable":true,"href":"https:\/\/billige-koder.dk\/nb\/wp-json\/wp\/v2\/comments?post=763"}],"wp:featuredmedia":[{"embeddable":true,"href":"https:\/\/billige-koder.dk\/nb\/wp-json\/wp\/v2\/media\/764"}],"wp:attachment":[{"href":"https:\/\/billige-koder.dk\/nb\/wp-json\/wp\/v2\/media?parent=763"}],"wp:term":[{"taxonomy":"product_brand","embeddable":true,"href":"https:\/\/billige-koder.dk\/nb\/wp-json\/wp\/v2\/product_brand?post=763"},{"taxonomy":"product_cat","embeddable":true,"href":"https:\/\/billige-koder.dk\/nb\/wp-json\/wp\/v2\/product_cat?post=763"},{"taxonomy":"product_tag","embeddable":true,"href":"https:\/\/billige-koder.dk\/nb\/wp-json\/wp\/v2\/product_tag?post=763"}],"curies":[{"name":"wp","href":"https:\/\/api.w.org\/{rel}","templated":true}]}}