{"id":6837,"date":"2023-10-30T21:54:52","date_gmt":"2023-10-30T20:54:52","guid":{"rendered":"https:\/\/billige-koder.dk\/produkt\/zalando-gift-card-280-dkk-zalando-key-denmark\/"},"modified":"2024-08-19T12:41:37","modified_gmt":"2024-08-19T10:41:37","slug":"zalando-gift-card-280-dkk-zalando-key-denmark","status":"publish","type":"product","link":"https:\/\/billige-koder.dk\/nb\/produkt\/zalando-gavekort-280-dkk-zalando-noekkel-danmark\/","title":{"rendered":"Zalando Gavekort 280 DKK Zalando Key Danmark"},"content":{"rendered":"<p>Vil du unne deg stilige kl\u00e6r og trendy sko? Da er Zalando din redning! Med sitt store utvalg av mote- og livsstilsprodukter er det noe for enhver smak og stil. Og n\u00e5 kan du f\u00e5 enda mer glede ut av Zalando med v\u00e5re fantastiske tilbud! Med v\u00e5rt Zalando-gavekort f\u00e5r du tilgang til 250 DKK \u00e5 shoppe med. Enten du leter etter den perfekte kjolen for en festlig begivenhet eller bare \u00f8nsker \u00e5 oppdatere garderoben din, er Zalando stedet \u00e5 v\u00e6re. S\u00e5 skynd deg \u00e5 f\u00e5 tak i v\u00e5r Zalando Key Danmark, og gj\u00f8r dine netthandelsopplevelser enda bedre!<\/p>","protected":false},"excerpt":{"rendered":"<p>Kj\u00f8p CD-n\u00f8kkel til Zalando Gavekort 280 DKK Zalando Key Danmark<\/p>","protected":false},"featured_media":6836,"comment_status":"open","ping_status":"closed","template":"","meta":{"powered_cache_disable_cache":false,"powered_cache_disable_lazyload":false,"powered_cache_disable_css_optimization":false,"powered_cache_disable_js_optimization":false},"product_brand":[],"product_cat":[256],"product_tag":[40],"class_list":{"0":"post-6837","1":"product","2":"type-product","3":"status-publish","4":"has-post-thumbnail","6":"product_cat-cd-key","7":"product_tag-cd-key","9":"first","10":"instock","11":"taxable","12":"shipping-taxable","13":"product-type-external"},"yoast_head":"<!-- This site is optimized with the Yoast SEO plugin v27.5 - https:\/\/yoast.com\/product\/yoast-seo-wordpress\/ -->\n<title>Zalando Gift Card 280 Dkk Zalando Key Denmark - Billige-Koder.dk<\/title>\n<meta name=\"robots\" content=\"index, follow, max-snippet:-1, max-image-preview:large, max-video-preview:-1\" \/>\n<link rel=\"canonical\" href=\"https:\/\/billige-koder.dk\/nb\/produkt\/zalando-gavekort-280-dkk-zalando-noekkel-danmark\/\" \/>\n<meta property=\"og:locale\" content=\"nb_NO\" \/>\n<meta property=\"og:type\" content=\"article\" \/>\n<meta property=\"og:title\" content=\"Zalando Gift Card 280 Dkk Zalando Key Denmark - Billige-Koder.dk\" \/>\n<meta property=\"og:description\" content=\"K\u00f8b en cd-key til Zalando Gift Card 280 Dkk Zalando Key Denmark\" \/>\n<meta property=\"og:url\" content=\"https:\/\/billige-koder.dk\/nb\/produkt\/zalando-gavekort-280-dkk-zalando-noekkel-danmark\/\" \/>\n<meta property=\"og:site_name\" content=\"Billige-Koder.dk\" \/>\n<meta property=\"article:modified_time\" content=\"2024-08-19T10:41:37+00:00\" \/>\n<meta property=\"og:image\" content=\"https:\/\/billige-koder.dk\/wp-content\/uploads\/2023\/10\/Zalando-Gift-Card-280-Dkk-Zalando-Key-Denmark.jpg\" \/>\n\t<meta property=\"og:image:width\" content=\"360\" \/>\n\t<meta property=\"og:image:height\" content=\"600\" \/>\n\t<meta property=\"og:image:type\" content=\"image\/jpeg\" \/>\n<meta name=\"twitter:card\" content=\"summary_large_image\" \/>\n<meta name=\"twitter:label1\" content=\"Ansl. lesetid\" \/>\n\t<meta name=\"twitter:data1\" content=\"1 minutt\" \/>\n<!-- \/ Yoast SEO plugin. -->","yoast_head_json":{"title":"Zalando Gavekort 280 DKK Zalando Key Danmark - Billige-Koder.dk","robots":{"index":"index","follow":"follow","max-snippet":"max-snippet:-1","max-image-preview":"max-image-preview:large","max-video-preview":"max-video-preview:-1"},"canonical":"https:\/\/billige-koder.dk\/nb\/produkt\/zalando-gavekort-280-dkk-zalando-noekkel-danmark\/","og_locale":"nb_NO","og_type":"article","og_title":"Zalando Gift Card 280 Dkk Zalando Key Denmark - Billige-Koder.dk","og_description":"K\u00f8b en cd-key til Zalando Gift Card 280 Dkk Zalando Key Denmark","og_url":"https:\/\/billige-koder.dk\/nb\/produkt\/zalando-gavekort-280-dkk-zalando-noekkel-danmark\/","og_site_name":"Billige-Koder.dk","article_modified_time":"2024-08-19T10:41:37+00:00","og_image":[{"width":360,"height":600,"url":"https:\/\/billige-koder.dk\/wp-content\/uploads\/2023\/10\/Zalando-Gift-Card-280-Dkk-Zalando-Key-Denmark.jpg","type":"image\/jpeg"}],"twitter_card":"summary_large_image","twitter_misc":{"Ansl. lesetid":"1 minutt"},"schema":{"@context":"https:\/\/schema.org","@graph":[]}},"_links":{"self":[{"href":"https:\/\/billige-koder.dk\/nb\/wp-json\/wp\/v2\/product\/6837","targetHints":{"allow":["GET"]}}],"collection":[{"href":"https:\/\/billige-koder.dk\/nb\/wp-json\/wp\/v2\/product"}],"about":[{"href":"https:\/\/billige-koder.dk\/nb\/wp-json\/wp\/v2\/types\/product"}],"replies":[{"embeddable":true,"href":"https:\/\/billige-koder.dk\/nb\/wp-json\/wp\/v2\/comments?post=6837"}],"wp:featuredmedia":[{"embeddable":true,"href":"https:\/\/billige-koder.dk\/nb\/wp-json\/wp\/v2\/media\/6836"}],"wp:attachment":[{"href":"https:\/\/billige-koder.dk\/nb\/wp-json\/wp\/v2\/media?parent=6837"}],"wp:term":[{"taxonomy":"product_brand","embeddable":true,"href":"https:\/\/billige-koder.dk\/nb\/wp-json\/wp\/v2\/product_brand?post=6837"},{"taxonomy":"product_cat","embeddable":true,"href":"https:\/\/billige-koder.dk\/nb\/wp-json\/wp\/v2\/product_cat?post=6837"},{"taxonomy":"product_tag","embeddable":true,"href":"https:\/\/billige-koder.dk\/nb\/wp-json\/wp\/v2\/product_tag?post=6837"}],"curies":[{"name":"wp","href":"https:\/\/api.w.org\/{rel}","templated":true}]}}