{"id":6241,"date":"2023-10-30T19:53:55","date_gmt":"2023-10-30T18:53:55","guid":{"rendered":"https:\/\/billige-koder.dk\/produkt\/toem-pc-steam-key-global\/"},"modified":"2024-08-19T12:38:39","modified_gmt":"2024-08-19T10:38:39","slug":"toem-pc-steam-key-global","status":"publish","type":"product","link":"https:\/\/billige-koder.dk\/nb\/produkt\/toem-pc-steam-noekkel-global\/","title":{"rendered":"Toem Pc Steam Key Global"},"content":{"rendered":"<p>Bli med p\u00e5 en fortryllende reise gjennom den magiske toem i dette fantastiske h\u00e5ndtegnede eventyrspillet! Utforsk en verden full av mysterier og spennende utfordringer, og bruk ditt fotografiske \u00f8ye til \u00e5 avdekke hemmelighetene. L\u00f8s g\u00e5ter og hjelp de s\u00e6re karakterene ved \u00e5 ta vakre bilder med kameraet ditt. Fordyp deg i en avslappende atmosf\u00e6re og lytt til deilige beats mens du beveger deg gjennom det fantastiske landskapet. Med Toem f\u00e5r du ikke bare et spennende spill, men ogs\u00e5 en unik opplevelse som vil fange fantasien din. S\u00e5 ta med deg Toem Pc <a href=\"https:\/\/billige-koder.dk\/nb\/produkt\/gavekort-til-steam\/\" data-internallinksmanager029f6b8e52c=\"1\" title=\"Gavekort til Steam\">Steam n\u00f8kkel<\/a> Globalt med billige koder og dra p\u00e5 en uforglemmelig ekspedisjon!<\/p>","protected":false},"excerpt":{"rendered":"<p>Kj\u00f8p en CD-n\u00f8kkel for Toem Pc Steam Key Global<\/p>","protected":false},"featured_media":6240,"comment_status":"open","ping_status":"closed","template":"","meta":{"powered_cache_disable_cache":false,"powered_cache_disable_lazyload":false,"powered_cache_disable_css_optimization":false,"powered_cache_disable_js_optimization":false},"product_brand":[],"product_cat":[256],"product_tag":[40],"class_list":{"0":"post-6241","1":"product","2":"type-product","3":"status-publish","4":"has-post-thumbnail","6":"product_cat-cd-key","7":"product_tag-cd-key","9":"first","10":"instock","11":"taxable","12":"shipping-taxable","13":"product-type-external"},"yoast_head":"<!-- This site is optimized with the Yoast SEO plugin v27.5 - https:\/\/yoast.com\/product\/yoast-seo-wordpress\/ -->\n<title>Toem Pc Steam Key Global - Billige-Koder.dk<\/title>\n<meta name=\"robots\" content=\"index, follow, max-snippet:-1, max-image-preview:large, max-video-preview:-1\" \/>\n<link rel=\"canonical\" href=\"https:\/\/billige-koder.dk\/nb\/produkt\/toem-pc-steam-key-global\/\" \/>\n<meta property=\"og:locale\" content=\"nb_NO\" \/>\n<meta property=\"og:type\" content=\"article\" \/>\n<meta property=\"og:title\" content=\"Toem Pc Steam Key Global - Billige-Koder.dk\" \/>\n<meta property=\"og:description\" content=\"K\u00f8b en cd-key til Toem Pc Steam Key Global\" \/>\n<meta property=\"og:url\" content=\"https:\/\/billige-koder.dk\/nb\/produkt\/toem-pc-steam-key-global\/\" \/>\n<meta property=\"og:site_name\" content=\"Billige-Koder.dk\" \/>\n<meta property=\"article:modified_time\" content=\"2024-08-19T10:38:39+00:00\" \/>\n<meta property=\"og:image\" content=\"https:\/\/billige-koder.dk\/wp-content\/uploads\/2023\/10\/Toem-Pc-Steam-Key-Global.jpg\" \/>\n\t<meta property=\"og:image:width\" content=\"360\" \/>\n\t<meta property=\"og:image:height\" content=\"600\" \/>\n\t<meta property=\"og:image:type\" content=\"image\/jpeg\" \/>\n<meta name=\"twitter:card\" content=\"summary_large_image\" \/>\n<meta name=\"twitter:label1\" content=\"Ansl. lesetid\" \/>\n\t<meta name=\"twitter:data1\" content=\"1 minutt\" \/>\n<!-- \/ Yoast SEO plugin. -->","yoast_head_json":{"title":"Toem Pc Steam Key Global - Billige-Koder.dk","robots":{"index":"index","follow":"follow","max-snippet":"max-snippet:-1","max-image-preview":"max-image-preview:large","max-video-preview":"max-video-preview:-1"},"canonical":"https:\/\/billige-koder.dk\/nb\/produkt\/toem-pc-steam-key-global\/","og_locale":"nb_NO","og_type":"article","og_title":"Toem Pc Steam Key Global - Billige-Koder.dk","og_description":"K\u00f8b en cd-key til Toem Pc Steam Key Global","og_url":"https:\/\/billige-koder.dk\/nb\/produkt\/toem-pc-steam-key-global\/","og_site_name":"Billige-Koder.dk","article_modified_time":"2024-08-19T10:38:39+00:00","og_image":[{"width":360,"height":600,"url":"https:\/\/billige-koder.dk\/wp-content\/uploads\/2023\/10\/Toem-Pc-Steam-Key-Global.jpg","type":"image\/jpeg"}],"twitter_card":"summary_large_image","twitter_misc":{"Ansl. lesetid":"1 minutt"},"schema":{"@context":"https:\/\/schema.org","@graph":[]}},"_links":{"self":[{"href":"https:\/\/billige-koder.dk\/nb\/wp-json\/wp\/v2\/product\/6241","targetHints":{"allow":["GET"]}}],"collection":[{"href":"https:\/\/billige-koder.dk\/nb\/wp-json\/wp\/v2\/product"}],"about":[{"href":"https:\/\/billige-koder.dk\/nb\/wp-json\/wp\/v2\/types\/product"}],"replies":[{"embeddable":true,"href":"https:\/\/billige-koder.dk\/nb\/wp-json\/wp\/v2\/comments?post=6241"}],"wp:featuredmedia":[{"embeddable":true,"href":"https:\/\/billige-koder.dk\/nb\/wp-json\/wp\/v2\/media\/6240"}],"wp:attachment":[{"href":"https:\/\/billige-koder.dk\/nb\/wp-json\/wp\/v2\/media?parent=6241"}],"wp:term":[{"taxonomy":"product_brand","embeddable":true,"href":"https:\/\/billige-koder.dk\/nb\/wp-json\/wp\/v2\/product_brand?post=6241"},{"taxonomy":"product_cat","embeddable":true,"href":"https:\/\/billige-koder.dk\/nb\/wp-json\/wp\/v2\/product_cat?post=6241"},{"taxonomy":"product_tag","embeddable":true,"href":"https:\/\/billige-koder.dk\/nb\/wp-json\/wp\/v2\/product_tag?post=6241"}],"curies":[{"name":"wp","href":"https:\/\/api.w.org\/{rel}","templated":true}]}}