{"id":514,"date":"2018-02-18T21:31:42","date_gmt":"2018-02-18T20:31:42","guid":{"rendered":"http:\/\/billige-koder.dk\/?post_type=product&#038;p=514"},"modified":"2024-10-06T23:16:38","modified_gmt":"2024-10-06T21:16:38","slug":"world-of-warcraft-battle-azeroth","status":"publish","type":"product","link":"https:\/\/billige-koder.dk\/nb\/produkt\/world-of-warcraft-kamp-azeroth\/","title":{"rendered":"World of Warcraft: Battle for Azeroth (BoA)"},"content":{"rendered":"<p>Se prisen p\u00e5 World of Warcraft: Battle for Azeroth (WOW: BOA) CD-n\u00f8kkel med oss. Vi har alltid billige CD-n\u00f8kler for v\u00e5re brukere p\u00e5 ulike plattformer, inkludert Origin, Battle.net, Steam og Uplay.<\/p>\n<p><a href=\"https:\/\/billige-koder.dk\/nb\/produkt\/world-of-warcraft-wow-60-dager-billig-spillkort\/\">Kj\u00f8p WoW Game Card<\/a> billig her, eller v\u00e5rt Battle.net gavekort.<\/p>\n<h2>World of Warcraft: Battle for Azeroth dansk e-sport<\/h2>\n<p>Hos Billige Koder \u00f8nsker vi et st\u00f8rre niv\u00e5 av dansk e-sportkunnskap innen World of Warcraft: Battle for Azeroth i Danmark og internasjonalt med danske spillere. Vi vil gjerne<\/p>\n<p>Se ogs\u00e5 p\u00e5 en gamer stasjon\u00e6r PC \u2013 kanskje en god konfirmasjonsgave til en fornuftig pris \ud83d\ude42<\/p>\n<p>Les mer om <a href=\"https:\/\/billige-koder.dk\/nb\/produkt\/world-of-warcraft-the-war-within-base-edition-pre-purchase-pc\/\">World of Warcraft: The War Within | Base Edition \u2013 Forh\u00e5ndskj\u00f8p (PC)<\/a><\/p>","protected":false},"excerpt":{"rendered":"<p>Kj\u00f8p World of Warcraft: Battle for Azeroth med RASK og GRATIS digital levering fra oss. Klikk &quot;Se pris&quot; og begynn \u00e5 spille i dag!<\/p>","protected":false},"featured_media":515,"comment_status":"open","ping_status":"closed","template":"","meta":{"powered_cache_disable_cache":false,"powered_cache_disable_lazyload":false,"powered_cache_disable_css_optimization":false,"powered_cache_disable_js_optimization":false},"product_brand":[],"product_cat":[44],"product_tag":[46,92,40,61,93],"class_list":{"0":"post-514","1":"product","2":"type-product","3":"status-publish","4":"has-post-thumbnail","6":"product_cat-pc","7":"product_tag-battle-net","8":"product_tag-billigt","9":"product_tag-cd-key","10":"product_tag-pc","11":"product_tag-pris","13":"first","14":"instock","15":"taxable","16":"shipping-taxable","17":"product-type-external"},"yoast_head":"<!-- This site is optimized with the Yoast SEO plugin v27.5 - https:\/\/yoast.com\/product\/yoast-seo-wordpress\/ -->\n<title>World of Warcraft: Battle for Azeroth (BoA) - Billige-Koder.dk<\/title>\n<meta name=\"description\" content=\"Se prisen p\u00e5 World of Warcraft: Battle for Azeroth (BOA) cd-key hos os. Vi har altid cd-keys billigt til vores brugere p\u00e5 varierende platforme, herunder Origin, Battle.net, Steam og Uplay. K\u00f8b ogs\u00e5 WoW Game Card her, eller vores Battle.net gavekort! Klik for at se vores udvalg og kom i gang med at spille i dag!\" \/>\n<meta name=\"robots\" content=\"index, follow, max-snippet:-1, max-image-preview:large, max-video-preview:-1\" \/>\n<link rel=\"canonical\" href=\"https:\/\/billige-koder.dk\/nb\/produkt\/world-of-warcraft-kamp-azeroth\/\" \/>\n<meta property=\"og:locale\" content=\"nb_NO\" \/>\n<meta property=\"og:type\" content=\"article\" \/>\n<meta property=\"og:title\" content=\"World of Warcraft: Battle for Azeroth (BoA) - Billige-Koder.dk\" \/>\n<meta property=\"og:description\" content=\"Se prisen p\u00e5 World of Warcraft: Battle for Azeroth (BOA) cd-key hos os. Vi har altid cd-keys billigt til vores brugere p\u00e5 varierende platforme, herunder Origin, Battle.net, Steam og Uplay. K\u00f8b ogs\u00e5 WoW Game Card her, eller vores Battle.net gavekort! Klik for at se vores udvalg og kom i gang med at spille i dag!\" \/>\n<meta property=\"og:url\" content=\"https:\/\/billige-koder.dk\/nb\/produkt\/world-of-warcraft-kamp-azeroth\/\" \/>\n<meta property=\"og:site_name\" content=\"Billige-Koder.dk\" \/>\n<meta property=\"article:modified_time\" content=\"2024-10-06T21:16:38+00:00\" \/>\n<meta property=\"og:image\" content=\"https:\/\/billige-koder.dk\/wp-content\/uploads\/2018\/02\/2018-02-18-21_28_23-battle-of-azeroth-Google-s\u00f8gning.png\" \/>\n\t<meta property=\"og:image:width\" content=\"580\" \/>\n\t<meta property=\"og:image:height\" content=\"580\" \/>\n\t<meta property=\"og:image:type\" content=\"image\/png\" \/>\n<meta name=\"twitter:card\" content=\"summary_large_image\" \/>\n<meta name=\"twitter:label1\" content=\"Ansl. lesetid\" \/>\n\t<meta name=\"twitter:data1\" content=\"1 minutt\" \/>\n<!-- \/ Yoast SEO plugin. -->","yoast_head_json":{"title":"World of Warcraft: Battle for Azeroth (BoA) - Billige-Koder.dk","description":"Se prisen p\u00e5 World of Warcraft: Battle for Azeroth (BOA) CD-n\u00f8kkel med oss. Vi har alltid billige CD-n\u00f8kler for v\u00e5re brukere p\u00e5 ulike plattformer, inkludert Origin, Battle.net, Steam og Uplay. Kj\u00f8p ogs\u00e5 WoW Game Card her, eller v\u00e5rt Battle.net gavekort! Klikk for \u00e5 se v\u00e5rt utvalg og begynn \u00e5 spille i dag!","robots":{"index":"index","follow":"follow","max-snippet":"max-snippet:-1","max-image-preview":"max-image-preview:large","max-video-preview":"max-video-preview:-1"},"canonical":"https:\/\/billige-koder.dk\/nb\/produkt\/world-of-warcraft-kamp-azeroth\/","og_locale":"nb_NO","og_type":"article","og_title":"World of Warcraft: Battle for Azeroth (BoA) - Billige-Koder.dk","og_description":"Se prisen p\u00e5 World of Warcraft: Battle for Azeroth (BOA) cd-key hos os. Vi har altid cd-keys billigt til vores brugere p\u00e5 varierende platforme, herunder Origin, Battle.net, Steam og Uplay. K\u00f8b ogs\u00e5 WoW Game Card her, eller vores Battle.net gavekort! Klik for at se vores udvalg og kom i gang med at spille i dag!","og_url":"https:\/\/billige-koder.dk\/nb\/produkt\/world-of-warcraft-kamp-azeroth\/","og_site_name":"Billige-Koder.dk","article_modified_time":"2024-10-06T21:16:38+00:00","og_image":[{"width":580,"height":580,"url":"https:\/\/billige-koder.dk\/wp-content\/uploads\/2018\/02\/2018-02-18-21_28_23-battle-of-azeroth-Google-s\u00f8gning.png","type":"image\/png"}],"twitter_card":"summary_large_image","twitter_misc":{"Ansl. lesetid":"1 minutt"},"schema":{"@context":"https:\/\/schema.org","@graph":[]}},"_links":{"self":[{"href":"https:\/\/billige-koder.dk\/nb\/wp-json\/wp\/v2\/product\/514","targetHints":{"allow":["GET"]}}],"collection":[{"href":"https:\/\/billige-koder.dk\/nb\/wp-json\/wp\/v2\/product"}],"about":[{"href":"https:\/\/billige-koder.dk\/nb\/wp-json\/wp\/v2\/types\/product"}],"replies":[{"embeddable":true,"href":"https:\/\/billige-koder.dk\/nb\/wp-json\/wp\/v2\/comments?post=514"}],"wp:featuredmedia":[{"embeddable":true,"href":"https:\/\/billige-koder.dk\/nb\/wp-json\/wp\/v2\/media\/515"}],"wp:attachment":[{"href":"https:\/\/billige-koder.dk\/nb\/wp-json\/wp\/v2\/media?parent=514"}],"wp:term":[{"taxonomy":"product_brand","embeddable":true,"href":"https:\/\/billige-koder.dk\/nb\/wp-json\/wp\/v2\/product_brand?post=514"},{"taxonomy":"product_cat","embeddable":true,"href":"https:\/\/billige-koder.dk\/nb\/wp-json\/wp\/v2\/product_cat?post=514"},{"taxonomy":"product_tag","embeddable":true,"href":"https:\/\/billige-koder.dk\/nb\/wp-json\/wp\/v2\/product_tag?post=514"}],"curies":[{"name":"wp","href":"https:\/\/api.w.org\/{rel}","templated":true}]}}