{"id":4304,"date":"2023-10-29T19:20:53","date_gmt":"2023-10-29T18:20:53","guid":{"rendered":"https:\/\/billige-koder.dk\/produkt\/pornhub-premium-subscription-pornhub-3-months-key-europe\/"},"modified":"2024-08-19T12:32:02","modified_gmt":"2024-08-19T10:32:02","slug":"pornhub-premium-subscription-pornhub-3-months-key-europe","status":"publish","type":"product","link":"https:\/\/billige-koder.dk\/nb\/produkt\/pornhub-premium-abonnement-pornhub-3-maaneder-noekkel-europa\/","title":{"rendered":"Pornhub Premium-abonnement Pornhub 3 m\u00e5neders n\u00f8kkel Europa"},"content":{"rendered":"<p>Kj\u00f8p ditt Pornhub Premium-abonnement hos Billige Koder og f\u00e5 tilgang til verdens st\u00f8rste bibliotek med voksenfilmer. Med en premium-tjeneste f\u00e5r du en fullstendig mangel p\u00e5 annonser, slik at du kan nyte innholdet uten forstyrrelser. Du f\u00e5r ogs\u00e5 unik tilgang til h\u00f8ykvalitets streaming i 1080p HD, mens gratisbrukere kun kan se i 720p. Med Pornhub Premium f\u00e5r du ogs\u00e5 eksklusivt innhold, fulle DVD-er i stedet for begrensede forh\u00e5ndsvisninger, og raskere streaming og nedlastinger. Alt dette til en fornuftig pris, slik at du kan f\u00e5 topp kvalitet og et vell av forskjellig innhold. Kj\u00f8p ditt Pornhub Premium-abonnement hos Billige Koder i dag og opplev den ultimate voksenunderholdningen.<\/p>","protected":false},"excerpt":{"rendered":"<p>Kj\u00f8p en CD-n\u00f8kkel for Pornhub Premium-abonnement Pornhub 3 Months Key Europe<\/p>","protected":false},"featured_media":4303,"comment_status":"open","ping_status":"closed","template":"","meta":{"powered_cache_disable_cache":false,"powered_cache_disable_lazyload":false,"powered_cache_disable_css_optimization":false,"powered_cache_disable_js_optimization":false},"product_brand":[],"product_cat":[256],"product_tag":[40],"class_list":{"0":"post-4304","1":"product","2":"type-product","3":"status-publish","4":"has-post-thumbnail","6":"product_cat-cd-key","7":"product_tag-cd-key","9":"first","10":"instock","11":"taxable","12":"shipping-taxable","13":"product-type-external"},"yoast_head":"<!-- This site is optimized with the Yoast SEO plugin v27.5 - https:\/\/yoast.com\/product\/yoast-seo-wordpress\/ -->\n<title>Pornhub Premium Subscription Pornhub 3 Months Key Europe - Billige-Koder.dk<\/title>\n<meta name=\"robots\" content=\"index, follow, max-snippet:-1, max-image-preview:large, max-video-preview:-1\" \/>\n<link rel=\"canonical\" href=\"https:\/\/billige-koder.dk\/nb\/produkt\/pornhub-premium-abonnement-pornhub-3-maaneder-noekkel-europa\/\" \/>\n<meta property=\"og:locale\" content=\"nb_NO\" \/>\n<meta property=\"og:type\" content=\"article\" \/>\n<meta property=\"og:title\" content=\"Pornhub Premium Subscription Pornhub 3 Months Key Europe - Billige-Koder.dk\" \/>\n<meta property=\"og:description\" content=\"K\u00f8b en cd-key til Pornhub Premium Subscription Pornhub 3 Months Key Europe\" \/>\n<meta property=\"og:url\" content=\"https:\/\/billige-koder.dk\/nb\/produkt\/pornhub-premium-abonnement-pornhub-3-maaneder-noekkel-europa\/\" \/>\n<meta property=\"og:site_name\" content=\"Billige-Koder.dk\" \/>\n<meta property=\"article:modified_time\" content=\"2024-08-19T10:32:02+00:00\" \/>\n<meta property=\"og:image\" content=\"https:\/\/billige-koder.dk\/wp-content\/uploads\/2023\/10\/Pornhub-Premium-Subscription-Pornhub-3-Months-Key-Europe.jpg\" \/>\n\t<meta property=\"og:image:width\" content=\"360\" \/>\n\t<meta property=\"og:image:height\" content=\"600\" \/>\n\t<meta property=\"og:image:type\" content=\"image\/jpeg\" \/>\n<meta name=\"twitter:card\" content=\"summary_large_image\" \/>\n<meta name=\"twitter:label1\" content=\"Ansl. lesetid\" \/>\n\t<meta name=\"twitter:data1\" content=\"1 minutt\" \/>\n<!-- \/ Yoast SEO plugin. -->","yoast_head_json":{"title":"Pornhub Premium-abonnement Pornhub 3 m\u00e5neders n\u00f8kkel Europa - Billige-Koder.dk","robots":{"index":"index","follow":"follow","max-snippet":"max-snippet:-1","max-image-preview":"max-image-preview:large","max-video-preview":"max-video-preview:-1"},"canonical":"https:\/\/billige-koder.dk\/nb\/produkt\/pornhub-premium-abonnement-pornhub-3-maaneder-noekkel-europa\/","og_locale":"nb_NO","og_type":"article","og_title":"Pornhub Premium Subscription Pornhub 3 Months Key Europe - Billige-Koder.dk","og_description":"K\u00f8b en cd-key til Pornhub Premium Subscription Pornhub 3 Months Key Europe","og_url":"https:\/\/billige-koder.dk\/nb\/produkt\/pornhub-premium-abonnement-pornhub-3-maaneder-noekkel-europa\/","og_site_name":"Billige-Koder.dk","article_modified_time":"2024-08-19T10:32:02+00:00","og_image":[{"width":360,"height":600,"url":"https:\/\/billige-koder.dk\/wp-content\/uploads\/2023\/10\/Pornhub-Premium-Subscription-Pornhub-3-Months-Key-Europe.jpg","type":"image\/jpeg"}],"twitter_card":"summary_large_image","twitter_misc":{"Ansl. lesetid":"1 minutt"},"schema":{"@context":"https:\/\/schema.org","@graph":[]}},"_links":{"self":[{"href":"https:\/\/billige-koder.dk\/nb\/wp-json\/wp\/v2\/product\/4304","targetHints":{"allow":["GET"]}}],"collection":[{"href":"https:\/\/billige-koder.dk\/nb\/wp-json\/wp\/v2\/product"}],"about":[{"href":"https:\/\/billige-koder.dk\/nb\/wp-json\/wp\/v2\/types\/product"}],"replies":[{"embeddable":true,"href":"https:\/\/billige-koder.dk\/nb\/wp-json\/wp\/v2\/comments?post=4304"}],"wp:featuredmedia":[{"embeddable":true,"href":"https:\/\/billige-koder.dk\/nb\/wp-json\/wp\/v2\/media\/4303"}],"wp:attachment":[{"href":"https:\/\/billige-koder.dk\/nb\/wp-json\/wp\/v2\/media?parent=4304"}],"wp:term":[{"taxonomy":"product_brand","embeddable":true,"href":"https:\/\/billige-koder.dk\/nb\/wp-json\/wp\/v2\/product_brand?post=4304"},{"taxonomy":"product_cat","embeddable":true,"href":"https:\/\/billige-koder.dk\/nb\/wp-json\/wp\/v2\/product_cat?post=4304"},{"taxonomy":"product_tag","embeddable":true,"href":"https:\/\/billige-koder.dk\/nb\/wp-json\/wp\/v2\/product_tag?post=4304"}],"curies":[{"name":"wp","href":"https:\/\/api.w.org\/{rel}","templated":true}]}}