{"id":37713,"date":"2024-08-10T00:00:00","date_gmt":"2024-08-09T22:00:00","guid":{"rendered":"https:\/\/billige-koder.dk\/?post_type=product&#038;p=37713"},"modified":"2024-08-19T15:56:32","modified_gmt":"2024-08-19T13:56:32","slug":"youtubers-clicker-steam-cd-key-global","status":"publish","type":"product","link":"https:\/\/billige-koder.dk\/nb\/produkt\/youtubers-clicker-steam-cd-key-global\/","title":{"rendered":"Youtubers Clicker Steam cd-n\u00f8kkel GLOBAL"},"content":{"rendered":"<h2>Opplev Youtubers klikker<\/h2>\n<p>G\u00e5 inn i den fargerike verdenen til Youtubers Clicker, et underholdende og strategisk klikkerspill som lar deg bygge ditt eget YouTube-imperium. I dette spillet f\u00e5r du sjansen til \u00e5 lage innhold, tiltrekke deg abonnenter og tjene penger, alt mens du konkurrerer med andre spillere. Det er en morsom og engasjerende opplevelse som kombinerer elementer av simulering og inaktive spill.<\/p>\n<p>I Youtubers Clicker starter du med en enkel kanal, men med flid og strategisk tenkning kan du utvikle den til en av de mest popul\u00e6re kanalene p\u00e5 plattformen. Du vil kunne velge ulike typer innhold \u00e5 produsere, fra spillvideoer til vlogger, og hver type innhold har sine egne fordeler og ulemper. \u00c5 finne den rette balansen mellom kvalitet og kvantitet er viktig for \u00e5 maksimere abonnentveksten din.<\/p>\n<p>Spillet tilbyr b\u00e5de enkeltspiller- og flerspilleralternativer, slik at du kan spille alene eller med venner. Du kan konkurrere mot andre spillere p\u00e5 nettet for \u00e5 se hvem som kan bygge den mest suksessrike kanalen. I tillegg kan du bruke ulike strategier og triks for \u00e5 optimalisere veksten. Du kan for eksempel investere i oppgraderinger som forbedrer videopubliseringsfrekvensen eller kvaliteten, noe som vil tiltrekke seg flere abonnenter.<\/p>\n<p>Youtubers Clicker er ikke bare et spill om \u00e5 klikke; det handler ogs\u00e5 om \u00e5 ta smarte beslutninger og planlegge veksten din. Hold \u00f8ye med trender og tilpass innholdet ditt for \u00e5 maksimere rekkevidden. Hvis du er ute etter \u00e5 f\u00e5 mest mulig ut av spillopplevelsen din, kan du finne nyttige tips og triks p\u00e5 nettet for \u00e5 hjelpe deg med raskere fremgang i spillet.<\/p>\n<p>Klar til \u00e5 ta YouTube-karrieren din til nye h\u00f8yder? F\u00e5 din CD-n\u00f8kkel for Youtubers Clicker fra Cheap Codes i dag og start eventyret ditt. Leter du etter noe annet? S\u00e5 kj\u00f8p v\u00e5r <a href=\"https:\/\/billige-koder.dk\/nb\/produkt\/gavekort-til-steam\/\" data-internallinksmanager029f6b8e52c=\"2\" title=\"Gavekort til Steam\">gavekort til Steam<\/a>.<\/p>","protected":false},"excerpt":{"rendered":"<p>Kj\u00f8p en cd-n\u00f8kkel for Youtubers Clicker Steam cd-n\u00f8kkel GLOBAL<\/p>","protected":false},"featured_media":37714,"comment_status":"closed","ping_status":"closed","template":"","meta":{"powered_cache_disable_cache":false,"powered_cache_disable_lazyload":false,"powered_cache_disable_css_optimization":false,"powered_cache_disable_js_optimization":false},"product_brand":[],"product_cat":[256],"product_tag":[40],"class_list":{"0":"post-37713","1":"product","2":"type-product","3":"status-publish","4":"has-post-thumbnail","6":"product_cat-cd-key","7":"product_tag-cd-key","9":"first","10":"instock","11":"taxable","12":"shipping-taxable","13":"product-type-external"},"yoast_head":"<!-- This site is optimized with the Yoast SEO plugin v27.5 - https:\/\/yoast.com\/product\/yoast-seo-wordpress\/ -->\n<title>Youtubers Clicker Steam cd-key GLOBAL - Billige-Koder.dk<\/title>\n<meta name=\"robots\" content=\"index, follow, max-snippet:-1, max-image-preview:large, max-video-preview:-1\" \/>\n<link rel=\"canonical\" href=\"http:\/\/billige-koder.dk\/nb\/produkt\/youtubers-clicker-steam-cd-key-global\/\" \/>\n<meta property=\"og:locale\" content=\"nb_NO\" \/>\n<meta property=\"og:type\" content=\"article\" \/>\n<meta property=\"og:title\" content=\"Youtubers Clicker Steam cd-key GLOBAL - Billige-Koder.dk\" \/>\n<meta property=\"og:description\" content=\"K\u00f8b en cd-key til Youtubers Clicker Steam cd-key GLOBAL\" \/>\n<meta property=\"og:url\" content=\"http:\/\/billige-koder.dk\/nb\/produkt\/youtubers-clicker-steam-cd-key-global\/\" \/>\n<meta property=\"og:site_name\" content=\"Billige-Koder.dk\" \/>\n<meta property=\"article:modified_time\" content=\"2024-08-19T13:56:32+00:00\" \/>\n<meta property=\"og:image\" content=\"http:\/\/billige-koder.dk\/wp-content\/uploads\/2024\/08\/Youtubers-Clicker-Steam-Key-GLOBAL-1.jpg\" \/>\n\t<meta property=\"og:image:width\" content=\"300\" \/>\n\t<meta property=\"og:image:height\" content=\"400\" \/>\n\t<meta property=\"og:image:type\" content=\"image\/jpeg\" \/>\n<meta name=\"twitter:card\" content=\"summary_large_image\" \/>\n<meta name=\"twitter:label1\" content=\"Ansl. lesetid\" \/>\n\t<meta name=\"twitter:data1\" content=\"2 minutter\" \/>\n<!-- \/ Yoast SEO plugin. -->","yoast_head_json":{"title":"Youtubers Clicker Steam cd-key GLOBAL - Billige-Koder.dk","robots":{"index":"index","follow":"follow","max-snippet":"max-snippet:-1","max-image-preview":"max-image-preview:large","max-video-preview":"max-video-preview:-1"},"canonical":"http:\/\/billige-koder.dk\/nb\/produkt\/youtubers-clicker-steam-cd-key-global\/","og_locale":"nb_NO","og_type":"article","og_title":"Youtubers Clicker Steam cd-key GLOBAL - Billige-Koder.dk","og_description":"K\u00f8b en cd-key til Youtubers Clicker Steam cd-key GLOBAL","og_url":"http:\/\/billige-koder.dk\/nb\/produkt\/youtubers-clicker-steam-cd-key-global\/","og_site_name":"Billige-Koder.dk","article_modified_time":"2024-08-19T13:56:32+00:00","og_image":[{"width":300,"height":400,"url":"http:\/\/billige-koder.dk\/wp-content\/uploads\/2024\/08\/Youtubers-Clicker-Steam-Key-GLOBAL-1.jpg","type":"image\/jpeg"}],"twitter_card":"summary_large_image","twitter_misc":{"Ansl. lesetid":"2 minutter"},"schema":{"@context":"https:\/\/schema.org","@graph":[]}},"_links":{"self":[{"href":"https:\/\/billige-koder.dk\/nb\/wp-json\/wp\/v2\/product\/37713","targetHints":{"allow":["GET"]}}],"collection":[{"href":"https:\/\/billige-koder.dk\/nb\/wp-json\/wp\/v2\/product"}],"about":[{"href":"https:\/\/billige-koder.dk\/nb\/wp-json\/wp\/v2\/types\/product"}],"replies":[{"embeddable":true,"href":"https:\/\/billige-koder.dk\/nb\/wp-json\/wp\/v2\/comments?post=37713"}],"wp:featuredmedia":[{"embeddable":true,"href":"https:\/\/billige-koder.dk\/nb\/wp-json\/wp\/v2\/media\/37714"}],"wp:attachment":[{"href":"https:\/\/billige-koder.dk\/nb\/wp-json\/wp\/v2\/media?parent=37713"}],"wp:term":[{"taxonomy":"product_brand","embeddable":true,"href":"https:\/\/billige-koder.dk\/nb\/wp-json\/wp\/v2\/product_brand?post=37713"},{"taxonomy":"product_cat","embeddable":true,"href":"https:\/\/billige-koder.dk\/nb\/wp-json\/wp\/v2\/product_cat?post=37713"},{"taxonomy":"product_tag","embeddable":true,"href":"https:\/\/billige-koder.dk\/nb\/wp-json\/wp\/v2\/product_tag?post=37713"}],"curies":[{"name":"wp","href":"https:\/\/api.w.org\/{rel}","templated":true}]}}