{"id":22680,"date":"2024-08-10T00:00:00","date_gmt":"2024-08-09T22:00:00","guid":{"rendered":"https:\/\/billige-koder.dk\/?post_type=product&#038;p=22680"},"modified":"2024-08-19T13:57:59","modified_gmt":"2024-08-19T11:57:59","slug":"geometry-dash-steam-cd-key-latam","status":"publish","type":"product","link":"https:\/\/billige-koder.dk\/nb\/produkt\/geometry-dash-steam-cd-key-latam\/","title":{"rendered":"Geometry Dash Steam cd-key LATAM"},"content":{"rendered":"<h2>Oplev udfordringerne i Geometry Dash<\/h2>\n<p>Tr\u00e6d ind i den farverige og musikfyldte verden af Geometry Dash, et platformspil, der kombinerer hurtig reaktion med pr\u00e6cise bev\u00e6gelser. I dette spil skal du navigere gennem en r\u00e6kke udfordrende niveauer, hvor du styrer en geometrisk figur, der hopper og flyver gennem forhindringer i takt med musikken. Hver bane byder p\u00e5 unikke designs og en pulsende soundtrack, der holder dig engageret og motiveret til at forbedre dine f\u00e6rdigheder.<\/p>\n<p>Geometry Dash tilbyder b\u00e5de en singleplayer-oplevelse, hvor du kan udfordre dig selv med forskellige niveauer, og muligheden for at dele dine egne baner med venner online. Dette \u00e5bner op for en n\u00e6sten uendelig m\u00e6ngde indhold, da spillere kan skabe og dele deres egne udfordringer. Det er en fantastisk m\u00e5de at holde spillet friskt og sp\u00e6ndende p\u00e5, da du aldrig ved, hvilke kreative baner du vil st\u00f8de p\u00e5.<\/p>\n<p>For at f\u00e5 mest muligt ud af din oplevelse, kan det v\u00e6re en god id\u00e9 at \u00f8ve sig p\u00e5 de tidlige niveauer, inden du kaster dig ud i de mere komplekse udfordringer. At mestre timing og pr\u00e6cision er n\u00f8glen til succes i Geometry Dash. Derudover kan du finde tips og tricks online, som kan hj\u00e6lpe dig med at overvinde de sv\u00e6reste sektioner. Selvom der ikke er officielle snydekoder, kan du finde strategier fra andre spillere, der har kn\u00e6kket koden til de mest udfordrende niveauer.<\/p>\n<p>Med Billige Koder kan du f\u00e5 fat i din Geometry Dash <a href=\"https:\/\/billige-koder.dk\/nb\/produkt\/gavekort-til-steam\/\" data-internallinksmanager029f6b8e52c=\"1\" title=\"Gavekort til Steam\">Steam cd n\u00f8kkel<\/a> til en overkommelig pris. G\u00f8r dig klar til at udforske en verden fyldt med sp\u00e6nding og udfordringer, og del oplevelsen med vennerne. Hvis du er p\u00e5 udkig efter noget andet, s\u00e5 k\u00f8b vores <a href=\"https:\/\/billige-koder.dk\/nb\/produkt\/gavekort-til-steam\/\" data-internallinksmanager029f6b8e52c=\"2\" title=\"Gavekort til Steam\">gavekort til Steam<\/a> og f\u00e5 tilgang til enda flere flotte spill.<\/p>","protected":false},"excerpt":{"rendered":"<p>K\u00f8b en cd-key til Geometry Dash Steam cd-key LATAM<\/p>","protected":false},"featured_media":22681,"comment_status":"closed","ping_status":"closed","template":"","meta":{"powered_cache_disable_cache":false,"powered_cache_disable_lazyload":false,"powered_cache_disable_css_optimization":false,"powered_cache_disable_js_optimization":false},"product_brand":[],"product_cat":[256],"product_tag":[40],"class_list":{"0":"post-22680","1":"product","2":"type-product","3":"status-publish","4":"has-post-thumbnail","6":"product_cat-cd-key","7":"product_tag-cd-key","9":"first","10":"instock","11":"taxable","12":"shipping-taxable","13":"product-type-external"},"yoast_head":"<!-- This site is optimized with the Yoast SEO plugin v27.6 - https:\/\/yoast.com\/product\/yoast-seo-wordpress\/ -->\n<title>Geometry Dash Steam cd-key LATAM - Billige-Koder.dk<\/title>\n<meta name=\"robots\" content=\"index, follow, max-snippet:-1, max-image-preview:large, max-video-preview:-1\" \/>\n<link rel=\"canonical\" href=\"https:\/\/billige-koder.dk\/nb\/produkt\/geometry-dash-steam-cd-key-latam\/\" \/>\n<meta property=\"og:locale\" content=\"nb_NO\" \/>\n<meta property=\"og:type\" content=\"article\" \/>\n<meta property=\"og:title\" content=\"Geometry Dash Steam cd-key LATAM - Billige-Koder.dk\" \/>\n<meta property=\"og:description\" content=\"K\u00f8b en cd-key til Geometry Dash Steam cd-key LATAM\" \/>\n<meta property=\"og:url\" content=\"https:\/\/billige-koder.dk\/nb\/produkt\/geometry-dash-steam-cd-key-latam\/\" \/>\n<meta property=\"og:site_name\" content=\"Billige-Koder.dk\" \/>\n<meta property=\"article:modified_time\" content=\"2024-08-19T11:57:59+00:00\" \/>\n<meta property=\"og:image\" content=\"https:\/\/billige-koder.dk\/wp-content\/uploads\/2024\/08\/Geometry-Dash-Steam-Key-LATAM-1.jpg\" \/>\n\t<meta property=\"og:image:width\" content=\"300\" \/>\n\t<meta property=\"og:image:height\" content=\"400\" \/>\n\t<meta property=\"og:image:type\" content=\"image\/jpeg\" \/>\n<meta name=\"twitter:card\" content=\"summary_large_image\" \/>\n<meta name=\"twitter:label1\" content=\"Ansl. lesetid\" \/>\n\t<meta name=\"twitter:data1\" content=\"2 minutter\" \/>\n<!-- \/ Yoast SEO plugin. -->","yoast_head_json":{"title":"Geometry Dash Steam cd-key LATAM - Billige-Koder.dk","robots":{"index":"index","follow":"follow","max-snippet":"max-snippet:-1","max-image-preview":"max-image-preview:large","max-video-preview":"max-video-preview:-1"},"canonical":"https:\/\/billige-koder.dk\/nb\/produkt\/geometry-dash-steam-cd-key-latam\/","og_locale":"nb_NO","og_type":"article","og_title":"Geometry Dash Steam cd-key LATAM - Billige-Koder.dk","og_description":"K\u00f8b en cd-key til Geometry Dash Steam cd-key LATAM","og_url":"https:\/\/billige-koder.dk\/nb\/produkt\/geometry-dash-steam-cd-key-latam\/","og_site_name":"Billige-Koder.dk","article_modified_time":"2024-08-19T11:57:59+00:00","og_image":[{"width":300,"height":400,"url":"https:\/\/billige-koder.dk\/wp-content\/uploads\/2024\/08\/Geometry-Dash-Steam-Key-LATAM-1.jpg","type":"image\/jpeg"}],"twitter_card":"summary_large_image","twitter_misc":{"Ansl. lesetid":"2 minutter"},"schema":{"@context":"https:\/\/schema.org","@graph":[]}},"_links":{"self":[{"href":"https:\/\/billige-koder.dk\/nb\/wp-json\/wp\/v2\/product\/22680","targetHints":{"allow":["GET"]}}],"collection":[{"href":"https:\/\/billige-koder.dk\/nb\/wp-json\/wp\/v2\/product"}],"about":[{"href":"https:\/\/billige-koder.dk\/nb\/wp-json\/wp\/v2\/types\/product"}],"replies":[{"embeddable":true,"href":"https:\/\/billige-koder.dk\/nb\/wp-json\/wp\/v2\/comments?post=22680"}],"wp:featuredmedia":[{"embeddable":true,"href":"https:\/\/billige-koder.dk\/nb\/wp-json\/wp\/v2\/media\/22681"}],"wp:attachment":[{"href":"https:\/\/billige-koder.dk\/nb\/wp-json\/wp\/v2\/media?parent=22680"}],"wp:term":[{"taxonomy":"product_brand","embeddable":true,"href":"https:\/\/billige-koder.dk\/nb\/wp-json\/wp\/v2\/product_brand?post=22680"},{"taxonomy":"product_cat","embeddable":true,"href":"https:\/\/billige-koder.dk\/nb\/wp-json\/wp\/v2\/product_cat?post=22680"},{"taxonomy":"product_tag","embeddable":true,"href":"https:\/\/billige-koder.dk\/nb\/wp-json\/wp\/v2\/product_tag?post=22680"}],"curies":[{"name":"wp","href":"https:\/\/api.w.org\/{rel}","templated":true}]}}