{"id":209,"date":"2017-07-30T05:07:36","date_gmt":"2017-07-30T03:07:36","guid":{"rendered":"http:\/\/billige-koder.dk\/?post_type=product&#038;p=209"},"modified":"2024-08-19T12:15:44","modified_gmt":"2024-08-19T10:15:44","slug":"fidget-spinner","status":"publish","type":"product","link":"https:\/\/billige-koder.dk\/nb\/produkt\/fidget-spinner\/","title":{"rendered":"Fidget spinner"},"content":{"rendered":"<p>Se ogs\u00e5 v\u00e5re vakre\u00a0<a href=\"https:\/\/billige-koder.dk\/nb\/produkt\/fidget-spinner-metall\/\">Metal Fidget Spinner<\/a>!<\/p>","protected":false},"excerpt":{"rendered":"<p>Kj\u00f8p en ny Fidget Spinner med keramisk kulelager gjennom oss. Kontakt leverand\u00f8ren for \u00e5 f\u00e5 svar p\u00e5 flere sp\u00f8rsm\u00e5l. Velg din fidget spinner ved \u00e5 klikke p\u00e5 &quot;Kj\u00f8p produkt&quot;.<\/p>","protected":false},"featured_media":210,"comment_status":"open","ping_status":"closed","template":"","meta":{"powered_cache_disable_cache":false,"powered_cache_disable_lazyload":false,"powered_cache_disable_css_optimization":false,"powered_cache_disable_js_optimization":false},"product_brand":[],"product_cat":[48],"product_tag":[49,39,50,42],"class_list":{"0":"post-209","1":"product","2":"type-product","3":"status-publish","4":"has-post-thumbnail","6":"product_cat-fidget-spinners","7":"product_tag-billige-gadgets","8":"product_tag-billige-koder","9":"product_tag-fidget-spinner","10":"product_tag-koeb","12":"first","13":"instock","14":"taxable","15":"shipping-taxable","16":"product-type-external"},"yoast_head":"<!-- This site is optimized with the Yoast SEO plugin v27.5 - https:\/\/yoast.com\/product\/yoast-seo-wordpress\/ -->\n<title>Fidget Spinner - Billige-Koder.dk - K\u00f8b gadgets, spil og meget mere her!<\/title>\n<meta name=\"description\" content=\"Velkommen til billige koder! K\u00f8b en ny\u00a0Fidget Spinner med keramisk kugleleje gennem os. V\u00e6lg din fidget spinner ved at klikke p\u00e5 &quot;K\u00f8b produkt&quot;.\" \/>\n<meta name=\"robots\" content=\"index, follow, max-snippet:-1, max-image-preview:large, max-video-preview:-1\" \/>\n<link rel=\"canonical\" href=\"https:\/\/billige-koder.dk\/nb\/produkt\/fidget-spinner\/\" \/>\n<meta property=\"og:locale\" content=\"nb_NO\" \/>\n<meta property=\"og:type\" content=\"article\" \/>\n<meta property=\"og:title\" content=\"Fidget Spinner - Billige-Koder.dk - K\u00f8b gadgets, spil og meget mere her!\" \/>\n<meta property=\"og:description\" content=\"Velkommen til billige koder! K\u00f8b en ny\u00a0Fidget Spinner med keramisk kugleleje gennem os. V\u00e6lg din fidget spinner ved at klikke p\u00e5 &quot;K\u00f8b produkt&quot;.\" \/>\n<meta property=\"og:url\" content=\"https:\/\/billige-koder.dk\/nb\/produkt\/fidget-spinner\/\" \/>\n<meta property=\"og:site_name\" content=\"Billige-Koder.dk\" \/>\n<meta property=\"article:modified_time\" content=\"2024-08-19T10:15:44+00:00\" \/>\n<meta property=\"og:image\" content=\"https:\/\/billige-koder.dk\/wp-content\/uploads\/2017\/07\/2017-07-30-05_04_46-Fidget-Spinner-med-keramiske-kuglelejer-k\u00f8b-den-hos-Coolstuff.png\" \/>\n\t<meta property=\"og:image:width\" content=\"463\" \/>\n\t<meta property=\"og:image:height\" content=\"349\" \/>\n\t<meta property=\"og:image:type\" content=\"image\/png\" \/>\n<meta name=\"twitter:card\" content=\"summary_large_image\" \/>\n<!-- \/ Yoast SEO plugin. -->","yoast_head_json":{"title":"Fidget Spinner - Billige-Koder.dk - Kj\u00f8p gadgets, spill og mye mer her!","description":"Velkommen til billige koder! Kj\u00f8p en ny Fidget Spinner med keramisk kulelager gjennom oss. Velg din fidget spinner ved \u00e5 klikke p\u00e5 &quot;Kj\u00f8p produkt&quot;.","robots":{"index":"index","follow":"follow","max-snippet":"max-snippet:-1","max-image-preview":"max-image-preview:large","max-video-preview":"max-video-preview:-1"},"canonical":"https:\/\/billige-koder.dk\/nb\/produkt\/fidget-spinner\/","og_locale":"nb_NO","og_type":"article","og_title":"Fidget Spinner - Billige-Koder.dk - K\u00f8b gadgets, spil og meget mere her!","og_description":"Velkommen til billige koder! K\u00f8b en ny\u00a0Fidget Spinner med keramisk kugleleje gennem os. V\u00e6lg din fidget spinner ved at klikke p\u00e5 \"K\u00f8b produkt\".","og_url":"https:\/\/billige-koder.dk\/nb\/produkt\/fidget-spinner\/","og_site_name":"Billige-Koder.dk","article_modified_time":"2024-08-19T10:15:44+00:00","og_image":[{"width":463,"height":349,"url":"https:\/\/billige-koder.dk\/wp-content\/uploads\/2017\/07\/2017-07-30-05_04_46-Fidget-Spinner-med-keramiske-kuglelejer-k\u00f8b-den-hos-Coolstuff.png","type":"image\/png"}],"twitter_card":"summary_large_image","schema":{"@context":"https:\/\/schema.org","@graph":[]}},"_links":{"self":[{"href":"https:\/\/billige-koder.dk\/nb\/wp-json\/wp\/v2\/product\/209","targetHints":{"allow":["GET"]}}],"collection":[{"href":"https:\/\/billige-koder.dk\/nb\/wp-json\/wp\/v2\/product"}],"about":[{"href":"https:\/\/billige-koder.dk\/nb\/wp-json\/wp\/v2\/types\/product"}],"replies":[{"embeddable":true,"href":"https:\/\/billige-koder.dk\/nb\/wp-json\/wp\/v2\/comments?post=209"}],"wp:featuredmedia":[{"embeddable":true,"href":"https:\/\/billige-koder.dk\/nb\/wp-json\/wp\/v2\/media\/210"}],"wp:attachment":[{"href":"https:\/\/billige-koder.dk\/nb\/wp-json\/wp\/v2\/media?parent=209"}],"wp:term":[{"taxonomy":"product_brand","embeddable":true,"href":"https:\/\/billige-koder.dk\/nb\/wp-json\/wp\/v2\/product_brand?post=209"},{"taxonomy":"product_cat","embeddable":true,"href":"https:\/\/billige-koder.dk\/nb\/wp-json\/wp\/v2\/product_cat?post=209"},{"taxonomy":"product_tag","embeddable":true,"href":"https:\/\/billige-koder.dk\/nb\/wp-json\/wp\/v2\/product_tag?post=209"}],"curies":[{"name":"wp","href":"https:\/\/api.w.org\/{rel}","templated":true}]}}