{"id":763,"date":"2018-12-01T14:55:42","date_gmt":"2018-12-01T13:55:42","guid":{"rendered":"http:\/\/billige-koder.dk\/?post_type=product&#038;p=763"},"modified":"2024-08-19T12:16:24","modified_gmt":"2024-08-19T10:16:24","slug":"red-dead-redemption-2-xbox-live-key-xbox-one","status":"publish","type":"product","link":"https:\/\/billige-koder.dk\/ja\/produkt\/\u30ec\u30c3\u30c9-\u30c7\u30c3\u30c9-\u30ea\u30c7\u30f3\u30d7\u30b7\u30e7\u30f3-2-xbox-\u30e9\u30a4\u30d6-\u30ad\u30fc-xbox-one\/","title":{"rendered":"\u30ec\u30c3\u30c9\u30fb\u30c7\u30c3\u30c9\u30fb\u30ea\u30c7\u30f3\u30d7\u30b7\u30e7\u30f3 2\u3001XBOX LIVE \u30ad\u30fc\u3001XBOX ONE"},"content":{"rendered":"<p>\u79c1\u305f\u3061\u306e\u30b3\u30e9\u30dc\u30ec\u30fc\u30b7\u30e7\u30f3\u306b\u3088\u308a\u3001\u30ec\u30c3\u30c9 \u30c7\u30c3\u30c9 \u30ea\u30c7\u30f3\u30d7\u30b7\u30e7\u30f3 2 Xbox Live \u304c\u5b89\u304f\u306a\u308a\u307e\u3059!\u4eca\u3059\u3050\u5b89\u4fa1\u306a CD \u30ad\u30fc\u3092\u8cfc\u5165\u3057\u3066\u304f\u3060\u3055\u3044\u3002<\/p>\n<p>12\u6708\u306e\u7279\u5178\u3092\u305c\u3072\u3054\u5229\u7528\u304f\u3060\u3055\u3044\u3002<\/p>\n<p>\u3054\u8cea\u554f\u304c\u3054\u3056\u3044\u307e\u3057\u305f\u3089\u3001\u304a\u6c17\u8efd\u306b\u304a\u554f\u3044\u5408\u308f\u305b\u304f\u3060\u3055\u3044\u3002<\/p>\n<p>\u3082\u4e00\u3064\u3042\u3052\u3066\u304f\u3060\u3055\u3044 <a href=\"https:\/\/billige-koder.dk\/ja\/produkt\/steam-\u7528\u30ae\u30d5\u30c8\u30ab\u30fc\u30c9\/\">Steam \u7528\u30ae\u30d5\u30c8\u30ab\u30fc\u30c9<\/a>\u3001battle.net \u307e\u305f\u306f\u305d\u306e\u4ed6\u306e\u30d7\u30e9\u30c3\u30c8\u30d5\u30a9\u30fc\u30e0\u3002<\/p>\n<p>\u30d1\u30fc\u30c8\u30ca\u30fc\u3068\u306e\u4fa1\u683c\u3092\u5fd8\u308c\u305a\u306b\u30e1\u30e2\u3057\u3066\u304f\u3060\u3055\u3044\u3002<\/p>","protected":false},"excerpt":{"rendered":"<p>\u3053\u3053\u3067\u30ec\u30c3\u30c9\u30fb\u30c7\u30c3\u30c9\u30fb\u30ea\u30c7\u30f3\u30d7\u30b7\u30e7\u30f3 2 \u306e CD \u30ad\u30fc\u3092\u5b89\u304f\u8cfc\u5165\u3067\u304d\u307e\u3059\u3002 GLOBAL \u30ad\u30fc\u3092\u4f7f\u7528\u3059\u308b\u3068\u3001\u3069\u3053\u3067\u3082\u6a5f\u80fd\u3057\u3001\u30b3\u30e9\u30dc\u30ec\u30fc\u30b7\u30e7\u30f3\u3092\u901a\u3058\u3066\u3055\u3089\u306b\u7bc0\u7d04\u3067\u304d\u307e\u3059\u3002<\/p>","protected":false},"featured_media":764,"comment_status":"open","ping_status":"closed","template":"","meta":{"powered_cache_disable_cache":false,"powered_cache_disable_lazyload":false,"powered_cache_disable_css_optimization":false,"powered_cache_disable_js_optimization":false},"product_brand":[],"product_cat":[6,89],"product_tag":[62],"class_list":{"0":"post-763","1":"product","2":"type-product","3":"status-publish","4":"has-post-thumbnail","6":"product_cat-spil","7":"product_cat-xbox-one","8":"product_tag-xbox","10":"first","11":"instock","12":"taxable","13":"shipping-taxable","14":"product-type-external"},"yoast_head":"<!-- This site is optimized with the Yoast SEO plugin v27.5 - https:\/\/yoast.com\/product\/yoast-seo-wordpress\/ -->\n<title>K\u00f8b Red Dead Redemption 2, XBOX LIVE Key, XBOX ONE - Billigt!<\/title>\n<meta name=\"description\" content=\"Vores samarbejde g\u00f8r Red Dead Redemption 2 Xbox Live billigt! K\u00f8b billig cd-key hos os i dag.Benyt dig af vores\u00a0december tilbud.\" \/>\n<meta name=\"robots\" content=\"index, follow, max-snippet:-1, max-image-preview:large, max-video-preview:-1\" \/>\n<link rel=\"canonical\" href=\"http:\/\/billige-koder.dk\/ja\/\u0645\u0646\u062a\u062c\/\u0631\u064a\u062f-\u062f\u064a\u062f-\u0631\u064a\u062f\u0645\u0628\u0634\u0646-2-\u0645\u0641\u062a\u0627\u062d-\u0625\u0643\u0633-\u0628\u0648\u0643\u0633-\u0644\u0627\u064a\u0641-\u0625\u0643\/\" \/>\n<meta property=\"og:locale\" content=\"ja_JP\" \/>\n<meta property=\"og:type\" content=\"article\" \/>\n<meta property=\"og:title\" content=\"K\u00f8b Red Dead Redemption 2, XBOX LIVE Key, XBOX ONE - Billigt!\" \/>\n<meta property=\"og:description\" content=\"Vores samarbejde g\u00f8r Red Dead Redemption 2 Xbox Live billigt! K\u00f8b billig cd-key hos os i dag.Benyt dig af vores\u00a0december tilbud.\" \/>\n<meta property=\"og:url\" content=\"http:\/\/billige-koder.dk\/ja\/\u0645\u0646\u062a\u062c\/\u0631\u064a\u062f-\u062f\u064a\u062f-\u0631\u064a\u062f\u0645\u0628\u0634\u0646-2-\u0645\u0641\u062a\u0627\u062d-\u0625\u0643\u0633-\u0628\u0648\u0643\u0633-\u0644\u0627\u064a\u0641-\u0625\u0643\/\" \/>\n<meta property=\"og:site_name\" content=\"Billige-Koder.dk\" \/>\n<meta property=\"article:modified_time\" content=\"2024-08-19T10:16:24+00:00\" \/>\n<meta property=\"og:image\" content=\"http:\/\/billige-koder.dk\/wp-content\/uploads\/2018\/12\/2018-12-01-14_52_31-Window.png\" \/>\n\t<meta property=\"og:image:width\" content=\"492\" \/>\n\t<meta property=\"og:image:height\" content=\"636\" \/>\n\t<meta property=\"og:image:type\" content=\"image\/png\" \/>\n<meta name=\"twitter:card\" content=\"summary_large_image\" \/>\n<!-- \/ Yoast SEO plugin. -->","yoast_head_json":{"title":"\u30ec\u30c3\u30c9\u30fb\u30c7\u30c3\u30c9\u30fb\u30ea\u30c7\u30f3\u30d7\u30b7\u30e7\u30f3 2\u3001XBOX LIVE \u30ad\u30fc\u3001XBOX ONE \u3092\u683c\u5b89\u3067\u8cfc\u5165\u3057\u307e\u3057\u3087\u3046\uff01","description":"\u79c1\u305f\u3061\u306e\u30b3\u30e9\u30dc\u30ec\u30fc\u30b7\u30e7\u30f3\u306b\u3088\u308a\u3001\u30ec\u30c3\u30c9 \u30c7\u30c3\u30c9 \u30ea\u30c7\u30f3\u30d7\u30b7\u30e7\u30f3 2 Xbox Live \u304c\u5b89\u304f\u306a\u308a\u307e\u3059! 12 \u6708\u306e\u30aa\u30d5\u30a1\u30fc\u3092\u6d3b\u7528\u3057\u3066\u3001\u4eca\u3059\u3050\u5b89\u4fa1\u306a CD \u30ad\u30fc\u3092\u8cfc\u5165\u3057\u3066\u304f\u3060\u3055\u3044\u3002","robots":{"index":"index","follow":"follow","max-snippet":"max-snippet:-1","max-image-preview":"max-image-preview:large","max-video-preview":"max-video-preview:-1"},"canonical":"http:\/\/billige-koder.dk\/ja\/\u0645\u0646\u062a\u062c\/\u0631\u064a\u062f-\u062f\u064a\u062f-\u0631\u064a\u062f\u0645\u0628\u0634\u0646-2-\u0645\u0641\u062a\u0627\u062d-\u0625\u0643\u0633-\u0628\u0648\u0643\u0633-\u0644\u0627\u064a\u0641-\u0625\u0643\/","og_locale":"ja_JP","og_type":"article","og_title":"K\u00f8b Red Dead Redemption 2, XBOX LIVE Key, XBOX ONE - Billigt!","og_description":"Vores samarbejde g\u00f8r Red Dead Redemption 2 Xbox Live billigt! K\u00f8b billig cd-key hos os i dag.Benyt dig af vores\u00a0december tilbud.","og_url":"http:\/\/billige-koder.dk\/ja\/\u0645\u0646\u062a\u062c\/\u0631\u064a\u062f-\u062f\u064a\u062f-\u0631\u064a\u062f\u0645\u0628\u0634\u0646-2-\u0645\u0641\u062a\u0627\u062d-\u0625\u0643\u0633-\u0628\u0648\u0643\u0633-\u0644\u0627\u064a\u0641-\u0625\u0643\/","og_site_name":"Billige-Koder.dk","article_modified_time":"2024-08-19T10:16:24+00:00","og_image":[{"width":492,"height":636,"url":"http:\/\/billige-koder.dk\/wp-content\/uploads\/2018\/12\/2018-12-01-14_52_31-Window.png","type":"image\/png"}],"twitter_card":"summary_large_image","schema":{"@context":"https:\/\/schema.org","@graph":[]}},"_links":{"self":[{"href":"https:\/\/billige-koder.dk\/ja\/wp-json\/wp\/v2\/product\/763","targetHints":{"allow":["GET"]}}],"collection":[{"href":"https:\/\/billige-koder.dk\/ja\/wp-json\/wp\/v2\/product"}],"about":[{"href":"https:\/\/billige-koder.dk\/ja\/wp-json\/wp\/v2\/types\/product"}],"replies":[{"embeddable":true,"href":"https:\/\/billige-koder.dk\/ja\/wp-json\/wp\/v2\/comments?post=763"}],"wp:featuredmedia":[{"embeddable":true,"href":"https:\/\/billige-koder.dk\/ja\/wp-json\/wp\/v2\/media\/764"}],"wp:attachment":[{"href":"https:\/\/billige-koder.dk\/ja\/wp-json\/wp\/v2\/media?parent=763"}],"wp:term":[{"taxonomy":"product_brand","embeddable":true,"href":"https:\/\/billige-koder.dk\/ja\/wp-json\/wp\/v2\/product_brand?post=763"},{"taxonomy":"product_cat","embeddable":true,"href":"https:\/\/billige-koder.dk\/ja\/wp-json\/wp\/v2\/product_cat?post=763"},{"taxonomy":"product_tag","embeddable":true,"href":"https:\/\/billige-koder.dk\/ja\/wp-json\/wp\/v2\/product_tag?post=763"}],"curies":[{"name":"wp","href":"https:\/\/api.w.org\/{rel}","templated":true}]}}