{"id":502,"date":"2018-02-17T13:05:59","date_gmt":"2018-02-17T12:05:59","guid":{"rendered":"http:\/\/billige-koder.dk\/?post_type=product&#038;p=502"},"modified":"2024-08-19T12:16:15","modified_gmt":"2024-08-19T10:16:15","slug":"rocket-league-cd-key-spilkode-free-pris","status":"publish","type":"product","link":"https:\/\/billige-koder.dk\/ja\/produkt\/\u30ed\u30b1\u30c3\u30c8\u30ea\u30fc\u30b0-cd-\u30ad\u30fc\u30b2\u30fc\u30e0\u30b3\u30fc\u30c9\u7121\u6599\u4fa1\u683c\/","title":{"rendered":"\u30ed\u30b1\u30c3\u30c8 \u30ea\u30fc\u30b0 - CD \u30ad\u30fc"},"content":{"rendered":"<p>Rocket League \u306e\u65b0\u3057\u3044 CD \u30ad\u30fc\u3092\u5f53\u793e\u304b\u3089\u5b89\u304f\u8cfc\u5165\u3057\u3066\u304f\u3060\u3055\u3044\u3002\u3059\u3079\u3066\u306e\u30b2\u30fc\u30e0\u306e\u4fa1\u683c\u304c\u975e\u5e38\u306b\u5b89\u3044\u3053\u3068\u306b\u6ce8\u610f\u3057\u3066\u304f\u3060\u3055\u3044\u3002<\/p>\n<p>\u30d7\u30ec\u30a4\u3067\u304d\u308b\u30b2\u30fc\u30e0\u304c\u305f\u304f\u3055\u3093\u3042\u308a\u307e\u3059 <a href=\"https:\/\/billige-koder.dk\/ja\/produkt-tag\/steam\/\">\u30b9\u30c1\u30fc\u30e0<\/a>!<\/p>","protected":false},"excerpt":{"rendered":"<p>\u3053\u3053\u3067Steam\u7248\u30ed\u30b1\u30c3\u30c8\u30ea\u30fc\u30b0\u3092\u5b89\u304f\u8cfc\u5165\u3057\u3066\u304f\u3060\u3055\u3044\u3002 Rocket League \u3067\u6ce8\u6587\u3059\u308b\u3068\u3001\u30b5\u30d7\u30e9\u30a4\u30e4\u30fc\u3092\u901a\u3058\u3066\u77ed\u6642\u9593\u3067\u30b3\u30fc\u30c9\u304c\u5c4a\u304d\u307e\u3059\u3002<\/p>","protected":false},"featured_media":0,"comment_status":"open","ping_status":"closed","template":"","meta":{"powered_cache_disable_cache":false,"powered_cache_disable_lazyload":false,"powered_cache_disable_css_optimization":false,"powered_cache_disable_js_optimization":false},"product_brand":[],"product_cat":[44,6],"product_tag":[40,42,45],"class_list":{"0":"post-502","1":"product","2":"type-product","3":"status-publish","5":"product_cat-pc","6":"product_cat-spil","7":"product_tag-cd-key","8":"product_tag-koeb","9":"product_tag-steam","11":"first","12":"instock","13":"taxable","14":"shipping-taxable","15":"product-type-external"},"yoast_head":"<!-- This site is optimized with the Yoast SEO plugin v27.5 - https:\/\/yoast.com\/product\/yoast-seo-wordpress\/ -->\n<title>Rocket League - cd-key - se pris - Billige-Koder.dk<\/title>\n<meta name=\"description\" content=\"K\u00f8b Rocket League billigt til Steam her. Du f\u00e5r koden p\u00e5 mail efter du har foretaget din bestilling. Dette med GRATIS og HURTIG levering, da det er mail. Klik her for at se prisen p\u00e5 spillet, eller se vores udvalg p\u00e5 Origin, Steam, Uplay og andre platforme!\" \/>\n<meta name=\"robots\" content=\"index, follow, max-snippet:-1, max-image-preview:large, max-video-preview:-1\" \/>\n<link rel=\"canonical\" href=\"http:\/\/billige-koder.dk\/ja\/producto\/codigo-del-juego-rocket-league-cd-key-precio-gratuito\/\" \/>\n<meta property=\"og:locale\" content=\"ja_JP\" \/>\n<meta property=\"og:type\" content=\"article\" \/>\n<meta property=\"og:title\" content=\"Rocket League - cd-key - se pris - Billige-Koder.dk\" \/>\n<meta property=\"og:description\" content=\"K\u00f8b Rocket League billigt til Steam her. Du f\u00e5r koden p\u00e5 mail efter du har foretaget din bestilling. Dette med GRATIS og HURTIG levering, da det er mail. Klik her for at se prisen p\u00e5 spillet, eller se vores udvalg p\u00e5 Origin, Steam, Uplay og andre platforme!\" \/>\n<meta property=\"og:url\" content=\"http:\/\/billige-koder.dk\/ja\/producto\/codigo-del-juego-rocket-league-cd-key-precio-gratuito\/\" \/>\n<meta property=\"og:site_name\" content=\"Billige-Koder.dk\" \/>\n<meta property=\"article:modified_time\" content=\"2024-08-19T10:16:15+00:00\" \/>\n<meta name=\"twitter:card\" content=\"summary_large_image\" \/>\n<!-- \/ Yoast SEO plugin. -->","yoast_head_json":{"title":"Rocket League - CD \u30ad\u30fc - \u4fa1\u683c\u3092\u53c2\u7167 - Billige-Koder.dk","description":"\u3053\u3053\u3067 Steam \u7528\u306e Rocket League \u3092\u5b89\u304f\u8cfc\u5165\u3057\u3066\u304f\u3060\u3055\u3044\u3002\u3054\u6ce8\u6587\u5f8c\u306b\u30b3\u30fc\u30c9\u3092\u30e1\u30fc\u30eb\u3067\u304a\u77e5\u3089\u305b\u3057\u307e\u3059\u3002\u30e1\u30fc\u30eb\u4fbf\u306a\u306e\u3067\u7121\u6599\u304b\u3064\u8fc5\u901f\u306b\u304a\u5c4a\u3051\u3057\u307e\u3059\u3002\u3053\u3053\u3092\u30af\u30ea\u30c3\u30af\u3057\u3066\u30b2\u30fc\u30e0\u306e\u4fa1\u683c\u3092\u78ba\u8a8d\u3059\u308b\u304b\u3001Origin\u3001Steam\u3001Uplay\u3001\u305d\u306e\u4ed6\u306e\u30d7\u30e9\u30c3\u30c8\u30d5\u30a9\u30fc\u30e0\u3067\u306e\u9078\u629e\u3092\u78ba\u8a8d\u3057\u3066\u304f\u3060\u3055\u3044\u3002","robots":{"index":"index","follow":"follow","max-snippet":"max-snippet:-1","max-image-preview":"max-image-preview:large","max-video-preview":"max-video-preview:-1"},"canonical":"http:\/\/billige-koder.dk\/ja\/producto\/codigo-del-juego-rocket-league-cd-key-precio-gratuito\/","og_locale":"ja_JP","og_type":"article","og_title":"Rocket League - cd-key - se pris - Billige-Koder.dk","og_description":"K\u00f8b Rocket League billigt til Steam her. Du f\u00e5r koden p\u00e5 mail efter du har foretaget din bestilling. Dette med GRATIS og HURTIG levering, da det er mail. Klik her for at se prisen p\u00e5 spillet, eller se vores udvalg p\u00e5 Origin, Steam, Uplay og andre platforme!","og_url":"http:\/\/billige-koder.dk\/ja\/producto\/codigo-del-juego-rocket-league-cd-key-precio-gratuito\/","og_site_name":"Billige-Koder.dk","article_modified_time":"2024-08-19T10:16:15+00:00","twitter_card":"summary_large_image","schema":{"@context":"https:\/\/schema.org","@graph":[]}},"_links":{"self":[{"href":"https:\/\/billige-koder.dk\/ja\/wp-json\/wp\/v2\/product\/502","targetHints":{"allow":["GET"]}}],"collection":[{"href":"https:\/\/billige-koder.dk\/ja\/wp-json\/wp\/v2\/product"}],"about":[{"href":"https:\/\/billige-koder.dk\/ja\/wp-json\/wp\/v2\/types\/product"}],"replies":[{"embeddable":true,"href":"https:\/\/billige-koder.dk\/ja\/wp-json\/wp\/v2\/comments?post=502"}],"wp:attachment":[{"href":"https:\/\/billige-koder.dk\/ja\/wp-json\/wp\/v2\/media?parent=502"}],"wp:term":[{"taxonomy":"product_brand","embeddable":true,"href":"https:\/\/billige-koder.dk\/ja\/wp-json\/wp\/v2\/product_brand?post=502"},{"taxonomy":"product_cat","embeddable":true,"href":"https:\/\/billige-koder.dk\/ja\/wp-json\/wp\/v2\/product_cat?post=502"},{"taxonomy":"product_tag","embeddable":true,"href":"https:\/\/billige-koder.dk\/ja\/wp-json\/wp\/v2\/product_tag?post=502"}],"curies":[{"name":"wp","href":"https:\/\/api.w.org\/{rel}","templated":true}]}}