{"id":219,"date":"2017-08-02T02:36:23","date_gmt":"2017-08-02T00:36:23","guid":{"rendered":"http:\/\/billige-koder.dk\/?post_type=product&#038;p=219"},"modified":"2024-08-19T12:15:45","modified_gmt":"2024-08-19T10:15:45","slug":"haandspinner","status":"publish","type":"product","link":"https:\/\/billige-koder.dk\/ja\/produkt\/\u30cf\u30f3\u30c9\u30b9\u30d4\u30ca\u30fc\/","title":{"rendered":"\u30cf\u30f3\u30c9\u30b9\u30d4\u30ca\u30fc"},"content":{"rendered":"<h2>\u30cf\u30f3\u30c9\u30b9\u30d4\u30ca\u30fc\u3092\u4f53\u9a13\u3057\u3066\u304f\u3060\u3055\u3044 \u2013 \u697d\u3057\u304f\u3066\u3084\u308a\u304c\u3044\u306e\u3042\u308b\u30b2\u30fc\u30e0<\/h2>\n<p>Hand Spinner \u306f\u3001\u305d\u308f\u305d\u308f\u3068\u5275\u9020\u6027\u306e\u4e16\u754c\u306b\u98db\u3073\u8fbc\u3080\u3053\u3068\u304c\u3067\u304d\u308b\u3001\u30e6\u30cb\u30fc\u30af\u3067\u697d\u3057\u3044\u30b2\u30fc\u30e0\u3067\u3059\u3002\u3053\u306e\u30b2\u30fc\u30e0\u3067\u306f\u3001\u3055\u307e\u3056\u307e\u306a\u30ec\u30d9\u30eb\u3084\u8ab2\u984c\u3092\u63a2\u7d22\u3057\u306a\u304c\u3089\u3001\u72ec\u81ea\u306e\u30cf\u30f3\u30c9 \u30b9\u30d4\u30ca\u30fc\u3092\u8a2d\u8a08\u3057\u3066\u5236\u5fa1\u3059\u308b\u6a5f\u4f1a\u304c\u5f97\u3089\u308c\u307e\u3059\u3002\u3053\u306e\u30b2\u30fc\u30e0\u306f\u6226\u7565\u3068\u6b63\u78ba\u3055\u306e\u8981\u7d20\u3092\u7d44\u307f\u5408\u308f\u305b\u3066\u304a\u308a\u3001\u30ab\u30b8\u30e5\u30a2\u30eb\u306a\u30d7\u30ec\u30a4\u30e4\u30fc\u3068\u3088\u308a\u6df1\u3044\u7d4c\u9a13\u3092\u6c42\u3081\u308b\u30d7\u30ec\u30a4\u30e4\u30fc\u306e\u4e21\u65b9\u306b\u3068\u3063\u3066\u697d\u3057\u3044\u3082\u306e\u3068\u306a\u3063\u3066\u3044\u307e\u3059\u3002<\/p>\n<p>Hand Spinner \u3067\u306f\u3001\u3055\u307e\u3056\u307e\u306a\u30b2\u30fc\u30e0 \u30bf\u30a4\u30d7\u304b\u3089\u9078\u629e\u3057\u3066\u3001\u30a8\u30af\u30b9\u30da\u30ea\u30a8\u30f3\u30b9\u3092\u30ab\u30b9\u30bf\u30de\u30a4\u30ba\u3059\u308b\u6a5f\u4f1a\u304c\u5f97\u3089\u308c\u307e\u3059\u3002\u4e00\u4eba\u3067\u30d7\u30ec\u30a4\u3057\u3066\u30b9\u30ad\u30eb\u306e\u5411\u4e0a\u306b\u96c6\u4e2d\u3059\u308b\u3053\u3068\u3082\u3001\u30aa\u30f3\u30e9\u30a4\u30f3\u3067\u53cb\u9054\u3068\u4e00\u7dd2\u306b\u6311\u6226\u3059\u308b\u3053\u3068\u3082\u3067\u304d\u307e\u3059\u3002\u30de\u30eb\u30c1\u30d7\u30ec\u30a4\u30e4\u30fc\u6a5f\u80fd\u3092\u4f7f\u7528\u3059\u308b\u3068\u3001\u4ed6\u306e\u30d7\u30ec\u30a4\u30e4\u30fc\u3068\u7af6\u4e89\u3059\u308b\u3053\u3068\u304c\u3067\u304d\u3001\u30b2\u30fc\u30e0\u306b\u3055\u3089\u306a\u308b\u8208\u596e\u3068\u7af6\u4e89\u304c\u52a0\u308f\u308a\u307e\u3059\u3002\u521d\u5fc3\u8005\u3067\u3082\u7d4c\u9a13\u8c4a\u5bcc\u306a\u30d7\u30ec\u30a4\u30e4\u30fc\u3067\u3082\u3001\u30cf\u30f3\u30c9 \u30b9\u30d4\u30ca\u30fc\u306f\u305a\u3063\u3068\u5922\u4e2d\u306b\u306a\u3063\u3066\u697d\u3057\u3093\u3067\u3044\u305f\u3060\u3051\u307e\u3059\u3002<\/p>\n<p>\u30b2\u30fc\u30e0\u306e\u30b0\u30e9\u30d5\u30a3\u30c3\u30af\u306f\u30ab\u30e9\u30d5\u30eb\u3067\u9b45\u529b\u7684\u3067\u3001\u8996\u899a\u7684\u306a\u697d\u3057\u307f\u3092\u4e0e\u3048\u3066\u304f\u308c\u307e\u3059\u3002\u30cf\u30f3\u30c9 \u30b9\u30d4\u30ca\u30fc\u306b\u306f\u3055\u307e\u3056\u307e\u306a\u30ab\u30b9\u30bf\u30de\u30a4\u30ba \u30aa\u30d7\u30b7\u30e7\u30f3\u3082\u7528\u610f\u3055\u308c\u3066\u3044\u308b\u305f\u3081\u3001\u81ea\u5206\u306e\u30b9\u30bf\u30a4\u30eb\u306b\u5408\u3063\u305f\u30cf\u30f3\u30c9 \u30b9\u30d4\u30ca\u30fc\u3092\u4f5c\u6210\u3067\u304d\u307e\u3059\u3002\u3055\u307e\u3056\u307e\u306a\u8272\u3001\u30d1\u30bf\u30fc\u30f3\u3001\u52b9\u679c\u3092\u9078\u629e\u3057\u3066\u3001\u305d\u308c\u305e\u308c\u306e\u30b9\u30d4\u30ca\u30fc\u3092\u30e6\u30cb\u30fc\u30af\u306b\u3059\u308b\u3053\u3068\u304c\u3067\u304d\u307e\u3059\u3002\u3053\u306e\u30ab\u30b9\u30bf\u30de\u30a4\u30ba\u8981\u7d20\u306b\u3088\u308a\u3001\u81ea\u5206\u306e\u4f5c\u54c1\u3092\u53cb\u9054\u3084\u4ed6\u306e\u30d7\u30ec\u30a4\u30e4\u30fc\u306b\u898b\u305b\u3073\u3089\u304b\u3059\u3053\u3068\u304c\u3067\u304d\u308b\u305f\u3081\u3001\u30b2\u30fc\u30e0\u306b\u697d\u3057\u3044\u5074\u9762\u304c\u8ffd\u52a0\u3055\u308c\u307e\u3059\u3002<\/p>\n<p>\u30cf\u30f3\u30c9 \u30b9\u30d4\u30ca\u30fc\u3092\u30d7\u30ec\u30a4\u3059\u308b\u969b\u3001\u30d1\u30d5\u30a9\u30fc\u30de\u30f3\u30b9\u3092\u5411\u4e0a\u3055\u305b\u308b\u305f\u3081\u306b\u4f7f\u7528\u3067\u304d\u308b\u30d2\u30f3\u30c8\u3084\u30b3\u30c4\u304c\u3044\u304f\u3064\u304b\u3042\u308a\u307e\u3059\u3002\u305f\u3068\u3048\u3070\u3001\u3055\u307e\u3056\u307e\u306a\u30b9\u30d4\u30ca\u30fc\u306e\u30c7\u30b6\u30a4\u30f3\u3092\u8a66\u3057\u3066\u3001\u81ea\u5206\u306e\u30d7\u30ec\u30a4 \u30b9\u30bf\u30a4\u30eb\u306b\u6700\u3082\u9069\u3057\u305f\u3082\u306e\u3092\u898b\u3064\u3051\u308b\u3053\u3068\u304c\u3067\u304d\u307e\u3059\u3002\u3055\u3089\u306b\u3001\u30b2\u30fc\u30e0\u304c\u63d0\u4f9b\u3059\u308b\u3055\u307e\u3056\u307e\u306a\u30c8\u30ea\u30c3\u30af\u3084\u52d5\u304d\u3092\u30de\u30b9\u30bf\u30fc\u3059\u308b\u7df4\u7fd2\u3082\u3067\u304d\u307e\u3059\u3002\u3053\u308c\u3089\u306e\u30b3\u30c4\u3092\u5b66\u3076\u3068\u3001\u30b9\u30b3\u30a2\u304c\u5411\u4e0a\u3059\u308b\u3060\u3051\u3067\u306a\u304f\u3001\u30b2\u30fc\u30e0\u304c\u3088\u308a\u697d\u3057\u304f\u306a\u308a\u307e\u3059\u3002<\/p>\n<p>\u30cf\u30f3\u30c9\u30b9\u30d4\u30ca\u30fc\u306f\u5358\u306a\u308b\u30b2\u30fc\u30e0\u3067\u306f\u3042\u308a\u307e\u305b\u3093\u3002\u53cb\u9054\u3092\u96c6\u3081\u3066\u697d\u3057\u3044\u601d\u3044\u51fa\u3092\u4f5c\u308b\u3053\u3068\u304c\u3067\u304d\u308b\u4f53\u9a13\u3067\u3059\u3002\u30ea\u30e9\u30c3\u30af\u30b9\u3059\u308b\u305f\u3081\u306b\u30d7\u30ec\u30a4\u3059\u308b\u5834\u5408\u3067\u3082\u3001\u7af6\u4e89\u3059\u308b\u305f\u3081\u306b\u30d7\u30ec\u30a4\u3059\u308b\u5834\u5408\u3067\u3082\u3001\u30cf\u30f3\u30c9 \u30b9\u30d4\u30ca\u30fc\u306f\u6311\u6226\u3068\u30a8\u30f3\u30bf\u30fc\u30c6\u30a4\u30e1\u30f3\u30c8\u306e\u5b8c\u74a7\u306a\u30d0\u30e9\u30f3\u30b9\u3092\u63d0\u4f9b\u3059\u308b\u3053\u3068\u304c\u308f\u304b\u308a\u307e\u3059\u3002 <\/p>\n<p>\u30b2\u30fc\u30e0\u3092\u6b21\u306e\u30ec\u30d9\u30eb\u306b\u5f15\u304d\u4e0a\u3052\u308b\u6e96\u5099\u304c\u3067\u304d\u3066\u3044\u308b\u5834\u5408\u306f\u3001Handspinner \u7528\u306e CD \u30ad\u30fc\u3078\u306e\u6295\u8cc7\u3092\u691c\u8a0e\u3057\u3066\u304f\u3060\u3055\u3044\u3002\u683c\u5b89\u30b3\u30fc\u30c9\u3092\u4f7f\u7528\u3059\u308b\u3068\u3001\u3053\u306e\u7d20\u6674\u3089\u3057\u3044\u30b2\u30fc\u30e0\u306b\u30a2\u30af\u30bb\u30b9\u3057\u3001\u305d\u306e\u591a\u304f\u306e\u53ef\u80fd\u6027\u3092\u63a2\u7d22\u3057\u59cb\u3081\u308b\u3053\u3068\u304c\u3067\u304d\u307e\u3059\u3002 <\/p>\n<p>\u4ed6\u306b\u4f55\u304b\u3092\u304a\u63a2\u3057\u3067\u3059\u304b?\u3060\u304b\u3089\u79c1\u305f\u3061\u306e\u3082\u306e\u3092\u8cb7\u3063\u3066\u304f\u3060\u3055\u3044 <a href=\"https:\/\/billige-koder.dk\/ja\/produkt\/steam-\u7528\u30ae\u30d5\u30c8\u30ab\u30fc\u30c9\/\" data-internallinksmanager029f6b8e52c=\"2\" title=\"Steam \u7528\u30ae\u30d5\u30c8\u30ab\u30fc\u30c9\">Steam \u7528\u30ae\u30d5\u30c8\u30ab\u30fc\u30c9<\/a> \u305f\u304f\u3055\u3093\u306e\u30b2\u30fc\u30e0\u3084\u30b3\u30f3\u30c6\u30f3\u30c4\u306b\u30a2\u30af\u30bb\u30b9\u3057\u307e\u3057\u3087\u3046!<\/p>","protected":false},"excerpt":{"rendered":"<p>\u65b0\u3057\u3044\u30cf\u30f3\u30c9\u30b9\u30d4\u30ca\u30fc\u3092\u4eca\u3059\u3050\u8cfc\u5165\u3057\u3066\u304f\u3060\u3055\u3044\u3002\u5f53\u793e\u306f\u30d1\u30fc\u30c8\u30ca\u30fc\u3092\u901a\u3058\u3066\u5e45\u5e83\u3044\u30cf\u30f3\u30c9\u30b9\u30d4\u30ca\u30fc\u3092\u63d0\u4f9b\u3057\u3066\u3044\u307e\u3059\u3002\u30dc\u30bf\u30f3\u304b\u3089\u4fa1\u683c\u3092\u3054\u78ba\u8a8d\u304f\u3060\u3055\u3044\u3002<\/p>","protected":false},"featured_media":220,"comment_status":"closed","ping_status":"closed","template":"","meta":{"powered_cache_disable_cache":false,"powered_cache_disable_lazyload":false,"powered_cache_disable_css_optimization":false,"powered_cache_disable_js_optimization":false},"product_brand":[],"product_cat":[48,47],"product_tag":[49,52,50,51,42],"class_list":{"0":"post-219","1":"product","2":"type-product","3":"status-publish","4":"has-post-thumbnail","6":"product_cat-fidget-spinners","7":"product_cat-gadgets","8":"product_tag-billige-gadgets","9":"product_tag-f","10":"product_tag-fidget-spinner","11":"product_tag-haandspinner","12":"product_tag-koeb","14":"first","15":"instock","16":"taxable","17":"shipping-taxable","18":"product-type-external"},"yoast_head":"<!-- This site is optimized with the Yoast SEO plugin v27.5 - https:\/\/yoast.com\/product\/yoast-seo-wordpress\/ -->\n<title>H\u00e5ndspinner - Billige-Koder.dk - det nye inden for stressrelief!<\/title>\n<meta name=\"description\" content=\"K\u00f8b din nye h\u00e5ndspinner gennem billige koder i dag. Her har vi et stort udvalg, hvor priserne er til den gode side, hvis man vil spare penge!\" \/>\n<meta name=\"robots\" content=\"index, follow, max-snippet:-1, max-image-preview:large, max-video-preview:-1\" \/>\n<link rel=\"canonical\" href=\"https:\/\/billige-koder.dk\/ja\/produkt\/hand-spinner\/\" \/>\n<meta property=\"og:locale\" content=\"ja_JP\" \/>\n<meta property=\"og:type\" content=\"article\" \/>\n<meta property=\"og:title\" content=\"H\u00e5ndspinner - Billige-Koder.dk - det nye inden for stressrelief!\" \/>\n<meta property=\"og:description\" content=\"K\u00f8b din nye h\u00e5ndspinner gennem billige koder i dag. Her har vi et stort udvalg, hvor priserne er til den gode side, hvis man vil spare penge!\" \/>\n<meta property=\"og:url\" content=\"https:\/\/billige-koder.dk\/ja\/produkt\/hand-spinner\/\" \/>\n<meta property=\"og:site_name\" content=\"Billige-Koder.dk\" \/>\n<meta property=\"article:modified_time\" content=\"2024-08-19T10:15:45+00:00\" \/>\n<meta property=\"og:image\" content=\"https:\/\/billige-koder.dk\/wp-content\/uploads\/2017\/08\/2017-08-02-02_37_01-Billig-H\u00e5ndspinnere-Online-_-H\u00e5ndspinnere-for-2017.png\" \/>\n\t<meta property=\"og:image:width\" content=\"499\" \/>\n\t<meta property=\"og:image:height\" content=\"690\" \/>\n\t<meta property=\"og:image:type\" content=\"image\/png\" \/>\n<meta name=\"twitter:card\" content=\"summary_large_image\" \/>\n<meta name=\"twitter:label1\" content=\"\u63a8\u5b9a\u8aad\u307f\u53d6\u308a\u6642\u9593\" \/>\n\t<meta name=\"twitter:data1\" content=\"2\u5206\" \/>\n<!-- \/ Yoast SEO plugin. -->","yoast_head_json":{"title":"\u30cf\u30f3\u30c9\u30b9\u30d4\u30ca\u30fc - Billige-Koder.dk - \u30b9\u30c8\u30ec\u30b9\u89e3\u6d88\u306e\u65b0\u88fd\u54c1\uff01","description":"\u4eca\u3059\u3050\u5b89\u3044\u30b3\u30fc\u30c9\u3067\u65b0\u3057\u3044\u30cf\u30f3\u30c9 \u30b9\u30d4\u30ca\u30fc\u3092\u8cfc\u5165\u3057\u3066\u304f\u3060\u3055\u3044\u3002\u3053\u3053\u3067\u306f\u3001\u304a\u91d1\u3092\u7bc0\u7d04\u3057\u305f\u3044\u5834\u5408\u306b\u3001\u4fa1\u683c\u304c\u826f\u3044\u5074\u306b\u3042\u308b\u5e45\u5e83\u3044\u9078\u629e\u80a2\u3092\u3054\u7528\u610f\u3057\u3066\u3044\u307e\u3059\u3002","robots":{"index":"index","follow":"follow","max-snippet":"max-snippet:-1","max-image-preview":"max-image-preview:large","max-video-preview":"max-video-preview:-1"},"canonical":"https:\/\/billige-koder.dk\/ja\/produkt\/hand-spinner\/","og_locale":"ja_JP","og_type":"article","og_title":"H\u00e5ndspinner - Billige-Koder.dk - det nye inden for stressrelief!","og_description":"K\u00f8b din nye h\u00e5ndspinner gennem billige koder i dag. Her har vi et stort udvalg, hvor priserne er til den gode side, hvis man vil spare penge!","og_url":"https:\/\/billige-koder.dk\/ja\/produkt\/hand-spinner\/","og_site_name":"Billige-Koder.dk","article_modified_time":"2024-08-19T10:15:45+00:00","og_image":[{"width":499,"height":690,"url":"https:\/\/billige-koder.dk\/wp-content\/uploads\/2017\/08\/2017-08-02-02_37_01-Billig-H\u00e5ndspinnere-Online-_-H\u00e5ndspinnere-for-2017.png","type":"image\/png"}],"twitter_card":"summary_large_image","twitter_misc":{"\u63a8\u5b9a\u8aad\u307f\u53d6\u308a\u6642\u9593":"2\u5206"},"schema":{"@context":"https:\/\/schema.org","@graph":[]}},"_links":{"self":[{"href":"https:\/\/billige-koder.dk\/ja\/wp-json\/wp\/v2\/product\/219","targetHints":{"allow":["GET"]}}],"collection":[{"href":"https:\/\/billige-koder.dk\/ja\/wp-json\/wp\/v2\/product"}],"about":[{"href":"https:\/\/billige-koder.dk\/ja\/wp-json\/wp\/v2\/types\/product"}],"replies":[{"embeddable":true,"href":"https:\/\/billige-koder.dk\/ja\/wp-json\/wp\/v2\/comments?post=219"}],"wp:featuredmedia":[{"embeddable":true,"href":"https:\/\/billige-koder.dk\/ja\/wp-json\/wp\/v2\/media\/220"}],"wp:attachment":[{"href":"https:\/\/billige-koder.dk\/ja\/wp-json\/wp\/v2\/media?parent=219"}],"wp:term":[{"taxonomy":"product_brand","embeddable":true,"href":"https:\/\/billige-koder.dk\/ja\/wp-json\/wp\/v2\/product_brand?post=219"},{"taxonomy":"product_cat","embeddable":true,"href":"https:\/\/billige-koder.dk\/ja\/wp-json\/wp\/v2\/product_cat?post=219"},{"taxonomy":"product_tag","embeddable":true,"href":"https:\/\/billige-koder.dk\/ja\/wp-json\/wp\/v2\/product_tag?post=219"}],"curies":[{"name":"wp","href":"https:\/\/api.w.org\/{rel}","templated":true}]}}