{"id":778,"date":"2019-03-06T14:02:51","date_gmt":"2019-03-06T13:02:51","guid":{"rendered":"http:\/\/billige-koder.dk\/?page_id=778"},"modified":"2023-10-29T18:25:05","modified_gmt":"2023-10-29T17:25:05","slug":"om","status":"publish","type":"page","link":"https:\/\/billige-koder.dk\/ja\/\u75db\u307f\/","title":{"rendered":"\u75db\u307f"},"content":{"rendered":"<p>\u3053\u306e\u6982\u8981\u30da\u30fc\u30b8\u306b\u306f\u3001\u5f53\u793e\u306e\u30eb\u30fc\u30eb\u3068\u53d6\u5f15\u6761\u4ef6\u3078\u306e\u30ea\u30f3\u30af\u304c\u3042\u308a\u307e\u3059\u3002<\/p>\n\n\n\n<p>G2A \u306a\u3069\u306e\u30b5\u30fc\u30c9\u30d1\u30fc\u30c6\u30a3\u304b\u3089\u8cfc\u5165\u3059\u308b\u5834\u5408\u306f\u3001\u305d\u306e\u5229\u7528\u898f\u7d04\u304c\u9069\u7528\u3055\u308c\u307e\u3059\u3002<\/p>\n\n\n\n<p>Billige Koder \u3067\u306f\u3001\u30a6\u30a7\u30d6\u30b7\u30e7\u30c3\u30d7\u7d4c\u7531\u3067\u7269\u7406\u7684\u306a\u5546\u54c1\u3092\u6ce8\u6587\u3057\u3066\u304b\u3089 14 \u65e5\u9593\u306f\u30ad\u30e3\u30f3\u30bb\u30eb\u3059\u308b\u6a29\u5229\u304c\u3042\u308a\u307e\u3059\u3002\u3057\u305f\u304c\u3063\u3066\u3001\u3042\u306a\u305f\u306f\u64a4\u56de\u306e\u6a29\u5229\u306b\u95a2\u3057\u3066\u5e38\u306b\u4fdd\u8b77\u3055\u308c\u3066\u3044\u307e\u3059\u3002<\/p>\n\n\n\n<p>\u6ce8\u6587\u5546\u54c1\u306e\u5834\u5408\u306f\u3001\u8cfc\u8cb7\u6cd5\u306b\u57fa\u3065\u304f\u4ed6\u306e\u30eb\u30fc\u30eb\u304c\u9069\u7528\u3055\u308c\u307e\u3059\u3002<\/p>","protected":false},"excerpt":{"rendered":"<p>\u3053\u306e\u6982\u8981\u30da\u30fc\u30b8\u306b\u306f\u3001\u5f53\u793e\u306e\u30eb\u30fc\u30eb\u3068\u53d6\u5f15\u6761\u4ef6\u3078\u306e\u30ea\u30f3\u30af\u304c\u3042\u308a\u307e\u3059\u3002 G2A \u306a\u3069\u306e\u30b5\u30fc\u30c9\u30d1\u30fc\u30c6\u30a3\u304b\u3089\u8cfc\u5165\u3059\u308b\u5834\u5408\u306f\u3001\u305d\u306e\u5229\u7528\u898f\u7d04\u304c\u9069\u7528\u3055\u308c\u307e\u3059\u3002 Billige Koder \u3067\u306f\u3001\u30a6\u30a7\u30d6\u30b7\u30e7\u30c3\u30d7\u7d4c\u7531\u3067\u7269\u7406\u7684\u306a\u5546\u54c1\u3092\u6ce8\u6587\u3057\u3066\u304b\u3089 14 \u65e5\u9593\u306f\u30ad\u30e3\u30f3\u30bb\u30eb\u3059\u308b\u6a29\u5229\u304c\u3042\u308a\u307e\u3059\u3002\u3057\u305f\u304c\u3063\u3066\u3001\u3042\u306a\u305f\u306f\u64a4\u56de\u306e\u6a29\u5229\u306b\u95a2\u3057\u3066\u5e38\u306b\u4fdd\u8b77\u3055\u308c\u3066\u3044\u307e\u3059\u3002\u6ce8\u6587\u5546\u54c1\u306e\u5834\u5408\u306f\u3001\u8cfc\u8cb7\u6cd5\u306b\u57fa\u3065\u304f\u4ed6\u306e\u30eb\u30fc\u30eb\u304c\u9069\u7528\u3055\u308c\u307e\u3059\u3002<\/p>","protected":false},"author":1,"featured_media":0,"parent":0,"menu_order":0,"comment_status":"closed","ping_status":"closed","template":"","meta":{"powered_cache_disable_cache":false,"powered_cache_disable_lazyload":false,"powered_cache_disable_css_optimization":false,"powered_cache_disable_js_optimization":false,"footnotes":""},"class_list":["post-778","page","type-page","status-publish","hentry"],"yoast_head":"<!-- This site is optimized with the Yoast SEO plugin v27.5 - https:\/\/yoast.com\/product\/yoast-seo-wordpress\/ -->\n<title>Om - Billige-Koder.dk<\/title>\n<meta name=\"robots\" content=\"index, follow, max-snippet:-1, max-image-preview:large, max-video-preview:-1\" \/>\n<link rel=\"canonical\" href=\"http:\/\/billige-koder.dk\/ja\/about\/\" \/>\n<meta property=\"og:locale\" content=\"ja_JP\" \/>\n<meta property=\"og:type\" content=\"article\" \/>\n<meta property=\"og:title\" content=\"Om - Billige-Koder.dk\" \/>\n<meta property=\"og:description\" content=\"Her p\u00e5 om-siden, kan du finde links til vores regler og handelsvilk\u00e5r. Ved k\u00f8b hos tredjeparter s\u00e5som G2A, g\u00e6lder deres regler og handelsvilk\u00e5r. Hos Billige Koder har du 14 dages fortrydelsesret fra du bestiller en fysisk vare via vores webshop. S\u00e5 du er altid sikret i forhold til din fortrydelsesret. Ved bestillingsvarer g\u00e6lder andre regler i henhold til k\u00f8beloven.\" \/>\n<meta property=\"og:url\" content=\"http:\/\/billige-koder.dk\/ja\/about\/\" \/>\n<meta property=\"og:site_name\" content=\"Billige-Koder.dk\" \/>\n<meta property=\"article:modified_time\" content=\"2023-10-29T17:25:05+00:00\" \/>\n<meta name=\"twitter:card\" content=\"summary_large_image\" \/>\n<meta name=\"twitter:label1\" content=\"\u63a8\u5b9a\u8aad\u307f\u53d6\u308a\u6642\u9593\" \/>\n\t<meta name=\"twitter:data1\" content=\"1\u5206\" \/>\n<!-- \/ Yoast SEO plugin. -->","yoast_head_json":{"title":"\u6982\u8981 - Billige-Koder.dk","robots":{"index":"index","follow":"follow","max-snippet":"max-snippet:-1","max-image-preview":"max-image-preview:large","max-video-preview":"max-video-preview:-1"},"canonical":"http:\/\/billige-koder.dk\/ja\/about\/","og_locale":"ja_JP","og_type":"article","og_title":"Om - Billige-Koder.dk","og_description":"Her p\u00e5 om-siden, kan du finde links til vores regler og handelsvilk\u00e5r. Ved k\u00f8b hos tredjeparter s\u00e5som G2A, g\u00e6lder deres regler og handelsvilk\u00e5r. Hos Billige Koder har du 14 dages fortrydelsesret fra du bestiller en fysisk vare via vores webshop. S\u00e5 du er altid sikret i forhold til din fortrydelsesret. Ved bestillingsvarer g\u00e6lder andre regler i henhold til k\u00f8beloven.","og_url":"http:\/\/billige-koder.dk\/ja\/about\/","og_site_name":"Billige-Koder.dk","article_modified_time":"2023-10-29T17:25:05+00:00","twitter_card":"summary_large_image","twitter_misc":{"\u63a8\u5b9a\u8aad\u307f\u53d6\u308a\u6642\u9593":"1\u5206"},"schema":{"@context":"https:\/\/schema.org","@graph":[]}},"_links":{"self":[{"href":"https:\/\/billige-koder.dk\/ja\/wp-json\/wp\/v2\/pages\/778","targetHints":{"allow":["GET"]}}],"collection":[{"href":"https:\/\/billige-koder.dk\/ja\/wp-json\/wp\/v2\/pages"}],"about":[{"href":"https:\/\/billige-koder.dk\/ja\/wp-json\/wp\/v2\/types\/page"}],"author":[{"embeddable":true,"href":"https:\/\/billige-koder.dk\/ja\/wp-json\/wp\/v2\/users\/1"}],"replies":[{"embeddable":true,"href":"https:\/\/billige-koder.dk\/ja\/wp-json\/wp\/v2\/comments?post=778"}],"version-history":[{"count":4,"href":"https:\/\/billige-koder.dk\/ja\/wp-json\/wp\/v2\/pages\/778\/revisions"}],"predecessor-version":[{"id":3585,"href":"https:\/\/billige-koder.dk\/ja\/wp-json\/wp\/v2\/pages\/778\/revisions\/3585"}],"wp:attachment":[{"href":"https:\/\/billige-koder.dk\/ja\/wp-json\/wp\/v2\/media?parent=778"}],"curies":[{"name":"wp","href":"https:\/\/api.w.org\/{rel}","templated":true}]}}