{"id":571,"date":"2018-03-30T19:52:55","date_gmt":"2018-03-30T17:52:55","guid":{"rendered":"http:\/\/billige-koder.dk\/?post_type=product&#038;p=571"},"modified":"2024-08-19T12:16:20","modified_gmt":"2024-08-19T10:16:20","slug":"the-elder-scrolls-online-summerset-cd-key","status":"publish","type":"product","link":"https:\/\/billige-koder.dk\/es\/produkt\/clave-del-cd-del-set-de-verano-de-the-elder-scrolls-online\/","title":{"rendered":"Clave del CD de The Elder Scrolls Online: Summerset"},"content":{"rendered":"<p>Aqu\u00ed puedes comprar la clave del CD de The Elder Scrolls Online: Summerset a buen precio. Obtienes un precio bajo, adem\u00e1s de entrega GRATUITA y R\u00c1PIDA.<\/p>","protected":false},"excerpt":{"rendered":"<p>Compre la clave del CD de The Elder Scrolls Online: Summerset a buen precio con nosotros. Obtienes un precio bajo, entrega GRATUITA y R\u00c1PIDA.<\/p>","protected":false},"featured_media":572,"comment_status":"open","ping_status":"closed","template":"","meta":{"powered_cache_disable_cache":false,"powered_cache_disable_lazyload":false,"powered_cache_disable_css_optimization":false,"powered_cache_disable_js_optimization":false},"product_brand":[],"product_cat":[44,6],"product_tag":[101],"class_list":{"0":"post-571","1":"product","2":"type-product","3":"status-publish","4":"has-post-thumbnail","6":"product_cat-pc","7":"product_cat-spil","8":"product_tag-bethesda","10":"first","11":"instock","12":"taxable","13":"shipping-taxable","14":"product-type-external"},"yoast_head":"<!-- This site is optimized with the Yoast SEO plugin v27.5 - https:\/\/yoast.com\/product\/yoast-seo-wordpress\/ -->\n<title>K\u00f8b The Elder Scrolls Online: Summerset cd-key - billigt hos billige-koder!<\/title>\n<meta name=\"description\" content=\"K\u00f8b\u00a0The Elder Scrolls Online: Summerset cd-key billigt hos os. Du f\u00e5r en lav pris, GRATIS og HURTIG levering. Vi har ogs\u00e5 mange andre titler til blandt andet Steam, Origin, Uplay og andre!\" \/>\n<meta name=\"robots\" content=\"index, follow, max-snippet:-1, max-image-preview:large, max-video-preview:-1\" \/>\n<link rel=\"canonical\" href=\"https:\/\/billige-koder.dk\/es\/produkt\/clave-del-cd-del-set-de-verano-de-the-elder-scrolls-online\/\" \/>\n<meta property=\"og:locale\" content=\"es_ES\" \/>\n<meta property=\"og:type\" content=\"article\" \/>\n<meta property=\"og:title\" content=\"K\u00f8b The Elder Scrolls Online: Summerset cd-key - billigt hos billige-koder!\" \/>\n<meta property=\"og:description\" content=\"K\u00f8b\u00a0The Elder Scrolls Online: Summerset cd-key billigt hos os. Du f\u00e5r en lav pris, GRATIS og HURTIG levering. Vi har ogs\u00e5 mange andre titler til blandt andet Steam, Origin, Uplay og andre!\" \/>\n<meta property=\"og:url\" content=\"https:\/\/billige-koder.dk\/es\/produkt\/clave-del-cd-del-set-de-verano-de-the-elder-scrolls-online\/\" \/>\n<meta property=\"og:site_name\" content=\"Billige-Koder.dk\" \/>\n<meta property=\"article:modified_time\" content=\"2024-08-19T10:16:20+00:00\" \/>\n<meta property=\"og:image\" content=\"https:\/\/billige-koder.dk\/wp-content\/uploads\/2018\/03\/2018-03-30-19_53_10-Search.png\" \/>\n\t<meta property=\"og:image:width\" content=\"389\" \/>\n\t<meta property=\"og:image:height\" content=\"538\" \/>\n\t<meta property=\"og:image:type\" content=\"image\/png\" \/>\n<meta name=\"twitter:card\" content=\"summary_large_image\" \/>\n<!-- \/ Yoast SEO plugin. -->","yoast_head_json":{"title":"Compre la clave del CD de The Elder Scrolls Online: Summerset - \u00a1barato con c\u00f3digos baratos!","description":"Compre la clave del CD de The Elder Scrolls Online: Summerset a buen precio con nosotros. Obtienes un precio bajo, entrega GRATUITA y R\u00c1PIDA. \u00a1Tambi\u00e9n tenemos muchos otros t\u00edtulos para Steam, Origin, Uplay y otros, entre otros!","robots":{"index":"index","follow":"follow","max-snippet":"max-snippet:-1","max-image-preview":"max-image-preview:large","max-video-preview":"max-video-preview:-1"},"canonical":"https:\/\/billige-koder.dk\/es\/produkt\/clave-del-cd-del-set-de-verano-de-the-elder-scrolls-online\/","og_locale":"es_ES","og_type":"article","og_title":"K\u00f8b The Elder Scrolls Online: Summerset cd-key - billigt hos billige-koder!","og_description":"K\u00f8b\u00a0The Elder Scrolls Online: Summerset cd-key billigt hos os. Du f\u00e5r en lav pris, GRATIS og HURTIG levering. Vi har ogs\u00e5 mange andre titler til blandt andet Steam, Origin, Uplay og andre!","og_url":"https:\/\/billige-koder.dk\/es\/produkt\/clave-del-cd-del-set-de-verano-de-the-elder-scrolls-online\/","og_site_name":"Billige-Koder.dk","article_modified_time":"2024-08-19T10:16:20+00:00","og_image":[{"width":389,"height":538,"url":"https:\/\/billige-koder.dk\/wp-content\/uploads\/2018\/03\/2018-03-30-19_53_10-Search.png","type":"image\/png"}],"twitter_card":"summary_large_image","schema":{"@context":"https:\/\/schema.org","@graph":[]}},"_links":{"self":[{"href":"https:\/\/billige-koder.dk\/es\/wp-json\/wp\/v2\/product\/571","targetHints":{"allow":["GET"]}}],"collection":[{"href":"https:\/\/billige-koder.dk\/es\/wp-json\/wp\/v2\/product"}],"about":[{"href":"https:\/\/billige-koder.dk\/es\/wp-json\/wp\/v2\/types\/product"}],"replies":[{"embeddable":true,"href":"https:\/\/billige-koder.dk\/es\/wp-json\/wp\/v2\/comments?post=571"}],"wp:featuredmedia":[{"embeddable":true,"href":"https:\/\/billige-koder.dk\/es\/wp-json\/wp\/v2\/media\/572"}],"wp:attachment":[{"href":"https:\/\/billige-koder.dk\/es\/wp-json\/wp\/v2\/media?parent=571"}],"wp:term":[{"taxonomy":"product_brand","embeddable":true,"href":"https:\/\/billige-koder.dk\/es\/wp-json\/wp\/v2\/product_brand?post=571"},{"taxonomy":"product_cat","embeddable":true,"href":"https:\/\/billige-koder.dk\/es\/wp-json\/wp\/v2\/product_cat?post=571"},{"taxonomy":"product_tag","embeddable":true,"href":"https:\/\/billige-koder.dk\/es\/wp-json\/wp\/v2\/product_tag?post=571"}],"curies":[{"name":"wp","href":"https:\/\/api.w.org\/{rel}","templated":true}]}}