{"id":502,"date":"2018-02-17T13:05:59","date_gmt":"2018-02-17T12:05:59","guid":{"rendered":"http:\/\/billige-koder.dk\/?post_type=product&#038;p=502"},"modified":"2024-08-19T12:16:15","modified_gmt":"2024-08-19T10:16:15","slug":"rocket-league-cd-key-spilkode-free-pris","status":"publish","type":"product","link":"https:\/\/billige-koder.dk\/es\/produkt\/codigo-del-juego-rocket-league-cd-key-precio-gratuito\/","title":{"rendered":"Rocket League - Clave CD"},"content":{"rendered":"<p>Compre con nosotros su nueva clave de CD para Rocket League a bajo precio. \u00a1Tenga en cuenta que nuestro precio es extremadamente bajo en todos nuestros juegos!<\/p>\n<p>Tenemos muchos juegos para jugar. <a href=\"https:\/\/billige-koder.dk\/es\/produkt-tag\/steam\/\">Vapor<\/a>!<\/p>","protected":false},"excerpt":{"rendered":"<p>Compra Rocket League para Steam barato aqu\u00ed. \u00a1Recibir\u00e1s el c\u00f3digo en poco tiempo a trav\u00e9s de nuestro proveedor una vez que hayas realizado tu pedido en Rocket League!<\/p>","protected":false},"featured_media":0,"comment_status":"open","ping_status":"closed","template":"","meta":{"powered_cache_disable_cache":false,"powered_cache_disable_lazyload":false,"powered_cache_disable_css_optimization":false,"powered_cache_disable_js_optimization":false},"product_brand":[],"product_cat":[44,6],"product_tag":[40,42,45],"class_list":{"0":"post-502","1":"product","2":"type-product","3":"status-publish","5":"product_cat-pc","6":"product_cat-spil","7":"product_tag-cd-key","8":"product_tag-koeb","9":"product_tag-steam","11":"first","12":"instock","13":"taxable","14":"shipping-taxable","15":"product-type-external"},"yoast_head":"<!-- This site is optimized with the Yoast SEO plugin v27.5 - https:\/\/yoast.com\/product\/yoast-seo-wordpress\/ -->\n<title>Rocket League - cd-key - se pris - Billige-Koder.dk<\/title>\n<meta name=\"description\" content=\"K\u00f8b Rocket League billigt til Steam her. Du f\u00e5r koden p\u00e5 mail efter du har foretaget din bestilling. Dette med GRATIS og HURTIG levering, da det er mail. Klik her for at se prisen p\u00e5 spillet, eller se vores udvalg p\u00e5 Origin, Steam, Uplay og andre platforme!\" \/>\n<meta name=\"robots\" content=\"index, follow, max-snippet:-1, max-image-preview:large, max-video-preview:-1\" \/>\n<link rel=\"canonical\" href=\"https:\/\/billige-koder.dk\/es\/produkt\/codigo-del-juego-rocket-league-cd-key-precio-gratuito\/\" \/>\n<meta property=\"og:locale\" content=\"es_ES\" \/>\n<meta property=\"og:type\" content=\"article\" \/>\n<meta property=\"og:title\" content=\"Rocket League - cd-key - se pris - Billige-Koder.dk\" \/>\n<meta property=\"og:description\" content=\"K\u00f8b Rocket League billigt til Steam her. Du f\u00e5r koden p\u00e5 mail efter du har foretaget din bestilling. Dette med GRATIS og HURTIG levering, da det er mail. Klik her for at se prisen p\u00e5 spillet, eller se vores udvalg p\u00e5 Origin, Steam, Uplay og andre platforme!\" \/>\n<meta property=\"og:url\" content=\"https:\/\/billige-koder.dk\/es\/produkt\/codigo-del-juego-rocket-league-cd-key-precio-gratuito\/\" \/>\n<meta property=\"og:site_name\" content=\"Billige-Koder.dk\" \/>\n<meta property=\"article:modified_time\" content=\"2024-08-19T10:16:15+00:00\" \/>\n<meta name=\"twitter:card\" content=\"summary_large_image\" \/>\n<!-- \/ Yoast SEO plugin. -->","yoast_head_json":{"title":"Rocket League - CD-key - ver precio - Billige-Koder.dk","description":"Compra Rocket League barato para Steam aqu\u00ed. Recibir\u00e1s el c\u00f3digo por correo electr\u00f3nico despu\u00e9s de haber realizado tu pedido. Esto con entrega GRATIS y R\u00c1PIDA, como es correo. \u00a1Haz clic aqu\u00ed para ver el precio del juego o mira nuestra selecci\u00f3n en Origin, Steam, Uplay y otras plataformas!","robots":{"index":"index","follow":"follow","max-snippet":"max-snippet:-1","max-image-preview":"max-image-preview:large","max-video-preview":"max-video-preview:-1"},"canonical":"https:\/\/billige-koder.dk\/es\/produkt\/codigo-del-juego-rocket-league-cd-key-precio-gratuito\/","og_locale":"es_ES","og_type":"article","og_title":"Rocket League - cd-key - se pris - Billige-Koder.dk","og_description":"K\u00f8b Rocket League billigt til Steam her. Du f\u00e5r koden p\u00e5 mail efter du har foretaget din bestilling. Dette med GRATIS og HURTIG levering, da det er mail. Klik her for at se prisen p\u00e5 spillet, eller se vores udvalg p\u00e5 Origin, Steam, Uplay og andre platforme!","og_url":"https:\/\/billige-koder.dk\/es\/produkt\/codigo-del-juego-rocket-league-cd-key-precio-gratuito\/","og_site_name":"Billige-Koder.dk","article_modified_time":"2024-08-19T10:16:15+00:00","twitter_card":"summary_large_image","schema":{"@context":"https:\/\/schema.org","@graph":[]}},"_links":{"self":[{"href":"https:\/\/billige-koder.dk\/es\/wp-json\/wp\/v2\/product\/502","targetHints":{"allow":["GET"]}}],"collection":[{"href":"https:\/\/billige-koder.dk\/es\/wp-json\/wp\/v2\/product"}],"about":[{"href":"https:\/\/billige-koder.dk\/es\/wp-json\/wp\/v2\/types\/product"}],"replies":[{"embeddable":true,"href":"https:\/\/billige-koder.dk\/es\/wp-json\/wp\/v2\/comments?post=502"}],"wp:attachment":[{"href":"https:\/\/billige-koder.dk\/es\/wp-json\/wp\/v2\/media?parent=502"}],"wp:term":[{"taxonomy":"product_brand","embeddable":true,"href":"https:\/\/billige-koder.dk\/es\/wp-json\/wp\/v2\/product_brand?post=502"},{"taxonomy":"product_cat","embeddable":true,"href":"https:\/\/billige-koder.dk\/es\/wp-json\/wp\/v2\/product_cat?post=502"},{"taxonomy":"product_tag","embeddable":true,"href":"https:\/\/billige-koder.dk\/es\/wp-json\/wp\/v2\/product_tag?post=502"}],"curies":[{"name":"wp","href":"https:\/\/api.w.org\/{rel}","templated":true}]}}