{"id":4989,"date":"2023-10-29T20:14:34","date_gmt":"2023-10-29T19:14:34","guid":{"rendered":"https:\/\/billige-koder.dk\/produkt\/spotify-premium-subscription-card-12-months-turkey-spotify\/"},"modified":"2024-08-19T12:35:14","modified_gmt":"2024-08-19T10:35:14","slug":"spotify-premium-subscription-card-12-months-turkey-spotify","status":"publish","type":"product","link":"https:\/\/billige-koder.dk\/es\/produkt\/tarjeta-de-suscripcion-premium-spotify-12-meses-turquia-spotify\/","title":{"rendered":"Tarjeta de suscripci\u00f3n Spotify Premium 12 meses Turqu\u00eda Spotify"},"content":{"rendered":"<p>\u00a1Descubre un mundo de m\u00fasica con Spotify Premium! Con acceso ilimitado a millones de canciones y sin anuncios molestos, Spotify Premium es la mejor opci\u00f3n para los amantes de la m\u00fasica. Incluso puedes usar Spotify en tu tel\u00e9fono m\u00f3vil y llevarte tu m\u00fasica favorita a cualquier lugar con nuestro modo fuera de l\u00ednea. Explora nuevos artistas y descubre m\u00fasica que te encantar\u00e1 gracias a nuestra funci\u00f3n Descubrir, que constantemente sugiere nueva m\u00fasica seg\u00fan tus preferencias. Y si alguna vez no sabes qu\u00e9 escuchar, tenemos una gran selecci\u00f3n de excelentes listas de reproducci\u00f3n para cada estado de \u00e1nimo y g\u00e9nero. Comparte tus canciones favoritas con amigos y realiza un seguimiento de lo que escuchan. \u00a1Convierte la m\u00fasica en una experiencia social con Spotify Premium!<\/p>","protected":false},"excerpt":{"rendered":"<p>Compre una clave de CD para la tarjeta de suscripci\u00f3n Premium de Spotify 12 meses Turqu\u00eda Spotify<\/p>","protected":false},"featured_media":4988,"comment_status":"open","ping_status":"closed","template":"","meta":{"powered_cache_disable_cache":false,"powered_cache_disable_lazyload":false,"powered_cache_disable_css_optimization":false,"powered_cache_disable_js_optimization":false},"product_brand":[],"product_cat":[256],"product_tag":[40],"class_list":{"0":"post-4989","1":"product","2":"type-product","3":"status-publish","4":"has-post-thumbnail","6":"product_cat-cd-key","7":"product_tag-cd-key","9":"first","10":"instock","11":"taxable","12":"shipping-taxable","13":"product-type-external"},"yoast_head":"<!-- This site is optimized with the Yoast SEO plugin v27.5 - https:\/\/yoast.com\/product\/yoast-seo-wordpress\/ -->\n<title>Spotify Premium Subscription Card 12 Months Turkey Spotify - Billige-Koder.dk<\/title>\n<meta name=\"robots\" content=\"index, follow, max-snippet:-1, max-image-preview:large, max-video-preview:-1\" \/>\n<link rel=\"canonical\" href=\"https:\/\/billige-koder.dk\/es\/produkt\/tarjeta-de-suscripcion-premium-spotify-12-meses-turquia-spotify\/\" \/>\n<meta property=\"og:locale\" content=\"es_ES\" \/>\n<meta property=\"og:type\" content=\"article\" \/>\n<meta property=\"og:title\" content=\"Spotify Premium Subscription Card 12 Months Turkey Spotify - Billige-Koder.dk\" \/>\n<meta property=\"og:description\" content=\"K\u00f8b en cd-key til Spotify Premium Subscription Card 12 Months Turkey Spotify\" \/>\n<meta property=\"og:url\" content=\"https:\/\/billige-koder.dk\/es\/produkt\/tarjeta-de-suscripcion-premium-spotify-12-meses-turquia-spotify\/\" \/>\n<meta property=\"og:site_name\" content=\"Billige-Koder.dk\" \/>\n<meta property=\"article:modified_time\" content=\"2024-08-19T10:35:14+00:00\" \/>\n<meta property=\"og:image\" content=\"https:\/\/billige-koder.dk\/wp-content\/uploads\/2023\/10\/Spotify-Premium-Subscription-Card-12-Months-Turkey-Spotify.jpg\" \/>\n\t<meta property=\"og:image:width\" content=\"360\" \/>\n\t<meta property=\"og:image:height\" content=\"600\" \/>\n\t<meta property=\"og:image:type\" content=\"image\/jpeg\" \/>\n<meta name=\"twitter:card\" content=\"summary_large_image\" \/>\n<meta name=\"twitter:label1\" content=\"Tiempo de lectura\" \/>\n\t<meta name=\"twitter:data1\" content=\"1 minuto\" \/>\n<!-- \/ Yoast SEO plugin. -->","yoast_head_json":{"title":"Tarjeta de suscripci\u00f3n Spotify Premium 12 meses Turqu\u00eda Spotify - Billige-Koder.dk","robots":{"index":"index","follow":"follow","max-snippet":"max-snippet:-1","max-image-preview":"max-image-preview:large","max-video-preview":"max-video-preview:-1"},"canonical":"https:\/\/billige-koder.dk\/es\/produkt\/tarjeta-de-suscripcion-premium-spotify-12-meses-turquia-spotify\/","og_locale":"es_ES","og_type":"article","og_title":"Spotify Premium Subscription Card 12 Months Turkey Spotify - Billige-Koder.dk","og_description":"K\u00f8b en cd-key til Spotify Premium Subscription Card 12 Months Turkey Spotify","og_url":"https:\/\/billige-koder.dk\/es\/produkt\/tarjeta-de-suscripcion-premium-spotify-12-meses-turquia-spotify\/","og_site_name":"Billige-Koder.dk","article_modified_time":"2024-08-19T10:35:14+00:00","og_image":[{"width":360,"height":600,"url":"https:\/\/billige-koder.dk\/wp-content\/uploads\/2023\/10\/Spotify-Premium-Subscription-Card-12-Months-Turkey-Spotify.jpg","type":"image\/jpeg"}],"twitter_card":"summary_large_image","twitter_misc":{"Tiempo de lectura":"1 minuto"},"schema":{"@context":"https:\/\/schema.org","@graph":[]}},"_links":{"self":[{"href":"https:\/\/billige-koder.dk\/es\/wp-json\/wp\/v2\/product\/4989","targetHints":{"allow":["GET"]}}],"collection":[{"href":"https:\/\/billige-koder.dk\/es\/wp-json\/wp\/v2\/product"}],"about":[{"href":"https:\/\/billige-koder.dk\/es\/wp-json\/wp\/v2\/types\/product"}],"replies":[{"embeddable":true,"href":"https:\/\/billige-koder.dk\/es\/wp-json\/wp\/v2\/comments?post=4989"}],"wp:featuredmedia":[{"embeddable":true,"href":"https:\/\/billige-koder.dk\/es\/wp-json\/wp\/v2\/media\/4988"}],"wp:attachment":[{"href":"https:\/\/billige-koder.dk\/es\/wp-json\/wp\/v2\/media?parent=4989"}],"wp:term":[{"taxonomy":"product_brand","embeddable":true,"href":"https:\/\/billige-koder.dk\/es\/wp-json\/wp\/v2\/product_brand?post=4989"},{"taxonomy":"product_cat","embeddable":true,"href":"https:\/\/billige-koder.dk\/es\/wp-json\/wp\/v2\/product_cat?post=4989"},{"taxonomy":"product_tag","embeddable":true,"href":"https:\/\/billige-koder.dk\/es\/wp-json\/wp\/v2\/product_tag?post=4989"}],"curies":[{"name":"wp","href":"https:\/\/api.w.org\/{rel}","templated":true}]}}