{"id":2737,"date":"2023-10-29T17:19:01","date_gmt":"2023-10-29T16:19:01","guid":{"rendered":"https:\/\/billige-koder.dk\/produkt\/fortnite-battle-royale-starter-pack-epic-games-key-global\/"},"modified":"2024-08-19T12:24:56","modified_gmt":"2024-08-19T10:24:56","slug":"fortnite-battle-royale-starter-pack-epic-games-key-global","status":"publish","type":"product","link":"https:\/\/billige-koder.dk\/es\/produkt\/fortnite-battle-royale-paquete-de-inicio-juegos-epicos-clave-global\/","title":{"rendered":"Paquete de inicio de Fortnite Battle Royale Clave de juegos \u00e9picos global"},"content":{"rendered":"<p>\u00a1Empieza con buen pie en Fortnite Battle Royale con el incre\u00edble Starter Pack! Con este paquete, no solo obtienes 600 V-Bucks, sino tambi\u00e9n el genial Rogue Agent Outfit y el genial Catalyst Back Bling que solo est\u00e1n disponibles en el modo Battle Royale.<\/p>\n<p>Los V-Bucks son la valiosa moneda del juego que puedes usar tanto en el modo Battle Royale PvP como en la campa\u00f1a Save the World PvE. Puedes comprar nuevos elementos de personalizaci\u00f3n para tu h\u00e9roe, planeador o pico en Battle Royale, y en Save the World puedes comprar paquetes de cartas Llama Pinata que contienen armas, trampas y dispositivos, nuevos h\u00e9roes y m\u00e1s.<\/p>\n<p>Tenga en cuenta que los elementos no se pueden transferir entre el modo Battle Royale y la campa\u00f1a Save the World. \u00a1As\u00ed que date prisa y consigue el paquete de inicio de Fortnite Battle Royale Epic Games Key Global con nosotros en Cheap Codes y enfr\u00e9ntate a tus oponentes con estilo!<\/p>","protected":false},"excerpt":{"rendered":"<p>Compre una clave de CD para Fortnite Battle Royale Starter Pack Epic Games Key Global<\/p>","protected":false},"featured_media":2736,"comment_status":"open","ping_status":"closed","template":"","meta":{"powered_cache_disable_cache":false,"powered_cache_disable_lazyload":false,"powered_cache_disable_css_optimization":false,"powered_cache_disable_js_optimization":false},"product_brand":[],"product_cat":[256],"product_tag":[40],"class_list":{"0":"post-2737","1":"product","2":"type-product","3":"status-publish","4":"has-post-thumbnail","6":"product_cat-cd-key","7":"product_tag-cd-key","9":"first","10":"instock","11":"taxable","12":"shipping-taxable","13":"product-type-external"},"yoast_head":"<!-- This site is optimized with the Yoast SEO plugin v27.5 - https:\/\/yoast.com\/product\/yoast-seo-wordpress\/ -->\n<title>Fortnite Battle Royale Starter Pack Epic Games Key Global - Billige-Koder.dk<\/title>\n<meta name=\"robots\" content=\"index, follow, max-snippet:-1, max-image-preview:large, max-video-preview:-1\" \/>\n<link rel=\"canonical\" href=\"http:\/\/billige-koder.dk\/es\/\u0645\u0646\u062a\u062c\/fortnite-battle-royale-starter-pack-\u0645\u0646-\u0627\u0644\u0623\u0644\u0639\u0627\u0628-\u0627\u0644\u0645\u0644\u062d\u0645\u064a\u0629-\u0627\u0644\u0631\u0626\u064a\u0633\u064a\u0629-\u0627\/\" \/>\n<meta property=\"og:locale\" content=\"es_ES\" \/>\n<meta property=\"og:type\" content=\"article\" \/>\n<meta property=\"og:title\" content=\"Fortnite Battle Royale Starter Pack Epic Games Key Global - Billige-Koder.dk\" \/>\n<meta property=\"og:description\" content=\"K\u00f8b en cd-key til Fortnite Battle Royale Starter Pack Epic Games Key Global\" \/>\n<meta property=\"og:url\" content=\"http:\/\/billige-koder.dk\/es\/\u0645\u0646\u062a\u062c\/fortnite-battle-royale-starter-pack-\u0645\u0646-\u0627\u0644\u0623\u0644\u0639\u0627\u0628-\u0627\u0644\u0645\u0644\u062d\u0645\u064a\u0629-\u0627\u0644\u0631\u0626\u064a\u0633\u064a\u0629-\u0627\/\" \/>\n<meta property=\"og:site_name\" content=\"Billige-Koder.dk\" \/>\n<meta property=\"article:modified_time\" content=\"2024-08-19T10:24:56+00:00\" \/>\n<meta property=\"og:image\" content=\"http:\/\/billige-koder.dk\/wp-content\/uploads\/2023\/10\/Fortnite-Battle-Royale-Starter-Pack-Epic-Games-Key-Global.jpg\" \/>\n\t<meta property=\"og:image:width\" content=\"360\" \/>\n\t<meta property=\"og:image:height\" content=\"600\" \/>\n\t<meta property=\"og:image:type\" content=\"image\/jpeg\" \/>\n<meta name=\"twitter:card\" content=\"summary_large_image\" \/>\n<meta name=\"twitter:label1\" content=\"Tiempo de lectura\" \/>\n\t<meta name=\"twitter:data1\" content=\"1 minuto\" \/>\n<!-- \/ Yoast SEO plugin. -->","yoast_head_json":{"title":"Fortnite Battle Royale Starter Pack Clave de Epic Games Global - Billige-Koder.dk","robots":{"index":"index","follow":"follow","max-snippet":"max-snippet:-1","max-image-preview":"max-image-preview:large","max-video-preview":"max-video-preview:-1"},"canonical":"http:\/\/billige-koder.dk\/es\/\u0645\u0646\u062a\u062c\/fortnite-battle-royale-starter-pack-\u0645\u0646-\u0627\u0644\u0623\u0644\u0639\u0627\u0628-\u0627\u0644\u0645\u0644\u062d\u0645\u064a\u0629-\u0627\u0644\u0631\u0626\u064a\u0633\u064a\u0629-\u0627\/","og_locale":"es_ES","og_type":"article","og_title":"Fortnite Battle Royale Starter Pack Epic Games Key Global - Billige-Koder.dk","og_description":"K\u00f8b en cd-key til Fortnite Battle Royale Starter Pack Epic Games Key Global","og_url":"http:\/\/billige-koder.dk\/es\/\u0645\u0646\u062a\u062c\/fortnite-battle-royale-starter-pack-\u0645\u0646-\u0627\u0644\u0623\u0644\u0639\u0627\u0628-\u0627\u0644\u0645\u0644\u062d\u0645\u064a\u0629-\u0627\u0644\u0631\u0626\u064a\u0633\u064a\u0629-\u0627\/","og_site_name":"Billige-Koder.dk","article_modified_time":"2024-08-19T10:24:56+00:00","og_image":[{"width":360,"height":600,"url":"http:\/\/billige-koder.dk\/wp-content\/uploads\/2023\/10\/Fortnite-Battle-Royale-Starter-Pack-Epic-Games-Key-Global.jpg","type":"image\/jpeg"}],"twitter_card":"summary_large_image","twitter_misc":{"Tiempo de lectura":"1 minuto"},"schema":{"@context":"https:\/\/schema.org","@graph":[]}},"_links":{"self":[{"href":"https:\/\/billige-koder.dk\/es\/wp-json\/wp\/v2\/product\/2737","targetHints":{"allow":["GET"]}}],"collection":[{"href":"https:\/\/billige-koder.dk\/es\/wp-json\/wp\/v2\/product"}],"about":[{"href":"https:\/\/billige-koder.dk\/es\/wp-json\/wp\/v2\/types\/product"}],"replies":[{"embeddable":true,"href":"https:\/\/billige-koder.dk\/es\/wp-json\/wp\/v2\/comments?post=2737"}],"wp:featuredmedia":[{"embeddable":true,"href":"https:\/\/billige-koder.dk\/es\/wp-json\/wp\/v2\/media\/2736"}],"wp:attachment":[{"href":"https:\/\/billige-koder.dk\/es\/wp-json\/wp\/v2\/media?parent=2737"}],"wp:term":[{"taxonomy":"product_brand","embeddable":true,"href":"https:\/\/billige-koder.dk\/es\/wp-json\/wp\/v2\/product_brand?post=2737"},{"taxonomy":"product_cat","embeddable":true,"href":"https:\/\/billige-koder.dk\/es\/wp-json\/wp\/v2\/product_cat?post=2737"},{"taxonomy":"product_tag","embeddable":true,"href":"https:\/\/billige-koder.dk\/es\/wp-json\/wp\/v2\/product_tag?post=2737"}],"curies":[{"name":"wp","href":"https:\/\/api.w.org\/{rel}","templated":true}]}}