{"id":24472,"date":"2024-08-10T00:00:00","date_gmt":"2024-08-09T22:00:00","guid":{"rendered":"https:\/\/billige-koder.dk\/?post_type=product&#038;p=24472"},"modified":"2024-08-19T14:06:25","modified_gmt":"2024-08-19T12:06:25","slug":"timberborn-pc-steam-cd-key-global","status":"publish","type":"product","link":"https:\/\/billige-koder.dk\/es\/produkt\/timberborn-pc-steam-cd-key-global\/","title":{"rendered":"Timberborn (PC) - Clave CD de Steam - GLOBAL"},"content":{"rendered":"<h2>Experimenta Timberborn: construye tu propia ciudad sostenible<\/h2>\n<p>Timberborn es un juego de estrategia \u00fanico y atractivo que te permite construir y gestionar una ciudad poblada por castores inteligentes. El juego se desarrolla en un mundo post-apocal\u00edptico donde la humanidad ha desaparecido y la naturaleza ha tomado el control. Debes guiar a tus castores para que sobrevivan y prosperen explotando los recursos disponibles en el entorno. <\/p>\n<p>Como jugador, puedes dise\u00f1ar y construir edificios complejos que ayuden a tus castores a sobrevivir. Puedes elegir entre diferentes tipos de edificios, desde molinos de agua hasta casas, y debes pensar estrat\u00e9gicamente para garantizar que tus castores tengan acceso a comida, agua y refugio. El juego ofrece una mec\u00e1nica de construcci\u00f3n detallada que te da la libertad de crear tu propia ciudad \u00fanica.<\/p>\n<h2>Jugabilidad estrat\u00e9gica y desaf\u00edos.<\/h2>\n<p>Timberborn ofrece opciones para un jugador y multijugador, lo que lo convierte en una gran experiencia para jugar solo o con amigos. En el modo para un jugador, puedes tomarte tu tiempo para planificar y construir tu ciudad, mientras que el modo multijugador te permite competir o cooperar con otros jugadores en l\u00ednea. Independientemente de c\u00f3mo elijas jugar, te enfrentar\u00e1s a diversos factores ambientales, como sequ\u00edas e inundaciones, que requerir\u00e1n que adaptes tu estrategia.<\/p>\n<p>Para aprovechar Timberborn al m\u00e1ximo, es importante planificar cuidadosamente su ciudad. Piense en c\u00f3mo posiciona sus edificios en relaci\u00f3n con las fuentes y recursos h\u00eddricos. Tambi\u00e9n puede ser una buena idea construir un sistema de transporte eficiente para que tus castores puedan moverse r\u00e1pidamente entre diferentes partes de la ciudad. <\/p>\n<h2>Consejos y trucos para el \u00e9xito<\/h2>\n<p>Al jugar a Timberborn, puede resultar \u00fatil experimentar con diferentes tipos de construcciones y estrategias. Intenta centrarte en crear una ciudad sostenible que pueda hacer frente a los desaf\u00edos que presenta la naturaleza. Recuerde estar atento a las necesidades de sus castores y asegurarse de que tengan acceso a comida y agua. <\/p>\n<p>Adem\u00e1s, puedes considerar usar trampas para obtener una ventaja en el juego. Si bien puede resultar tentador tomar atajos, superar los desaf\u00edos mediante el pensamiento y la planificaci\u00f3n estrat\u00e9gicos suele ser m\u00e1s satisfactorio.<\/p>\n<p>Timberborn no es s\u00f3lo un juego; es una oportunidad para explorar tu creatividad y habilidades estrat\u00e9gicas. Con su enfoque \u00fanico para crear juego y sostenibilidad, Timberborn seguramente captar\u00e1 tu atenci\u00f3n y te mantendr\u00e1 entretenido durante horas.<\/p>\n<p>\u00bfEst\u00e1s buscando algo m\u00e1s? As\u00ed que compra el nuestro <a href=\"https:\/\/billige-koder.dk\/es\/produkt\/tarjeta-de-regalo-para-vapor\/\" data-internallinksmanager029f6b8e52c=\"2\" title=\"Tarjeta de regalo para Steam\">tarjeta de regalo para Steam<\/a> \u00a1Y accede a un mont\u00f3n de juegos y contenidos!<\/p>","protected":false},"excerpt":{"rendered":"<p>Comprar una clave de CD para Timberborn (PC) - Clave de CD de Steam - GLOBAL<\/p>","protected":false},"featured_media":24473,"comment_status":"closed","ping_status":"closed","template":"","meta":{"powered_cache_disable_cache":false,"powered_cache_disable_lazyload":false,"powered_cache_disable_css_optimization":false,"powered_cache_disable_js_optimization":false},"product_brand":[],"product_cat":[256],"product_tag":[40],"class_list":{"0":"post-24472","1":"product","2":"type-product","3":"status-publish","4":"has-post-thumbnail","6":"product_cat-cd-key","7":"product_tag-cd-key","9":"first","10":"instock","11":"taxable","12":"shipping-taxable","13":"product-type-external"},"yoast_head":"<!-- This site is optimized with the Yoast SEO plugin v27.5 - https:\/\/yoast.com\/product\/yoast-seo-wordpress\/ -->\n<title>Timberborn (PC) - Steam cd-key - GLOBAL - Billige-Koder.dk<\/title>\n<meta name=\"robots\" content=\"index, follow, max-snippet:-1, max-image-preview:large, max-video-preview:-1\" \/>\n<link rel=\"canonical\" href=\"https:\/\/billige-koder.dk\/es\/produkt\/timberborn-pc-steam-cd-key-global\/\" \/>\n<meta property=\"og:locale\" content=\"es_ES\" \/>\n<meta property=\"og:type\" content=\"article\" \/>\n<meta property=\"og:title\" content=\"Timberborn (PC) - Steam cd-key - GLOBAL - Billige-Koder.dk\" \/>\n<meta property=\"og:description\" content=\"K\u00f8b en cd-key til Timberborn (PC) - Steam cd-key - GLOBAL\" \/>\n<meta property=\"og:url\" content=\"https:\/\/billige-koder.dk\/es\/produkt\/timberborn-pc-steam-cd-key-global\/\" \/>\n<meta property=\"og:site_name\" content=\"Billige-Koder.dk\" \/>\n<meta property=\"article:modified_time\" content=\"2024-08-19T12:06:25+00:00\" \/>\n<meta property=\"og:image\" content=\"https:\/\/billige-koder.dk\/wp-content\/uploads\/2024\/08\/Timberborn-PC-Steam-Key-GLOBAL.jpg\" \/>\n\t<meta property=\"og:image:width\" content=\"300\" \/>\n\t<meta property=\"og:image:height\" content=\"400\" \/>\n\t<meta property=\"og:image:type\" content=\"image\/jpeg\" \/>\n<meta name=\"twitter:card\" content=\"summary_large_image\" \/>\n<meta name=\"twitter:label1\" content=\"Tiempo de lectura\" \/>\n\t<meta name=\"twitter:data1\" content=\"2 minutos\" \/>\n<!-- \/ Yoast SEO plugin. -->","yoast_head_json":{"title":"Timberborn (PC) - Clave del CD de Steam - GLOBAL - Billige-Koder.dk","robots":{"index":"index","follow":"follow","max-snippet":"max-snippet:-1","max-image-preview":"max-image-preview:large","max-video-preview":"max-video-preview:-1"},"canonical":"https:\/\/billige-koder.dk\/es\/produkt\/timberborn-pc-steam-cd-key-global\/","og_locale":"es_ES","og_type":"article","og_title":"Timberborn (PC) - Steam cd-key - GLOBAL - Billige-Koder.dk","og_description":"K\u00f8b en cd-key til Timberborn (PC) - Steam cd-key - GLOBAL","og_url":"https:\/\/billige-koder.dk\/es\/produkt\/timberborn-pc-steam-cd-key-global\/","og_site_name":"Billige-Koder.dk","article_modified_time":"2024-08-19T12:06:25+00:00","og_image":[{"width":300,"height":400,"url":"https:\/\/billige-koder.dk\/wp-content\/uploads\/2024\/08\/Timberborn-PC-Steam-Key-GLOBAL.jpg","type":"image\/jpeg"}],"twitter_card":"summary_large_image","twitter_misc":{"Tiempo de lectura":"2 minutos"},"schema":{"@context":"https:\/\/schema.org","@graph":[]}},"_links":{"self":[{"href":"https:\/\/billige-koder.dk\/es\/wp-json\/wp\/v2\/product\/24472","targetHints":{"allow":["GET"]}}],"collection":[{"href":"https:\/\/billige-koder.dk\/es\/wp-json\/wp\/v2\/product"}],"about":[{"href":"https:\/\/billige-koder.dk\/es\/wp-json\/wp\/v2\/types\/product"}],"replies":[{"embeddable":true,"href":"https:\/\/billige-koder.dk\/es\/wp-json\/wp\/v2\/comments?post=24472"}],"wp:featuredmedia":[{"embeddable":true,"href":"https:\/\/billige-koder.dk\/es\/wp-json\/wp\/v2\/media\/24473"}],"wp:attachment":[{"href":"https:\/\/billige-koder.dk\/es\/wp-json\/wp\/v2\/media?parent=24472"}],"wp:term":[{"taxonomy":"product_brand","embeddable":true,"href":"https:\/\/billige-koder.dk\/es\/wp-json\/wp\/v2\/product_brand?post=24472"},{"taxonomy":"product_cat","embeddable":true,"href":"https:\/\/billige-koder.dk\/es\/wp-json\/wp\/v2\/product_cat?post=24472"},{"taxonomy":"product_tag","embeddable":true,"href":"https:\/\/billige-koder.dk\/es\/wp-json\/wp\/v2\/product_tag?post=24472"}],"curies":[{"name":"wp","href":"https:\/\/api.w.org\/{rel}","templated":true}]}}