{"id":24470,"date":"2024-08-10T00:00:00","date_gmt":"2024-08-09T22:00:00","guid":{"rendered":"https:\/\/billige-koder.dk\/?post_type=product&#038;p=24470"},"modified":"2024-08-19T14:06:24","modified_gmt":"2024-08-19T12:06:24","slug":"wildlife-park-2-crazy-zoo-steam-gift-global","status":"publish","type":"product","link":"https:\/\/billige-koder.dk\/es\/produkt\/parque-de-vida-silvestre-2-zoologico-loco-regalo-de-vapor-global\/","title":{"rendered":"Wildlife Park 2 \u2013 Regalo de Steam Crazy Zoo GLOBAL"},"content":{"rendered":"<h2>Experimente la vida salvaje con Wildlife Park 2 \u2013 Crazy Zoo<\/h2>\n<p>Ingrese al mundo del cuidado y manejo de animales con Wildlife Park 2 \u2013 Crazy Zoo. Este juego te permite crear y administrar tu propio zool\u00f3gico, donde podr\u00e1s cuidar una amplia variedad de especies animales y dise\u00f1ar un parque que atraiga visitantes de cerca y de lejos. <\/p>\n<p>En Wildlife Park 2 \u2013 Crazy Zoo ser\u00e1s responsable de todo, desde el cuidado de los animales hasta las finanzas del parque. Puedes elegir jugar en un solo jugador, donde puedes tomarte tu tiempo para desarrollar tu zool\u00f3gico, o puedes desafiar a tus amigos en el modo multijugador, donde puedes competir para crear el parque m\u00e1s exitoso. El juego ofrece una variedad de misiones y escenarios que te mantendr\u00e1n involucrado y motivado para mejorar tu zool\u00f3gico.<\/p>\n<p>Para aprovechar al m\u00e1ximo su experiencia, es importante comprender las necesidades de los animales y crear un ambiente que promueva su bienestar. Aseg\u00farese de tener las instalaciones adecuadas, como estaciones de alimentaci\u00f3n y \u00e1reas de juego, y tenga en cuenta c\u00f3mo puede atraer m\u00e1s visitantes. Una buena estrategia es centrarse en crear experiencias \u00fanicas para sus invitados, que pueden incluir espect\u00e1culos con animales y actividades interactivas.<\/p>\n<p>Si buscas consejos y trucos, considera experimentar con diferentes especies animales y sus relaciones. Algunos animales prosperan mejor juntos que otros y puede resultar ventajoso crear recintos mixtos. Recuerda tambi\u00e9n estar atento a tus finanzas; un parque bien planificado puede convertirse r\u00e1pidamente en un \u00e9xito financiero.<\/p>\n<p>Cheap Codes te ofrece la oportunidad de hacerte con tu cd key de Wildlife Park 2 - Crazy Zoo para que puedas iniciar tu aventura en el mundo de los animales. Si buscas algo m\u00e1s, compra el nuestro. <a href=\"https:\/\/billige-koder.dk\/es\/produkt\/tarjeta-de-regalo-para-vapor\/\" data-internallinksmanager029f6b8e52c=\"2\" title=\"Tarjeta de regalo para Steam\">tarjeta de regalo para Steam<\/a> y acceda a una gran cantidad de juegos y entretenimiento.<\/p>","protected":false},"excerpt":{"rendered":"<p>Compra una clave de CD para Wildlife Park 2 \u2013 Crazy Zoo Steam Gift GLOBAL<\/p>","protected":false},"featured_media":24471,"comment_status":"closed","ping_status":"closed","template":"","meta":{"powered_cache_disable_cache":false,"powered_cache_disable_lazyload":false,"powered_cache_disable_css_optimization":false,"powered_cache_disable_js_optimization":false},"product_brand":[],"product_cat":[256],"product_tag":[40],"class_list":{"0":"post-24470","1":"product","2":"type-product","3":"status-publish","4":"has-post-thumbnail","6":"product_cat-cd-key","7":"product_tag-cd-key","9":"first","10":"instock","11":"taxable","12":"shipping-taxable","13":"product-type-external"},"yoast_head":"<!-- This site is optimized with the Yoast SEO plugin v27.5 - https:\/\/yoast.com\/product\/yoast-seo-wordpress\/ -->\n<title>Wildlife Park 2 - Crazy Zoo Steam Gift GLOBAL - Billige-Koder.dk<\/title>\n<meta name=\"robots\" content=\"index, follow, max-snippet:-1, max-image-preview:large, max-video-preview:-1\" \/>\n<link rel=\"canonical\" href=\"https:\/\/billige-koder.dk\/es\/produkt\/parque-de-vida-silvestre-2-zoologico-loco-regalo-de-vapor-global\/\" \/>\n<meta property=\"og:locale\" content=\"es_ES\" \/>\n<meta property=\"og:type\" content=\"article\" \/>\n<meta property=\"og:title\" content=\"Wildlife Park 2 - Crazy Zoo Steam Gift GLOBAL - Billige-Koder.dk\" \/>\n<meta property=\"og:description\" content=\"K\u00f8b en cd-key til Wildlife Park 2 - Crazy Zoo Steam Gift GLOBAL\" \/>\n<meta property=\"og:url\" content=\"https:\/\/billige-koder.dk\/es\/produkt\/parque-de-vida-silvestre-2-zoologico-loco-regalo-de-vapor-global\/\" \/>\n<meta property=\"og:site_name\" content=\"Billige-Koder.dk\" \/>\n<meta property=\"article:modified_time\" content=\"2024-08-19T12:06:24+00:00\" \/>\n<meta property=\"og:image\" content=\"https:\/\/billige-koder.dk\/wp-content\/uploads\/2024\/08\/Wildlife-Park-2-Crazy-Zoo-Steam-Gift-GLOBAL.jpg\" \/>\n\t<meta property=\"og:image:width\" content=\"300\" \/>\n\t<meta property=\"og:image:height\" content=\"400\" \/>\n\t<meta property=\"og:image:type\" content=\"image\/jpeg\" \/>\n<meta name=\"twitter:card\" content=\"summary_large_image\" \/>\n<meta name=\"twitter:label1\" content=\"Tiempo de lectura\" \/>\n\t<meta name=\"twitter:data1\" content=\"2 minutos\" \/>\n<!-- \/ Yoast SEO plugin. -->","yoast_head_json":{"title":"Wildlife Park 2 - Regalo de Crazy Zoo Steam GLOBAL - Billige-Koder.dk","robots":{"index":"index","follow":"follow","max-snippet":"max-snippet:-1","max-image-preview":"max-image-preview:large","max-video-preview":"max-video-preview:-1"},"canonical":"https:\/\/billige-koder.dk\/es\/produkt\/parque-de-vida-silvestre-2-zoologico-loco-regalo-de-vapor-global\/","og_locale":"es_ES","og_type":"article","og_title":"Wildlife Park 2 - Crazy Zoo Steam Gift GLOBAL - Billige-Koder.dk","og_description":"K\u00f8b en cd-key til Wildlife Park 2 - Crazy Zoo Steam Gift GLOBAL","og_url":"https:\/\/billige-koder.dk\/es\/produkt\/parque-de-vida-silvestre-2-zoologico-loco-regalo-de-vapor-global\/","og_site_name":"Billige-Koder.dk","article_modified_time":"2024-08-19T12:06:24+00:00","og_image":[{"width":300,"height":400,"url":"https:\/\/billige-koder.dk\/wp-content\/uploads\/2024\/08\/Wildlife-Park-2-Crazy-Zoo-Steam-Gift-GLOBAL.jpg","type":"image\/jpeg"}],"twitter_card":"summary_large_image","twitter_misc":{"Tiempo de lectura":"2 minutos"},"schema":{"@context":"https:\/\/schema.org","@graph":[]}},"_links":{"self":[{"href":"https:\/\/billige-koder.dk\/es\/wp-json\/wp\/v2\/product\/24470","targetHints":{"allow":["GET"]}}],"collection":[{"href":"https:\/\/billige-koder.dk\/es\/wp-json\/wp\/v2\/product"}],"about":[{"href":"https:\/\/billige-koder.dk\/es\/wp-json\/wp\/v2\/types\/product"}],"replies":[{"embeddable":true,"href":"https:\/\/billige-koder.dk\/es\/wp-json\/wp\/v2\/comments?post=24470"}],"wp:featuredmedia":[{"embeddable":true,"href":"https:\/\/billige-koder.dk\/es\/wp-json\/wp\/v2\/media\/24471"}],"wp:attachment":[{"href":"https:\/\/billige-koder.dk\/es\/wp-json\/wp\/v2\/media?parent=24470"}],"wp:term":[{"taxonomy":"product_brand","embeddable":true,"href":"https:\/\/billige-koder.dk\/es\/wp-json\/wp\/v2\/product_brand?post=24470"},{"taxonomy":"product_cat","embeddable":true,"href":"https:\/\/billige-koder.dk\/es\/wp-json\/wp\/v2\/product_cat?post=24470"},{"taxonomy":"product_tag","embeddable":true,"href":"https:\/\/billige-koder.dk\/es\/wp-json\/wp\/v2\/product_tag?post=24470"}],"curies":[{"name":"wp","href":"https:\/\/api.w.org\/{rel}","templated":true}]}}