{"id":24468,"date":"2024-08-10T00:00:00","date_gmt":"2024-08-09T22:00:00","guid":{"rendered":"https:\/\/billige-koder.dk\/?post_type=product&#038;p=24468"},"modified":"2024-08-19T14:06:24","modified_gmt":"2024-08-19T12:06:24","slug":"dream-daddy-a-dad-dating-simulator-steam-gift-global","status":"publish","type":"product","link":"https:\/\/billige-koder.dk\/es\/produkt\/dream-daddy-a-dad-dating-simulator-steam-gift-global\/","title":{"rendered":"Dream Daddy: A Dad Dating Simulator Steam Gift GLOBAL"},"content":{"rendered":"<h2>Experimenta el amor en Dream Daddy: un simulador de citas para pap\u00e1s<\/h2>\n<p>Entra en un mundo de romance y humor con Dream Daddy: A Dad Dating Simulator. Este juego \u00fanico te permite asumir el papel de un padre que navega en la vida amorosa mientras intenta encontrar el amor entre otros padres. El juego combina personajes divertidos, momentos conmovedores y una variedad de opciones que dan forma a tu experiencia.<\/p>\n<p>En Dream Daddy podr\u00e1s crear tu propio personaje y elegir c\u00f3mo quieres interactuar con los diferentes padres del barrio. Cada pap\u00e1 tiene su propia personalidad e historia, lo que te permite explorar diferentes opciones de citas. El juego est\u00e1 dise\u00f1ado para ser entretenido y estimulante, lo que lo convierte en una experiencia perfecta para aquellos que buscan sumergirse en un mundo narrativo.<\/p>\n<p>Puedes jugar solo y concentrarte en desarrollar tu car\u00e1cter y tus relaciones, o puedes invitar a amigos a unirse a tu viaje. Ya sea que elijas jugar solo o con otros, encontrar\u00e1s muchos momentos divertidos e inesperados. El juego tambi\u00e9n ofrece diferentes finales seg\u00fan tus elecciones, lo que aumenta el valor de repetici\u00f3n.<\/p>\n<p>Para aprovechar al m\u00e1ximo tu experiencia, puede ser una buena idea tomar notas sobre los diferentes personajes y sus preferencias. Esto le ayudar\u00e1 a tomar las decisiones correctas al interactuar con ellos. Si bien no existen c\u00f3digos de trucos tradicionales, puedes encontrar consejos y trucos en l\u00ednea que pueden guiarte hacia las mejores oportunidades de citas.<\/p>\n<p>Dream Daddy: A Dad Dating Simulator no es solo un juego; es un viaje a trav\u00e9s de la amistad, el amor y los v\u00ednculos familiares. Con Cheap Codes puedes tomar tu clave de CD y comenzar tu aventura hoy. \u00bfEst\u00e1s buscando algo m\u00e1s? As\u00ed que compra el nuestro <a href=\"https:\/\/billige-koder.dk\/es\/produkt\/tarjeta-de-regalo-para-vapor\/\" data-internallinksmanager029f6b8e52c=\"2\" title=\"Tarjeta de regalo para Steam\">tarjeta de regalo para Steam<\/a> \u00a1Y explora a\u00fan m\u00e1s juegos fant\u00e1sticos!<\/p>","protected":false},"excerpt":{"rendered":"<p>K\u00f8b en cd-key til Dream Daddy: A Dad Dating Simulator Steam Gift GLOBAL<\/p>","protected":false},"featured_media":24469,"comment_status":"closed","ping_status":"closed","template":"","meta":{"powered_cache_disable_cache":false,"powered_cache_disable_lazyload":false,"powered_cache_disable_css_optimization":false,"powered_cache_disable_js_optimization":false},"product_brand":[],"product_cat":[256],"product_tag":[40],"class_list":{"0":"post-24468","1":"product","2":"type-product","3":"status-publish","4":"has-post-thumbnail","6":"product_cat-cd-key","7":"product_tag-cd-key","9":"first","10":"instock","11":"taxable","12":"shipping-taxable","13":"product-type-external"},"yoast_head":"<!-- This site is optimized with the Yoast SEO plugin v27.6 - https:\/\/yoast.com\/product\/yoast-seo-wordpress\/ -->\n<title>Dream Daddy: A Dad Dating Simulator Steam Gift GLOBAL - Billige-Koder.dk<\/title>\n<meta name=\"robots\" content=\"index, follow, max-snippet:-1, max-image-preview:large, max-video-preview:-1\" \/>\n<link rel=\"canonical\" href=\"https:\/\/billige-koder.dk\/es\/\u0645\u0646\u062a\u062c\/dream-daddy-a-dad-dating-simulator-steam-gift-global\/\" \/>\n<meta property=\"og:locale\" content=\"es_ES\" \/>\n<meta property=\"og:type\" content=\"article\" \/>\n<meta property=\"og:title\" content=\"Dream Daddy: A Dad Dating Simulator Steam Gift GLOBAL - Billige-Koder.dk\" \/>\n<meta property=\"og:description\" content=\"K\u00f8b en cd-key til Dream Daddy: A Dad Dating Simulator Steam Gift GLOBAL\" \/>\n<meta property=\"og:url\" content=\"https:\/\/billige-koder.dk\/es\/\u0645\u0646\u062a\u062c\/dream-daddy-a-dad-dating-simulator-steam-gift-global\/\" \/>\n<meta property=\"og:site_name\" content=\"Billige-Koder.dk\" \/>\n<meta property=\"article:modified_time\" content=\"2024-08-19T12:06:24+00:00\" \/>\n<meta property=\"og:image\" content=\"https:\/\/billige-koder.dk\/wp-content\/uploads\/2024\/08\/Dream-Daddy-A-Dad-Dating-Simulator-Steam-Gift-GLOBAL.jpg\" \/>\n\t<meta property=\"og:image:width\" content=\"300\" \/>\n\t<meta property=\"og:image:height\" content=\"400\" \/>\n\t<meta property=\"og:image:type\" content=\"image\/jpeg\" \/>\n<meta name=\"twitter:card\" content=\"summary_large_image\" \/>\n<meta name=\"twitter:label1\" content=\"Tiempo de lectura\" \/>\n\t<meta name=\"twitter:data1\" content=\"2 minutos\" \/>\n<!-- \/ Yoast SEO plugin. -->","yoast_head_json":{"title":"Dream Daddy: A Dad Dating Simulator Steam Gift GLOBAL - Billige-Koder.dk","robots":{"index":"index","follow":"follow","max-snippet":"max-snippet:-1","max-image-preview":"max-image-preview:large","max-video-preview":"max-video-preview:-1"},"canonical":"https:\/\/billige-koder.dk\/es\/\u0645\u0646\u062a\u062c\/dream-daddy-a-dad-dating-simulator-steam-gift-global\/","og_locale":"es_ES","og_type":"article","og_title":"Dream Daddy: A Dad Dating Simulator Steam Gift GLOBAL - Billige-Koder.dk","og_description":"K\u00f8b en cd-key til Dream Daddy: A Dad Dating Simulator Steam Gift GLOBAL","og_url":"https:\/\/billige-koder.dk\/es\/\u0645\u0646\u062a\u062c\/dream-daddy-a-dad-dating-simulator-steam-gift-global\/","og_site_name":"Billige-Koder.dk","article_modified_time":"2024-08-19T12:06:24+00:00","og_image":[{"width":300,"height":400,"url":"https:\/\/billige-koder.dk\/wp-content\/uploads\/2024\/08\/Dream-Daddy-A-Dad-Dating-Simulator-Steam-Gift-GLOBAL.jpg","type":"image\/jpeg"}],"twitter_card":"summary_large_image","twitter_misc":{"Tiempo de lectura":"2 minutos"},"schema":{"@context":"https:\/\/schema.org","@graph":[]}},"_links":{"self":[{"href":"https:\/\/billige-koder.dk\/es\/wp-json\/wp\/v2\/product\/24468","targetHints":{"allow":["GET"]}}],"collection":[{"href":"https:\/\/billige-koder.dk\/es\/wp-json\/wp\/v2\/product"}],"about":[{"href":"https:\/\/billige-koder.dk\/es\/wp-json\/wp\/v2\/types\/product"}],"replies":[{"embeddable":true,"href":"https:\/\/billige-koder.dk\/es\/wp-json\/wp\/v2\/comments?post=24468"}],"wp:featuredmedia":[{"embeddable":true,"href":"https:\/\/billige-koder.dk\/es\/wp-json\/wp\/v2\/media\/24469"}],"wp:attachment":[{"href":"https:\/\/billige-koder.dk\/es\/wp-json\/wp\/v2\/media?parent=24468"}],"wp:term":[{"taxonomy":"product_brand","embeddable":true,"href":"https:\/\/billige-koder.dk\/es\/wp-json\/wp\/v2\/product_brand?post=24468"},{"taxonomy":"product_cat","embeddable":true,"href":"https:\/\/billige-koder.dk\/es\/wp-json\/wp\/v2\/product_cat?post=24468"},{"taxonomy":"product_tag","embeddable":true,"href":"https:\/\/billige-koder.dk\/es\/wp-json\/wp\/v2\/product_tag?post=24468"}],"curies":[{"name":"wp","href":"https:\/\/api.w.org\/{rel}","templated":true}]}}