{"id":15614,"date":"2024-08-10T00:00:00","date_gmt":"2024-08-09T22:00:00","guid":{"rendered":"https:\/\/billige-koder.dk\/?post_type=product&#038;p=15614"},"modified":"2024-08-19T13:25:09","modified_gmt":"2024-08-19T11:25:09","slug":"alaloth-champions-of-the-four-kingdoms-pc-steam-cd-key-global","status":"publish","type":"product","link":"https:\/\/billige-koder.dk\/es\/produkt\/campeones-alaloth-de-los-cuatro-reinos-pc-steam-cd-key-global\/","title":{"rendered":"Alaloth: Campeones de los Cuatro Reinos (PC) \u2013 Clave de CD de Steam \u2013 GLOBAL"},"content":{"rendered":"<h2>Alaloth: Campeones de los Cuatro Reinos<\/h2>\n<p>Experimenta un viaje \u00e9pico en Alaloth: Champions of the Four Kingdoms, un juego de rol lleno de acci\u00f3n que combina profundidad y estrategia en un impresionante mundo de fantas\u00eda. Desarrollado por un equipo talentoso, el juego ofrece una rica historia en la que puedes elegir tu propio destino como uno de los muchos h\u00e9roes. <\/p>\n<p>En Alaloth, entras en un mundo caracterizado por la guerra y la magia, donde cuatro reinos luchan por el poder. Navegar\u00e1s por un mundo abierto donde cada decisi\u00f3n tiene consecuencias. Explora las diferentes regiones, conoce personajes \u00fanicos y participa en intensas batallas tanto contra monstruos como contra otros jugadores. <\/p>\n<p>El juego te permite personalizar tu personaje con diferentes habilidades y equipos para crear el guerrero, mago o asesino perfecto. Puedes optar por jugar solo o formar alianzas con otros jugadores para afrontar los desaf\u00edos m\u00e1s dif\u00edciles. Alaloth tambi\u00e9n ofrece un mecanismo de elaboraci\u00f3n profundo donde puedes crear y mejorar tu equipo, agregando una dimensi\u00f3n adicional al juego.<\/p>\n<p>Los gr\u00e1ficos de Alaloth son impresionantes, con entornos detallados y un hermoso estilo art\u00edstico que da vida al mundo fant\u00e1stico. La banda sonora y los efectos de sonido del juego se suman a la experiencia inmersiva que te mantendr\u00e1 entretenido durante horas.<\/p>\n<p>Con su combinaci\u00f3n de acci\u00f3n, estrategia y desarrollo profundo de personajes, Alaloth: Champions of the Four Kingdoms es imprescindible para cualquier entusiasta de los juegos de rol. No pierdas la oportunidad de experimentar este incre\u00edble juego. <\/p>\n<p>Compra hoy tu clave de CD en Billige Koder y sum\u00e9rgete en un mundo lleno de aventuras y desaf\u00edos. Si buscas algo m\u00e1s, compra el nuestro. <a href=\"https:\/\/billige-koder.dk\/es\/produkt\/tarjeta-de-regalo-para-vapor\/\" data-internallinksmanager029f6b8e52c=\"2\" title=\"Tarjeta de regalo para Steam\">tarjeta de regalo para Steam<\/a>.<\/p>","protected":false},"excerpt":{"rendered":"<p>Compre una clave de CD para Alaloth: Champions of the Four Kingdoms (PC) - Clave de CD de Steam - GLOBAL<\/p>","protected":false},"featured_media":15615,"comment_status":"closed","ping_status":"closed","template":"","meta":{"powered_cache_disable_cache":false,"powered_cache_disable_lazyload":false,"powered_cache_disable_css_optimization":false,"powered_cache_disable_js_optimization":false},"product_brand":[],"product_cat":[256],"product_tag":[40],"class_list":{"0":"post-15614","1":"product","2":"type-product","3":"status-publish","4":"has-post-thumbnail","6":"product_cat-cd-key","7":"product_tag-cd-key","9":"first","10":"instock","11":"taxable","12":"shipping-taxable","13":"product-type-external"},"yoast_head":"<!-- This site is optimized with the Yoast SEO plugin v27.5 - https:\/\/yoast.com\/product\/yoast-seo-wordpress\/ -->\n<title>Alaloth: Champions of the Four Kingdoms (PC) - Steam cd-key - GLOBAL - Billige-Koder.dk<\/title>\n<meta name=\"robots\" content=\"index, follow, max-snippet:-1, max-image-preview:large, max-video-preview:-1\" \/>\n<link rel=\"canonical\" href=\"http:\/\/billige-koder.dk\/es\/produkt\/alaloth-champions-of-the-four-kingdoms-pc-steam-cd-key-global\/\" \/>\n<meta property=\"og:locale\" content=\"es_ES\" \/>\n<meta property=\"og:type\" content=\"article\" \/>\n<meta property=\"og:title\" content=\"Alaloth: Champions of the Four Kingdoms (PC) - Steam cd-key - GLOBAL - Billige-Koder.dk\" \/>\n<meta property=\"og:description\" content=\"K\u00f8b en cd-key til Alaloth: Champions of the Four Kingdoms (PC) - Steam cd-key - GLOBAL\" \/>\n<meta property=\"og:url\" content=\"http:\/\/billige-koder.dk\/es\/produkt\/alaloth-champions-of-the-four-kingdoms-pc-steam-cd-key-global\/\" \/>\n<meta property=\"og:site_name\" content=\"Billige-Koder.dk\" \/>\n<meta property=\"article:modified_time\" content=\"2024-08-19T11:25:09+00:00\" \/>\n<meta property=\"og:image\" content=\"http:\/\/billige-koder.dk\/wp-content\/uploads\/2024\/08\/Alaloth-Champions-of-the-Four-Kingdoms-PC-Steam-Key-GLOBAL.jpg\" \/>\n\t<meta property=\"og:image:width\" content=\"300\" \/>\n\t<meta property=\"og:image:height\" content=\"400\" \/>\n\t<meta property=\"og:image:type\" content=\"image\/jpeg\" \/>\n<meta name=\"twitter:card\" content=\"summary_large_image\" \/>\n<meta name=\"twitter:label1\" content=\"Tiempo de lectura\" \/>\n\t<meta name=\"twitter:data1\" content=\"1 minuto\" \/>\n<!-- \/ Yoast SEO plugin. -->","yoast_head_json":{"title":"Alaloth: Campeones de los Cuatro Reinos (PC) - Clave de CD de Steam - GLOBAL - Billige-Koder.dk","robots":{"index":"index","follow":"follow","max-snippet":"max-snippet:-1","max-image-preview":"max-image-preview:large","max-video-preview":"max-video-preview:-1"},"canonical":"http:\/\/billige-koder.dk\/es\/produkt\/alaloth-champions-of-the-four-kingdoms-pc-steam-cd-key-global\/","og_locale":"es_ES","og_type":"article","og_title":"Alaloth: Champions of the Four Kingdoms (PC) - Steam cd-key - GLOBAL - Billige-Koder.dk","og_description":"K\u00f8b en cd-key til Alaloth: Champions of the Four Kingdoms (PC) - Steam cd-key - GLOBAL","og_url":"http:\/\/billige-koder.dk\/es\/produkt\/alaloth-champions-of-the-four-kingdoms-pc-steam-cd-key-global\/","og_site_name":"Billige-Koder.dk","article_modified_time":"2024-08-19T11:25:09+00:00","og_image":[{"width":300,"height":400,"url":"http:\/\/billige-koder.dk\/wp-content\/uploads\/2024\/08\/Alaloth-Champions-of-the-Four-Kingdoms-PC-Steam-Key-GLOBAL.jpg","type":"image\/jpeg"}],"twitter_card":"summary_large_image","twitter_misc":{"Tiempo de lectura":"1 minuto"},"schema":{"@context":"https:\/\/schema.org","@graph":[]}},"_links":{"self":[{"href":"https:\/\/billige-koder.dk\/es\/wp-json\/wp\/v2\/product\/15614","targetHints":{"allow":["GET"]}}],"collection":[{"href":"https:\/\/billige-koder.dk\/es\/wp-json\/wp\/v2\/product"}],"about":[{"href":"https:\/\/billige-koder.dk\/es\/wp-json\/wp\/v2\/types\/product"}],"replies":[{"embeddable":true,"href":"https:\/\/billige-koder.dk\/es\/wp-json\/wp\/v2\/comments?post=15614"}],"wp:featuredmedia":[{"embeddable":true,"href":"https:\/\/billige-koder.dk\/es\/wp-json\/wp\/v2\/media\/15615"}],"wp:attachment":[{"href":"https:\/\/billige-koder.dk\/es\/wp-json\/wp\/v2\/media?parent=15614"}],"wp:term":[{"taxonomy":"product_brand","embeddable":true,"href":"https:\/\/billige-koder.dk\/es\/wp-json\/wp\/v2\/product_brand?post=15614"},{"taxonomy":"product_cat","embeddable":true,"href":"https:\/\/billige-koder.dk\/es\/wp-json\/wp\/v2\/product_cat?post=15614"},{"taxonomy":"product_tag","embeddable":true,"href":"https:\/\/billige-koder.dk\/es\/wp-json\/wp\/v2\/product_tag?post=15614"}],"curies":[{"name":"wp","href":"https:\/\/api.w.org\/{rel}","templated":true}]}}