{"id":544,"date":"2018-03-01T16:23:52","date_gmt":"2018-03-01T15:23:52","guid":{"rendered":"http:\/\/billige-koder.dk\/?post_type=product&#038;p=544"},"modified":"2024-08-19T12:16:19","modified_gmt":"2024-08-19T10:16:19","slug":"the-sims-4-jungle-adventure-cd-key","status":"publish","type":"product","link":"https:\/\/billige-koder.dk\/en\/produkt\/the-sims-4-jungle-adventure-cd-key\/","title":{"rendered":"The Sims 4 - Jungle Adventure - CD Key"},"content":{"rendered":"<p>We also have game codes for other platforms such as Steam, Battle.net and Uplay. Start the jungle adventure today!<\/p>\n<h2>The Sims 4 Jungle Adventure headset competition<\/h2>\n<p>Also win a The Sims 4 headset by entering our contest in conjunction with the Jungle Adventure release!<\/p>\n<p>We want to spread this news to Danish communities in Denmark that deal with The Sims, so that more people get a chance to participate in the competition. We point out again that this is a Danish competition.<\/p>\n<p>By subscribing, you are automatically entered into the draw for a The Sims 4 Headset. We will draw lots at the earliest when there are 1000 subscribers:<\/p>\n<p><script src=\"https:\/\/apis.google.com\/js\/platform.js\"><\/script><\/p>\n<div class=\"g-ytsubscribe\" data-channel=\"mixzer0gaming\" data-layout=\"full\" data-theme=\"dark\" data-count=\"default\"><\/div>","protected":false},"excerpt":{"rendered":"<p>Buy The Sims 4 Jungle Adventure from us. You get FREE and FAST delivery of your CD key for Origin.<\/p>\n<p>By subscribing to the YouTube Channel further down the page, you are also in the draw for a The Sims 4 headset.<\/p>","protected":false},"featured_media":545,"comment_status":"open","ping_status":"closed","template":"","meta":{"powered_cache_disable_cache":false,"powered_cache_disable_lazyload":false,"powered_cache_disable_css_optimization":false,"powered_cache_disable_js_optimization":false},"product_brand":[],"product_cat":[44],"product_tag":[53,91],"class_list":{"0":"post-544","1":"product","2":"type-product","3":"status-publish","4":"has-post-thumbnail","6":"product_cat-pc","7":"product_tag-origin","8":"product_tag-the-sims","10":"first","11":"instock","12":"taxable","13":"shipping-taxable","14":"product-type-external"},"yoast_head":"<!-- This site is optimized with the Yoast SEO plugin v27.5 - https:\/\/yoast.com\/product\/yoast-seo-wordpress\/ -->\n<title>The Sims 4 - Jungle Adventure - cd-key - Billige-Koder.dk<\/title>\n<meta name=\"description\" content=\"K\u00f8b The Sims 4 Jungle Adventure \/ junlgeeventyr hos os. Du f\u00e5r GRATIS og HURTIG levering p\u00e5 din cd-key til Origin. Vi har ogs\u00e5 spilkoder til andre platforme s\u00e5som Steam, Battle.net og Uplay. Vind ogs\u00e5 et The Sims 4 headset ved at deltage i vores konkurrence. Husk billigt og pris - Kom p\u00e5 jungle eventyr i dag!\" \/>\n<meta name=\"robots\" content=\"index, follow, max-snippet:-1, max-image-preview:large, max-video-preview:-1\" \/>\n<link rel=\"canonical\" href=\"https:\/\/billige-koder.dk\/en\/produkt\/the-sims-4-jungle-adventure-cd-key\/\" \/>\n<meta property=\"og:locale\" content=\"en_US\" \/>\n<meta property=\"og:type\" content=\"article\" \/>\n<meta property=\"og:title\" content=\"The Sims 4 - Jungle Adventure - cd-key - Billige-Koder.dk\" \/>\n<meta property=\"og:description\" content=\"K\u00f8b The Sims 4 Jungle Adventure \/ junlgeeventyr hos os. Du f\u00e5r GRATIS og HURTIG levering p\u00e5 din cd-key til Origin. Vi har ogs\u00e5 spilkoder til andre platforme s\u00e5som Steam, Battle.net og Uplay. Vind ogs\u00e5 et The Sims 4 headset ved at deltage i vores konkurrence. Husk billigt og pris - Kom p\u00e5 jungle eventyr i dag!\" \/>\n<meta property=\"og:url\" content=\"https:\/\/billige-koder.dk\/en\/produkt\/the-sims-4-jungle-adventure-cd-key\/\" \/>\n<meta property=\"og:site_name\" content=\"Billige-Koder.dk\" \/>\n<meta property=\"article:modified_time\" content=\"2024-08-19T10:16:19+00:00\" \/>\n<meta property=\"og:image\" content=\"https:\/\/billige-koder.dk\/wp-content\/uploads\/2018\/03\/2018-03-01-16_27_48-Explore-the-Jungle-in-New-Sims-4-Jungle-Adventure-Trailer-_-Hardcore-Gamer.png\" \/>\n\t<meta property=\"og:image:width\" content=\"672\" \/>\n\t<meta property=\"og:image:height\" content=\"762\" \/>\n\t<meta property=\"og:image:type\" content=\"image\/png\" \/>\n<meta name=\"twitter:card\" content=\"summary_large_image\" \/>\n<meta name=\"twitter:label1\" content=\"Est. reading time\" \/>\n\t<meta name=\"twitter:data1\" content=\"1 minute\" \/>\n<!-- \/ Yoast SEO plugin. -->","yoast_head_json":{"title":"The Sims 4 - Jungle Adventure - cd-key - Billige-Koder.dk","description":"Buy The Sims 4 Jungle Adventure from us. You get FREE and FAST delivery of your CD key for Origin. We also have game codes for other platforms such as Steam, Battle.net and Uplay. Also win a The Sims 4 headset by entering our competition. Remember cheap and price - Come on a jungle adventure today!","robots":{"index":"index","follow":"follow","max-snippet":"max-snippet:-1","max-image-preview":"max-image-preview:large","max-video-preview":"max-video-preview:-1"},"canonical":"https:\/\/billige-koder.dk\/en\/produkt\/the-sims-4-jungle-adventure-cd-key\/","og_locale":"en_US","og_type":"article","og_title":"The Sims 4 - Jungle Adventure - cd-key - Billige-Koder.dk","og_description":"K\u00f8b The Sims 4 Jungle Adventure \/ junlgeeventyr hos os. Du f\u00e5r GRATIS og HURTIG levering p\u00e5 din cd-key til Origin. Vi har ogs\u00e5 spilkoder til andre platforme s\u00e5som Steam, Battle.net og Uplay. Vind ogs\u00e5 et The Sims 4 headset ved at deltage i vores konkurrence. Husk billigt og pris - Kom p\u00e5 jungle eventyr i dag!","og_url":"https:\/\/billige-koder.dk\/en\/produkt\/the-sims-4-jungle-adventure-cd-key\/","og_site_name":"Billige-Koder.dk","article_modified_time":"2024-08-19T10:16:19+00:00","og_image":[{"width":672,"height":762,"url":"https:\/\/billige-koder.dk\/wp-content\/uploads\/2018\/03\/2018-03-01-16_27_48-Explore-the-Jungle-in-New-Sims-4-Jungle-Adventure-Trailer-_-Hardcore-Gamer.png","type":"image\/png"}],"twitter_card":"summary_large_image","twitter_misc":{"Est. reading time":"1 minute"},"schema":{"@context":"https:\/\/schema.org","@graph":[]}},"_links":{"self":[{"href":"https:\/\/billige-koder.dk\/en\/wp-json\/wp\/v2\/product\/544","targetHints":{"allow":["GET"]}}],"collection":[{"href":"https:\/\/billige-koder.dk\/en\/wp-json\/wp\/v2\/product"}],"about":[{"href":"https:\/\/billige-koder.dk\/en\/wp-json\/wp\/v2\/types\/product"}],"replies":[{"embeddable":true,"href":"https:\/\/billige-koder.dk\/en\/wp-json\/wp\/v2\/comments?post=544"}],"wp:featuredmedia":[{"embeddable":true,"href":"https:\/\/billige-koder.dk\/en\/wp-json\/wp\/v2\/media\/545"}],"wp:attachment":[{"href":"https:\/\/billige-koder.dk\/en\/wp-json\/wp\/v2\/media?parent=544"}],"wp:term":[{"taxonomy":"product_brand","embeddable":true,"href":"https:\/\/billige-koder.dk\/en\/wp-json\/wp\/v2\/product_brand?post=544"},{"taxonomy":"product_cat","embeddable":true,"href":"https:\/\/billige-koder.dk\/en\/wp-json\/wp\/v2\/product_cat?post=544"},{"taxonomy":"product_tag","embeddable":true,"href":"https:\/\/billige-koder.dk\/en\/wp-json\/wp\/v2\/product_tag?post=544"}],"curies":[{"name":"wp","href":"https:\/\/api.w.org\/{rel}","templated":true}]}}