{"id":533,"date":"2018-02-24T12:33:07","date_gmt":"2018-02-24T11:33:07","guid":{"rendered":"http:\/\/billige-koder.dk\/?post_type=product&#038;p=533"},"modified":"2024-08-19T12:16:17","modified_gmt":"2024-08-19T10:16:17","slug":"playstation-plus-card-psn-denmark-90-days","status":"publish","type":"product","link":"https:\/\/billige-koder.dk\/en\/produkt\/playstation-plus-card-psn-denmark-90-days\/","title":{"rendered":"Playstation Plus CARD PSN DENMARK 90 Days at a low price"},"content":{"rendered":"<h3>Playstation Plus CARD PSN for Danish Playstation in Denmark for 90 days at a low price<\/h3>\n<h3>Click on &quot;see price&quot; to see all our variants with our partner. PS Plus Denmark at a super low price because we use a foreign supplier who delivers quickly by email.<\/h3>\n<h4>We are in favor of codes cheap with FAST and FREE delivery.<\/h4>\n<h5>Buy a cheap PS Plus code through our partners and have the code delivered via email. You get a low price and fast delivery so you can start playing. Our supplier makes it possible for you to buy as many PSN codes as you want.<\/h5>","protected":false},"excerpt":{"rendered":"<p>Buy Playstation Plus CARD PSN DENMARK 90 Days with cheap codes. You will receive the Code QUICKLY AND FREE delivered immediately by e-mail!<\/p>","protected":false},"featured_media":534,"comment_status":"open","ping_status":"closed","template":"","meta":{"powered_cache_disable_cache":false,"powered_cache_disable_lazyload":false,"powered_cache_disable_css_optimization":false,"powered_cache_disable_js_optimization":false},"product_brand":[],"product_cat":[97],"product_tag":[92,98,93],"class_list":{"0":"post-533","1":"product","2":"type-product","3":"status-publish","4":"has-post-thumbnail","6":"product_cat-playstation","7":"product_tag-billigt","8":"product_tag-playstation","9":"product_tag-pris","11":"first","12":"instock","13":"taxable","14":"shipping-taxable","15":"product-type-external"},"yoast_head":"<!-- This site is optimized with the Yoast SEO plugin v27.5 - https:\/\/yoast.com\/product\/yoast-seo-wordpress\/ -->\n<title>Playstation Plus CARD PSN DENMARK 90 Days til en lav pris<\/title>\n<meta name=\"robots\" content=\"index, follow, max-snippet:-1, max-image-preview:large, max-video-preview:-1\" \/>\n<link rel=\"canonical\" href=\"https:\/\/billige-koder.dk\/en\/produkt\/playstation-plus-kort-psn-danmark-90-dagar\/\" \/>\n<meta property=\"og:locale\" content=\"en_US\" \/>\n<meta property=\"og:type\" content=\"article\" \/>\n<meta property=\"og:title\" content=\"Playstation Plus CARD PSN DENMARK 90 Days til en lav pris\" \/>\n<meta property=\"og:description\" content=\"K\u00f8b Playstation Plus CARD PSN DENMARK 90 Days hos billige koder. Du f\u00e5r Koden HURTIGT OG GRATIS leveret med det samme p\u00e5 e-mail!\" \/>\n<meta property=\"og:url\" content=\"https:\/\/billige-koder.dk\/en\/produkt\/playstation-plus-kort-psn-danmark-90-dagar\/\" \/>\n<meta property=\"og:site_name\" content=\"Billige-Koder.dk\" \/>\n<meta property=\"article:modified_time\" content=\"2024-08-19T10:16:17+00:00\" \/>\n<meta property=\"og:image\" content=\"https:\/\/billige-koder.dk\/wp-content\/uploads\/2018\/02\/2018-02-24-12_26_13-Playstation-Plus-CARD-PSN-90-Days-Google-s\u00f8gning.png\" \/>\n\t<meta property=\"og:image:width\" content=\"470\" \/>\n\t<meta property=\"og:image:height\" content=\"470\" \/>\n\t<meta property=\"og:image:type\" content=\"image\/png\" \/>\n<meta name=\"twitter:card\" content=\"summary_large_image\" \/>\n<meta name=\"twitter:label1\" content=\"Est. reading time\" \/>\n\t<meta name=\"twitter:data1\" content=\"1 minute\" \/>\n<!-- \/ Yoast SEO plugin. -->","yoast_head_json":{"title":"Playstation Plus CARD PSN DENMARK 90 Days at a low price","robots":{"index":"index","follow":"follow","max-snippet":"max-snippet:-1","max-image-preview":"max-image-preview:large","max-video-preview":"max-video-preview:-1"},"canonical":"https:\/\/billige-koder.dk\/en\/produkt\/playstation-plus-kort-psn-danmark-90-dagar\/","og_locale":"en_US","og_type":"article","og_title":"Playstation Plus CARD PSN DENMARK 90 Days til en lav pris","og_description":"K\u00f8b Playstation Plus CARD PSN DENMARK 90 Days hos billige koder. Du f\u00e5r Koden HURTIGT OG GRATIS leveret med det samme p\u00e5 e-mail!","og_url":"https:\/\/billige-koder.dk\/en\/produkt\/playstation-plus-kort-psn-danmark-90-dagar\/","og_site_name":"Billige-Koder.dk","article_modified_time":"2024-08-19T10:16:17+00:00","og_image":[{"width":470,"height":470,"url":"https:\/\/billige-koder.dk\/wp-content\/uploads\/2018\/02\/2018-02-24-12_26_13-Playstation-Plus-CARD-PSN-90-Days-Google-s\u00f8gning.png","type":"image\/png"}],"twitter_card":"summary_large_image","twitter_misc":{"Est. reading time":"1 minute"},"schema":{"@context":"https:\/\/schema.org","@graph":[]}},"_links":{"self":[{"href":"https:\/\/billige-koder.dk\/en\/wp-json\/wp\/v2\/product\/533","targetHints":{"allow":["GET"]}}],"collection":[{"href":"https:\/\/billige-koder.dk\/en\/wp-json\/wp\/v2\/product"}],"about":[{"href":"https:\/\/billige-koder.dk\/en\/wp-json\/wp\/v2\/types\/product"}],"replies":[{"embeddable":true,"href":"https:\/\/billige-koder.dk\/en\/wp-json\/wp\/v2\/comments?post=533"}],"wp:featuredmedia":[{"embeddable":true,"href":"https:\/\/billige-koder.dk\/en\/wp-json\/wp\/v2\/media\/534"}],"wp:attachment":[{"href":"https:\/\/billige-koder.dk\/en\/wp-json\/wp\/v2\/media?parent=533"}],"wp:term":[{"taxonomy":"product_brand","embeddable":true,"href":"https:\/\/billige-koder.dk\/en\/wp-json\/wp\/v2\/product_brand?post=533"},{"taxonomy":"product_cat","embeddable":true,"href":"https:\/\/billige-koder.dk\/en\/wp-json\/wp\/v2\/product_cat?post=533"},{"taxonomy":"product_tag","embeddable":true,"href":"https:\/\/billige-koder.dk\/en\/wp-json\/wp\/v2\/product_tag?post=533"}],"curies":[{"name":"wp","href":"https:\/\/api.w.org\/{rel}","templated":true}]}}