{"id":37717,"date":"2024-08-10T00:00:00","date_gmt":"2024-08-09T22:00:00","guid":{"rendered":"https:\/\/billige-koder.dk\/?post_type=product&#038;p=37717"},"modified":"2024-08-19T15:56:33","modified_gmt":"2024-08-19T13:56:33","slug":"sakura-clicker-present-outfit-steam-gift-ru-cis","status":"publish","type":"product","link":"https:\/\/billige-koder.dk\/en\/produkt\/sakura-clicker-present-outfit-steam-gift-ru-cis\/","title":{"rendered":"Sakura Clicker &#8211; Present Outfit Steam Gift RU\/CIS"},"content":{"rendered":"<h2>Sakura Clicker &#8211; Present Outfit<\/h2>\n<p>Oplev den farverige og underholdende verden i Sakura Clicker, et spil der kombinerer klikmekanik med en charmerende anime-\u00e6stetik. I dette spil f\u00e5r du mulighed for at interagere med s\u00f8de karakterer og samle forskellige outfits, der kan \u00e6ndre din spiloplevelse. Sakura Clicker er designet til b\u00e5de singleplayer og multiplayer, hvilket giver dig mulighed for at spille alene eller sammen med venner online.<\/p>\n<p>I Sakura Clicker er dit m\u00e5l at klikke p\u00e5 sk\u00e6rmen for at samle point og opgradere dine karakterer. Hver karakter har unikke evner, som du kan udnytte for at maksimere din effektivitet. Spillet tilbyder en r\u00e6kke forskellige strategier, s\u00e5 du kan finde den tilgang, der passer bedst til din spillestil. Du kan ogs\u00e5 finde og anvende snydekoder, der kan give dig en fordel i spillet, hvilket g\u00f8r det endnu mere sp\u00e6ndende.<\/p>\n<p>En af de mest tiltalende aspekter ved Sakura Clicker er dets evne til at engagere spillere med sin enkle, men vanedannende gameplay. Du kan tilpasse din oplevelse ved at v\u00e6lge forskellige outfits til dine karakterer, hvilket ikke kun \u00e6ndrer deres udseende, men ogs\u00e5 deres pr\u00e6stationer i spillet. Dette tilf\u00f8jer et ekstra lag af strategi, da du skal overveje, hvilke outfits der passer bedst til din spillestil.<\/p>\n<p>Sakura Clicker er tilg\u00e6ngeligt p\u00e5 Steam, hvilket g\u00f8r det nemt at f\u00e5 adgang til og spille. Uanset om du er en erfaren gamer eller nybegynder, vil du finde gl\u00e6de i dette spil, der kombinerer sjov og strategi. <\/p>\n<p>Are you looking for something else? So buy ours <a href=\"https:\/\/billige-koder.dk\/en\/produkt\/gift-card-for-steam\/\" data-internallinksmanager029f6b8e52c=\"2\" title=\"Gift card for Steam\">gift card for Steam<\/a> and explore even more great games!<\/p>","protected":false},"excerpt":{"rendered":"<p>K\u00f8b en cd-key til Sakura Clicker &#8211; Present Outfit Steam Gift RU\/CIS<\/p>","protected":false},"featured_media":37718,"comment_status":"closed","ping_status":"closed","template":"","meta":{"powered_cache_disable_cache":false,"powered_cache_disable_lazyload":false,"powered_cache_disable_css_optimization":false,"powered_cache_disable_js_optimization":false},"product_brand":[],"product_cat":[256],"product_tag":[40],"class_list":{"0":"post-37717","1":"product","2":"type-product","3":"status-publish","4":"has-post-thumbnail","6":"product_cat-cd-key","7":"product_tag-cd-key","9":"first","10":"instock","11":"taxable","12":"shipping-taxable","13":"product-type-external"},"yoast_head":"<!-- This site is optimized with the Yoast SEO plugin v27.5 - https:\/\/yoast.com\/product\/yoast-seo-wordpress\/ -->\n<title>Sakura Clicker - Present Outfit Steam Gift RU\/CIS - Billige-Koder.dk<\/title>\n<meta name=\"robots\" content=\"index, follow, max-snippet:-1, max-image-preview:large, max-video-preview:-1\" \/>\n<link rel=\"canonical\" href=\"https:\/\/billige-koder.dk\/en\/produkt\/sakura-clicker-present-outfit-steam-gift-ru-cis\/\" \/>\n<meta property=\"og:locale\" content=\"en_US\" \/>\n<meta property=\"og:type\" content=\"article\" \/>\n<meta property=\"og:title\" content=\"Sakura Clicker - Present Outfit Steam Gift RU\/CIS - Billige-Koder.dk\" \/>\n<meta property=\"og:description\" content=\"K\u00f8b en cd-key til Sakura Clicker - Present Outfit Steam Gift RU\/CIS\" \/>\n<meta property=\"og:url\" content=\"https:\/\/billige-koder.dk\/en\/produkt\/sakura-clicker-present-outfit-steam-gift-ru-cis\/\" \/>\n<meta property=\"og:site_name\" content=\"Billige-Koder.dk\" \/>\n<meta property=\"article:modified_time\" content=\"2024-08-19T13:56:33+00:00\" \/>\n<meta property=\"og:image\" content=\"https:\/\/billige-koder.dk\/wp-content\/uploads\/2024\/08\/Sakura-Clicker-Present-Outfit-Steam-Gift-RU-CIS.jpg\" \/>\n\t<meta property=\"og:image:width\" content=\"1281\" \/>\n\t<meta property=\"og:image:height\" content=\"1298\" \/>\n\t<meta property=\"og:image:type\" content=\"image\/jpeg\" \/>\n<meta name=\"twitter:card\" content=\"summary_large_image\" \/>\n<meta name=\"twitter:label1\" content=\"Est. reading time\" \/>\n\t<meta name=\"twitter:data1\" content=\"1 minute\" \/>\n<!-- \/ Yoast SEO plugin. -->","yoast_head_json":{"title":"Sakura Clicker - Present Outfit Steam Gift RU\/CIS - Billige-Koder.dk","robots":{"index":"index","follow":"follow","max-snippet":"max-snippet:-1","max-image-preview":"max-image-preview:large","max-video-preview":"max-video-preview:-1"},"canonical":"https:\/\/billige-koder.dk\/en\/produkt\/sakura-clicker-present-outfit-steam-gift-ru-cis\/","og_locale":"en_US","og_type":"article","og_title":"Sakura Clicker - Present Outfit Steam Gift RU\/CIS - Billige-Koder.dk","og_description":"K\u00f8b en cd-key til Sakura Clicker - Present Outfit Steam Gift RU\/CIS","og_url":"https:\/\/billige-koder.dk\/en\/produkt\/sakura-clicker-present-outfit-steam-gift-ru-cis\/","og_site_name":"Billige-Koder.dk","article_modified_time":"2024-08-19T13:56:33+00:00","og_image":[{"width":1281,"height":1298,"url":"https:\/\/billige-koder.dk\/wp-content\/uploads\/2024\/08\/Sakura-Clicker-Present-Outfit-Steam-Gift-RU-CIS.jpg","type":"image\/jpeg"}],"twitter_card":"summary_large_image","twitter_misc":{"Est. reading time":"1 minute"},"schema":{"@context":"https:\/\/schema.org","@graph":[]}},"_links":{"self":[{"href":"https:\/\/billige-koder.dk\/en\/wp-json\/wp\/v2\/product\/37717","targetHints":{"allow":["GET"]}}],"collection":[{"href":"https:\/\/billige-koder.dk\/en\/wp-json\/wp\/v2\/product"}],"about":[{"href":"https:\/\/billige-koder.dk\/en\/wp-json\/wp\/v2\/types\/product"}],"replies":[{"embeddable":true,"href":"https:\/\/billige-koder.dk\/en\/wp-json\/wp\/v2\/comments?post=37717"}],"wp:featuredmedia":[{"embeddable":true,"href":"https:\/\/billige-koder.dk\/en\/wp-json\/wp\/v2\/media\/37718"}],"wp:attachment":[{"href":"https:\/\/billige-koder.dk\/en\/wp-json\/wp\/v2\/media?parent=37717"}],"wp:term":[{"taxonomy":"product_brand","embeddable":true,"href":"https:\/\/billige-koder.dk\/en\/wp-json\/wp\/v2\/product_brand?post=37717"},{"taxonomy":"product_cat","embeddable":true,"href":"https:\/\/billige-koder.dk\/en\/wp-json\/wp\/v2\/product_cat?post=37717"},{"taxonomy":"product_tag","embeddable":true,"href":"https:\/\/billige-koder.dk\/en\/wp-json\/wp\/v2\/product_tag?post=37717"}],"curies":[{"name":"wp","href":"https:\/\/api.w.org\/{rel}","templated":true}]}}