{"id":343,"date":"2017-11-24T15:00:51","date_gmt":"2017-11-24T14:00:51","guid":{"rendered":"http:\/\/billige-koder.dk\/?post_type=product&#038;p=343"},"modified":"2024-08-19T12:15:56","modified_gmt":"2024-08-19T10:15:56","slug":"the-sims-4-vampyrer-vampires-udvidelsespakke","status":"publish","type":"product","link":"https:\/\/billige-koder.dk\/en\/produkt\/the-sims-4-vampires-vampires-expansion-pack\/","title":{"rendered":"The Sims 4 \u2013 Vampires \/ Vampires \u2013 expansion pack"},"content":{"rendered":"<p>Here you can make a purchase of The Sims 4 \u2013 Vampires \/ Vampires. We also have the original The Sims 4 package, which is required to install the expansion.<\/p>\n<h2>Everything you need to know about The Sims 4 Packs<\/h2>\n<p>Are you a fan of The Sims 4? Then you have come to the right place! The Sims 4 Packs offer a myriad of new options to expand your game and give your Sims a livelier and more meaningful experience. Here on this page we will give you a thorough review of everything you need to know about The Sims 4 Packs.<\/p>\n<h2>Endless possibilities to customize your Sims<\/h2>\n<p>The Sims 4 Packs offer a number of unique options to customize your Sims and give them a personal touch. You can choose from a wide range of new clothes and hairstyles, tattoos, accessories and much more. You can also expand your game with new buildings, furniture, kitchens, bathrooms and more. You can even give your Sims new career options and skills.<\/p>\n<h2>Expand your game with new events and holidays<\/h2>\n<p>The Sims 4 Packs also offer new events and vacations that allow your Sims to participate in a variety of fun activities. You can plan a wedding party, send your Sims on a vacation abroad, or have them attend a Halloween party. You will never get bored with so many new events and holidays to choose from!<\/p>\n<h2>Discover new lifestyles and subcultures<\/h2>\n<p>With Sims 4 Packs you can also experience new lifestyles and subcultures. You can take your Sims to a hippie festival, send them to a goth club, or let them experience a new culture in a foreign country. You&#039;ll never run out of new opportunities to expand your game and give your Sims a more lively experience.<\/p>\n<h2>Buy your Sims 4 Packs today<\/h2>\n<p>So what are you waiting for? Buy your Sims 4 Packs today and expand your game with a host of new options! You will never regret it! Take advantage of the many options and experience a livelier experience with your Sims.<\/p>\n<h2>Discover The Sims 4 at Billige-Koder.dk<\/h2>\n<p>Are you a fan of The Sims franchise? Do you want to take your Sims to new heights and have an even livelier and more meaningful experience? Then you have come to the right place! Here at Billige-Koder.dk we have countless The Sims 4 packages that will expand your game and give your Sims new opportunities to develop.<\/p>\n<h2>Endless possibilities for customization<\/h2>\n<p>The Sims 4 packs offer a wide range of unique options to customize your Sims and give them a personal touch. You can choose from a range of new clothes and hairstyles, tattoos, accessories and much more. You can also expand your game with new buildings, furniture, kitchens, bathrooms and more. You can even give your Sims new career opportunities and skills.<\/p>\n<h2>Discover new events and holidays<\/h2>\n<p>The Sims 4 packs also offer new events and vacations that allow your Sims to participate in a variety of fun activities. You can plan a wedding party, send your Sims on a vacation abroad, or have them attend a Halloween party. You will never get bored with so many new events and holidays to choose from!<\/p>\n<p>With The Sims 4 packs you can also experience new lifestyles and subcultures. You can take your Sims to a hippie festival, send them to a goth club, or let them experience a new culture in a foreign country. You&#039;ll never run out of new opportunities to expand your game and give your Sims a more vibrant experience.<\/p>\n<h2>Buy your The Sims 4 packs now<\/h2>\n<p>So what are you waiting for? Buy your The Sims 4 packs now and expand your game with a whole host of new options! You will never regret it! Take advantage of the many options and experience an even livelier experience with your Sims. Billige-Koder.dk guarantees the best prices, so you can experience The Sims 4 in a cheaper way than ever before. So hurry up and order your packages now!<\/p>","protected":false},"excerpt":{"rendered":"<p>Buy The Sims 4 \u2013 Vampires \/ Vampires as a CD key for Origin.<\/p>","protected":false},"featured_media":344,"comment_status":"open","ping_status":"closed","template":"","meta":{"powered_cache_disable_cache":false,"powered_cache_disable_lazyload":false,"powered_cache_disable_css_optimization":false,"powered_cache_disable_js_optimization":false},"product_brand":[],"product_cat":[44],"product_tag":[53,91],"class_list":{"0":"post-343","1":"product","2":"type-product","3":"status-publish","4":"has-post-thumbnail","6":"product_cat-pc","7":"product_tag-origin","8":"product_tag-the-sims","10":"first","11":"instock","12":"taxable","13":"shipping-taxable","14":"product-type-external"},"yoast_head":"<!-- This site is optimized with the Yoast SEO plugin v27.5 - https:\/\/yoast.com\/product\/yoast-seo-wordpress\/ -->\n<title>The Sims 4 - Vampyrer \/ Vampires - udvidelsespakke - Billige-Koder.dk<\/title>\n<meta name=\"description\" content=\"Her kan du foretage et k\u00f8b af\u00a0The Sims 4 - Vampyrer \/ Vampires. Vi har ogs\u00e5 den oprindelige The Sims 4 pakke, som er p\u00e5kr\u00e6vet for at kunne installere udvidelsen. Vores priser er som oftest billigere end de fleste danske butikker og webshops, fordi vi bruger udenlandske partnere. Klik for at se vores udvalg!\" \/>\n<meta name=\"robots\" content=\"index, follow, max-snippet:-1, max-image-preview:large, max-video-preview:-1\" \/>\n<link rel=\"canonical\" href=\"http:\/\/billige-koder.dk\/en\/producto\/los-sims-4-vampiros-paquete-de-expansion-vampiros\/\" \/>\n<meta property=\"og:locale\" content=\"en_US\" \/>\n<meta property=\"og:type\" content=\"article\" \/>\n<meta property=\"og:title\" content=\"The Sims 4 - Vampyrer \/ Vampires - udvidelsespakke - Billige-Koder.dk\" \/>\n<meta property=\"og:description\" content=\"Her kan du foretage et k\u00f8b af\u00a0The Sims 4 - Vampyrer \/ Vampires. Vi har ogs\u00e5 den oprindelige The Sims 4 pakke, som er p\u00e5kr\u00e6vet for at kunne installere udvidelsen. Vores priser er som oftest billigere end de fleste danske butikker og webshops, fordi vi bruger udenlandske partnere. Klik for at se vores udvalg!\" \/>\n<meta property=\"og:url\" content=\"http:\/\/billige-koder.dk\/en\/producto\/los-sims-4-vampiros-paquete-de-expansion-vampiros\/\" \/>\n<meta property=\"og:site_name\" content=\"Billige-Koder.dk\" \/>\n<meta property=\"article:modified_time\" content=\"2024-08-19T10:15:56+00:00\" \/>\n<meta property=\"og:image\" content=\"http:\/\/billige-koder.dk\/wp-content\/uploads\/2017\/11\/2017-11-24-15_00_56-The-Sims-4-Vampyrer-_-Vampires-Google-s\u00f8gning-\u2013-Google-Chrome.png\" \/>\n\t<meta property=\"og:image:width\" content=\"379\" \/>\n\t<meta property=\"og:image:height\" content=\"459\" \/>\n\t<meta property=\"og:image:type\" content=\"image\/png\" \/>\n<meta name=\"twitter:card\" content=\"summary_large_image\" \/>\n<meta name=\"twitter:label1\" content=\"Est. reading time\" \/>\n\t<meta name=\"twitter:data1\" content=\"4 minutes\" \/>\n<!-- \/ Yoast SEO plugin. -->","yoast_head_json":{"title":"The Sims 4 - Vampires \/ Vampires - expansion pack - Billige-Koder.dk","description":"Here you can make a purchase of The Sims 4 - Vampires \/ Vampires. We also have the original The Sims 4 package, which is required to install the expansion. Our prices are usually cheaper than most Danish stores and webshops because we use foreign partners. Click to see our selection!","robots":{"index":"index","follow":"follow","max-snippet":"max-snippet:-1","max-image-preview":"max-image-preview:large","max-video-preview":"max-video-preview:-1"},"canonical":"http:\/\/billige-koder.dk\/en\/producto\/los-sims-4-vampiros-paquete-de-expansion-vampiros\/","og_locale":"en_US","og_type":"article","og_title":"The Sims 4 - Vampyrer \/ Vampires - udvidelsespakke - Billige-Koder.dk","og_description":"Her kan du foretage et k\u00f8b af\u00a0The Sims 4 - Vampyrer \/ Vampires. Vi har ogs\u00e5 den oprindelige The Sims 4 pakke, som er p\u00e5kr\u00e6vet for at kunne installere udvidelsen. Vores priser er som oftest billigere end de fleste danske butikker og webshops, fordi vi bruger udenlandske partnere. Klik for at se vores udvalg!","og_url":"http:\/\/billige-koder.dk\/en\/producto\/los-sims-4-vampiros-paquete-de-expansion-vampiros\/","og_site_name":"Billige-Koder.dk","article_modified_time":"2024-08-19T10:15:56+00:00","og_image":[{"width":379,"height":459,"url":"http:\/\/billige-koder.dk\/wp-content\/uploads\/2017\/11\/2017-11-24-15_00_56-The-Sims-4-Vampyrer-_-Vampires-Google-s\u00f8gning-\u2013-Google-Chrome.png","type":"image\/png"}],"twitter_card":"summary_large_image","twitter_misc":{"Est. reading time":"4 minutes"},"schema":{"@context":"https:\/\/schema.org","@graph":[]}},"_links":{"self":[{"href":"https:\/\/billige-koder.dk\/en\/wp-json\/wp\/v2\/product\/343","targetHints":{"allow":["GET"]}}],"collection":[{"href":"https:\/\/billige-koder.dk\/en\/wp-json\/wp\/v2\/product"}],"about":[{"href":"https:\/\/billige-koder.dk\/en\/wp-json\/wp\/v2\/types\/product"}],"replies":[{"embeddable":true,"href":"https:\/\/billige-koder.dk\/en\/wp-json\/wp\/v2\/comments?post=343"}],"wp:featuredmedia":[{"embeddable":true,"href":"https:\/\/billige-koder.dk\/en\/wp-json\/wp\/v2\/media\/344"}],"wp:attachment":[{"href":"https:\/\/billige-koder.dk\/en\/wp-json\/wp\/v2\/media?parent=343"}],"wp:term":[{"taxonomy":"product_brand","embeddable":true,"href":"https:\/\/billige-koder.dk\/en\/wp-json\/wp\/v2\/product_brand?post=343"},{"taxonomy":"product_cat","embeddable":true,"href":"https:\/\/billige-koder.dk\/en\/wp-json\/wp\/v2\/product_cat?post=343"},{"taxonomy":"product_tag","embeddable":true,"href":"https:\/\/billige-koder.dk\/en\/wp-json\/wp\/v2\/product_tag?post=343"}],"curies":[{"name":"wp","href":"https:\/\/api.w.org\/{rel}","templated":true}]}}