{"id":6243,"date":"2023-10-30T19:54:04","date_gmt":"2023-10-30T18:54:04","guid":{"rendered":"https:\/\/billige-koder.dk\/produkt\/tom-clancys-ghost-recon-breakpoint-pc-steam-gift-global\/"},"modified":"2024-08-19T12:38:40","modified_gmt":"2024-08-19T10:38:40","slug":"tom-clancys-ghost-recon-breakpoint-pc-steam-gift-global","status":"publish","type":"product","link":"https:\/\/billige-koder.dk\/de\/produkt\/tom-clancys-ghost-recon-breakpoint-pc-steam-gift-global\/","title":{"rendered":"Tom Clancy&#039;s Ghost Recon Breakpoint PC Steam Gift Global"},"content":{"rendered":"<p>M\u00f6chten Sie Frosts The Division-Set betreten und den Nervenkitzel erleben, Teil des Homeland Division Spirit zu sein? Jetzt ist Ihre Chance! Bei Billige Koder k\u00f6nnen Sie den ultimativen CD-Key f\u00fcr Frosts The Division online kaufen. Werden Sie ein wahrer strategischer Meister mit der Divisionsmaske, dem Waffen-Skin und dem Charme, mit denen Sie sich von der Masse abheben. Entdecken Sie eine Welt voller Action, Missionen und intensiver Schlachten, in der Sie Ihre \u00dcberlebensf\u00e4higkeiten unter Beweis stellen m\u00fcssen. Mit Tom Clancy&#039;s Rainbow Six Siege Frost The Division <a href=\"https:\/\/billige-koder.dk\/de\/produkt\/geschenkkarte-fur-steam\/\" data-internallinksmanager029f6b8e52c=\"1\" title=\"Geschenkkarte f\u00fcr Steam\">Steam-Key<\/a> Weltweit k\u00f6nnen Sie ein spannendes und realistisches Spielerlebnis erleben, das Sie stundenlang fesseln wird. Also beeilen Sie sich, schnappen Sie sich noch heute Ihren CD-Key und beginnen Sie Ihr Abenteuer im Frost&#039;s The Division Set!<\/p>","protected":false},"excerpt":{"rendered":"<p>Kaufen Sie einen CD-Key f\u00fcr Tom Clancy&#039;s Ghost Recon Breakpoint PC Steam Gift Global<\/p>","protected":false},"featured_media":6242,"comment_status":"open","ping_status":"closed","template":"","meta":{"powered_cache_disable_cache":false,"powered_cache_disable_lazyload":false,"powered_cache_disable_css_optimization":false,"powered_cache_disable_js_optimization":false},"product_brand":[],"product_cat":[256],"product_tag":[40],"class_list":{"0":"post-6243","1":"product","2":"type-product","3":"status-publish","4":"has-post-thumbnail","6":"product_cat-cd-key","7":"product_tag-cd-key","9":"first","10":"instock","11":"taxable","12":"shipping-taxable","13":"product-type-external"},"yoast_head":"<!-- This site is optimized with the Yoast SEO plugin v27.5 - https:\/\/yoast.com\/product\/yoast-seo-wordpress\/ -->\n<title>Tom Clancys Ghost Recon Breakpoint Pc Steam Gift Global - Billige-Koder.dk<\/title>\n<meta name=\"robots\" content=\"index, follow, max-snippet:-1, max-image-preview:large, max-video-preview:-1\" \/>\n<link rel=\"canonical\" href=\"https:\/\/billige-koder.dk\/de\/produkt\/tom-clancys-ghost-recon-breakpoint-pc-steam-gift-global\/\" \/>\n<meta property=\"og:locale\" content=\"de_DE\" \/>\n<meta property=\"og:type\" content=\"article\" \/>\n<meta property=\"og:title\" content=\"Tom Clancys Ghost Recon Breakpoint Pc Steam Gift Global - Billige-Koder.dk\" \/>\n<meta property=\"og:description\" content=\"K\u00f8b en cd-key til Tom Clancys Ghost Recon Breakpoint Pc Steam Gift Global\" \/>\n<meta property=\"og:url\" content=\"https:\/\/billige-koder.dk\/de\/produkt\/tom-clancys-ghost-recon-breakpoint-pc-steam-gift-global\/\" \/>\n<meta property=\"og:site_name\" content=\"Billige-Koder.dk\" \/>\n<meta property=\"article:modified_time\" content=\"2024-08-19T10:38:40+00:00\" \/>\n<meta property=\"og:image\" content=\"https:\/\/billige-koder.dk\/wp-content\/uploads\/2023\/10\/Tom-Clancys-Ghost-Recon-Breakpoint-Pc-Steam-Gift-Global.jpg\" \/>\n\t<meta property=\"og:image:width\" content=\"360\" \/>\n\t<meta property=\"og:image:height\" content=\"600\" \/>\n\t<meta property=\"og:image:type\" content=\"image\/jpeg\" \/>\n<meta name=\"twitter:card\" content=\"summary_large_image\" \/>\n<meta name=\"twitter:label1\" content=\"Gesch\u00e4tzte Lesezeit\" \/>\n\t<meta name=\"twitter:data1\" content=\"1\u00a0Minute\" \/>\n<!-- \/ Yoast SEO plugin. -->","yoast_head_json":{"title":"Tom Clancy&#039;s Ghost Recon Breakpoint PC Steam Gift Global - Billige-Koder.dk","robots":{"index":"index","follow":"follow","max-snippet":"max-snippet:-1","max-image-preview":"max-image-preview:large","max-video-preview":"max-video-preview:-1"},"canonical":"https:\/\/billige-koder.dk\/de\/produkt\/tom-clancys-ghost-recon-breakpoint-pc-steam-gift-global\/","og_locale":"de_DE","og_type":"article","og_title":"Tom Clancys Ghost Recon Breakpoint Pc Steam Gift Global - Billige-Koder.dk","og_description":"K\u00f8b en cd-key til Tom Clancys Ghost Recon Breakpoint Pc Steam Gift Global","og_url":"https:\/\/billige-koder.dk\/de\/produkt\/tom-clancys-ghost-recon-breakpoint-pc-steam-gift-global\/","og_site_name":"Billige-Koder.dk","article_modified_time":"2024-08-19T10:38:40+00:00","og_image":[{"width":360,"height":600,"url":"https:\/\/billige-koder.dk\/wp-content\/uploads\/2023\/10\/Tom-Clancys-Ghost-Recon-Breakpoint-Pc-Steam-Gift-Global.jpg","type":"image\/jpeg"}],"twitter_card":"summary_large_image","twitter_misc":{"Gesch\u00e4tzte Lesezeit":"1\u00a0Minute"},"schema":{"@context":"https:\/\/schema.org","@graph":[]}},"_links":{"self":[{"href":"https:\/\/billige-koder.dk\/de\/wp-json\/wp\/v2\/product\/6243","targetHints":{"allow":["GET"]}}],"collection":[{"href":"https:\/\/billige-koder.dk\/de\/wp-json\/wp\/v2\/product"}],"about":[{"href":"https:\/\/billige-koder.dk\/de\/wp-json\/wp\/v2\/types\/product"}],"replies":[{"embeddable":true,"href":"https:\/\/billige-koder.dk\/de\/wp-json\/wp\/v2\/comments?post=6243"}],"wp:featuredmedia":[{"embeddable":true,"href":"https:\/\/billige-koder.dk\/de\/wp-json\/wp\/v2\/media\/6242"}],"wp:attachment":[{"href":"https:\/\/billige-koder.dk\/de\/wp-json\/wp\/v2\/media?parent=6243"}],"wp:term":[{"taxonomy":"product_brand","embeddable":true,"href":"https:\/\/billige-koder.dk\/de\/wp-json\/wp\/v2\/product_brand?post=6243"},{"taxonomy":"product_cat","embeddable":true,"href":"https:\/\/billige-koder.dk\/de\/wp-json\/wp\/v2\/product_cat?post=6243"},{"taxonomy":"product_tag","embeddable":true,"href":"https:\/\/billige-koder.dk\/de\/wp-json\/wp\/v2\/product_tag?post=6243"}],"curies":[{"name":"wp","href":"https:\/\/api.w.org\/{rel}","templated":true}]}}