{"id":502,"date":"2018-02-17T13:05:59","date_gmt":"2018-02-17T12:05:59","guid":{"rendered":"http:\/\/billige-koder.dk\/?post_type=product&#038;p=502"},"modified":"2024-08-19T12:16:15","modified_gmt":"2024-08-19T10:16:15","slug":"rocket-league-cd-key-spilkode-free-pris","status":"publish","type":"product","link":"https:\/\/billige-koder.dk\/de\/produkt\/rocket-league-cd-key-spielcode-kostenloser-preis\/","title":{"rendered":"Rocket League \u2013 CD-Key"},"content":{"rendered":"<p>Kaufen Sie Ihren brandneuen CD-Key f\u00fcr Rocket League g\u00fcnstig bei uns. Beachten Sie, dass unser Preis f\u00fcr alle unsere Spiele extrem niedrig ist!<\/p>\n<p>Wir haben viele Spiele zu spielen <a href=\"https:\/\/billige-koder.dk\/de\/produkt-tag\/steam\/\">Dampf<\/a>!<\/p>","protected":false},"excerpt":{"rendered":"<p>Kaufen Sie Rocket League f\u00fcr Steam hier g\u00fcnstig. Du erh\u00e4ltst den Code innerhalb kurzer Zeit \u00fcber unseren Lieferanten, sobald du deine Bestellung bei Rocket League aufgegeben hast!<\/p>","protected":false},"featured_media":0,"comment_status":"open","ping_status":"closed","template":"","meta":{"powered_cache_disable_cache":false,"powered_cache_disable_lazyload":false,"powered_cache_disable_css_optimization":false,"powered_cache_disable_js_optimization":false},"product_brand":[],"product_cat":[44,6],"product_tag":[40,42,45],"class_list":{"0":"post-502","1":"product","2":"type-product","3":"status-publish","5":"product_cat-pc","6":"product_cat-spil","7":"product_tag-cd-key","8":"product_tag-koeb","9":"product_tag-steam","11":"first","12":"instock","13":"taxable","14":"shipping-taxable","15":"product-type-external"},"yoast_head":"<!-- This site is optimized with the Yoast SEO plugin v27.5 - https:\/\/yoast.com\/product\/yoast-seo-wordpress\/ -->\n<title>Rocket League - cd-key - se pris - Billige-Koder.dk<\/title>\n<meta name=\"description\" content=\"K\u00f8b Rocket League billigt til Steam her. Du f\u00e5r koden p\u00e5 mail efter du har foretaget din bestilling. Dette med GRATIS og HURTIG levering, da det er mail. Klik her for at se prisen p\u00e5 spillet, eller se vores udvalg p\u00e5 Origin, Steam, Uplay og andre platforme!\" \/>\n<meta name=\"robots\" content=\"index, follow, max-snippet:-1, max-image-preview:large, max-video-preview:-1\" \/>\n<link rel=\"canonical\" href=\"http:\/\/billige-koder.dk\/de\/producto\/codigo-del-juego-rocket-league-cd-key-precio-gratuito\/\" \/>\n<meta property=\"og:locale\" content=\"de_DE\" \/>\n<meta property=\"og:type\" content=\"article\" \/>\n<meta property=\"og:title\" content=\"Rocket League - cd-key - se pris - Billige-Koder.dk\" \/>\n<meta property=\"og:description\" content=\"K\u00f8b Rocket League billigt til Steam her. Du f\u00e5r koden p\u00e5 mail efter du har foretaget din bestilling. Dette med GRATIS og HURTIG levering, da det er mail. Klik her for at se prisen p\u00e5 spillet, eller se vores udvalg p\u00e5 Origin, Steam, Uplay og andre platforme!\" \/>\n<meta property=\"og:url\" content=\"http:\/\/billige-koder.dk\/de\/producto\/codigo-del-juego-rocket-league-cd-key-precio-gratuito\/\" \/>\n<meta property=\"og:site_name\" content=\"Billige-Koder.dk\" \/>\n<meta property=\"article:modified_time\" content=\"2024-08-19T10:16:15+00:00\" \/>\n<meta name=\"twitter:card\" content=\"summary_large_image\" \/>\n<!-- \/ Yoast SEO plugin. -->","yoast_head_json":{"title":"Rocket League \u2013 CD-Key \u2013 siehe Preis \u2013 Billige-Koder.dk","description":"Hier Rocket League g\u00fcnstig f\u00fcr Steam kaufen. Den Code erhalten Sie nach Ihrer Bestellung per E-Mail. Dies mit KOSTENLOSER und SCHNELLER Lieferung, da es sich um einen Postversand handelt. Klicken Sie hier, um den Preis des Spiels zu sehen, oder sehen Sie sich unsere Auswahl auf Origin, Steam, Uplay und anderen Plattformen an!","robots":{"index":"index","follow":"follow","max-snippet":"max-snippet:-1","max-image-preview":"max-image-preview:large","max-video-preview":"max-video-preview:-1"},"canonical":"http:\/\/billige-koder.dk\/de\/producto\/codigo-del-juego-rocket-league-cd-key-precio-gratuito\/","og_locale":"de_DE","og_type":"article","og_title":"Rocket League - cd-key - se pris - Billige-Koder.dk","og_description":"K\u00f8b Rocket League billigt til Steam her. Du f\u00e5r koden p\u00e5 mail efter du har foretaget din bestilling. Dette med GRATIS og HURTIG levering, da det er mail. Klik her for at se prisen p\u00e5 spillet, eller se vores udvalg p\u00e5 Origin, Steam, Uplay og andre platforme!","og_url":"http:\/\/billige-koder.dk\/de\/producto\/codigo-del-juego-rocket-league-cd-key-precio-gratuito\/","og_site_name":"Billige-Koder.dk","article_modified_time":"2024-08-19T10:16:15+00:00","twitter_card":"summary_large_image","schema":{"@context":"https:\/\/schema.org","@graph":[]}},"_links":{"self":[{"href":"https:\/\/billige-koder.dk\/de\/wp-json\/wp\/v2\/product\/502","targetHints":{"allow":["GET"]}}],"collection":[{"href":"https:\/\/billige-koder.dk\/de\/wp-json\/wp\/v2\/product"}],"about":[{"href":"https:\/\/billige-koder.dk\/de\/wp-json\/wp\/v2\/types\/product"}],"replies":[{"embeddable":true,"href":"https:\/\/billige-koder.dk\/de\/wp-json\/wp\/v2\/comments?post=502"}],"wp:attachment":[{"href":"https:\/\/billige-koder.dk\/de\/wp-json\/wp\/v2\/media?parent=502"}],"wp:term":[{"taxonomy":"product_brand","embeddable":true,"href":"https:\/\/billige-koder.dk\/de\/wp-json\/wp\/v2\/product_brand?post=502"},{"taxonomy":"product_cat","embeddable":true,"href":"https:\/\/billige-koder.dk\/de\/wp-json\/wp\/v2\/product_cat?post=502"},{"taxonomy":"product_tag","embeddable":true,"href":"https:\/\/billige-koder.dk\/de\/wp-json\/wp\/v2\/product_tag?post=502"}],"curies":[{"name":"wp","href":"https:\/\/api.w.org\/{rel}","templated":true}]}}