{"id":2481,"date":"2023-10-29T16:59:05","date_gmt":"2023-10-29T15:59:05","guid":{"rendered":"https:\/\/billige-koder.dk\/produkt\/extreme-random-1-key-pc-steam-key-global\/"},"modified":"2024-08-19T12:23:46","modified_gmt":"2024-08-19T10:23:46","slug":"extreme-random-1-key-pc-steam-key-global","status":"publish","type":"product","link":"https:\/\/billige-koder.dk\/ar\/produkt\/extreme-random-1-key-pc-steam-key-global\/","title":{"rendered":"\u0625\u0643\u0633\u062a\u0631\u064a\u0645 \u0639\u0634\u0648\u0627\u0626\u064a 1 \u0642\u0637\u0639\u0629 \u0645\u0641\u062a\u0627\u062d Steam Key Global"},"content":{"rendered":"<p>Kom tilbage til spillet med en ekstremt tilf\u00e6ldig dampn\u00f8gle! Hos Billige Koder kan du undg\u00e5 at spilde din tid p\u00e5 at gennemse efter nye eventyr. Lad i stedet sk\u00e6bnen beslutte, hvilket spil du skal opleve. Med vores fantastiske titler kan du f\u00e5 dit dampbibliotek til at se godt ud. Er du klar til noget nyt? Vi tilbyder spil som Mortal Kombat 11, Mount &#038; Blade: Med Fire &#038; Sword, Darkest Dungeon, Ingen mands himmel, Risiko for regn 2, Resterende II og L\u00f8ndag 2. Med vores Extreme Random 1 Key Pc <a href=\"https:\/\/billige-koder.dk\/ar\/produkt\/\u0628\u0637\u0627\u0642\u0629-\u0647\u062f\u064a\u0629-\u0644\u0644\u0628\u062e\u0627\u0631\/\" data-internallinksmanager029f6b8e52c=\"1\" title=\"\u0628\u0637\u0627\u0642\u0629 \u0647\u062f\u064a\u0629 \u0644\u0644\u0628\u062e\u0627\u0631\">\u0645\u0641\u062a\u0627\u062d \u0627\u0644\u0628\u062e\u0627\u0631<\/a> Global kan du se frem til sp\u00e6ndende og overraskende spiloplevelser. S\u00e5 kom og lad os hj\u00e6lpe dig med at genopdage spilverdenen!<\/p>","protected":false},"excerpt":{"rendered":"<p>K\u00f8b en cd-key til Extreme Random 1 Key Pc Steam Key Global<\/p>","protected":false},"featured_media":2480,"comment_status":"open","ping_status":"closed","template":"","meta":{"powered_cache_disable_cache":false,"powered_cache_disable_lazyload":false,"powered_cache_disable_css_optimization":false,"powered_cache_disable_js_optimization":false},"product_brand":[],"product_cat":[256],"product_tag":[40],"class_list":{"0":"post-2481","1":"product","2":"type-product","3":"status-publish","4":"has-post-thumbnail","6":"product_cat-cd-key","7":"product_tag-cd-key","9":"first","10":"instock","11":"taxable","12":"shipping-taxable","13":"product-type-external"},"yoast_head":"<!-- This site is optimized with the Yoast SEO plugin v27.5 - https:\/\/yoast.com\/product\/yoast-seo-wordpress\/ -->\n<title>Extreme Random 1 Key Pc Steam Key Global - Billige-Koder.dk<\/title>\n<meta name=\"robots\" content=\"index, follow, max-snippet:-1, max-image-preview:large, max-video-preview:-1\" \/>\n<link rel=\"canonical\" href=\"https:\/\/billige-koder.dk\/ar\/produkt\/extreme-random-1-key-pc-steam-key-global\/\" \/>\n<meta property=\"og:locale\" content=\"ar_AR\" \/>\n<meta property=\"og:type\" content=\"article\" \/>\n<meta property=\"og:title\" content=\"Extreme Random 1 Key Pc Steam Key Global - Billige-Koder.dk\" \/>\n<meta property=\"og:description\" content=\"K\u00f8b en cd-key til Extreme Random 1 Key Pc Steam Key Global\" \/>\n<meta property=\"og:url\" content=\"https:\/\/billige-koder.dk\/ar\/produkt\/extreme-random-1-key-pc-steam-key-global\/\" \/>\n<meta property=\"og:site_name\" content=\"Billige-Koder.dk\" \/>\n<meta property=\"article:modified_time\" content=\"2024-08-19T10:23:46+00:00\" \/>\n<meta property=\"og:image\" content=\"https:\/\/billige-koder.dk\/wp-content\/uploads\/2023\/10\/Extreme-Random-1-Key-Pc-Steam-Key-Global.jpg\" \/>\n\t<meta property=\"og:image:width\" content=\"360\" \/>\n\t<meta property=\"og:image:height\" content=\"600\" \/>\n\t<meta property=\"og:image:type\" content=\"image\/jpeg\" \/>\n<meta name=\"twitter:card\" content=\"summary_large_image\" \/>\n<meta name=\"twitter:label1\" content=\"\u0648\u0642\u062a \u0627\u0644\u0642\u0631\u0627\u0621\u0629 \u0627\u0644\u0645\u064f\u0642\u062f\u0651\u0631\" \/>\n\t<meta name=\"twitter:data1\" content=\"\u062f\u0642\u064a\u0642\u0629 \u0648\u0627\u062d\u062f\u0629\" \/>\n<!-- \/ Yoast SEO plugin. -->","yoast_head_json":{"title":"Extreme Random 1 Key Pc Steam Key Global - Billige-Koder.dk","robots":{"index":"index","follow":"follow","max-snippet":"max-snippet:-1","max-image-preview":"max-image-preview:large","max-video-preview":"max-video-preview:-1"},"canonical":"https:\/\/billige-koder.dk\/ar\/produkt\/extreme-random-1-key-pc-steam-key-global\/","og_locale":"ar_AR","og_type":"article","og_title":"Extreme Random 1 Key Pc Steam Key Global - Billige-Koder.dk","og_description":"K\u00f8b en cd-key til Extreme Random 1 Key Pc Steam Key Global","og_url":"https:\/\/billige-koder.dk\/ar\/produkt\/extreme-random-1-key-pc-steam-key-global\/","og_site_name":"Billige-Koder.dk","article_modified_time":"2024-08-19T10:23:46+00:00","og_image":[{"width":360,"height":600,"url":"https:\/\/billige-koder.dk\/wp-content\/uploads\/2023\/10\/Extreme-Random-1-Key-Pc-Steam-Key-Global.jpg","type":"image\/jpeg"}],"twitter_card":"summary_large_image","twitter_misc":{"\u0648\u0642\u062a \u0627\u0644\u0642\u0631\u0627\u0621\u0629 \u0627\u0644\u0645\u064f\u0642\u062f\u0651\u0631":"\u062f\u0642\u064a\u0642\u0629 \u0648\u0627\u062d\u062f\u0629"},"schema":{"@context":"https:\/\/schema.org","@graph":[]}},"_links":{"self":[{"href":"https:\/\/billige-koder.dk\/ar\/wp-json\/wp\/v2\/product\/2481","targetHints":{"allow":["GET"]}}],"collection":[{"href":"https:\/\/billige-koder.dk\/ar\/wp-json\/wp\/v2\/product"}],"about":[{"href":"https:\/\/billige-koder.dk\/ar\/wp-json\/wp\/v2\/types\/product"}],"replies":[{"embeddable":true,"href":"https:\/\/billige-koder.dk\/ar\/wp-json\/wp\/v2\/comments?post=2481"}],"wp:featuredmedia":[{"embeddable":true,"href":"https:\/\/billige-koder.dk\/ar\/wp-json\/wp\/v2\/media\/2480"}],"wp:attachment":[{"href":"https:\/\/billige-koder.dk\/ar\/wp-json\/wp\/v2\/media?parent=2481"}],"wp:term":[{"taxonomy":"product_brand","embeddable":true,"href":"https:\/\/billige-koder.dk\/ar\/wp-json\/wp\/v2\/product_brand?post=2481"},{"taxonomy":"product_cat","embeddable":true,"href":"https:\/\/billige-koder.dk\/ar\/wp-json\/wp\/v2\/product_cat?post=2481"},{"taxonomy":"product_tag","embeddable":true,"href":"https:\/\/billige-koder.dk\/ar\/wp-json\/wp\/v2\/product_tag?post=2481"}],"curies":[{"name":"wp","href":"https:\/\/api.w.org\/{rel}","templated":true}]}}