{"id":22672,"date":"2024-08-10T00:00:00","date_gmt":"2024-08-09T22:00:00","guid":{"rendered":"https:\/\/billige-koder.dk\/?post_type=product&#038;p=22672"},"modified":"2024-08-19T13:57:57","modified_gmt":"2024-08-19T11:57:57","slug":"steam-gift-card-200000-vnd-steam-cd-key-for-vnd-currency-only","status":"publish","type":"product","link":"https:\/\/billige-koder.dk\/ar\/produkt\/steam-gift-card-200000-vnd-steam-cd-key-for-vnd-currency-only\/","title":{"rendered":"Steam Gift Card 200000 VND &#8211; Steam cd-key &#8211; For VND Currency Only"},"content":{"rendered":"<h2>Steam Gift Card 200000 VND<\/h2>\n<p>Oplev en verden af muligheder med Steam Gift Card 200000 VND. Dette gavekort giver dig adgang til et v\u00e6ld af spil, DLC&#8217;er og indhold p\u00e5 Steam-platformen. Uanset om du er en erfaren gamer eller nybegynder, kan du finde noget, der passer til din smag og pr\u00e6ferencer.<\/p>\n<p>Med dette gavekort kan du v\u00e6lge mellem tusindvis af titler, fra actionfyldte eventyr til tankev\u00e6kkende strategispil. Du kan spille solo og dykke ned i en episk historie, eller du kan tage kampen op mod venner og spillere fra hele verden i multiplayer-tilstande. Uanset hvilken tilgang du v\u00e6lger, vil du finde en uendelig m\u00e6ngde underholdning.<\/p>\n<p>N\u00e5r du bruger gavekortet, kan du ogs\u00e5 udnytte Steam&#8217;s hyppige udsalg og tilbud, hvilket giver dig mulighed for at f\u00e5 mere for dine penge. Hold \u00f8je med s\u00e6sonbestemte udsalg, hvor du kan finde fantastiske rabatter p\u00e5 popul\u00e6re titler. <\/p>\n<p>For at f\u00e5 mest muligt ud af din gamingoplevelse, overvej at deltage i online f\u00e6llesskaber og fora, hvor du kan dele tips og tricks med andre spillere. Mange spil tilbyder ogs\u00e5 snydekoder, der kan hj\u00e6lpe dig med at komme videre i sv\u00e6re niveauer eller unlocke skjulte funktioner. <\/p>\n<p>Billige Koder tilbyder dig denne fantastiske mulighed for at f\u00e5 fat i et Steam gavekort, der kan \u00e5bne d\u00f8rene til en verden af gaming. Er du p\u00e5 udkig efter noget andet, s\u00e5 k\u00f8b vores <a href=\"https:\/\/billige-koder.dk\/ar\/produkt\/\u0628\u0637\u0627\u0642\u0629-\u0647\u062f\u064a\u0629-\u0644\u0644\u0628\u062e\u0627\u0631\/\" data-internallinksmanager029f6b8e52c=\"2\" title=\"\u0628\u0637\u0627\u0642\u0629 \u0647\u062f\u064a\u0629 \u0644\u0644\u0628\u062e\u0627\u0631\">\u0628\u0637\u0627\u0642\u0629 \u0647\u062f\u064a\u0629 \u0644\u0644\u0628\u062e\u0627\u0631<\/a>.<\/p>","protected":false},"excerpt":{"rendered":"<p>K\u00f8b en cd-key til Steam Gift Card 200000 VND &#8211; Steam cd-key &#8211; For VND Currency Only<\/p>","protected":false},"featured_media":22673,"comment_status":"closed","ping_status":"closed","template":"","meta":{"powered_cache_disable_cache":false,"powered_cache_disable_lazyload":false,"powered_cache_disable_css_optimization":false,"powered_cache_disable_js_optimization":false},"product_brand":[],"product_cat":[256],"product_tag":[40],"class_list":{"0":"post-22672","1":"product","2":"type-product","3":"status-publish","4":"has-post-thumbnail","6":"product_cat-cd-key","7":"product_tag-cd-key","9":"first","10":"instock","11":"taxable","12":"shipping-taxable","13":"product-type-external"},"yoast_head":"<!-- This site is optimized with the Yoast SEO plugin v27.6 - https:\/\/yoast.com\/product\/yoast-seo-wordpress\/ -->\n<title>Steam Gift Card 200000 VND - Steam cd-key - For VND Currency Only - Billige-Koder.dk<\/title>\n<meta name=\"robots\" content=\"index, follow, max-snippet:-1, max-image-preview:large, max-video-preview:-1\" \/>\n<link rel=\"canonical\" href=\"https:\/\/billige-koder.dk\/ar\/produkt\/steam-gift-card-200000-vnd-steam-cd-key-for-vnd-currency-only\/\" \/>\n<meta property=\"og:locale\" content=\"ar_AR\" \/>\n<meta property=\"og:type\" content=\"article\" \/>\n<meta property=\"og:title\" content=\"Steam Gift Card 200000 VND - Steam cd-key - For VND Currency Only - Billige-Koder.dk\" \/>\n<meta property=\"og:description\" content=\"K\u00f8b en cd-key til Steam Gift Card 200000 VND - Steam cd-key - For VND Currency Only\" \/>\n<meta property=\"og:url\" content=\"https:\/\/billige-koder.dk\/ar\/produkt\/steam-gift-card-200000-vnd-steam-cd-key-for-vnd-currency-only\/\" \/>\n<meta property=\"og:site_name\" content=\"Billige-Koder.dk\" \/>\n<meta property=\"article:modified_time\" content=\"2024-08-19T11:57:57+00:00\" \/>\n<meta property=\"og:image\" content=\"https:\/\/billige-koder.dk\/wp-content\/uploads\/2024\/08\/Steam-Gift-Card-200000-VND-Steam-Key-For-VND-Currency-Only.jpg\" \/>\n\t<meta property=\"og:image:width\" content=\"300\" \/>\n\t<meta property=\"og:image:height\" content=\"400\" \/>\n\t<meta property=\"og:image:type\" content=\"image\/jpeg\" \/>\n<meta name=\"twitter:card\" content=\"summary_large_image\" \/>\n<meta name=\"twitter:label1\" content=\"\u0648\u0642\u062a \u0627\u0644\u0642\u0631\u0627\u0621\u0629 \u0627\u0644\u0645\u064f\u0642\u062f\u0651\u0631\" \/>\n\t<meta name=\"twitter:data1\" content=\"\u062f\u0642\u064a\u0642\u0629 \u0648\u0627\u062d\u062f\u0629\" \/>\n<!-- \/ Yoast SEO plugin. -->","yoast_head_json":{"title":"Steam Gift Card 200000 VND - Steam cd-key - For VND Currency Only - Billige-Koder.dk","robots":{"index":"index","follow":"follow","max-snippet":"max-snippet:-1","max-image-preview":"max-image-preview:large","max-video-preview":"max-video-preview:-1"},"canonical":"https:\/\/billige-koder.dk\/ar\/produkt\/steam-gift-card-200000-vnd-steam-cd-key-for-vnd-currency-only\/","og_locale":"ar_AR","og_type":"article","og_title":"Steam Gift Card 200000 VND - Steam cd-key - For VND Currency Only - Billige-Koder.dk","og_description":"K\u00f8b en cd-key til Steam Gift Card 200000 VND - Steam cd-key - For VND Currency Only","og_url":"https:\/\/billige-koder.dk\/ar\/produkt\/steam-gift-card-200000-vnd-steam-cd-key-for-vnd-currency-only\/","og_site_name":"Billige-Koder.dk","article_modified_time":"2024-08-19T11:57:57+00:00","og_image":[{"width":300,"height":400,"url":"https:\/\/billige-koder.dk\/wp-content\/uploads\/2024\/08\/Steam-Gift-Card-200000-VND-Steam-Key-For-VND-Currency-Only.jpg","type":"image\/jpeg"}],"twitter_card":"summary_large_image","twitter_misc":{"\u0648\u0642\u062a \u0627\u0644\u0642\u0631\u0627\u0621\u0629 \u0627\u0644\u0645\u064f\u0642\u062f\u0651\u0631":"\u062f\u0642\u064a\u0642\u0629 \u0648\u0627\u062d\u062f\u0629"},"schema":{"@context":"https:\/\/schema.org","@graph":[]}},"_links":{"self":[{"href":"https:\/\/billige-koder.dk\/ar\/wp-json\/wp\/v2\/product\/22672","targetHints":{"allow":["GET"]}}],"collection":[{"href":"https:\/\/billige-koder.dk\/ar\/wp-json\/wp\/v2\/product"}],"about":[{"href":"https:\/\/billige-koder.dk\/ar\/wp-json\/wp\/v2\/types\/product"}],"replies":[{"embeddable":true,"href":"https:\/\/billige-koder.dk\/ar\/wp-json\/wp\/v2\/comments?post=22672"}],"wp:featuredmedia":[{"embeddable":true,"href":"https:\/\/billige-koder.dk\/ar\/wp-json\/wp\/v2\/media\/22673"}],"wp:attachment":[{"href":"https:\/\/billige-koder.dk\/ar\/wp-json\/wp\/v2\/media?parent=22672"}],"wp:term":[{"taxonomy":"product_brand","embeddable":true,"href":"https:\/\/billige-koder.dk\/ar\/wp-json\/wp\/v2\/product_brand?post=22672"},{"taxonomy":"product_cat","embeddable":true,"href":"https:\/\/billige-koder.dk\/ar\/wp-json\/wp\/v2\/product_cat?post=22672"},{"taxonomy":"product_tag","embeddable":true,"href":"https:\/\/billige-koder.dk\/ar\/wp-json\/wp\/v2\/product_tag?post=22672"}],"curies":[{"name":"wp","href":"https:\/\/api.w.org\/{rel}","templated":true}]}}