{"id":191,"date":"2017-07-30T03:34:11","date_gmt":"2017-07-30T01:34:11","guid":{"rendered":"http:\/\/billige-koder.dk\/?post_type=product&#038;p=191"},"modified":"2024-08-19T12:15:40","modified_gmt":"2024-08-19T10:15:40","slug":"prey","status":"publish","type":"product","link":"https:\/\/billige-koder.dk\/ar\/produkt\/\u0636\u062d\u064a\u0629\/","title":{"rendered":"\u0641\u0631\u064a\u0633\u0629 2017 (\u0643\u0645\u0628\u064a\u0648\u062a\u0631 \u0634\u062e\u0635\u064a)"},"content":{"rendered":"<p style=\"text-align: center;\">\u0634\u0631\u0627\u0621 \u0645\u0641\u062a\u0627\u062d \u0627\u0644\u0642\u0631\u0635 \u0627\u0644\u0645\u0636\u063a\u0648\u0637 Prey 2017 (PC).<\/p>\n<p>\u0627\u0628\u062d\u062b \u0639\u0646 Prey \u0644\u0644\u0643\u0645\u0628\u064a\u0648\u062a\u0631 \u0627\u0644\u0634\u062e\u0635\u064a \u0648\u0642\u0645 \u0628\u0634\u0631\u0627\u0626\u0647 \u0639\u0628\u0631 \u0627\u0644\u0625\u0646\u062a\u0631\u0646\u062a \u0647\u0646\u0627 \u0639\u0644\u0649 \u0647\u0630\u0647 \u0627\u0644\u0635\u0641\u062d\u0629. \u064a\u0645\u0643\u0646 \u0637\u0644\u0628\/\u0634\u0631\u0627\u0621 \u0644\u0639\u0628\u0629 Prey \u0645\u0633\u0628\u0642\u064b\u0627 \u0639\u0628\u0631 \u0627\u0644\u0631\u0648\u0627\u0628\u0637 \u0627\u0644\u0628\u0627\u0631\u0632\u0629 \u0639\u0644\u0649 \u0627\u0644\u0635\u0641\u062d\u0629. \u0628\u0645\u062c\u0631\u062f \u0625\u0635\u062f\u0627\u0631 \u0627\u0644\u0644\u0639\u0628\u0629\u060c \u0633\u064a\u062a\u0645 \u0625\u0631\u0633\u0627\u0644 \u0627\u0644\u0631\u0645\u0632 \u0627\u0644\u062e\u0627\u0635 \u0628\u0643 \u0625\u0644\u064a\u0643 \u0639\u0628\u0631 \u0627\u0644\u0628\u0631\u064a\u062f \u0627\u0644\u0625\u0644\u0643\u062a\u0631\u0648\u0646\u064a \u0639\u0644\u0649 \u0627\u0644\u0641\u0648\u0631. \u0645\u0639 <a href=\"https:\/\/billige-koder.dk\/ar\/\">billige-koder.dk<\/a> \u064a\u0645\u0643\u0646\u0643 \u0627\u0644\u062d\u0635\u0648\u0644 \u0639\u0644\u0649 \u0623\u0644\u0639\u0627\u0628\u0643 \u0628\u0633\u0639\u0631 \u0623\u0631\u062e\u0635 \u0628\u0643\u062b\u064a\u0631 \u0645\u0646 \u0627\u0644\u0645\u062a\u0627\u062c\u0631\u060c \u062d\u064a\u062b \u062a\u062a\u0645 \u0639\u0645\u0644\u064a\u0627\u062a \u0627\u0644\u0634\u0631\u0627\u0621 \u0648\u0627\u0644\u062e\u062f\u0645\u0627\u062a \u0627\u0644\u0644\u0648\u062c\u0633\u062a\u064a\u0629 \u0639\u0628\u0631 \u0627\u0644\u0625\u0646\u062a\u0631\u0646\u062a! \u062a\u0635\u0628\u062d \u0623\u0635\u062f\u0642\u0627\u0621 \u0645\u0639\u0646\u0627 \u0639\u0644\u0649 \u0645\u0648\u0642\u0639\u0646\u0627 <a href=\"https:\/\/www.facebook.com\/BilligeKoder\/?fref=ts\">\u0635\u0641\u062d\u0629 \u0627\u0644\u0641\u064a\u0633\u0628\u0648\u0643<\/a>\u060c \u0648\u062a\u0627\u0628\u0639 \u0627\u0644\u062a\u0637\u0648\u064a\u0631 \u0648\u0627\u0644\u0645\u0633\u0627\u0628\u0642\u0627\u062a \u0627\u0644\u0642\u0627\u062f\u0645\u0629!<\/p>\n<h2>\u0627\u0644\u0625\u062c\u0631\u0627\u0621 \u0627\u0644\u0641\u0648\u0631\u064a \u0644\u0644\u0639\u0628\u0629 PREY 2017 (\u0627\u0644\u0643\u0645\u0628\u064a\u0648\u062a\u0631 \u0627\u0644\u0634\u062e\u0635\u064a)<\/h2>\n<p>\u062a\u0642\u0641 \u0627\u0644\u0648\u0644\u0627\u064a\u0627\u062a \u0627\u0644\u0645\u062a\u062d\u062f\u0629 \u0648\u0622\u062e\u0631\u0648\u0646 \u0645\u0639\u064b\u0627 \u0644\u0645\u062d\u0627\u0631\u0628\u0629 \u062a\u0627\u064a\u0641\u0648\u0646 \u0648\u0627\u0644\u0627\u0633\u062a\u064a\u0644\u0627\u0621 \u0639\u0644\u064a\u0647. \u0642\u0627\u0645\u0648\u0627 \u0645\u0639\u064b\u0627 \u0628\u0628\u0646\u0627\u0621 \u0645\u062d\u0637\u0629 \u0627\u0644\u0641\u0636\u0627\u0621 Talos I \u0641\u064a \u0645\u062f\u0627\u0631 \u062d\u0648\u0644 \u0642\u0645\u0631 \u0627\u0644\u0623\u0631\u0636 \u0644\u0627\u0633\u062a\u062e\u062f\u0627\u0645\u0647\u0627 \u0643\u0633\u062c\u0646 \u0644\u0640 Typhon. \u0645\u0639 \u0645\u0631\u0648\u0631 \u0627\u0644\u0648\u0642\u062a\u060c \u0642\u0627\u0645\u062a \u0648\u0643\u0627\u0644\u0627\u062a \u0645\u062e\u062a\u0644\u0641\u0629 \u0628\u062a\u0648\u0633\u064a\u0639 \u0627\u0644\u0645\u062d\u0637\u0629\u060c \u0645\u0645\u0627 \u0623\u062f\u0649 \u0625\u0644\u0649 \u0645\u062c\u0645\u0648\u0639\u0629 \u0648\u0627\u0633\u0639\u0629 \u0645\u0646 \u0627\u0644\u062a\u0635\u0645\u064a\u0645\u0627\u062a \u0627\u0644\u062f\u0627\u062e\u0644\u064a\u0629 \u0627\u0644\u062a\u064a \u062a\u062a\u0631\u0627\u0648\u062d \u0645\u0646 \u0627\u0644\u0637\u0631\u0627\u0632 \u0627\u0644\u0645\u0633\u062a\u0642\u0628\u0644\u064a \u0625\u0644\u0649 \u0622\u0631\u062a \u062f\u064a\u0643\u0648.<\/p>\n<p style=\"text-align: center;\">\u0634\u0631\u0627\u0621 \u0645\u0641\u062a\u0627\u062d \u0627\u0644\u0642\u0631\u0635 \u0627\u0644\u0645\u0636\u063a\u0648\u0637 Prey 2017 (PC).<\/p>\n<p>\u062d\u0635\u0644\u062a \u0627\u0644\u0648\u0644\u0627\u064a\u0627\u062a \u0627\u0644\u0645\u062a\u062d\u062f\u0629 \u0641\u064a \u0627\u0644\u0646\u0647\u0627\u064a\u0629 \u0639\u0644\u0649 \u0627\u0644\u0645\u0644\u0643\u064a\u0629 \u0627\u0644\u0643\u0627\u0645\u0644\u0629 \u0628\u0639\u062f \u0633\u0642\u0648\u0637 \u0627\u0644\u0627\u062a\u062d\u0627\u062f \u0627\u0644\u0633\u0648\u0641\u064a\u062a\u064a\u060c \u0648\u0623\u0646\u0634\u0623\u062a \u0645\u062e\u062a\u0628\u0631\u0627\u062a \u0628\u062d\u062b\u064a\u0629 \u0623\u0639\u0644\u0649 \u063a\u0631\u0641\u0629 \u0627\u0644\u0633\u062c\u0646 \u0644\u062f\u0631\u0627\u0633\u0629 \u062a\u0627\u064a\u0641\u0648\u0646. \u0628\u0639\u062f \u0648\u0642\u0648\u0639 \u062d\u0627\u062f\u062b \u0645\u0645\u064a\u062a \u0628\u064a\u0646 \u0627\u0644\u0639\u0644\u0645\u0627\u0621 \u0627\u0644\u0645\u0648\u062c\u0648\u062f\u064a\u0646 \u0639\u0644\u0649 \u0645\u062a\u0646 \u0627\u0644\u0645\u062d\u0637\u0629 \u0648\u062a\u0627\u064a\u0641\u0648\u0646\u060c \u0623\u063a\u0644\u0642\u062a \u0627\u0644\u0648\u0644\u0627\u064a\u0627\u062a \u0627\u0644\u0645\u062a\u062d\u062f\u0629 \u0627\u0644\u0645\u0634\u0631\u0648\u0639.<\/p>\n<p>\u0648\u0628\u0639\u062f \u0628\u0636\u0639 \u0633\u0646\u0648\u0627\u062a\u060c \u0627\u0633\u062a\u062d\u0648\u0630\u062a \u0634\u0631\u0643\u0629 TransStar \u0639\u0644\u0649 \u0627\u0644\u0645\u062d\u0637\u0629. \u064a\u0633\u0645\u062d \u0627\u0644\u062a\u0642\u062f\u0645 \u0641\u064a \u0639\u0644\u0645 \u0627\u0644\u0623\u0639\u0635\u0627\u0628 \u0644\u0639\u0644\u0645\u0627\u0621 \u0627\u0644\u0634\u0631\u0643\u0629 \u0628\u062a\u0633\u062e\u064a\u0631 Typhon \u0648\u0627\u0644\u062a\u062d\u0643\u0645 \u0641\u064a\u0647 \u0645\u0646 \u062d\u064a\u062b \u0627\u0633\u062a\u062e\u062f\u0627\u0645 \u0639\u0644\u0645 \u0648\u0638\u0627\u0626\u0641 \u0627\u0644\u0623\u0639\u0636\u0627\u0621 \u0627\u0644\u062e\u0627\u0635 \u0628\u0647\u0645 \u0644\u0625\u0646\u0634\u0627\u0621 Neuromods \u0627\u0644\u062a\u064a \u064a\u0645\u0643\u0646\u0647\u0627 \u0625\u0639\u0627\u062f\u0629 \u0647\u0646\u062f\u0633\u0629 \u0627\u0644\u062f\u0645\u0627\u063a \u0627\u0644\u0628\u0634\u0631\u064a \u0644\u0645\u0646\u062d \u0642\u062f\u0631\u0627\u062a \u062c\u062f\u064a\u062f\u0629 (\u0628\u0645\u0627 \u0641\u064a \u0630\u0644\u0643 \u0627\u0644\u0642\u062f\u0631\u0627\u062a \u0627\u0644\u062e\u0627\u0631\u0642\u0629).<\/p>\n<p>\u062a\u0646\u0645\u0648 \u0634\u0631\u0643\u0629 TransStar \u0645\u0627\u0644\u064a\u064b\u0627 \u0628\u0646\u062c\u0627\u062d \u0645\u0646 \u062e\u0644\u0627\u0644 \u0628\u064a\u0639 Neuromods \u0639\u0644\u0649 \u0623\u0631\u0636 \u0627\u0644\u0648\u0627\u0642\u0639. \u0641\u064a \u0648\u0642\u062a \u0625\u0639\u062f\u0627\u062f \u0627\u0644\u0644\u0639\u0628\u0629\u060c \u062d\u0648\u0627\u0644\u064a \u0639\u0627\u0645 2032\u060c \u0642\u0627\u0645\u062a TranStar \u0628\u062a\u0648\u0633\u064a\u0639 \u0627\u0644\u0645\u062d\u0637\u0629 \u0628\u0634\u0643\u0644 \u0623\u0643\u0628\u0631 \u0644\u0625\u0646\u0634\u0627\u0621 \u0633\u0643\u0646 \u0645\u0646\u0627\u0633\u0628 \u0644\u0645\u0648\u0638\u0641\u064a\u0647\u0627\u060c \u0627\u0644\u0630\u064a\u0646 \u064a\u0642\u0636\u0648\u0646 \u0645\u0627 \u064a\u0635\u0644 \u0625\u0644\u0649 \u0639\u0627\u0645\u064a\u0646 \u0641\u064a \u0627\u0644\u0645\u062d\u0637\u0629 \u0628\u064a\u0646 \u0631\u062d\u0644\u0627\u062a \u0627\u0644\u0646\u0642\u0644 \u0627\u0644\u0645\u0643\u0648\u0643\u064a\u0629 \u0627\u0644\u0645\u0646\u062a\u0638\u0645\u0629 \u0625\u0644\u0649 \u0627\u0644\u0623\u0631\u0636.<\/p>\n<p style=\"text-align: center;\">\u0634\u0631\u0627\u0621 \u0645\u0641\u062a\u0627\u062d \u0627\u0644\u0642\u0631\u0635 \u0627\u0644\u0645\u0636\u063a\u0648\u0637 Prey 2017 (PC).<\/p>\n<h2>\u0642\u0645 \u0628\u0634\u0631\u0627\u0621 \u0645\u0641\u062a\u0627\u062d \u0627\u0644\u0642\u0631\u0635 \u0627\u0644\u0645\u0636\u063a\u0648\u0637 Prey 2017 (PC) \u0647\u0646\u0627!<\/h2>\n<p>\u0627\u062d\u0635\u0644 \u0639\u0644\u0649 \u0645\u0641\u062a\u0627\u062d \u0627\u0644\u0642\u0631\u0635 \u0627\u0644\u0645\u0636\u063a\u0648\u0637 \u0627\u0644\u0630\u064a \u064a\u062a\u0645 \u0625\u0631\u0633\u0627\u0644\u0647 \u0645\u0628\u0627\u0634\u0631\u0629 \u0628\u0639\u062f \u0625\u0635\u062f\u0627\u0631 \u0627\u0644\u0644\u0639\u0628\u0629 \u0648\u0643\u0646 \u0645\u0646 \u0623\u0648\u0627\u0626\u0644 \u0645\u0646 \u064a\u0644\u0639\u0628\u0648\u0646\u0647\u0627. \u0628\u0627\u0639\u062a\u0628\u0627\u0631\u0647\u0627 \u0645\u0646\u0635\u0629 \u0639\u0644\u0649 \u0627\u0644\u0625\u0646\u062a\u0631\u0646\u062a\u060c \u064a\u062a\u0645 \u062a\u0642\u062f\u064a\u0645 \u0627\u0644\u0644\u0639\u0628\u0629 \u0628\u0633\u0639\u0631 \u0623\u0631\u062e\u0635 \u0628\u0643\u062b\u064a\u0631 \u0645\u0646 \u0627\u0644\u0645\u062a\u0627\u062c\u0631. \u0644\u0630\u0644\u0643\u060c \u064a\u0645\u0643\u0646\u0643 \u062a\u0648\u0641\u064a\u0631 \u0627\u0644\u0645\u0627\u0644 \u0639\u0646 \u0637\u0631\u064a\u0642 \u0627\u0644\u0634\u0631\u0627\u0621 \u0639\u0628\u0631 \u0627\u0644\u0625\u0646\u062a\u0631\u0646\u062a \u0628\u062f\u0644\u0627\u064b \u0645\u0646 \u0627\u0644\u0634\u0631\u0627\u0621 \u062f\u0648\u0646 \u0627\u0644\u0627\u062a\u0635\u0627\u0644 \u0628\u0627\u0644\u0625\u0646\u062a\u0631\u0646\u062a.<\/p>","protected":false},"excerpt":{"rendered":"<p>\u062a\u062c\u0631\u064a \u0623\u062d\u062f\u0627\u062b \u0627\u0644\u0644\u0639\u0628\u0629 \u0641\u064a \u062c\u062f\u0648\u0644 \u0632\u0645\u0646\u064a \u0628\u062f\u064a\u0644 \u062d\u064a\u062b \u064a\u0646\u062c\u0648 \u0627\u0644\u0631\u0626\u064a\u0633 \u0627\u0644\u0623\u0645\u0631\u064a\u0643\u064a \u062c\u0648\u0646 \u0625\u0641 \u0643\u064a\u0646\u064a\u062f\u064a \u0645\u0646 \u0645\u062d\u0627\u0648\u0644\u0629 \u0627\u0644\u0627\u063a\u062a\u064a\u0627\u0644 \u0641\u064a \u0639\u0627\u0645 1963. \u0648\u0643\u0631\u0626\u064a\u0633\u060c \u064a\u0648\u062c\u0647 \u0643\u064a\u0646\u064a\u062f\u064a \u0627\u0644\u0645\u0632\u064a\u062f \u0645\u0646 \u0627\u0644\u062a\u0645\u0648\u064a\u0644 \u0644\u0628\u0631\u0646\u0627\u0645\u062c \u0627\u0644\u0641\u0636\u0627\u0621\u060c \u0645\u0645\u0627 \u064a\u0624\u062f\u064a \u0625\u0644\u0649 \u0627\u0632\u062f\u0647\u0627\u0631\u0647. \u0648\u0647\u0630\u0627 \u064a\u0624\u062f\u064a \u0625\u0644\u0649 \u0646\u0634\u0627\u0637 \u0623\u0643\u0628\u0631 \u0641\u064a \u0627\u0644\u063a\u0631\u0641\u0629. \u064a\u0624\u062f\u064a \u0627\u0644\u0646\u0634\u0627\u0637 \u0627\u0644\u0628\u0634\u0631\u064a \u0641\u064a \u0627\u0644\u0641\u0636\u0627\u0621 \u0625\u0644\u0649 \u0647\u062c\u0645\u0627\u062a \u0645\u0646 \u0642\u0628\u0644 \u0642\u0648\u0629 \u063a\u0631\u064a\u0628\u0629 \u062a\u062a\u0643\u0648\u0646 \u0645\u0646 \u0627\u0644\u0639\u062f\u064a\u062f \u0645\u0646 \u0627\u0644\u0623\u0646\u0648\u0627\u0639 \u0627\u0644\u0645\u062e\u062a\u0644\u0641\u0629\u060c \u062a\u0633\u0645\u0649 \u0645\u062c\u062a\u0645\u0639\u0629 \u062a\u0627\u064a\u0641\u0648\u0646\u060c \u0627\u0644\u0623\u0631\u0636.<\/p>","protected":false},"featured_media":135,"comment_status":"open","ping_status":"closed","template":"","meta":{"powered_cache_disable_cache":false,"powered_cache_disable_lazyload":false,"powered_cache_disable_css_optimization":false,"powered_cache_disable_js_optimization":false},"product_brand":[],"product_cat":[6],"product_tag":[39,40,42],"class_list":{"0":"post-191","1":"product","2":"type-product","3":"status-publish","4":"has-post-thumbnail","6":"product_cat-spil","7":"product_tag-billige-koder","8":"product_tag-cd-key","9":"product_tag-koeb","11":"first","12":"instock","13":"taxable","14":"shipping-taxable","15":"product-type-external"},"yoast_head":"<!-- This site is optimized with the Yoast SEO plugin v27.5 - https:\/\/yoast.com\/product\/yoast-seo-wordpress\/ -->\n<title>K\u00f8b Prey 2017 - CD-key \/ Spilkode - Billige-Koder.dk<\/title>\n<meta name=\"description\" content=\"K\u00f8b Prey CD-key Find og k\u00f8b Prey her p\u00e5 denne side. Spillet Prey kan forudbestilles \/ k\u00f8bes via fremtr\u00e6dende links p\u00e5 siden. Klik her og spar penge!\" \/>\n<meta name=\"robots\" content=\"index, follow, max-snippet:-1, max-image-preview:large, max-video-preview:-1\" \/>\n<link rel=\"canonical\" href=\"https:\/\/billige-koder.dk\/ar\/\u88fd\u54c1\/\u7372\u7269\/\" \/>\n<meta property=\"og:locale\" content=\"ar_AR\" \/>\n<meta property=\"og:type\" content=\"article\" \/>\n<meta property=\"og:title\" content=\"K\u00f8b Prey 2017 - CD-key \/ Spilkode - Billige-Koder.dk\" \/>\n<meta property=\"og:description\" content=\"K\u00f8b Prey CD-key Find og k\u00f8b Prey her p\u00e5 denne side. Spillet Prey kan forudbestilles \/ k\u00f8bes via fremtr\u00e6dende links p\u00e5 siden. Klik her og spar penge!\" \/>\n<meta property=\"og:url\" content=\"https:\/\/billige-koder.dk\/ar\/\u88fd\u54c1\/\u7372\u7269\/\" \/>\n<meta property=\"og:site_name\" content=\"Billige-Koder.dk\" \/>\n<meta property=\"article:modified_time\" content=\"2024-08-19T10:15:40+00:00\" \/>\n<meta property=\"og:image\" content=\"https:\/\/billige-koder.dk\/wp-content\/uploads\/2017\/04\/2017-04-24-19_49_37-prey-official-2017-cover-Google-s\u00f8gning.png\" \/>\n\t<meta property=\"og:image:width\" content=\"275\" \/>\n\t<meta property=\"og:image:height\" content=\"354\" \/>\n\t<meta property=\"og:image:type\" content=\"image\/png\" \/>\n<meta name=\"twitter:card\" content=\"summary_large_image\" \/>\n<meta name=\"twitter:label1\" content=\"\u0648\u0642\u062a \u0627\u0644\u0642\u0631\u0627\u0621\u0629 \u0627\u0644\u0645\u064f\u0642\u062f\u0651\u0631\" \/>\n\t<meta name=\"twitter:data1\" content=\"\u062f\u0642\u064a\u0642\u062a\u0627\u0646\" \/>\n<!-- \/ Yoast SEO plugin. -->","yoast_head_json":{"title":"\u0634\u0631\u0627\u0621 Prey 2017 - \u0645\u0641\u062a\u0627\u062d \u0627\u0644\u0642\u0631\u0635 \u0627\u0644\u0645\u0636\u063a\u0648\u0637 \/ \u0631\u0645\u0632 \u0627\u0644\u0644\u0639\u0628\u0629 - Billige-Koder.dk","description":"\u0634\u0631\u0627\u0621 \u0645\u0641\u062a\u0627\u062d \u0627\u0644\u0642\u0631\u0635 \u0627\u0644\u0645\u0636\u063a\u0648\u0637 \u0644\u0640 Prey\u060c \u0627\u0628\u062d\u062b \u0639\u0646 Prey \u0648\u0627\u0634\u062a\u0631\u064a\u0647 \u0647\u0646\u0627 \u0639\u0644\u0649 \u0647\u0630\u0647 \u0627\u0644\u0635\u0641\u062d\u0629. \u064a\u0645\u0643\u0646 \u0637\u0644\u0628\/\u0634\u0631\u0627\u0621 \u0644\u0639\u0628\u0629 Prey \u0645\u0633\u0628\u0642\u064b\u0627 \u0639\u0628\u0631 \u0627\u0644\u0631\u0648\u0627\u0628\u0637 \u0627\u0644\u0628\u0627\u0631\u0632\u0629 \u0639\u0644\u0649 \u0627\u0644\u0635\u0641\u062d\u0629. \u0627\u0646\u0642\u0631 \u0647\u0646\u0627 \u0648\u062a\u0648\u0641\u064a\u0631 \u0627\u0644\u0645\u0627\u0644!","robots":{"index":"index","follow":"follow","max-snippet":"max-snippet:-1","max-image-preview":"max-image-preview:large","max-video-preview":"max-video-preview:-1"},"canonical":"https:\/\/billige-koder.dk\/ar\/\u88fd\u54c1\/\u7372\u7269\/","og_locale":"ar_AR","og_type":"article","og_title":"K\u00f8b Prey 2017 - CD-key \/ Spilkode - Billige-Koder.dk","og_description":"K\u00f8b Prey CD-key Find og k\u00f8b Prey her p\u00e5 denne side. Spillet Prey kan forudbestilles \/ k\u00f8bes via fremtr\u00e6dende links p\u00e5 siden. Klik her og spar penge!","og_url":"https:\/\/billige-koder.dk\/ar\/\u88fd\u54c1\/\u7372\u7269\/","og_site_name":"Billige-Koder.dk","article_modified_time":"2024-08-19T10:15:40+00:00","og_image":[{"width":275,"height":354,"url":"https:\/\/billige-koder.dk\/wp-content\/uploads\/2017\/04\/2017-04-24-19_49_37-prey-official-2017-cover-Google-s\u00f8gning.png","type":"image\/png"}],"twitter_card":"summary_large_image","twitter_misc":{"\u0648\u0642\u062a \u0627\u0644\u0642\u0631\u0627\u0621\u0629 \u0627\u0644\u0645\u064f\u0642\u062f\u0651\u0631":"\u062f\u0642\u064a\u0642\u062a\u0627\u0646"},"schema":{"@context":"https:\/\/schema.org","@graph":[]}},"_links":{"self":[{"href":"https:\/\/billige-koder.dk\/ar\/wp-json\/wp\/v2\/product\/191","targetHints":{"allow":["GET"]}}],"collection":[{"href":"https:\/\/billige-koder.dk\/ar\/wp-json\/wp\/v2\/product"}],"about":[{"href":"https:\/\/billige-koder.dk\/ar\/wp-json\/wp\/v2\/types\/product"}],"replies":[{"embeddable":true,"href":"https:\/\/billige-koder.dk\/ar\/wp-json\/wp\/v2\/comments?post=191"}],"wp:featuredmedia":[{"embeddable":true,"href":"https:\/\/billige-koder.dk\/ar\/wp-json\/wp\/v2\/media\/135"}],"wp:attachment":[{"href":"https:\/\/billige-koder.dk\/ar\/wp-json\/wp\/v2\/media?parent=191"}],"wp:term":[{"taxonomy":"product_brand","embeddable":true,"href":"https:\/\/billige-koder.dk\/ar\/wp-json\/wp\/v2\/product_brand?post=191"},{"taxonomy":"product_cat","embeddable":true,"href":"https:\/\/billige-koder.dk\/ar\/wp-json\/wp\/v2\/product_cat?post=191"},{"taxonomy":"product_tag","embeddable":true,"href":"https:\/\/billige-koder.dk\/ar\/wp-json\/wp\/v2\/product_tag?post=191"}],"curies":[{"name":"wp","href":"https:\/\/api.w.org\/{rel}","templated":true}]}}