{"id":15616,"date":"2024-08-10T00:00:00","date_gmt":"2024-08-09T22:00:00","guid":{"rendered":"https:\/\/billige-koder.dk\/?post_type=product&#038;p=15616"},"modified":"2024-08-19T13:25:10","modified_gmt":"2024-08-19T11:25:10","slug":"lost-in-random-pc-steam-cd-key-global","status":"publish","type":"product","link":"https:\/\/billige-koder.dk\/ar\/produkt\/lost-in-random-pc-steam-cd-key-global\/","title":{"rendered":"Lost in Random (PC) &#8211; Steam cd-key &#8211; GLOBAL"},"content":{"rendered":"<h2>Oplev det fortryllende univers i Lost in Random<\/h2>\n<p>Tr\u00e6d ind i en verden, hvor sk\u00e6bnen bestemmes af terningens kast. I Lost in Random f\u00f8lger du den unge heltinde Even, der begiver sig ud p\u00e5 en episk rejse for at redde sin s\u00f8ster fra den dystopiske by Random. Her hersker en tyrannisk dronning, der kontrollerer alt gennem et brutalt terningespil. Hver beslutning, du tr\u00e6ffer, kan \u00e6ndre historiens gang og f\u00f8re til forskellige udfald, hvilket giver en unik oplevelse hver gang.<\/p>\n<p>Spillet kombinerer action, eventyr og strategiske elementer, hvor du skal navigere gennem en r\u00e6kke farlige omgivelser og m\u00f8de en r\u00e6kke farverige karakterer. Med sin fantastiske visuelle stil og en original soundtrack, der komplementerer den magiske atmosf\u00e6re, vil Lost in Random fange din opm\u00e6rksomhed fra f\u00f8rste \u00f8jeblik. <\/p>\n<p>Du vil opleve en kort, men underholdende historie, der byder p\u00e5 flere afslutninger at l\u00e5se op. Gameplayet er b\u00e5de sjovt og udfordrende, hvilket giver dig mulighed for at bruge b\u00e5de hjerne og muskler, n\u00e5r du k\u00e6mper mod fjender og l\u00f8ser g\u00e5der. Samtidig kan du samle Steam achievements og trading cards, hvilket tilf\u00f8jer en ekstra dimension til din spiloplevelse.<\/p>\n<p>Er du klar til at tage udfordringen op og hj\u00e6lpe Even med at overvinde de forhindringer, der st\u00e5r i vejen for hendes s\u00f8ster? G\u00e5 ikke glip af muligheden for at opleve dette unikke eventyr. <\/p>\n<p>K\u00f8b din cd-key hos Billige Koder i dag og dyk ned i det fantastiske univers af Lost in Random. Er du p\u00e5 udkig efter noget andet, s\u00e5 k\u00f8b vores <a href=\"https:\/\/billige-koder.dk\/ar\/produkt\/\u0628\u0637\u0627\u0642\u0629-\u0647\u062f\u064a\u0629-\u0644\u0644\u0628\u062e\u0627\u0631\/\" data-internallinksmanager029f6b8e52c=\"2\" title=\"\u0628\u0637\u0627\u0642\u0629 \u0647\u062f\u064a\u0629 \u0644\u0644\u0628\u062e\u0627\u0631\">\u0628\u0637\u0627\u0642\u0629 \u0647\u062f\u064a\u0629 \u0644\u0644\u0628\u062e\u0627\u0631<\/a>.<\/p>","protected":false},"excerpt":{"rendered":"<p>K\u00f8b en cd-key til Lost in Random (PC) &#8211; Steam cd-key &#8211; GLOBAL<\/p>","protected":false},"featured_media":15617,"comment_status":"closed","ping_status":"closed","template":"","meta":{"powered_cache_disable_cache":false,"powered_cache_disable_lazyload":false,"powered_cache_disable_css_optimization":false,"powered_cache_disable_js_optimization":false},"product_brand":[],"product_cat":[256],"product_tag":[40],"class_list":{"0":"post-15616","1":"product","2":"type-product","3":"status-publish","4":"has-post-thumbnail","6":"product_cat-cd-key","7":"product_tag-cd-key","9":"first","10":"instock","11":"taxable","12":"shipping-taxable","13":"product-type-external"},"yoast_head":"<!-- This site is optimized with the Yoast SEO plugin v27.5 - https:\/\/yoast.com\/product\/yoast-seo-wordpress\/ -->\n<title>Lost in Random (PC) - Steam cd-key - GLOBAL - Billige-Koder.dk<\/title>\n<meta name=\"robots\" content=\"index, follow, max-snippet:-1, max-image-preview:large, max-video-preview:-1\" \/>\n<link rel=\"canonical\" href=\"https:\/\/billige-koder.dk\/ar\/produkt\/lost-in-random-pc-steam-cd-key-global\/\" \/>\n<meta property=\"og:locale\" content=\"ar_AR\" \/>\n<meta property=\"og:type\" content=\"article\" \/>\n<meta property=\"og:title\" content=\"Lost in Random (PC) - Steam cd-key - GLOBAL - Billige-Koder.dk\" \/>\n<meta property=\"og:description\" content=\"K\u00f8b en cd-key til Lost in Random (PC) - Steam cd-key - GLOBAL\" \/>\n<meta property=\"og:url\" content=\"https:\/\/billige-koder.dk\/ar\/produkt\/lost-in-random-pc-steam-cd-key-global\/\" \/>\n<meta property=\"og:site_name\" content=\"Billige-Koder.dk\" \/>\n<meta property=\"article:modified_time\" content=\"2024-08-19T11:25:10+00:00\" \/>\n<meta property=\"og:image\" content=\"https:\/\/billige-koder.dk\/wp-content\/uploads\/2024\/08\/Lost-in-Random-PC-Steam-Key-GLOBAL.jpg\" \/>\n\t<meta property=\"og:image:width\" content=\"300\" \/>\n\t<meta property=\"og:image:height\" content=\"400\" \/>\n\t<meta property=\"og:image:type\" content=\"image\/jpeg\" \/>\n<meta name=\"twitter:card\" content=\"summary_large_image\" \/>\n<meta name=\"twitter:label1\" content=\"\u0648\u0642\u062a \u0627\u0644\u0642\u0631\u0627\u0621\u0629 \u0627\u0644\u0645\u064f\u0642\u062f\u0651\u0631\" \/>\n\t<meta name=\"twitter:data1\" content=\"\u062f\u0642\u064a\u0642\u0629 \u0648\u0627\u062d\u062f\u0629\" \/>\n<!-- \/ Yoast SEO plugin. -->","yoast_head_json":{"title":"Lost in Random (PC) - Steam cd-key - GLOBAL - Billige-Koder.dk","robots":{"index":"index","follow":"follow","max-snippet":"max-snippet:-1","max-image-preview":"max-image-preview:large","max-video-preview":"max-video-preview:-1"},"canonical":"https:\/\/billige-koder.dk\/ar\/produkt\/lost-in-random-pc-steam-cd-key-global\/","og_locale":"ar_AR","og_type":"article","og_title":"Lost in Random (PC) - Steam cd-key - GLOBAL - Billige-Koder.dk","og_description":"K\u00f8b en cd-key til Lost in Random (PC) - Steam cd-key - GLOBAL","og_url":"https:\/\/billige-koder.dk\/ar\/produkt\/lost-in-random-pc-steam-cd-key-global\/","og_site_name":"Billige-Koder.dk","article_modified_time":"2024-08-19T11:25:10+00:00","og_image":[{"width":300,"height":400,"url":"https:\/\/billige-koder.dk\/wp-content\/uploads\/2024\/08\/Lost-in-Random-PC-Steam-Key-GLOBAL.jpg","type":"image\/jpeg"}],"twitter_card":"summary_large_image","twitter_misc":{"\u0648\u0642\u062a \u0627\u0644\u0642\u0631\u0627\u0621\u0629 \u0627\u0644\u0645\u064f\u0642\u062f\u0651\u0631":"\u062f\u0642\u064a\u0642\u0629 \u0648\u0627\u062d\u062f\u0629"},"schema":{"@context":"https:\/\/schema.org","@graph":[]}},"_links":{"self":[{"href":"https:\/\/billige-koder.dk\/ar\/wp-json\/wp\/v2\/product\/15616","targetHints":{"allow":["GET"]}}],"collection":[{"href":"https:\/\/billige-koder.dk\/ar\/wp-json\/wp\/v2\/product"}],"about":[{"href":"https:\/\/billige-koder.dk\/ar\/wp-json\/wp\/v2\/types\/product"}],"replies":[{"embeddable":true,"href":"https:\/\/billige-koder.dk\/ar\/wp-json\/wp\/v2\/comments?post=15616"}],"wp:featuredmedia":[{"embeddable":true,"href":"https:\/\/billige-koder.dk\/ar\/wp-json\/wp\/v2\/media\/15617"}],"wp:attachment":[{"href":"https:\/\/billige-koder.dk\/ar\/wp-json\/wp\/v2\/media?parent=15616"}],"wp:term":[{"taxonomy":"product_brand","embeddable":true,"href":"https:\/\/billige-koder.dk\/ar\/wp-json\/wp\/v2\/product_brand?post=15616"},{"taxonomy":"product_cat","embeddable":true,"href":"https:\/\/billige-koder.dk\/ar\/wp-json\/wp\/v2\/product_cat?post=15616"},{"taxonomy":"product_tag","embeddable":true,"href":"https:\/\/billige-koder.dk\/ar\/wp-json\/wp\/v2\/product_tag?post=15616"}],"curies":[{"name":"wp","href":"https:\/\/api.w.org\/{rel}","templated":true}]}}