{"id":1676,"date":"2023-10-29T15:56:40","date_gmt":"2023-10-29T14:56:40","guid":{"rendered":"https:\/\/billige-koder.dk\/produkt\/call-of-duty-black-ops-iii-zombies-chronicles-edition-pc-steam-account-account-global-2\/"},"modified":"2024-08-19T12:20:03","modified_gmt":"2024-08-19T10:20:03","slug":"call-of-duty-black-ops-iii-zombies-chronicles-edition-pc-steam-account-account-global-2","status":"publish","type":"product","link":"http:\/\/billige-koder.dk\/sv\/produkt\/call-of-duty-black-ops-iii-zombies-chronicles-edition-pc-steam-konto-globalt-2\/","title":{"rendered":"Call Of Duty Black Ops Iii Zombies Chronicles Edition Pc Steam Konto Konto Global"},"content":{"rendered":"<p>F\u00e5 ditt hj\u00e4rta att bulta av sp\u00e4nning med &quot;The Giant&quot;, den ultimata zombieupplevelsen kvar! Bilge Koder presenterar stolt &quot;Call Of Duty Black Ops III The Giant Zombies Map <a href=\"http:\/\/billige-koder.dk\/sv\/produkt\/presentkort-for-steam\/\" data-internallinksmanager029f6b8e52c=\"1\" title=\"Presentkort f\u00f6r Steam\">Steam-nyckel<\/a> Global&quot;, d\u00e4r du kan \u00e5teruppleva den ikoniska &quot;Der Riese&quot;-banan fr\u00e5n Treyarchs legendariska spel. Ta kontroll \u00f6ver Dempsey, Nikolai, Richtofen och Takeo och k\u00e4mpa dig igenom en v\u00e4rld full av od\u00f6da och faror. Med vapenuppgraderingar fr\u00e5n pack-a-punch-maskinen och en sp\u00e4nnande forts\u00e4ttning p\u00e5 Zombies-ber\u00e4ttelsen fr\u00e5n Origins, kommer du att sugas in i en v\u00e4rld d\u00e4r \u00f6verlevnad \u00e4r nyckeln. S\u00e5 skynda dig och f\u00e5 tag p\u00e5 denna fantastiska cd-nyckel till ett billigt pris och bek\u00e4mpa zombies idag!<\/p>","protected":false},"excerpt":{"rendered":"<p>K\u00f6p en CD-nyckel f\u00f6r Call Of Duty Black Ops Iii Zombies Chronicles Edition Pc Steam Konto Globalt<\/p>","protected":false},"featured_media":1674,"comment_status":"open","ping_status":"closed","template":"","meta":{"powered_cache_disable_cache":false,"powered_cache_disable_lazyload":false,"powered_cache_disable_css_optimization":false,"powered_cache_disable_js_optimization":false},"product_brand":[],"product_cat":[256],"product_tag":[40],"class_list":{"0":"post-1676","1":"product","2":"type-product","3":"status-publish","4":"has-post-thumbnail","6":"product_cat-cd-key","7":"product_tag-cd-key","9":"first","10":"instock","11":"taxable","12":"shipping-taxable","13":"product-type-external"},"yoast_head":"<!-- This site is optimized with the Yoast SEO plugin v27.6 - https:\/\/yoast.com\/product\/yoast-seo-wordpress\/ -->\n<title>Call Of Duty Black Ops Iii Zombies Chronicles Edition Pc Steam Account Account Global - Billige-Koder.dk<\/title>\n<meta name=\"robots\" content=\"index, follow, max-snippet:-1, max-image-preview:large, max-video-preview:-1\" \/>\n<link rel=\"canonical\" href=\"http:\/\/billige-koder.dk\/sv\/produkt\/call-of-duty-black-ops-iii-zombies-chronicles-edition-pc-steam-konto-globalt-2\/\" \/>\n<meta property=\"og:locale\" content=\"sv_SE\" \/>\n<meta property=\"og:type\" content=\"article\" \/>\n<meta property=\"og:title\" content=\"Call Of Duty Black Ops Iii Zombies Chronicles Edition Pc Steam Account Account Global - Billige-Koder.dk\" \/>\n<meta property=\"og:description\" content=\"K\u00f8b en cd-key til Call Of Duty Black Ops Iii Zombies Chronicles Edition Pc Steam Account Account Global\" \/>\n<meta property=\"og:url\" content=\"http:\/\/billige-koder.dk\/sv\/produkt\/call-of-duty-black-ops-iii-zombies-chronicles-edition-pc-steam-konto-globalt-2\/\" \/>\n<meta property=\"og:site_name\" content=\"Billige-Koder.dk\" \/>\n<meta property=\"article:modified_time\" content=\"2024-08-19T10:20:03+00:00\" \/>\n<meta property=\"og:image\" content=\"https:\/\/billige-koder.dk\/wp-content\/uploads\/2023\/10\/Call-Of-Duty-Black-Ops-Iii-Zombies-Chronicles-Edition-Pc-Steam-Account-Account-Global.jpg\" \/>\n\t<meta property=\"og:image:width\" content=\"360\" \/>\n\t<meta property=\"og:image:height\" content=\"600\" \/>\n\t<meta property=\"og:image:type\" content=\"image\/jpeg\" \/>\n<meta name=\"twitter:card\" content=\"summary_large_image\" \/>\n<meta name=\"twitter:label1\" content=\"Ber\u00e4knad l\u00e4stid\" \/>\n\t<meta name=\"twitter:data1\" content=\"1 minut\" \/>\n<!-- \/ Yoast SEO plugin. -->","yoast_head_json":{"title":"Call Of Duty Black Ops Iii Zombies Chronicles Edition Pc Steam Konto Globalt - Billige-Koder.dk","robots":{"index":"index","follow":"follow","max-snippet":"max-snippet:-1","max-image-preview":"max-image-preview:large","max-video-preview":"max-video-preview:-1"},"canonical":"http:\/\/billige-koder.dk\/sv\/produkt\/call-of-duty-black-ops-iii-zombies-chronicles-edition-pc-steam-konto-globalt-2\/","og_locale":"sv_SE","og_type":"article","og_title":"Call Of Duty Black Ops Iii Zombies Chronicles Edition Pc Steam Account Account Global - Billige-Koder.dk","og_description":"K\u00f8b en cd-key til Call Of Duty Black Ops Iii Zombies Chronicles Edition Pc Steam Account Account Global","og_url":"http:\/\/billige-koder.dk\/sv\/produkt\/call-of-duty-black-ops-iii-zombies-chronicles-edition-pc-steam-konto-globalt-2\/","og_site_name":"Billige-Koder.dk","article_modified_time":"2024-08-19T10:20:03+00:00","og_image":[{"width":360,"height":600,"url":"https:\/\/billige-koder.dk\/wp-content\/uploads\/2023\/10\/Call-Of-Duty-Black-Ops-Iii-Zombies-Chronicles-Edition-Pc-Steam-Account-Account-Global.jpg","type":"image\/jpeg"}],"twitter_card":"summary_large_image","twitter_misc":{"Ber\u00e4knad l\u00e4stid":"1 minut"},"schema":{"@context":"https:\/\/schema.org","@graph":[]}},"_links":{"self":[{"href":"http:\/\/billige-koder.dk\/sv\/wp-json\/wp\/v2\/product\/1676","targetHints":{"allow":["GET"]}}],"collection":[{"href":"http:\/\/billige-koder.dk\/sv\/wp-json\/wp\/v2\/product"}],"about":[{"href":"http:\/\/billige-koder.dk\/sv\/wp-json\/wp\/v2\/types\/product"}],"replies":[{"embeddable":true,"href":"http:\/\/billige-koder.dk\/sv\/wp-json\/wp\/v2\/comments?post=1676"}],"wp:featuredmedia":[{"embeddable":true,"href":"http:\/\/billige-koder.dk\/sv\/wp-json\/wp\/v2\/media\/1674"}],"wp:attachment":[{"href":"http:\/\/billige-koder.dk\/sv\/wp-json\/wp\/v2\/media?parent=1676"}],"wp:term":[{"taxonomy":"product_brand","embeddable":true,"href":"http:\/\/billige-koder.dk\/sv\/wp-json\/wp\/v2\/product_brand?post=1676"},{"taxonomy":"product_cat","embeddable":true,"href":"http:\/\/billige-koder.dk\/sv\/wp-json\/wp\/v2\/product_cat?post=1676"},{"taxonomy":"product_tag","embeddable":true,"href":"http:\/\/billige-koder.dk\/sv\/wp-json\/wp\/v2\/product_tag?post=1676"}],"curies":[{"name":"wp","href":"https:\/\/api.w.org\/{rel}","templated":true}]}}