{"id":16516,"date":"2024-08-10T00:00:00","date_gmt":"2024-08-09T22:00:00","guid":{"rendered":"https:\/\/billige-koder.dk\/?post_type=product&#038;p=16516"},"modified":"2024-08-19T13:29:11","modified_gmt":"2024-08-19T11:29:11","slug":"tastemaker-restaurant-simulator-pc-steam-cd-key-global","status":"publish","type":"product","link":"http:\/\/billige-koder.dk\/sv\/produkt\/tastemaker-restaurant-simulator-pc-steam-cd-key-global\/","title":{"rendered":"TasteMaker: Restaurant simulator (PC) &#8211; Steam cd-key &#8211; GLOBAL"},"content":{"rendered":"<h2>Oplev madlavningens kunst i TasteMaker: Restaurant Simulator<\/h2>\n<p>Tr\u00e6d ind i den sp\u00e6ndende verden af TasteMaker: Restaurant Simulator, hvor du f\u00e5r mulighed for at bygge og drive din egen restaurant. Dette spil giver dig friheden til at designe din menu, v\u00e6lge indretning og styre driften af din restaurant fra bunden. Uanset om du dr\u00f8mmer om at skabe en hyggelig caf\u00e9 eller en eksklusiv gourmetrestaurant, er mulighederne uendelige.<\/p>\n<p>I TasteMaker kan du eksperimentere med forskellige opskrifter og ingredienser for at tiltr\u00e6kke kunder og opbygge et solidt omd\u00f8mme. Spillet tilbyder en realistisk simulering af restaurantdrift, hvor du skal tage h\u00f8jde for alt fra indk\u00f8b af r\u00e5varer til kundetilfredshed. Hver beslutning, du tr\u00e6ffer, p\u00e5virker din restaurants succes, s\u00e5 t\u00e6nk strategisk og v\u00e6r kreativ.<\/p>\n<p>Grafikken i TasteMaker er b\u00e5de farverig og detaljeret, hvilket g\u00f8r det til en forn\u00f8jelse at navigere i de forskellige lokationer. Du vil m\u00f8de en r\u00e6kke interessante karakterer, der hver is\u00e6r har deres egne pr\u00e6ferencer og krav. Det er op til dig at finde ud af, hvordan du bedst kan tilfredsstille dem og holde dem tilbagevendende.<\/p>\n<p>Spillet byder ogs\u00e5 p\u00e5 en r\u00e6kke udfordringer og mini-spil, der holder dig engageret og underholdt. Fra at h\u00e5ndtere travle middagsrush til at l\u00f8se problemer med dine ansatte, vil du konstant blive udfordret til at forbedre din restaurant og dine f\u00e6rdigheder som kok.<\/p>\n<p>TasteMaker: Restaurant Simulator er ikke kun for madentusiaster, men ogs\u00e5 for dem, der elsker strategiske spil med dybde og kompleksitet. Med en f\u00e6ngslende historie og et v\u00e6ld af muligheder for tilpasning, vil du hurtigt blive opslugt af denne unikke oplevelse.<\/p>\n<p>Letar du efter n\u00e5got annat? S\u00e5 k\u00f6p v\u00e5r <a href=\"http:\/\/billige-koder.dk\/sv\/produkt\/presentkort-for-steam\/\" data-internallinksmanager029f6b8e52c=\"2\" title=\"Presentkort f\u00f6r Steam\">presentkort till Steam<\/a> och utforska \u00e4nnu fler fantastiska spel!<\/p>","protected":false},"excerpt":{"rendered":"<p>K\u00f8b en cd-key til TasteMaker: Restaurant simulator (PC) &#8211; Steam cd-key &#8211; GLOBAL<\/p>","protected":false},"featured_media":16517,"comment_status":"closed","ping_status":"closed","template":"","meta":{"powered_cache_disable_cache":false,"powered_cache_disable_lazyload":false,"powered_cache_disable_css_optimization":false,"powered_cache_disable_js_optimization":false},"product_brand":[],"product_cat":[256],"product_tag":[40],"class_list":{"0":"post-16516","1":"product","2":"type-product","3":"status-publish","4":"has-post-thumbnail","6":"product_cat-cd-key","7":"product_tag-cd-key","9":"first","10":"instock","11":"taxable","12":"shipping-taxable","13":"product-type-external"},"yoast_head":"<!-- This site is optimized with the Yoast SEO plugin v27.6 - https:\/\/yoast.com\/product\/yoast-seo-wordpress\/ -->\n<title>TasteMaker: Restaurant simulator (PC) - Steam cd-key - GLOBAL - Billige-Koder.dk<\/title>\n<meta name=\"robots\" content=\"index, follow, max-snippet:-1, max-image-preview:large, max-video-preview:-1\" \/>\n<link rel=\"canonical\" href=\"http:\/\/billige-koder.dk\/sv\/produkt\/tastemaker-restaurant-simulator-pc-steam-cd-key-global\/\" \/>\n<meta property=\"og:locale\" content=\"sv_SE\" \/>\n<meta property=\"og:type\" content=\"article\" \/>\n<meta property=\"og:title\" content=\"TasteMaker: Restaurant simulator (PC) - Steam cd-key - GLOBAL - Billige-Koder.dk\" \/>\n<meta property=\"og:description\" content=\"K\u00f8b en cd-key til TasteMaker: Restaurant simulator (PC) - Steam cd-key - GLOBAL\" \/>\n<meta property=\"og:url\" content=\"http:\/\/billige-koder.dk\/sv\/produkt\/tastemaker-restaurant-simulator-pc-steam-cd-key-global\/\" \/>\n<meta property=\"og:site_name\" content=\"Billige-Koder.dk\" \/>\n<meta property=\"article:modified_time\" content=\"2024-08-19T11:29:11+00:00\" \/>\n<meta property=\"og:image\" content=\"https:\/\/billige-koder.dk\/wp-content\/uploads\/2024\/08\/TasteMaker-Restaurant-simulator-PC-Steam-Key-GLOBAL.jpg\" \/>\n\t<meta property=\"og:image:width\" content=\"300\" \/>\n\t<meta property=\"og:image:height\" content=\"400\" \/>\n\t<meta property=\"og:image:type\" content=\"image\/jpeg\" \/>\n<meta name=\"twitter:card\" content=\"summary_large_image\" \/>\n<meta name=\"twitter:label1\" content=\"Ber\u00e4knad l\u00e4stid\" \/>\n\t<meta name=\"twitter:data1\" content=\"2 minuter\" \/>\n<!-- \/ Yoast SEO plugin. -->","yoast_head_json":{"title":"TasteMaker: Restaurant simulator (PC) - Steam cd-key - GLOBAL - Billige-Koder.dk","robots":{"index":"index","follow":"follow","max-snippet":"max-snippet:-1","max-image-preview":"max-image-preview:large","max-video-preview":"max-video-preview:-1"},"canonical":"http:\/\/billige-koder.dk\/sv\/produkt\/tastemaker-restaurant-simulator-pc-steam-cd-key-global\/","og_locale":"sv_SE","og_type":"article","og_title":"TasteMaker: Restaurant simulator (PC) - Steam cd-key - GLOBAL - Billige-Koder.dk","og_description":"K\u00f8b en cd-key til TasteMaker: Restaurant simulator (PC) - Steam cd-key - GLOBAL","og_url":"http:\/\/billige-koder.dk\/sv\/produkt\/tastemaker-restaurant-simulator-pc-steam-cd-key-global\/","og_site_name":"Billige-Koder.dk","article_modified_time":"2024-08-19T11:29:11+00:00","og_image":[{"width":300,"height":400,"url":"https:\/\/billige-koder.dk\/wp-content\/uploads\/2024\/08\/TasteMaker-Restaurant-simulator-PC-Steam-Key-GLOBAL.jpg","type":"image\/jpeg"}],"twitter_card":"summary_large_image","twitter_misc":{"Ber\u00e4knad l\u00e4stid":"2 minuter"},"schema":{"@context":"https:\/\/schema.org","@graph":[]}},"_links":{"self":[{"href":"http:\/\/billige-koder.dk\/sv\/wp-json\/wp\/v2\/product\/16516","targetHints":{"allow":["GET"]}}],"collection":[{"href":"http:\/\/billige-koder.dk\/sv\/wp-json\/wp\/v2\/product"}],"about":[{"href":"http:\/\/billige-koder.dk\/sv\/wp-json\/wp\/v2\/types\/product"}],"replies":[{"embeddable":true,"href":"http:\/\/billige-koder.dk\/sv\/wp-json\/wp\/v2\/comments?post=16516"}],"wp:featuredmedia":[{"embeddable":true,"href":"http:\/\/billige-koder.dk\/sv\/wp-json\/wp\/v2\/media\/16517"}],"wp:attachment":[{"href":"http:\/\/billige-koder.dk\/sv\/wp-json\/wp\/v2\/media?parent=16516"}],"wp:term":[{"taxonomy":"product_brand","embeddable":true,"href":"http:\/\/billige-koder.dk\/sv\/wp-json\/wp\/v2\/product_brand?post=16516"},{"taxonomy":"product_cat","embeddable":true,"href":"http:\/\/billige-koder.dk\/sv\/wp-json\/wp\/v2\/product_cat?post=16516"},{"taxonomy":"product_tag","embeddable":true,"href":"http:\/\/billige-koder.dk\/sv\/wp-json\/wp\/v2\/product_tag?post=16516"}],"curies":[{"name":"wp","href":"https:\/\/api.w.org\/{rel}","templated":true}]}}