{"id":16361,"date":"2024-08-10T00:00:00","date_gmt":"2024-08-09T22:00:00","guid":{"rendered":"https:\/\/billige-koder.dk\/?post_type=product&#038;p=16361"},"modified":"2024-08-19T13:28:29","modified_gmt":"2024-08-19T11:28:29","slug":"breaking-bones-steam-cd-key-global","status":"publish","type":"product","link":"http:\/\/billige-koder.dk\/nb\/produkt\/breaking-bones-steam-cd-key-global\/","title":{"rendered":"Breaking Bones Steam CD Key GLOBAL"},"content":{"rendered":"<h2>Opplev den intense verdenen til Breaking Bones<\/h2>\n<p>Breaking Bones er et spennende overlevelsesspill som bringer deg inn i en fantastisk verden full av utfordringer og eventyr. Med avansert teknologi som fotogrammetri (3D-skanning) f\u00e5r du en visuell opplevelse som virkelig gir liv til milj\u00f8ene. Du vil reise gjennom forskjellige landskap, inkludert rifter, \u00f8yer, skoger, fjell og \u00f8rkener mens du kjemper mot en rekke formidable fiender.<\/p>\n<p>I dette f\u00f8rstepersons n\u00e6rkampspillet har du tilgang til et bredt utvalg av d\u00f8delige v\u00e5pen, inkludert katapulter og buer. Du kan til og med samle v\u00e5pen fra dine beseirede fiender, og legge til en strategisk dimensjon til kampene. Hvert niv\u00e5 skjuler skjulte v\u00e5pen, livsdrikker og eksplosive fat som kan hjelpe deg i kampen for \u00e5 overleve.<\/p>\n<p>Spillet har seks forskjellige kart hvor du vil m\u00f8te 18 forskjellige fiender, inkludert seks boss- og seks big boss-kamper. Hver kamp krever taktisk tenkning og raske reflekser mens du navigerer i det utfordrende milj\u00f8et og bruker ressursene du finner.<\/p>\n<p>En spesiell funksjon i Breaking Bones er muligheten til \u00e5 frigj\u00f8re en ulv fra buret. N\u00e5r du finner CD-n\u00f8kkelen og redder ulven, vil den kjempe ved din side, og gi deg en verdifull alliert i kampen mot de skremmende motstanderne.<\/p>\n<p>Med over 20 forskjellige v\u00e5pen tilgjengelig og en dynamisk kampopplevelse, er Breaking Bones et must for enhver spiller som elsker action og eventyr. Ikke g\u00e5 glipp av sjansen til \u00e5 dykke inn i denne fantastiske verdenen.<\/p>\n<p>Leter du etter noe annet? S\u00e5 kj\u00f8p v\u00e5r <a href=\"http:\/\/billige-koder.dk\/nb\/produkt\/gavekort-til-steam\/\" data-internallinksmanager029f6b8e52c=\"2\" title=\"Gavekort til Steam\">gavekort til Steam<\/a> og f\u00e5 tilgang til massevis av spill og innhold!<\/p>","protected":false},"excerpt":{"rendered":"<p>K\u00f8b en cd-key til Breaking Bones Steam cd-key GLOBAL<\/p>","protected":false},"featured_media":16362,"comment_status":"closed","ping_status":"closed","template":"","meta":{"powered_cache_disable_cache":false,"powered_cache_disable_lazyload":false,"powered_cache_disable_css_optimization":false,"powered_cache_disable_js_optimization":false},"product_brand":[],"product_cat":[256],"product_tag":[40],"class_list":{"0":"post-16361","1":"product","2":"type-product","3":"status-publish","4":"has-post-thumbnail","6":"product_cat-cd-key","7":"product_tag-cd-key","9":"first","10":"instock","11":"taxable","12":"shipping-taxable","13":"product-type-external"},"yoast_head":"<!-- This site is optimized with the Yoast SEO plugin v27.6 - https:\/\/yoast.com\/product\/yoast-seo-wordpress\/ -->\n<title>Breaking Bones Steam cd-key GLOBAL - Billige-Koder.dk<\/title>\n<meta name=\"robots\" content=\"index, follow, max-snippet:-1, max-image-preview:large, max-video-preview:-1\" \/>\n<link rel=\"canonical\" href=\"https:\/\/billige-koder.dk\/nb\/producto\/breaking-bones-steam-cd-key-global\/\" \/>\n<meta property=\"og:locale\" content=\"nb_NO\" \/>\n<meta property=\"og:type\" content=\"article\" \/>\n<meta property=\"og:title\" content=\"Breaking Bones Steam cd-key GLOBAL - Billige-Koder.dk\" \/>\n<meta property=\"og:description\" content=\"K\u00f8b en cd-key til Breaking Bones Steam cd-key GLOBAL\" \/>\n<meta property=\"og:url\" content=\"https:\/\/billige-koder.dk\/nb\/producto\/breaking-bones-steam-cd-key-global\/\" \/>\n<meta property=\"og:site_name\" content=\"Billige-Koder.dk\" \/>\n<meta property=\"article:modified_time\" content=\"2024-08-19T11:28:29+00:00\" \/>\n<meta property=\"og:image\" content=\"https:\/\/billige-koder.dk\/wp-content\/uploads\/2024\/08\/Breaking-Bones-Steam-Key-GLOBAL-1.jpg\" \/>\n\t<meta property=\"og:image:width\" content=\"300\" \/>\n\t<meta property=\"og:image:height\" content=\"400\" \/>\n\t<meta property=\"og:image:type\" content=\"image\/jpeg\" \/>\n<meta name=\"twitter:card\" content=\"summary_large_image\" \/>\n<meta name=\"twitter:label1\" content=\"Ansl. lesetid\" \/>\n\t<meta name=\"twitter:data1\" content=\"1 minutt\" \/>\n<!-- \/ Yoast SEO plugin. -->","yoast_head_json":{"title":"Breaking Bones Steam cd-key GLOBAL - Billige-Koder.dk","robots":{"index":"index","follow":"follow","max-snippet":"max-snippet:-1","max-image-preview":"max-image-preview:large","max-video-preview":"max-video-preview:-1"},"canonical":"https:\/\/billige-koder.dk\/nb\/producto\/breaking-bones-steam-cd-key-global\/","og_locale":"nb_NO","og_type":"article","og_title":"Breaking Bones Steam cd-key GLOBAL - Billige-Koder.dk","og_description":"K\u00f8b en cd-key til Breaking Bones Steam cd-key GLOBAL","og_url":"https:\/\/billige-koder.dk\/nb\/producto\/breaking-bones-steam-cd-key-global\/","og_site_name":"Billige-Koder.dk","article_modified_time":"2024-08-19T11:28:29+00:00","og_image":[{"width":300,"height":400,"url":"https:\/\/billige-koder.dk\/wp-content\/uploads\/2024\/08\/Breaking-Bones-Steam-Key-GLOBAL-1.jpg","type":"image\/jpeg"}],"twitter_card":"summary_large_image","twitter_misc":{"Ansl. lesetid":"1 minutt"},"schema":{"@context":"https:\/\/schema.org","@graph":[]}},"_links":{"self":[{"href":"http:\/\/billige-koder.dk\/nb\/wp-json\/wp\/v2\/product\/16361","targetHints":{"allow":["GET"]}}],"collection":[{"href":"http:\/\/billige-koder.dk\/nb\/wp-json\/wp\/v2\/product"}],"about":[{"href":"http:\/\/billige-koder.dk\/nb\/wp-json\/wp\/v2\/types\/product"}],"replies":[{"embeddable":true,"href":"http:\/\/billige-koder.dk\/nb\/wp-json\/wp\/v2\/comments?post=16361"}],"wp:featuredmedia":[{"embeddable":true,"href":"http:\/\/billige-koder.dk\/nb\/wp-json\/wp\/v2\/media\/16362"}],"wp:attachment":[{"href":"http:\/\/billige-koder.dk\/nb\/wp-json\/wp\/v2\/media?parent=16361"}],"wp:term":[{"taxonomy":"product_brand","embeddable":true,"href":"http:\/\/billige-koder.dk\/nb\/wp-json\/wp\/v2\/product_brand?post=16361"},{"taxonomy":"product_cat","embeddable":true,"href":"http:\/\/billige-koder.dk\/nb\/wp-json\/wp\/v2\/product_cat?post=16361"},{"taxonomy":"product_tag","embeddable":true,"href":"http:\/\/billige-koder.dk\/nb\/wp-json\/wp\/v2\/product_tag?post=16361"}],"curies":[{"name":"wp","href":"https:\/\/api.w.org\/{rel}","templated":true}]}}