{"id":13443,"date":"2024-08-10T00:00:00","date_gmt":"2024-08-09T22:00:00","guid":{"rendered":"https:\/\/billige-koder.dk\/?post_type=product&#038;p=13443"},"modified":"2024-08-19T13:14:48","modified_gmt":"2024-08-19T11:14:48","slug":"fallout-4-vault-tec-workshop-pc-steam-gift-global","status":"publish","type":"product","link":"http:\/\/billige-koder.dk\/nb\/produkt\/fallout-4-vault-tec-workshop-pc-steam-gave-global\/","title":{"rendered":"Fallout 4 Vault-Tec Workshop (PC) \u2013 Steam-gave \u2013 GLOBAL"},"content":{"rendered":"<p>Kj\u00f8p Fallout 4 Season Pass Key Steam GLOBAL billig her. Du f\u00e5r GRATIS og RASK frakt p\u00e5 e-post!<\/p>\n<p>Se ogs\u00e5 v\u00e5r Fallout 4 game of the year edition CD-n\u00f8kkel.<\/p>","protected":false},"excerpt":{"rendered":"<p>Kj\u00f8p en CD-n\u00f8kkel for Fallout 4 Vault-Tec Workshop (PC) - Steam-gave - GLOBAL<\/p>","protected":false},"featured_media":13444,"comment_status":"closed","ping_status":"closed","template":"","meta":{"powered_cache_disable_cache":false,"powered_cache_disable_lazyload":false,"powered_cache_disable_css_optimization":false,"powered_cache_disable_js_optimization":false},"product_brand":[],"product_cat":[256],"product_tag":[40],"class_list":{"0":"post-13443","1":"product","2":"type-product","3":"status-publish","4":"has-post-thumbnail","6":"product_cat-cd-key","7":"product_tag-cd-key","9":"first","10":"instock","11":"taxable","12":"shipping-taxable","13":"product-type-external"},"yoast_head":"<!-- This site is optimized with the Yoast SEO plugin v27.6 - https:\/\/yoast.com\/product\/yoast-seo-wordpress\/ -->\n<title>Fallout 4 Vault-Tec Workshop (PC) - Steam Gift - GLOBAL - Billige-Koder.dk<\/title>\n<meta name=\"robots\" content=\"index, follow, max-snippet:-1, max-image-preview:large, max-video-preview:-1\" \/>\n<link rel=\"canonical\" href=\"http:\/\/billige-koder.dk\/nb\/produkt\/fallout-4-vault-tec-workshop-pc-steam-gave-global\/\" \/>\n<meta property=\"og:locale\" content=\"nb_NO\" \/>\n<meta property=\"og:type\" content=\"article\" \/>\n<meta property=\"og:title\" content=\"Fallout 4 Vault-Tec Workshop (PC) - Steam Gift - GLOBAL - Billige-Koder.dk\" \/>\n<meta property=\"og:description\" content=\"K\u00f8b en cd-key til Fallout 4 Vault-Tec Workshop (PC) - Steam Gift - GLOBAL\" \/>\n<meta property=\"og:url\" content=\"http:\/\/billige-koder.dk\/nb\/produkt\/fallout-4-vault-tec-workshop-pc-steam-gave-global\/\" \/>\n<meta property=\"og:site_name\" content=\"Billige-Koder.dk\" \/>\n<meta property=\"article:modified_time\" content=\"2024-08-19T11:14:48+00:00\" \/>\n<meta property=\"og:image\" content=\"http:\/\/billige-koder.dk\/wp-content\/uploads\/2024\/08\/Fallout-4-Vault-Tec-Workshop-PC-Steam-Gift-GLOBAL.jpg\" \/>\n\t<meta property=\"og:image:width\" content=\"300\" \/>\n\t<meta property=\"og:image:height\" content=\"400\" \/>\n\t<meta property=\"og:image:type\" content=\"image\/jpeg\" \/>\n<meta name=\"twitter:card\" content=\"summary_large_image\" \/>\n<!-- \/ Yoast SEO plugin. -->","yoast_head_json":{"title":"Fallout 4 Vault-Tec Workshop (PC) - Steam-gave - GLOBAL - Billige-Koder.dk","robots":{"index":"index","follow":"follow","max-snippet":"max-snippet:-1","max-image-preview":"max-image-preview:large","max-video-preview":"max-video-preview:-1"},"canonical":"http:\/\/billige-koder.dk\/nb\/produkt\/fallout-4-vault-tec-workshop-pc-steam-gave-global\/","og_locale":"nb_NO","og_type":"article","og_title":"Fallout 4 Vault-Tec Workshop (PC) - Steam Gift - GLOBAL - Billige-Koder.dk","og_description":"K\u00f8b en cd-key til Fallout 4 Vault-Tec Workshop (PC) - Steam Gift - GLOBAL","og_url":"http:\/\/billige-koder.dk\/nb\/produkt\/fallout-4-vault-tec-workshop-pc-steam-gave-global\/","og_site_name":"Billige-Koder.dk","article_modified_time":"2024-08-19T11:14:48+00:00","og_image":[{"width":300,"height":400,"url":"http:\/\/billige-koder.dk\/wp-content\/uploads\/2024\/08\/Fallout-4-Vault-Tec-Workshop-PC-Steam-Gift-GLOBAL.jpg","type":"image\/jpeg"}],"twitter_card":"summary_large_image","schema":{"@context":"https:\/\/schema.org","@graph":[]}},"_links":{"self":[{"href":"http:\/\/billige-koder.dk\/nb\/wp-json\/wp\/v2\/product\/13443","targetHints":{"allow":["GET"]}}],"collection":[{"href":"http:\/\/billige-koder.dk\/nb\/wp-json\/wp\/v2\/product"}],"about":[{"href":"http:\/\/billige-koder.dk\/nb\/wp-json\/wp\/v2\/types\/product"}],"replies":[{"embeddable":true,"href":"http:\/\/billige-koder.dk\/nb\/wp-json\/wp\/v2\/comments?post=13443"}],"wp:featuredmedia":[{"embeddable":true,"href":"http:\/\/billige-koder.dk\/nb\/wp-json\/wp\/v2\/media\/13444"}],"wp:attachment":[{"href":"http:\/\/billige-koder.dk\/nb\/wp-json\/wp\/v2\/media?parent=13443"}],"wp:term":[{"taxonomy":"product_brand","embeddable":true,"href":"http:\/\/billige-koder.dk\/nb\/wp-json\/wp\/v2\/product_brand?post=13443"},{"taxonomy":"product_cat","embeddable":true,"href":"http:\/\/billige-koder.dk\/nb\/wp-json\/wp\/v2\/product_cat?post=13443"},{"taxonomy":"product_tag","embeddable":true,"href":"http:\/\/billige-koder.dk\/nb\/wp-json\/wp\/v2\/product_tag?post=13443"}],"curies":[{"name":"wp","href":"https:\/\/api.w.org\/{rel}","templated":true}]}}