{"id":16836,"date":"2024-08-10T00:00:00","date_gmt":"2024-08-09T22:00:00","guid":{"rendered":"https:\/\/billige-koder.dk\/?post_type=product&#038;p=16836"},"modified":"2024-08-19T13:30:37","modified_gmt":"2024-08-19T11:30:37","slug":"resident-evil-4-steam-gift-global","status":"publish","type":"product","link":"http:\/\/billige-koder.dk\/ja\/produkt\/resident-evil-4-steam-gift-global\/","title":{"rendered":"Resident Evil 4 Steam Gift GLOBAL"},"content":{"rendered":"<h2>Resident Evil 4 &#8211; En klassiker genoplivet<\/h2>\n<p>Oplev den intense og nervepirrende atmosf\u00e6re i Resident Evil 4, et af de mest anerkendte spil i survival horror-genren. I dette spil tr\u00e6der du ind i rollen som Leon S. Kennedy, en tidligere politibetjent, der er sendt p\u00e5 en mission for at redde pr\u00e6sidentens datter, Ashley Graham. Din rejse f\u00f8rer dig til en afsides landsby i Europa, hvor du st\u00e5r over for skr\u00e6mmende fjender og en m\u00f8rk hemmelighed, der truer med at overmande dig.<\/p>\n<p>Resident Evil 4 kombinerer action og horror p\u00e5 en m\u00e5de, der holder dig p\u00e5 kanten af s\u00e6det. Spillet byder p\u00e5 en r\u00e6kke udfordrende kampe, g\u00e5der og en dyb historie, der vil engagere b\u00e5de nye og erfarne spillere. Med et innovativt kampsystem og en r\u00e6kke opgraderbare v\u00e5ben, kan du tilpasse din spillestil og tackle fjenderne p\u00e5 din egen m\u00e5de. <\/p>\n<p>Spillet er tilg\u00e6ngeligt p\u00e5 Steam, hvilket g\u00f8r det nemt at f\u00e5 adgang til og spille. Du kan ogs\u00e5 nyde de grafiske forbedringer og opdateringer, der g\u00f8r denne version af Resident Evil 4 endnu mere medrivende. Uanset om du er fan af serien eller ny til genren, vil dette spil give dig en uforglemmelig oplevelse.<\/p>\n<p>For at g\u00f8re din oplevelse endnu bedre, tilbyder Billige Koder en cd-key, der giver dig mulighed for at f\u00e5 adgang til Resident Evil 4 p\u00e5 Steam. Det er en praktisk og hurtig m\u00e5de at sikre dig, at du kan dykke ned i denne fantastiske verden uden besv\u00e6r. <\/p>\n<p>\u4ed6\u306b\u4f55\u304b\u3092\u304a\u63a2\u3057\u3067\u3059\u304b?\u3060\u304b\u3089\u79c1\u305f\u3061\u306e\u3082\u306e\u3092\u8cb7\u3063\u3066\u304f\u3060\u3055\u3044 <a href=\"http:\/\/billige-koder.dk\/ja\/produkt\/steam-\u7528\u30ae\u30d5\u30c8\u30ab\u30fc\u30c9\/\" data-internallinksmanager029f6b8e52c=\"2\" title=\"Steam \u7528\u30ae\u30d5\u30c8\u30ab\u30fc\u30c9\">Steam \u7528\u30ae\u30d5\u30c8\u30ab\u30fc\u30c9<\/a> \u63a2\u7d22\u3092\u5f85\u3063\u3066\u3044\u308b\u8c4a\u5bcc\u306a\u30b2\u30fc\u30e0\u3084\u30b3\u30f3\u30c6\u30f3\u30c4\u306b\u30a2\u30af\u30bb\u30b9\u3067\u304d\u307e\u3059\u3002<\/p>","protected":false},"excerpt":{"rendered":"<p>K\u00f8b en cd-key til Resident Evil 4 Steam Gift GLOBAL<\/p>","protected":false},"featured_media":16837,"comment_status":"closed","ping_status":"closed","template":"","meta":{"powered_cache_disable_cache":false,"powered_cache_disable_lazyload":false,"powered_cache_disable_css_optimization":false,"powered_cache_disable_js_optimization":false},"product_brand":[],"product_cat":[256],"product_tag":[40],"class_list":{"0":"post-16836","1":"product","2":"type-product","3":"status-publish","4":"has-post-thumbnail","6":"product_cat-cd-key","7":"product_tag-cd-key","9":"first","10":"instock","11":"taxable","12":"shipping-taxable","13":"product-type-external"},"yoast_head":"<!-- This site is optimized with the Yoast SEO plugin v27.6 - https:\/\/yoast.com\/product\/yoast-seo-wordpress\/ -->\n<title>Resident Evil 4 Steam Gift GLOBAL - Billige-Koder.dk<\/title>\n<meta name=\"robots\" content=\"index, follow, max-snippet:-1, max-image-preview:large, max-video-preview:-1\" \/>\n<link rel=\"canonical\" href=\"https:\/\/billige-koder.dk\/ja\/produkt\/resident-evil-4-steam-gave-global\/\" \/>\n<meta property=\"og:locale\" content=\"ja_JP\" \/>\n<meta property=\"og:type\" content=\"article\" \/>\n<meta property=\"og:title\" content=\"Resident Evil 4 Steam Gift GLOBAL - Billige-Koder.dk\" \/>\n<meta property=\"og:description\" content=\"K\u00f8b en cd-key til Resident Evil 4 Steam Gift GLOBAL\" \/>\n<meta property=\"og:url\" content=\"https:\/\/billige-koder.dk\/ja\/produkt\/resident-evil-4-steam-gave-global\/\" \/>\n<meta property=\"og:site_name\" content=\"Billige-Koder.dk\" \/>\n<meta property=\"article:modified_time\" content=\"2024-08-19T11:30:37+00:00\" \/>\n<meta property=\"og:image\" content=\"https:\/\/billige-koder.dk\/wp-content\/uploads\/2024\/08\/Resident-Evil-4-Steam-Gift-GLOBAL-1.jpg\" \/>\n\t<meta property=\"og:image:width\" content=\"300\" \/>\n\t<meta property=\"og:image:height\" content=\"400\" \/>\n\t<meta property=\"og:image:type\" content=\"image\/jpeg\" \/>\n<meta name=\"twitter:card\" content=\"summary_large_image\" \/>\n<meta name=\"twitter:label1\" content=\"\u63a8\u5b9a\u8aad\u307f\u53d6\u308a\u6642\u9593\" \/>\n\t<meta name=\"twitter:data1\" content=\"1\u5206\" \/>\n<!-- \/ Yoast SEO plugin. -->","yoast_head_json":{"title":"Resident Evil 4 Steam Gift GLOBAL - Billige-Koder.dk","robots":{"index":"index","follow":"follow","max-snippet":"max-snippet:-1","max-image-preview":"max-image-preview:large","max-video-preview":"max-video-preview:-1"},"canonical":"https:\/\/billige-koder.dk\/ja\/produkt\/resident-evil-4-steam-gave-global\/","og_locale":"ja_JP","og_type":"article","og_title":"Resident Evil 4 Steam Gift GLOBAL - Billige-Koder.dk","og_description":"K\u00f8b en cd-key til Resident Evil 4 Steam Gift GLOBAL","og_url":"https:\/\/billige-koder.dk\/ja\/produkt\/resident-evil-4-steam-gave-global\/","og_site_name":"Billige-Koder.dk","article_modified_time":"2024-08-19T11:30:37+00:00","og_image":[{"width":300,"height":400,"url":"https:\/\/billige-koder.dk\/wp-content\/uploads\/2024\/08\/Resident-Evil-4-Steam-Gift-GLOBAL-1.jpg","type":"image\/jpeg"}],"twitter_card":"summary_large_image","twitter_misc":{"\u63a8\u5b9a\u8aad\u307f\u53d6\u308a\u6642\u9593":"1\u5206"},"schema":{"@context":"https:\/\/schema.org","@graph":[]}},"_links":{"self":[{"href":"http:\/\/billige-koder.dk\/ja\/wp-json\/wp\/v2\/product\/16836","targetHints":{"allow":["GET"]}}],"collection":[{"href":"http:\/\/billige-koder.dk\/ja\/wp-json\/wp\/v2\/product"}],"about":[{"href":"http:\/\/billige-koder.dk\/ja\/wp-json\/wp\/v2\/types\/product"}],"replies":[{"embeddable":true,"href":"http:\/\/billige-koder.dk\/ja\/wp-json\/wp\/v2\/comments?post=16836"}],"wp:featuredmedia":[{"embeddable":true,"href":"http:\/\/billige-koder.dk\/ja\/wp-json\/wp\/v2\/media\/16837"}],"wp:attachment":[{"href":"http:\/\/billige-koder.dk\/ja\/wp-json\/wp\/v2\/media?parent=16836"}],"wp:term":[{"taxonomy":"product_brand","embeddable":true,"href":"http:\/\/billige-koder.dk\/ja\/wp-json\/wp\/v2\/product_brand?post=16836"},{"taxonomy":"product_cat","embeddable":true,"href":"http:\/\/billige-koder.dk\/ja\/wp-json\/wp\/v2\/product_cat?post=16836"},{"taxonomy":"product_tag","embeddable":true,"href":"http:\/\/billige-koder.dk\/ja\/wp-json\/wp\/v2\/product_tag?post=16836"}],"curies":[{"name":"wp","href":"https:\/\/api.w.org\/{rel}","templated":true}]}}