{"id":3511,"date":"2023-10-29T18:19:15","date_gmt":"2023-10-29T17:19:15","guid":{"rendered":"https:\/\/billige-koder.dk\/produkt\/lemnis-gate-pc-steam-key-global\/"},"modified":"2024-08-19T12:28:29","modified_gmt":"2024-08-19T10:28:29","slug":"lemnis-gate-pc-steam-key-global","status":"publish","type":"product","link":"http:\/\/billige-koder.dk\/es\/produkt\/lemnis-gate-pc-steam-clave-global\/","title":{"rendered":"Lemnis Gate Pc Clave Steam Global"},"content":{"rendered":"<p>Lemnis Gate es la combinaci\u00f3n definitiva de t\u00e1cticas y acci\u00f3n en una experiencia multijugador \u00fanica. Con su innovador modo de juego basado en el tiempo, te ver\u00e1s obligado a pensar de forma diferente y actuar estrat\u00e9gicamente en un bucle temporal de 25 segundos. Explora un campo de batalla de cuatro dimensiones y utiliza las habilidades \u00fanicas de tus personajes operativos para vencer a tus oponentes. Desde poner trampas hasta manipular el tiempo y cooperar contigo mismo, las posibilidades son infinitas. Con Lemnis Gate podr\u00e1s crear tu propia experiencia de juego eligiendo entre diferentes tipos y modos de juego, tanto online como offline. Ya sea que te gusten intensas partidas 1 contra 1 o cooperaciones con amigos, Lemnis Gate te brinda control total sobre el juego. Obtenga su clave de CD para Lemnis Gate con c\u00f3digos baratos y convi\u00e9rtase en un maestro estratega en este FPS de vanguardia.<\/p>","protected":false},"excerpt":{"rendered":"<p>Comprar una clave de CD para Lemnis Gate Pc Steam Key Global<\/p>","protected":false},"featured_media":3510,"comment_status":"open","ping_status":"closed","template":"","meta":{"powered_cache_disable_cache":false,"powered_cache_disable_lazyload":false,"powered_cache_disable_css_optimization":false,"powered_cache_disable_js_optimization":false},"product_brand":[],"product_cat":[256],"product_tag":[40],"class_list":{"0":"post-3511","1":"product","2":"type-product","3":"status-publish","4":"has-post-thumbnail","6":"product_cat-cd-key","7":"product_tag-cd-key","9":"first","10":"instock","11":"taxable","12":"shipping-taxable","13":"product-type-external"},"yoast_head":"<!-- This site is optimized with the Yoast SEO plugin v27.5 - https:\/\/yoast.com\/product\/yoast-seo-wordpress\/ -->\n<title>Lemnis Gate Pc Steam Key Global - Billige-Koder.dk<\/title>\n<meta name=\"robots\" content=\"index, follow, max-snippet:-1, max-image-preview:large, max-video-preview:-1\" \/>\n<link rel=\"canonical\" href=\"http:\/\/billige-koder.dk\/es\/produkt\/lemnis-gate-pc-steam-clave-global\/\" \/>\n<meta property=\"og:locale\" content=\"es_ES\" \/>\n<meta property=\"og:type\" content=\"article\" \/>\n<meta property=\"og:title\" content=\"Lemnis Gate Pc Steam Key Global - Billige-Koder.dk\" \/>\n<meta property=\"og:description\" content=\"K\u00f8b en cd-key til Lemnis Gate Pc Steam Key Global\" \/>\n<meta property=\"og:url\" content=\"http:\/\/billige-koder.dk\/es\/produkt\/lemnis-gate-pc-steam-clave-global\/\" \/>\n<meta property=\"og:site_name\" content=\"Billige-Koder.dk\" \/>\n<meta property=\"article:modified_time\" content=\"2024-08-19T10:28:29+00:00\" \/>\n<meta property=\"og:image\" content=\"http:\/\/billige-koder.dk\/wp-content\/uploads\/2023\/10\/Lemnis-Gate-Pc-Steam-Key-Global.jpg\" \/>\n\t<meta property=\"og:image:width\" content=\"360\" \/>\n\t<meta property=\"og:image:height\" content=\"600\" \/>\n\t<meta property=\"og:image:type\" content=\"image\/jpeg\" \/>\n<meta name=\"twitter:card\" content=\"summary_large_image\" \/>\n<meta name=\"twitter:label1\" content=\"Tiempo de lectura\" \/>\n\t<meta name=\"twitter:data1\" content=\"1 minuto\" \/>\n<!-- \/ Yoast SEO plugin. -->","yoast_head_json":{"title":"Lemnis Gate Pc Steam Key Global - Billige-Koder.dk","robots":{"index":"index","follow":"follow","max-snippet":"max-snippet:-1","max-image-preview":"max-image-preview:large","max-video-preview":"max-video-preview:-1"},"canonical":"http:\/\/billige-koder.dk\/es\/produkt\/lemnis-gate-pc-steam-clave-global\/","og_locale":"es_ES","og_type":"article","og_title":"Lemnis Gate Pc Steam Key Global - Billige-Koder.dk","og_description":"K\u00f8b en cd-key til Lemnis Gate Pc Steam Key Global","og_url":"http:\/\/billige-koder.dk\/es\/produkt\/lemnis-gate-pc-steam-clave-global\/","og_site_name":"Billige-Koder.dk","article_modified_time":"2024-08-19T10:28:29+00:00","og_image":[{"width":360,"height":600,"url":"http:\/\/billige-koder.dk\/wp-content\/uploads\/2023\/10\/Lemnis-Gate-Pc-Steam-Key-Global.jpg","type":"image\/jpeg"}],"twitter_card":"summary_large_image","twitter_misc":{"Tiempo de lectura":"1 minuto"},"schema":{"@context":"https:\/\/schema.org","@graph":[]}},"_links":{"self":[{"href":"http:\/\/billige-koder.dk\/es\/wp-json\/wp\/v2\/product\/3511","targetHints":{"allow":["GET"]}}],"collection":[{"href":"http:\/\/billige-koder.dk\/es\/wp-json\/wp\/v2\/product"}],"about":[{"href":"http:\/\/billige-koder.dk\/es\/wp-json\/wp\/v2\/types\/product"}],"replies":[{"embeddable":true,"href":"http:\/\/billige-koder.dk\/es\/wp-json\/wp\/v2\/comments?post=3511"}],"wp:featuredmedia":[{"embeddable":true,"href":"http:\/\/billige-koder.dk\/es\/wp-json\/wp\/v2\/media\/3510"}],"wp:attachment":[{"href":"http:\/\/billige-koder.dk\/es\/wp-json\/wp\/v2\/media?parent=3511"}],"wp:term":[{"taxonomy":"product_brand","embeddable":true,"href":"http:\/\/billige-koder.dk\/es\/wp-json\/wp\/v2\/product_brand?post=3511"},{"taxonomy":"product_cat","embeddable":true,"href":"http:\/\/billige-koder.dk\/es\/wp-json\/wp\/v2\/product_cat?post=3511"},{"taxonomy":"product_tag","embeddable":true,"href":"http:\/\/billige-koder.dk\/es\/wp-json\/wp\/v2\/product_tag?post=3511"}],"curies":[{"name":"wp","href":"https:\/\/api.w.org\/{rel}","templated":true}]}}