{"id":1806,"date":"2023-10-29T16:06:42","date_gmt":"2023-10-29T15:06:42","guid":{"rendered":"https:\/\/billige-koder.dk\/produkt\/city-of-the-shroud-steam-key-global\/"},"modified":"2024-08-19T12:20:39","modified_gmt":"2024-08-19T10:20:39","slug":"city-of-the-shroud-steam-key-global","status":"publish","type":"product","link":"http:\/\/billige-koder.dk\/es\/produkt\/city-of-the-shroud-steam-key-global\/","title":{"rendered":"Ciudad de la S\u00e1bana Santa Steam Key Global"},"content":{"rendered":"<p>Vil du v\u00e6re en del af en sp\u00e6ndende historie? S\u00e5 er City Of The Shroud det perfekte spil for dig! I fire intense kapitler vil du blive en del af en levende fort\u00e6lling, hvor dine valg og handlinger vil drive historien fremad. Du vil opleve skiftende alliancer og afsl\u00f8re sandheden om det magiske hylster, der holder IsKendrun fanget. Men pas p\u00e5, for en fejltagelse kan \u00e6ndre alt! Du er blevet udr\u00e5bt som helten fra portalerne, og byens mest magtfulde mennesker k\u00e6mper for din troskab. Men pludselig bliver byen ramt af kaos, monstre dukker op overalt, og du er nu svaret p\u00e5 alles b\u00f8nner. Held og lykke med at redde byen og finde din vej ud af dette mysterium! City Of The Shroud <a href=\"http:\/\/billige-koder.dk\/es\/produkt\/tarjeta-de-regalo-para-vapor\/\" data-internallinksmanager029f6b8e52c=\"1\" title=\"Tarjeta de regalo para Steam\">Clave de vapor<\/a> Global er din billet til en uforglemmelig spiloplevelse.<\/p>","protected":false},"excerpt":{"rendered":"<p>K\u00f8b en cd-key til City Of The Shroud Steam Key Global<\/p>","protected":false},"featured_media":1805,"comment_status":"open","ping_status":"closed","template":"","meta":{"powered_cache_disable_cache":false,"powered_cache_disable_lazyload":false,"powered_cache_disable_css_optimization":false,"powered_cache_disable_js_optimization":false},"product_brand":[],"product_cat":[256],"product_tag":[40],"class_list":{"0":"post-1806","1":"product","2":"type-product","3":"status-publish","4":"has-post-thumbnail","6":"product_cat-cd-key","7":"product_tag-cd-key","9":"first","10":"instock","11":"taxable","12":"shipping-taxable","13":"product-type-external"},"yoast_head":"<!-- This site is optimized with the Yoast SEO plugin v27.6 - https:\/\/yoast.com\/product\/yoast-seo-wordpress\/ -->\n<title>City Of The Shroud Steam Key Global - Billige-Koder.dk<\/title>\n<meta name=\"robots\" content=\"index, follow, max-snippet:-1, max-image-preview:large, max-video-preview:-1\" \/>\n<link rel=\"canonical\" href=\"http:\/\/billige-koder.dk\/es\/\u0645\u0646\u062a\u062c\/\u0645\u062f\u064a\u0646\u0629-\u0627\u0644\u0643\u0641\u0646-\u0627\u0644\u0628\u062e\u0627\u0631\u064a\u0629-\u0627\u0644\u0631\u0626\u064a\u0633\u064a\u0629-\u0627\u0644\u0639\u0627\u0644\u0645\/\" \/>\n<meta property=\"og:locale\" content=\"es_ES\" \/>\n<meta property=\"og:type\" content=\"article\" \/>\n<meta property=\"og:title\" content=\"City Of The Shroud Steam Key Global - Billige-Koder.dk\" \/>\n<meta property=\"og:description\" content=\"K\u00f8b en cd-key til City Of The Shroud Steam Key Global\" \/>\n<meta property=\"og:url\" content=\"http:\/\/billige-koder.dk\/es\/\u0645\u0646\u062a\u062c\/\u0645\u062f\u064a\u0646\u0629-\u0627\u0644\u0643\u0641\u0646-\u0627\u0644\u0628\u062e\u0627\u0631\u064a\u0629-\u0627\u0644\u0631\u0626\u064a\u0633\u064a\u0629-\u0627\u0644\u0639\u0627\u0644\u0645\/\" \/>\n<meta property=\"og:site_name\" content=\"Billige-Koder.dk\" \/>\n<meta property=\"article:modified_time\" content=\"2024-08-19T10:20:39+00:00\" \/>\n<meta property=\"og:image\" content=\"http:\/\/billige-koder.dk\/wp-content\/uploads\/2023\/10\/City-Of-The-Shroud-Steam-Key-Global.jpg\" \/>\n\t<meta property=\"og:image:width\" content=\"360\" \/>\n\t<meta property=\"og:image:height\" content=\"600\" \/>\n\t<meta property=\"og:image:type\" content=\"image\/jpeg\" \/>\n<meta name=\"twitter:card\" content=\"summary_large_image\" \/>\n<meta name=\"twitter:label1\" content=\"Tiempo de lectura\" \/>\n\t<meta name=\"twitter:data1\" content=\"1 minuto\" \/>\n<!-- \/ Yoast SEO plugin. -->","yoast_head_json":{"title":"City Of The Shroud Steam Key Global - Billige-Koder.dk","robots":{"index":"index","follow":"follow","max-snippet":"max-snippet:-1","max-image-preview":"max-image-preview:large","max-video-preview":"max-video-preview:-1"},"canonical":"http:\/\/billige-koder.dk\/es\/\u0645\u0646\u062a\u062c\/\u0645\u062f\u064a\u0646\u0629-\u0627\u0644\u0643\u0641\u0646-\u0627\u0644\u0628\u062e\u0627\u0631\u064a\u0629-\u0627\u0644\u0631\u0626\u064a\u0633\u064a\u0629-\u0627\u0644\u0639\u0627\u0644\u0645\/","og_locale":"es_ES","og_type":"article","og_title":"City Of The Shroud Steam Key Global - Billige-Koder.dk","og_description":"K\u00f8b en cd-key til City Of The Shroud Steam Key Global","og_url":"http:\/\/billige-koder.dk\/es\/\u0645\u0646\u062a\u062c\/\u0645\u062f\u064a\u0646\u0629-\u0627\u0644\u0643\u0641\u0646-\u0627\u0644\u0628\u062e\u0627\u0631\u064a\u0629-\u0627\u0644\u0631\u0626\u064a\u0633\u064a\u0629-\u0627\u0644\u0639\u0627\u0644\u0645\/","og_site_name":"Billige-Koder.dk","article_modified_time":"2024-08-19T10:20:39+00:00","og_image":[{"width":360,"height":600,"url":"http:\/\/billige-koder.dk\/wp-content\/uploads\/2023\/10\/City-Of-The-Shroud-Steam-Key-Global.jpg","type":"image\/jpeg"}],"twitter_card":"summary_large_image","twitter_misc":{"Tiempo de lectura":"1 minuto"},"schema":{"@context":"https:\/\/schema.org","@graph":[]}},"_links":{"self":[{"href":"http:\/\/billige-koder.dk\/es\/wp-json\/wp\/v2\/product\/1806","targetHints":{"allow":["GET"]}}],"collection":[{"href":"http:\/\/billige-koder.dk\/es\/wp-json\/wp\/v2\/product"}],"about":[{"href":"http:\/\/billige-koder.dk\/es\/wp-json\/wp\/v2\/types\/product"}],"replies":[{"embeddable":true,"href":"http:\/\/billige-koder.dk\/es\/wp-json\/wp\/v2\/comments?post=1806"}],"wp:featuredmedia":[{"embeddable":true,"href":"http:\/\/billige-koder.dk\/es\/wp-json\/wp\/v2\/media\/1805"}],"wp:attachment":[{"href":"http:\/\/billige-koder.dk\/es\/wp-json\/wp\/v2\/media?parent=1806"}],"wp:term":[{"taxonomy":"product_brand","embeddable":true,"href":"http:\/\/billige-koder.dk\/es\/wp-json\/wp\/v2\/product_brand?post=1806"},{"taxonomy":"product_cat","embeddable":true,"href":"http:\/\/billige-koder.dk\/es\/wp-json\/wp\/v2\/product_cat?post=1806"},{"taxonomy":"product_tag","embeddable":true,"href":"http:\/\/billige-koder.dk\/es\/wp-json\/wp\/v2\/product_tag?post=1806"}],"curies":[{"name":"wp","href":"https:\/\/api.w.org\/{rel}","templated":true}]}}