{"id":16842,"date":"2024-08-10T00:00:00","date_gmt":"2024-08-09T22:00:00","guid":{"rendered":"https:\/\/billige-koder.dk\/?post_type=product&#038;p=16842"},"modified":"2024-08-19T13:30:39","modified_gmt":"2024-08-19T11:30:39","slug":"windlands-2-steam-cd-key-global","status":"publish","type":"product","link":"http:\/\/billige-koder.dk\/es\/produkt\/windlands-2-steam-cd-key-global\/","title":{"rendered":"Clave CD Steam de Windlands 2 GLOBAL"},"content":{"rendered":"<h2>Experimenta la libertad de Windlands 2<\/h2>\n<p>Entra en un mundo colorido y aventurero con Windlands 2, una emocionante aventura de acci\u00f3n que te permite explorar un mundo fant\u00e1stico lleno de desaf\u00edos y descubrimientos. En este juego, tienes la oportunidad de volar por el aire como un h\u00e1bil cazador que navega a trav\u00e9s de una serie de paisajes hermosos pero peligrosos. <\/p>\n<p>Windlands 2 est\u00e1 dise\u00f1ado tanto para un jugador como para multijugador, lo que lo convierte en una experiencia ideal tanto para jugadores en solitario como para aquellos que buscan jugar con amigos en l\u00ednea. Puedes elegir aventurarte solo o formar equipo con otros jugadores para afrontar los desaf\u00edos que te esperan. No importa c\u00f3mo elijas jugar, ser\u00e1s recibido por un mundo lleno de secretos y tesoros escondidos.<\/p>\n<p>La jugabilidad de Windlands 2 es din\u00e1mica y atractiva. Te encontrar\u00e1s balance\u00e1ndote de acantilado en acantilado mientras usas tu arco para luchar contra enemigos y resolver acertijos. El juego ofrece una variedad de misiones y tareas que te mantendr\u00e1n alerta y desafiar\u00e1n tus habilidades. Para aprovechar al m\u00e1ximo tu experiencia, es una buena idea dominar tus movimientos y aprender a utilizar el entorno a tu favor. <\/p>\n<p>Uno de los aspectos m\u00e1s interesantes de Windlands 2 es su estilo visual. El juego presenta un enfoque art\u00edstico \u00fanico que combina paisajes coloridos con una atm\u00f3sfera de ensue\u00f1o. Esto hace que jugar no s\u00f3lo sea un placer, sino tambi\u00e9n un placer para la vista. <\/p>\n<p>Para aquellos que buscan optimizar su experiencia de juego, existen varios consejos y trucos que pueden considerar. Aprender a usar el arco de manera efectiva puede cambiar las reglas del juego, especialmente en el modo multijugador, donde el trabajo en equipo es esencial. Adem\u00e1s, puedes encontrar \u00e1reas ocultas que contienen valiosos recursos y mejoras, as\u00ed que estate atento a tu entorno.<\/p>\n<p>Si buscas una experiencia de juego emocionante y atractiva, Windlands 2 es una excelente opci\u00f3n. Con su combinaci\u00f3n de acci\u00f3n, aventura y cooperativo, seguramente te encontrar\u00e1s profundamente involucrado en el mundo del juego. <\/p>\n<p>Cuando est\u00e9 listo para dar el salto a este fant\u00e1stico mundo, podr\u00e1 encontrar su clave de CD en Billige Koder. Prep\u00e1rate para experimentar Windlands 2 de una manera completamente nueva. Y si buscas algo m\u00e1s, compra el nuestro. <a href=\"http:\/\/billige-koder.dk\/es\/produkt\/tarjeta-de-regalo-para-vapor\/\" data-internallinksmanager029f6b8e52c=\"2\" title=\"Tarjeta de regalo para Steam\">tarjeta de regalo para Steam<\/a> para acceder a a\u00fan m\u00e1s juegos fant\u00e1sticos.<\/p>","protected":false},"excerpt":{"rendered":"<p>Comprar una clave de CD para Windlands 2 Steam cd key GLOBAL<\/p>","protected":false},"featured_media":16843,"comment_status":"closed","ping_status":"closed","template":"","meta":{"powered_cache_disable_cache":false,"powered_cache_disable_lazyload":false,"powered_cache_disable_css_optimization":false,"powered_cache_disable_js_optimization":false},"product_brand":[],"product_cat":[256],"product_tag":[40],"class_list":{"0":"post-16842","1":"product","2":"type-product","3":"status-publish","4":"has-post-thumbnail","6":"product_cat-cd-key","7":"product_tag-cd-key","9":"first","10":"instock","11":"taxable","12":"shipping-taxable","13":"product-type-external"},"yoast_head":"<!-- This site is optimized with the Yoast SEO plugin v27.6 - https:\/\/yoast.com\/product\/yoast-seo-wordpress\/ -->\n<title>Windlands 2 Steam cd-key GLOBAL - Billige-Koder.dk<\/title>\n<meta name=\"robots\" content=\"index, follow, max-snippet:-1, max-image-preview:large, max-video-preview:-1\" \/>\n<link rel=\"canonical\" href=\"http:\/\/billige-koder.dk\/es\/produkt\/windlands-2-steam-cd-key-global\/\" \/>\n<meta property=\"og:locale\" content=\"es_ES\" \/>\n<meta property=\"og:type\" content=\"article\" \/>\n<meta property=\"og:title\" content=\"Windlands 2 Steam cd-key GLOBAL - Billige-Koder.dk\" \/>\n<meta property=\"og:description\" content=\"K\u00f8b en cd-key til Windlands 2 Steam cd-key GLOBAL\" \/>\n<meta property=\"og:url\" content=\"http:\/\/billige-koder.dk\/es\/produkt\/windlands-2-steam-cd-key-global\/\" \/>\n<meta property=\"og:site_name\" content=\"Billige-Koder.dk\" \/>\n<meta property=\"article:modified_time\" content=\"2024-08-19T11:30:39+00:00\" \/>\n<meta property=\"og:image\" content=\"http:\/\/billige-koder.dk\/wp-content\/uploads\/2024\/08\/Windlands-2-Steam-Key-GLOBAL-1.jpg\" \/>\n\t<meta property=\"og:image:width\" content=\"300\" \/>\n\t<meta property=\"og:image:height\" content=\"400\" \/>\n\t<meta property=\"og:image:type\" content=\"image\/jpeg\" \/>\n<meta name=\"twitter:card\" content=\"summary_large_image\" \/>\n<meta name=\"twitter:label1\" content=\"Tiempo de lectura\" \/>\n\t<meta name=\"twitter:data1\" content=\"2 minutos\" \/>\n<!-- \/ Yoast SEO plugin. -->","yoast_head_json":{"title":"Windlands 2 Steam cd-key GLOBAL - Billige-Koder.dk","robots":{"index":"index","follow":"follow","max-snippet":"max-snippet:-1","max-image-preview":"max-image-preview:large","max-video-preview":"max-video-preview:-1"},"canonical":"http:\/\/billige-koder.dk\/es\/produkt\/windlands-2-steam-cd-key-global\/","og_locale":"es_ES","og_type":"article","og_title":"Windlands 2 Steam cd-key GLOBAL - Billige-Koder.dk","og_description":"K\u00f8b en cd-key til Windlands 2 Steam cd-key GLOBAL","og_url":"http:\/\/billige-koder.dk\/es\/produkt\/windlands-2-steam-cd-key-global\/","og_site_name":"Billige-Koder.dk","article_modified_time":"2024-08-19T11:30:39+00:00","og_image":[{"width":300,"height":400,"url":"http:\/\/billige-koder.dk\/wp-content\/uploads\/2024\/08\/Windlands-2-Steam-Key-GLOBAL-1.jpg","type":"image\/jpeg"}],"twitter_card":"summary_large_image","twitter_misc":{"Tiempo de lectura":"2 minutos"},"schema":{"@context":"https:\/\/schema.org","@graph":[]}},"_links":{"self":[{"href":"http:\/\/billige-koder.dk\/es\/wp-json\/wp\/v2\/product\/16842","targetHints":{"allow":["GET"]}}],"collection":[{"href":"http:\/\/billige-koder.dk\/es\/wp-json\/wp\/v2\/product"}],"about":[{"href":"http:\/\/billige-koder.dk\/es\/wp-json\/wp\/v2\/types\/product"}],"replies":[{"embeddable":true,"href":"http:\/\/billige-koder.dk\/es\/wp-json\/wp\/v2\/comments?post=16842"}],"wp:featuredmedia":[{"embeddable":true,"href":"http:\/\/billige-koder.dk\/es\/wp-json\/wp\/v2\/media\/16843"}],"wp:attachment":[{"href":"http:\/\/billige-koder.dk\/es\/wp-json\/wp\/v2\/media?parent=16842"}],"wp:term":[{"taxonomy":"product_brand","embeddable":true,"href":"http:\/\/billige-koder.dk\/es\/wp-json\/wp\/v2\/product_brand?post=16842"},{"taxonomy":"product_cat","embeddable":true,"href":"http:\/\/billige-koder.dk\/es\/wp-json\/wp\/v2\/product_cat?post=16842"},{"taxonomy":"product_tag","embeddable":true,"href":"http:\/\/billige-koder.dk\/es\/wp-json\/wp\/v2\/product_tag?post=16842"}],"curies":[{"name":"wp","href":"https:\/\/api.w.org\/{rel}","templated":true}]}}