{"id":16232,"date":"2024-08-10T00:00:00","date_gmt":"2024-08-09T22:00:00","guid":{"rendered":"https:\/\/billige-koder.dk\/?post_type=product&#038;p=16232"},"modified":"2024-08-19T13:27:55","modified_gmt":"2024-08-19T11:27:55","slug":"dead-in-bermuda-steam-cd-key-global","status":"publish","type":"product","link":"http:\/\/billige-koder.dk\/es\/produkt\/dead-in-bermuda-steam-cd-key-global\/","title":{"rendered":"Dead In Bermuda Steam cd-key GLOBAL"},"content":{"rendered":"<h2>Oplev Dead In Bermuda<\/h2>\n<p>Tr\u00e6d ind i en verden af overlevelse og strategi med Dead In Bermuda. Dette unikke spil udfordrer dig til at lede en gruppe overlevende efter et skibbrud p\u00e5 en mystisk \u00f8. Du skal navigere i en farlig og uforudsigelig verden, hvor hver beslutning kan v\u00e6re livs\u00e6ndrende. <\/p>\n<p>Som leder af din gruppe skal du tage ansvar for ressourcer, udforske \u00f8ens hemmeligheder og beskytte dine overlevende mod b\u00e5de naturlige og overnaturlige trusler. Dead In Bermuda kombinerer elementer af overlevelsesstrategi med dybdeg\u00e5ende karakterudvikling, hvilket giver dig mulighed for at forme dine overlevendes f\u00e6rdigheder og personligheder. <\/p>\n<p>Udforsk \u00f8ens forskellige omr\u00e5der, fra t\u00e6tte jungler til skjulte huler, og find v\u00e6rdifulde ressourcer, der kan hj\u00e6lpe dig med at overleve. Du skal ogs\u00e5 tage hensyn til dine karakterers mentale tilstand, da stress og frygt kan p\u00e5virke deres pr\u00e6stationer. Samarbejde og strategisk planl\u00e6gning er n\u00f8glen til at overleve i denne intense og udfordrende oplevelse.<\/p>\n<p>Dead In Bermuda tilbyder en dybdeg\u00e5ende gameplay-oplevelse, der holder dig engageret i timevis. Med sin unikke blanding af overlevelsesmekanikker og strategisk planl\u00e6gning er dette spil perfekt til b\u00e5de nye og erfarne spillere. <\/p>\n<p>Er du klar til at tage udfordringen op og lede dine overlevende til sikkerhed? F\u00e5 din cd-key til Dead In Bermuda hos Billige Koder og begynd dit eventyr i dag. <\/p>\n<p>\u00bfEst\u00e1s buscando algo m\u00e1s? As\u00ed que compra el nuestro <a href=\"http:\/\/billige-koder.dk\/es\/produkt\/tarjeta-de-regalo-para-vapor\/\" data-internallinksmanager029f6b8e52c=\"2\" title=\"Tarjeta de regalo para Steam\">tarjeta de regalo para vapor<\/a>.<\/p>","protected":false},"excerpt":{"rendered":"<p>K\u00f8b en cd-key til Dead In Bermuda Steam cd-key GLOBAL<\/p>","protected":false},"featured_media":16233,"comment_status":"closed","ping_status":"closed","template":"","meta":{"powered_cache_disable_cache":false,"powered_cache_disable_lazyload":false,"powered_cache_disable_css_optimization":false,"powered_cache_disable_js_optimization":false},"product_brand":[],"product_cat":[256],"product_tag":[40],"class_list":{"0":"post-16232","1":"product","2":"type-product","3":"status-publish","4":"has-post-thumbnail","6":"product_cat-cd-key","7":"product_tag-cd-key","9":"first","10":"instock","11":"taxable","12":"shipping-taxable","13":"product-type-external"},"yoast_head":"<!-- This site is optimized with the Yoast SEO plugin v27.6 - https:\/\/yoast.com\/product\/yoast-seo-wordpress\/ -->\n<title>Dead In Bermuda Steam cd-key GLOBAL - Billige-Koder.dk<\/title>\n<meta name=\"robots\" content=\"index, follow, max-snippet:-1, max-image-preview:large, max-video-preview:-1\" \/>\n<link rel=\"canonical\" href=\"https:\/\/billige-koder.dk\/es\/produkt\/dead-in-bermuda-steam-cd-key-global\/\" \/>\n<meta property=\"og:locale\" content=\"es_ES\" \/>\n<meta property=\"og:type\" content=\"article\" \/>\n<meta property=\"og:title\" content=\"Dead In Bermuda Steam cd-key GLOBAL - Billige-Koder.dk\" \/>\n<meta property=\"og:description\" content=\"K\u00f8b en cd-key til Dead In Bermuda Steam cd-key GLOBAL\" \/>\n<meta property=\"og:url\" content=\"https:\/\/billige-koder.dk\/es\/produkt\/dead-in-bermuda-steam-cd-key-global\/\" \/>\n<meta property=\"og:site_name\" content=\"Billige-Koder.dk\" \/>\n<meta property=\"article:modified_time\" content=\"2024-08-19T11:27:55+00:00\" \/>\n<meta property=\"og:image\" content=\"https:\/\/billige-koder.dk\/wp-content\/uploads\/2024\/08\/Dead-In-Bermuda-Steam-Key-GLOBAL-1.jpg\" \/>\n\t<meta property=\"og:image:width\" content=\"300\" \/>\n\t<meta property=\"og:image:height\" content=\"400\" \/>\n\t<meta property=\"og:image:type\" content=\"image\/jpeg\" \/>\n<meta name=\"twitter:card\" content=\"summary_large_image\" \/>\n<meta name=\"twitter:label1\" content=\"Tiempo de lectura\" \/>\n\t<meta name=\"twitter:data1\" content=\"1 minuto\" \/>\n<!-- \/ Yoast SEO plugin. -->","yoast_head_json":{"title":"Dead In Bermuda Steam cd-key GLOBAL - Billige-Koder.dk","robots":{"index":"index","follow":"follow","max-snippet":"max-snippet:-1","max-image-preview":"max-image-preview:large","max-video-preview":"max-video-preview:-1"},"canonical":"https:\/\/billige-koder.dk\/es\/produkt\/dead-in-bermuda-steam-cd-key-global\/","og_locale":"es_ES","og_type":"article","og_title":"Dead In Bermuda Steam cd-key GLOBAL - Billige-Koder.dk","og_description":"K\u00f8b en cd-key til Dead In Bermuda Steam cd-key GLOBAL","og_url":"https:\/\/billige-koder.dk\/es\/produkt\/dead-in-bermuda-steam-cd-key-global\/","og_site_name":"Billige-Koder.dk","article_modified_time":"2024-08-19T11:27:55+00:00","og_image":[{"width":300,"height":400,"url":"https:\/\/billige-koder.dk\/wp-content\/uploads\/2024\/08\/Dead-In-Bermuda-Steam-Key-GLOBAL-1.jpg","type":"image\/jpeg"}],"twitter_card":"summary_large_image","twitter_misc":{"Tiempo de lectura":"1 minuto"},"schema":{"@context":"https:\/\/schema.org","@graph":[]}},"_links":{"self":[{"href":"http:\/\/billige-koder.dk\/es\/wp-json\/wp\/v2\/product\/16232","targetHints":{"allow":["GET"]}}],"collection":[{"href":"http:\/\/billige-koder.dk\/es\/wp-json\/wp\/v2\/product"}],"about":[{"href":"http:\/\/billige-koder.dk\/es\/wp-json\/wp\/v2\/types\/product"}],"replies":[{"embeddable":true,"href":"http:\/\/billige-koder.dk\/es\/wp-json\/wp\/v2\/comments?post=16232"}],"wp:featuredmedia":[{"embeddable":true,"href":"http:\/\/billige-koder.dk\/es\/wp-json\/wp\/v2\/media\/16233"}],"wp:attachment":[{"href":"http:\/\/billige-koder.dk\/es\/wp-json\/wp\/v2\/media?parent=16232"}],"wp:term":[{"taxonomy":"product_brand","embeddable":true,"href":"http:\/\/billige-koder.dk\/es\/wp-json\/wp\/v2\/product_brand?post=16232"},{"taxonomy":"product_cat","embeddable":true,"href":"http:\/\/billige-koder.dk\/es\/wp-json\/wp\/v2\/product_cat?post=16232"},{"taxonomy":"product_tag","embeddable":true,"href":"http:\/\/billige-koder.dk\/es\/wp-json\/wp\/v2\/product_tag?post=16232"}],"curies":[{"name":"wp","href":"https:\/\/api.w.org\/{rel}","templated":true}]}}