{"id":14470,"date":"2024-08-10T00:00:00","date_gmt":"2024-08-09T22:00:00","guid":{"rendered":"https:\/\/billige-koder.dk\/?post_type=product&#038;p=14470"},"modified":"2024-08-19T13:19:44","modified_gmt":"2024-08-19T11:19:44","slug":"alpha-protocol-steam-cd-key-global","status":"publish","type":"product","link":"http:\/\/billige-koder.dk\/es\/produkt\/clave-de-cd-de-steam-del-protocolo-alfa-global\/","title":{"rendered":"Clave del CD de Alpha Protocol Steam GLOBAL"},"content":{"rendered":"<h2>Protocolo Alpha: experimente una nueva dimensi\u00f3n de acci\u00f3n y toma de decisiones<\/h2>\n<p>Ingresa a un mundo de espionaje e intriga con Alpha Protocol, un juego de rol de acci\u00f3n \u00fanico que te coloca en el papel de un agente que debe navegar por una narrativa compleja llena de elecciones y consecuencias. En este juego, tus decisiones determinan c\u00f3mo se desarrolla la historia y c\u00f3mo se desarrollan tus relaciones con otros personajes. <\/p>\n<p>Alpha Protocol ofrece una experiencia profunda en la que puedes personalizar tu personaje y elegir tu propio enfoque para las misiones. Ya sea que prefieras ir a la batalla con un enfoque directo o utilizar la astucia y la diplomacia para lograr tus objetivos, las opciones son muchas. El juego combina intensas secuencias de acci\u00f3n con una narrativa atractiva que te mantendr\u00e1 al borde de tu asiento.<\/p>\n<p>Experimentar\u00e1s una variedad de entornos, desde las bulliciosas calles de Roma hasta los fr\u00edos alrededores de Mosc\u00fa. Cada ubicaci\u00f3n est\u00e1 llena de oportunidades para explorar e interactuar con personajes que pueden ayudarte o dificultarte en tu misi\u00f3n. Con una variedad de armas y habilidades, puedes personalizar tu estilo de juego y encontrar la mejor manera de afrontar los desaf\u00edos que enfrentas.<\/p>\n<p>Alpha Protocol no es s\u00f3lo un juego; es un viaje donde tus elecciones dan forma a tu destino. Si eres un veterano del g\u00e9nero o eres nuevo en los juegos de rol de acci\u00f3n, este juego te brindar\u00e1 una experiencia inolvidable. <\/p>\n<p>Obtenga su clave de CD para Alpha Protocol en Billige Koder y sum\u00e9rjase en un mundo de emoci\u00f3n y pensamiento estrat\u00e9gico. \u00a1Prep\u00e1rate para tomar decisiones que pueden cambiarlo todo!<\/p>","protected":false},"excerpt":{"rendered":"<p>Comprar una clave de CD para Alpha Protocol Steam cd key GLOBAL<\/p>","protected":false},"featured_media":14471,"comment_status":"closed","ping_status":"closed","template":"","meta":{"powered_cache_disable_cache":false,"powered_cache_disable_lazyload":false,"powered_cache_disable_css_optimization":false,"powered_cache_disable_js_optimization":false},"product_brand":[],"product_cat":[256],"product_tag":[40],"class_list":{"0":"post-14470","1":"product","2":"type-product","3":"status-publish","4":"has-post-thumbnail","6":"product_cat-cd-key","7":"product_tag-cd-key","9":"first","10":"instock","11":"taxable","12":"shipping-taxable","13":"product-type-external"},"yoast_head":"<!-- This site is optimized with the Yoast SEO plugin v27.6 - https:\/\/yoast.com\/product\/yoast-seo-wordpress\/ -->\n<title>Alpha Protocol Steam cd-key GLOBAL - Billige-Koder.dk<\/title>\n<meta name=\"robots\" content=\"index, follow, max-snippet:-1, max-image-preview:large, max-video-preview:-1\" \/>\n<link rel=\"canonical\" href=\"https:\/\/billige-koder.dk\/es\/product\/alpha-protocol-steam-cd-key-global\/\" \/>\n<meta property=\"og:locale\" content=\"es_ES\" \/>\n<meta property=\"og:type\" content=\"article\" \/>\n<meta property=\"og:title\" content=\"Alpha Protocol Steam cd-key GLOBAL - Billige-Koder.dk\" \/>\n<meta property=\"og:description\" content=\"K\u00f8b en cd-key til Alpha Protocol Steam cd-key GLOBAL\" \/>\n<meta property=\"og:url\" content=\"https:\/\/billige-koder.dk\/es\/product\/alpha-protocol-steam-cd-key-global\/\" \/>\n<meta property=\"og:site_name\" content=\"Billige-Koder.dk\" \/>\n<meta property=\"article:modified_time\" content=\"2024-08-19T11:19:44+00:00\" \/>\n<meta property=\"og:image\" content=\"https:\/\/billige-koder.dk\/wp-content\/uploads\/2024\/08\/Alpha-Protocol-Steam-Key-GLOBAL-1.jpg\" \/>\n\t<meta property=\"og:image:width\" content=\"300\" \/>\n\t<meta property=\"og:image:height\" content=\"400\" \/>\n\t<meta property=\"og:image:type\" content=\"image\/jpeg\" \/>\n<meta name=\"twitter:card\" content=\"summary_large_image\" \/>\n<meta name=\"twitter:label1\" content=\"Tiempo de lectura\" \/>\n\t<meta name=\"twitter:data1\" content=\"1 minuto\" \/>\n<!-- \/ Yoast SEO plugin. -->","yoast_head_json":{"title":"Clave del CD de Alpha Protocol Steam GLOBAL - Billige-Koder.dk","robots":{"index":"index","follow":"follow","max-snippet":"max-snippet:-1","max-image-preview":"max-image-preview:large","max-video-preview":"max-video-preview:-1"},"canonical":"https:\/\/billige-koder.dk\/es\/product\/alpha-protocol-steam-cd-key-global\/","og_locale":"es_ES","og_type":"article","og_title":"Alpha Protocol Steam cd-key GLOBAL - Billige-Koder.dk","og_description":"K\u00f8b en cd-key til Alpha Protocol Steam cd-key GLOBAL","og_url":"https:\/\/billige-koder.dk\/es\/product\/alpha-protocol-steam-cd-key-global\/","og_site_name":"Billige-Koder.dk","article_modified_time":"2024-08-19T11:19:44+00:00","og_image":[{"width":300,"height":400,"url":"https:\/\/billige-koder.dk\/wp-content\/uploads\/2024\/08\/Alpha-Protocol-Steam-Key-GLOBAL-1.jpg","type":"image\/jpeg"}],"twitter_card":"summary_large_image","twitter_misc":{"Tiempo de lectura":"1 minuto"},"schema":{"@context":"https:\/\/schema.org","@graph":[]}},"_links":{"self":[{"href":"http:\/\/billige-koder.dk\/es\/wp-json\/wp\/v2\/product\/14470","targetHints":{"allow":["GET"]}}],"collection":[{"href":"http:\/\/billige-koder.dk\/es\/wp-json\/wp\/v2\/product"}],"about":[{"href":"http:\/\/billige-koder.dk\/es\/wp-json\/wp\/v2\/types\/product"}],"replies":[{"embeddable":true,"href":"http:\/\/billige-koder.dk\/es\/wp-json\/wp\/v2\/comments?post=14470"}],"wp:featuredmedia":[{"embeddable":true,"href":"http:\/\/billige-koder.dk\/es\/wp-json\/wp\/v2\/media\/14471"}],"wp:attachment":[{"href":"http:\/\/billige-koder.dk\/es\/wp-json\/wp\/v2\/media?parent=14470"}],"wp:term":[{"taxonomy":"product_brand","embeddable":true,"href":"http:\/\/billige-koder.dk\/es\/wp-json\/wp\/v2\/product_brand?post=14470"},{"taxonomy":"product_cat","embeddable":true,"href":"http:\/\/billige-koder.dk\/es\/wp-json\/wp\/v2\/product_cat?post=14470"},{"taxonomy":"product_tag","embeddable":true,"href":"http:\/\/billige-koder.dk\/es\/wp-json\/wp\/v2\/product_tag?post=14470"}],"curies":[{"name":"wp","href":"https:\/\/api.w.org\/{rel}","templated":true}]}}