{"id":1297,"date":"2023-10-29T15:27:18","date_gmt":"2023-10-29T14:27:18","guid":{"rendered":"https:\/\/billige-koder.dk\/produkt\/assetto-corsa-dream-pack-2-steam-key-global\/"},"modified":"2024-08-19T12:18:13","modified_gmt":"2024-08-19T10:18:13","slug":"assetto-corsa-dream-pack-2-steam-key-global","status":"publish","type":"product","link":"http:\/\/billige-koder.dk\/de\/produkt\/assetto-corsa-dream-pack-2-steam-key-global\/","title":{"rendered":"Assetto Corsa Dream Pack 2 Steam Key Global"},"content":{"rendered":"<p>Greifen Sie mit Dream Pack 2 f\u00fcr Assetto Corsa auf die neuesten und aufregendsten Inhalte zu! Dieses Paket ist vollgepackt mit tollen Features, darunter die ber\u00fchmte Rennstrecke von Katalonien in Barcelona und sieben neue und beeindruckende Autos in neun verschiedenen Versionen. Die Schaltung wurde mithilfe der Laserscan-Technologie pr\u00e4zise nachgebildet, um ein H\u00f6chstma\u00df an Pr\u00e4zision und Detailgenauigkeit zu gew\u00e4hrleisten. Bei den Autos ist f\u00fcr jeden etwas dabei \u2013 mit unterschiedlichen Klassen, Typen und Altersstufen ist f\u00fcr jeden Assetto Corsa-Nutzer etwas dabei! Entdecken Sie die beiden neuen Layouts der Katalonien-Rennstrecke: GP und MotoGP. Fahren Sie in legend\u00e4ren Autos wie dem Audi R8 Ultra 2014, dem BMW M4 Coup\u00e9 und dem Lamborghini Huracan GT3. Machen Sie sich bereit f\u00fcr ein Weltklasse-Erlebnis mit Assetto Corsa Dream Pack 2!<\/p>","protected":false},"excerpt":{"rendered":"<p>Kaufen Sie einen CD-Key f\u00fcr Assetto Corsa Dream Pack 2 Steam Key Global<\/p>","protected":false},"featured_media":1296,"comment_status":"open","ping_status":"closed","template":"","meta":{"powered_cache_disable_cache":false,"powered_cache_disable_lazyload":false,"powered_cache_disable_css_optimization":false,"powered_cache_disable_js_optimization":false},"product_brand":[],"product_cat":[256],"product_tag":[40],"class_list":{"0":"post-1297","1":"product","2":"type-product","3":"status-publish","4":"has-post-thumbnail","6":"product_cat-cd-key","7":"product_tag-cd-key","9":"first","10":"instock","11":"taxable","12":"shipping-taxable","13":"product-type-external"},"yoast_head":"<!-- This site is optimized with the Yoast SEO plugin v27.6 - https:\/\/yoast.com\/product\/yoast-seo-wordpress\/ -->\n<title>Assetto Corsa Dream Pack 2 Steam Key Global - Billige-Koder.dk<\/title>\n<meta name=\"robots\" content=\"index, follow, max-snippet:-1, max-image-preview:large, max-video-preview:-1\" \/>\n<link rel=\"canonical\" href=\"http:\/\/billige-koder.dk\/de\/produkt\/assetto-corsa-dream-pack-2-steam-key-global\/\" \/>\n<meta property=\"og:locale\" content=\"de_DE\" \/>\n<meta property=\"og:type\" content=\"article\" \/>\n<meta property=\"og:title\" content=\"Assetto Corsa Dream Pack 2 Steam Key Global - Billige-Koder.dk\" \/>\n<meta property=\"og:description\" content=\"K\u00f8b en cd-key til Assetto Corsa Dream Pack 2 Steam Key Global\" \/>\n<meta property=\"og:url\" content=\"http:\/\/billige-koder.dk\/de\/produkt\/assetto-corsa-dream-pack-2-steam-key-global\/\" \/>\n<meta property=\"og:site_name\" content=\"Billige-Koder.dk\" \/>\n<meta property=\"article:modified_time\" content=\"2024-08-19T10:18:13+00:00\" \/>\n<meta property=\"og:image\" content=\"https:\/\/billige-koder.dk\/wp-content\/uploads\/2023\/10\/Assetto-Corsa-Dream-Pack-2-Steam-Key-Global.jpg\" \/>\n\t<meta property=\"og:image:width\" content=\"360\" \/>\n\t<meta property=\"og:image:height\" content=\"600\" \/>\n\t<meta property=\"og:image:type\" content=\"image\/jpeg\" \/>\n<meta name=\"twitter:card\" content=\"summary_large_image\" \/>\n<meta name=\"twitter:label1\" content=\"Gesch\u00e4tzte Lesezeit\" \/>\n\t<meta name=\"twitter:data1\" content=\"1\u00a0Minute\" \/>\n<!-- \/ Yoast SEO plugin. -->","yoast_head_json":{"title":"Assetto Corsa Dream Pack 2 Steam Key Global - Billige-Koder.dk","robots":{"index":"index","follow":"follow","max-snippet":"max-snippet:-1","max-image-preview":"max-image-preview:large","max-video-preview":"max-video-preview:-1"},"canonical":"http:\/\/billige-koder.dk\/de\/produkt\/assetto-corsa-dream-pack-2-steam-key-global\/","og_locale":"de_DE","og_type":"article","og_title":"Assetto Corsa Dream Pack 2 Steam Key Global - Billige-Koder.dk","og_description":"K\u00f8b en cd-key til Assetto Corsa Dream Pack 2 Steam Key Global","og_url":"http:\/\/billige-koder.dk\/de\/produkt\/assetto-corsa-dream-pack-2-steam-key-global\/","og_site_name":"Billige-Koder.dk","article_modified_time":"2024-08-19T10:18:13+00:00","og_image":[{"width":360,"height":600,"url":"https:\/\/billige-koder.dk\/wp-content\/uploads\/2023\/10\/Assetto-Corsa-Dream-Pack-2-Steam-Key-Global.jpg","type":"image\/jpeg"}],"twitter_card":"summary_large_image","twitter_misc":{"Gesch\u00e4tzte Lesezeit":"1\u00a0Minute"},"schema":{"@context":"https:\/\/schema.org","@graph":[]}},"_links":{"self":[{"href":"http:\/\/billige-koder.dk\/de\/wp-json\/wp\/v2\/product\/1297","targetHints":{"allow":["GET"]}}],"collection":[{"href":"http:\/\/billige-koder.dk\/de\/wp-json\/wp\/v2\/product"}],"about":[{"href":"http:\/\/billige-koder.dk\/de\/wp-json\/wp\/v2\/types\/product"}],"replies":[{"embeddable":true,"href":"http:\/\/billige-koder.dk\/de\/wp-json\/wp\/v2\/comments?post=1297"}],"wp:featuredmedia":[{"embeddable":true,"href":"http:\/\/billige-koder.dk\/de\/wp-json\/wp\/v2\/media\/1296"}],"wp:attachment":[{"href":"http:\/\/billige-koder.dk\/de\/wp-json\/wp\/v2\/media?parent=1297"}],"wp:term":[{"taxonomy":"product_brand","embeddable":true,"href":"http:\/\/billige-koder.dk\/de\/wp-json\/wp\/v2\/product_brand?post=1297"},{"taxonomy":"product_cat","embeddable":true,"href":"http:\/\/billige-koder.dk\/de\/wp-json\/wp\/v2\/product_cat?post=1297"},{"taxonomy":"product_tag","embeddable":true,"href":"http:\/\/billige-koder.dk\/de\/wp-json\/wp\/v2\/product_tag?post=1297"}],"curies":[{"name":"wp","href":"https:\/\/api.w.org\/{rel}","templated":true}]}}